{"id":20081,"date":"2023-08-23T09:32:47","date_gmt":"2023-08-23T01:32:47","guid":{"rendered":"https:\/\/suncasesupply.com\/?post_type=product&#038;p=20081"},"modified":"2025-02-26T11:26:08","modified_gmt":"2025-02-26T03:26:08","slug":"portable-pu-leather-cosmetics-bag-for-woman-waterproof-travel-make-up-organizer","status":"publish","type":"product","link":"https:\/\/suncasesupply.com\/pt\/product\/portable-pu-leather-cosmetics-bag-for-woman-waterproof-travel-make-up-organizer\/","title":{"rendered":"Bolsa port\u00e1til de cosm\u00e9ticos de couro PU para mulher organizador de maquiagem de viagem \u00e0 prova d&#039;\u00e1gua"},"content":{"rendered":"<p>&nbsp;<\/p>\n<table width=\"774\">\n<tbody>\n<tr>\n<td width=\"177\">Item<\/td>\n<td width=\"597\">Maleta maquiagem<\/td>\n<\/tr>\n<tr>\n<td>Dimens\u00e3o<\/td>\n<td>25,4*12*11,5 cm ou personalizar<\/td>\n<\/tr>\n<tr>\n<td>Cores<\/td>\n<td>Como as imagens mostram ou personalizam<\/td>\n<\/tr>\n<tr>\n<td>Materiais<\/td>\n<td>oxford\/PU, z\u00edperes de pl\u00e1stico\/metal, EVA, PVC, Nylon\u2026<\/td>\n<\/tr>\n<tr>\n<td>Logotipo<\/td>\n<td>Logotipo da placa de metal, logotipo impresso, logotipo em relevo, logotipo do laser<\/td>\n<\/tr>\n<tr>\n<td>Tempo de amostra<\/td>\n<td>7 dias<\/td>\n<\/tr>\n<tr>\n<td>Porto de embarque<\/td>\n<td>Cant\u00e3o, Shenzhen<\/td>\n<\/tr>\n<tr>\n<td>Termos de negocia\u00e7\u00e3o<\/td>\n<td>EXW, FOB, CIF, DDU, DDP<\/td>\n<\/tr>\n<tr>\n<td>M\u00e9todos de Pagamento<\/td>\n<td>T\/T, dinheiro, PayPal, cart\u00e3o de cr\u00e9dito<\/td>\n<\/tr>\n<\/tbody>\n<\/table>\n<p><span style=\"color: #003366;\">Caracter\u00edsticas:<\/span><\/p>\n<p>Esta bolsa de maquiagem para viagem de grande capacidade \u00e9 feita de tecido de couro PU, que \u00e9 f\u00e1cil de limpar, com superf\u00edcie especial \u00e0 prova d&#039;\u00e1gua para evitar que os produtos internos se molhem. Bom para ambientes \u00famidos.<\/p>\n<p>Mantenha a maquiagem necess\u00e1ria organizada ao viajar e economize espa\u00e7o para voc\u00ea na hora de fazer as malas. Esta bolsa de viagem cosm\u00e9tica tem um tamanho \u00f3timo para caber em todos os seus itens, mas n\u00e3o muito grande para ocupar muito espa\u00e7o em sua bolsa de viagem.<\/p>","protected":false},"excerpt":{"rendered":"<p>Modelo: SC-MB0004<\/p>\n<p>Tamanho: 25,4*12*11,5cm<\/p>\n<p>Quantidade m\u00ednima: 100 pe\u00e7as<\/p>\n<p>Prazo de entrega: 15-25 dias<\/p>\n<p>Amostra: Dispon\u00edvel<\/p>","protected":false},"featured_media":20082,"template":"","meta":{"_gspb_post_css":""},"product_cat":[95],"product_tag":[],"featured_image_urls":{"full":["https:\/\/suncasesupply.com\/wp-content\/uploads\/2023\/08\/3-2-1.jpg",1500,1408,false],"thumbnail":["https:\/\/suncasesupply.com\/wp-content\/uploads\/2023\/08\/3-2-1-150x150.jpg",150,150,true],"medium":["https:\/\/suncasesupply.com\/wp-content\/uploads\/2023\/08\/3-2-1-300x282.jpg",300,282,true],"medium_large":["https:\/\/suncasesupply.com\/wp-content\/uploads\/2023\/08\/3-2-1-768x721.jpg",768,721,true],"large":["https:\/\/suncasesupply.com\/wp-content\/uploads\/2023\/08\/3-2-1-1024x961.jpg",1024,961,true],"1536x1536":["https:\/\/suncasesupply.com\/wp-content\/uploads\/2023\/08\/3-2-1.jpg",1500,1408,false],"2048x2048":["https:\/\/suncasesupply.com\/wp-content\/uploads\/2023\/08\/3-2-1.jpg",1500,1408,false],"trp-custom-language-flag":["https:\/\/suncasesupply.com\/wp-content\/uploads\/2023\/08\/3-2-1.jpg",13,12,false],"woocommerce_thumbnail":["https:\/\/suncasesupply.com\/wp-content\/uploads\/2023\/08\/3-2-1-300x300.jpg",300,300,true],"woocommerce_single":["https:\/\/suncasesupply.com\/wp-content\/uploads\/2023\/08\/3-2-1-600x563.jpg",600,563,true],"woocommerce_gallery_thumbnail":["https:\/\/suncasesupply.com\/wp-content\/uploads\/2023\/08\/3-2-1-100x100.jpg",100,100,true]},"post_excerpt_stackable":"<p>Model : SC-MB0004<\/p>\n<p>Size: 25.4*12*11.5cm<\/p>\n<p>MOQ: 100pcs<\/p>\n<p>Delivery Time : 15-25 Days<\/p>\n<p>Sample : Available<\/p>\n","category_list":"","author_info":{"name":"","url":""},"comments_num":"0 comments","_links":{"self":[{"href":"https:\/\/suncasesupply.com\/pt\/wp-json\/wp\/v2\/product\/20081"}],"collection":[{"href":"https:\/\/suncasesupply.com\/pt\/wp-json\/wp\/v2\/product"}],"about":[{"href":"https:\/\/suncasesupply.com\/pt\/wp-json\/wp\/v2\/types\/product"}],"wp:featuredmedia":[{"embeddable":true,"href":"https:\/\/suncasesupply.com\/pt\/wp-json\/wp\/v2\/media\/20082"}],"wp:attachment":[{"href":"https:\/\/suncasesupply.com\/pt\/wp-json\/wp\/v2\/media?parent=20081"}],"wp:term":[{"taxonomy":"product_cat","embeddable":true,"href":"https:\/\/suncasesupply.com\/pt\/wp-json\/wp\/v2\/product_cat?post=20081"},{"taxonomy":"product_tag","embeddable":true,"href":"https:\/\/suncasesupply.com\/pt\/wp-json\/wp\/v2\/product_tag?post=20081"}],"curies":[{"name":"wp","href":"https:\/\/api.w.org\/{rel}","templated":true}]}}