{"id":20066,"date":"2023-08-22T18:02:50","date_gmt":"2023-08-22T10:02:50","guid":{"rendered":"https:\/\/suncasesupply.com\/?post_type=product&#038;p=20066"},"modified":"2025-02-26T11:26:22","modified_gmt":"2025-02-26T03:26:22","slug":"pu-makeup-case-with-eva-dividers-portable-professional-artist-bag-travel-train-cosmetic-bag","status":"publish","type":"product","link":"https:\/\/suncasesupply.com\/pt\/product\/pu-makeup-case-with-eva-dividers-portable-professional-artist-bag-travel-train-cosmetic-bag\/","title":{"rendered":"Estojo de maquiagem PU com divis\u00f3rias de EVA Bolsa port\u00e1til para artista profissional Bolsa de viagem para cosm\u00e9ticos"},"content":{"rendered":"<p>&nbsp;<\/p>\n<table width=\"774\">\n<tbody>\n<tr>\n<td width=\"177\">Item<\/td>\n<td width=\"597\">Maleta maquiagem<\/td>\n<\/tr>\n<tr>\n<td>Dimens\u00e3o<\/td>\n<td>40*28*14cm ou personalizar<\/td>\n<\/tr>\n<tr>\n<td>Cores<\/td>\n<td>Como as imagens mostram ou personalizam<\/td>\n<\/tr>\n<tr>\n<td>Materiais<\/td>\n<td>oxford\/PU, z\u00edperes de pl\u00e1stico\/metal, EVA, PVC, Nylon\u2026<\/td>\n<\/tr>\n<tr>\n<td>Logotipo<\/td>\n<td>Logotipo da placa de metal, logotipo impresso, logotipo em relevo, logotipo do laser<\/td>\n<\/tr>\n<tr>\n<td>Tempo de amostra<\/td>\n<td>7 dias<\/td>\n<\/tr>\n<tr>\n<td>Porto de embarque<\/td>\n<td>Cant\u00e3o, Shenzhen<\/td>\n<\/tr>\n<tr>\n<td>Termos de negocia\u00e7\u00e3o<\/td>\n<td>EXW, FOB, CIF, DDU, DDP<\/td>\n<\/tr>\n<tr>\n<td>M\u00e9todos de Pagamento<\/td>\n<td>T\/T, dinheiro, PayPal, cart\u00e3o de cr\u00e9dito<\/td>\n<\/tr>\n<\/tbody>\n<\/table>\n<p><span style=\"color: #003366;\">Caracter\u00edsticas:<\/span><\/p>\n<p>Esta bolsa de maquiagem \u00e9 feita de PU de alta qualidade e tem espa\u00e7o suficiente para guardar sua maquiagem e acess\u00f3rios cosm\u00e9ticos, como batom, brilho labial, pinc\u00e9is de maquiagem, sombra, paletas de maquiagem, escovas de cabelo, produtos para a pele, esmaltes, ferramentas de nail art, shampoo e ent\u00e3o n\u00e3o.<br \/>\nCom compartimentos e slots para pinc\u00e9is de maquiagem, voc\u00ea pode manter suas ferramentas de maquiagem limpas e organizadas. Compartimentos ajust\u00e1veis de design especial, voc\u00ea pode ajustar conforme necess\u00e1rio. N\u00e3o s\u00f3 pode armazenar seus itens cosm\u00e9ticos essenciais, mas tamb\u00e9m joias, acess\u00f3rios eletr\u00f4nicos, c\u00e2mera, \u00f3leo essencial, produtos de higiene pessoal, kit de barbear, objetos valiosos e assim por diante.<br \/>\nCompre com<\/p>","protected":false},"excerpt":{"rendered":"<p>Modelo: SC-MB0003<\/p>\n<p>Tamanho: 40*28*14cm<\/p>\n<p>Quantidade m\u00ednima: 100 pe\u00e7as<\/p>\n<p>Prazo de entrega: 15-25 dias<\/p>\n<p>Amostra: Dispon\u00edvel<\/p>","protected":false},"featured_media":20067,"template":"","meta":{"_gspb_post_css":""},"product_cat":[95],"product_tag":[],"featured_image_urls":{"full":["https:\/\/suncasesupply.com\/wp-content\/uploads\/2023\/08\/7-4.jpg",1472,1429,false],"thumbnail":["https:\/\/suncasesupply.com\/wp-content\/uploads\/2023\/08\/7-4-150x150.jpg",150,150,true],"medium":["https:\/\/suncasesupply.com\/wp-content\/uploads\/2023\/08\/7-4-300x291.jpg",300,291,true],"medium_large":["https:\/\/suncasesupply.com\/wp-content\/uploads\/2023\/08\/7-4-768x746.jpg",768,746,true],"large":["https:\/\/suncasesupply.com\/wp-content\/uploads\/2023\/08\/7-4-1024x994.jpg",1024,994,true],"1536x1536":["https:\/\/suncasesupply.com\/wp-content\/uploads\/2023\/08\/7-4.jpg",1472,1429,false],"2048x2048":["https:\/\/suncasesupply.com\/wp-content\/uploads\/2023\/08\/7-4.jpg",1472,1429,false],"trp-custom-language-flag":["https:\/\/suncasesupply.com\/wp-content\/uploads\/2023\/08\/7-4.jpg",12,12,false],"woocommerce_thumbnail":["https:\/\/suncasesupply.com\/wp-content\/uploads\/2023\/08\/7-4-300x300.jpg",300,300,true],"woocommerce_single":["https:\/\/suncasesupply.com\/wp-content\/uploads\/2023\/08\/7-4-600x582.jpg",600,582,true],"woocommerce_gallery_thumbnail":["https:\/\/suncasesupply.com\/wp-content\/uploads\/2023\/08\/7-4-100x100.jpg",100,100,true]},"post_excerpt_stackable":"<p>Model : SC-MB0003<\/p>\n<p>Size: \u00a040*28*14cm<\/p>\n<p>MOQ: 100pcs<\/p>\n<p>Delivery Time : 15-25 Days<\/p>\n<p>Sample : Available<\/p>\n","category_list":"","author_info":{"name":"","url":""},"comments_num":"0 comments","_links":{"self":[{"href":"https:\/\/suncasesupply.com\/pt\/wp-json\/wp\/v2\/product\/20066"}],"collection":[{"href":"https:\/\/suncasesupply.com\/pt\/wp-json\/wp\/v2\/product"}],"about":[{"href":"https:\/\/suncasesupply.com\/pt\/wp-json\/wp\/v2\/types\/product"}],"wp:featuredmedia":[{"embeddable":true,"href":"https:\/\/suncasesupply.com\/pt\/wp-json\/wp\/v2\/media\/20067"}],"wp:attachment":[{"href":"https:\/\/suncasesupply.com\/pt\/wp-json\/wp\/v2\/media?parent=20066"}],"wp:term":[{"taxonomy":"product_cat","embeddable":true,"href":"https:\/\/suncasesupply.com\/pt\/wp-json\/wp\/v2\/product_cat?post=20066"},{"taxonomy":"product_tag","embeddable":true,"href":"https:\/\/suncasesupply.com\/pt\/wp-json\/wp\/v2\/product_tag?post=20066"}],"curies":[{"name":"wp","href":"https:\/\/api.w.org\/{rel}","templated":true}]}}