{"id":20006,"date":"2023-08-22T16:39:38","date_gmt":"2023-08-22T08:39:38","guid":{"rendered":"https:\/\/suncasesupply.com\/?post_type=product&#038;p=20006"},"modified":"2025-02-20T14:49:23","modified_gmt":"2025-02-20T06:49:23","slug":"aluminum-carry-lp-storage-case-12-record-case-all-black50-lps","status":"publish","type":"product","link":"https:\/\/suncasesupply.com\/pt\/product\/aluminum-carry-lp-storage-case-12-record-case-all-black50-lps\/","title":{"rendered":"Estojo de armazenamento de LP de alum\u00ednio para transporte de 12 \u2033 Estojo de registro todo preto (50 LPs)"},"content":{"rendered":"<p>&nbsp;<\/p>\n<table width=\"774\">\n<tbody>\n<tr>\n<td width=\"177\">Item<\/td>\n<td width=\"597\">Estojo LP de alum\u00ednio<\/td>\n<\/tr>\n<tr>\n<td>Dimens\u00e3o<\/td>\n<td>36 x 18 x 36 cm ou personalizar<\/td>\n<\/tr>\n<tr>\n<td>Cores<\/td>\n<td>Como as imagens mostram ou personalizam<\/td>\n<\/tr>\n<tr>\n<td>Materiais<\/td>\n<td>Alum\u00ednio, painel ABS, placa MDF, forro de EVA\/espuma\/tecido\/PU, ferragens<\/td>\n<\/tr>\n<tr>\n<td>Logotipo<\/td>\n<td>Logotipo da placa de metal, logotipo impresso, logotipo em relevo, logotipo do laser<\/td>\n<\/tr>\n<tr>\n<td>Tempo de amostra<\/td>\n<td>7 dias<\/td>\n<\/tr>\n<tr>\n<td>Porto de embarque<\/td>\n<td>Cant\u00e3o, Shenzhen<\/td>\n<\/tr>\n<tr>\n<td>Termos de negocia\u00e7\u00e3o<\/td>\n<td>EXW, FOB, CIF, DDU, DDP<\/td>\n<\/tr>\n<tr>\n<td>M\u00e9todos de Pagamento<\/td>\n<td>T\/T, dinheiro, PayPal, cart\u00e3o de cr\u00e9dito<\/td>\n<\/tr>\n<\/tbody>\n<\/table>\n<p><span style=\"color: #003366;\">Caracter\u00edsticas:<\/span><\/p>\n<p>A caixa de discos de 12\u2033 foi projetada para armazenar e transportar at\u00e9 50 discos de 12\u2033. Com sua constru\u00e7\u00e3o est\u00e1vel de perfis de alum\u00ednio, pain\u00e9is de MDF revestidos de pl\u00e1stico, rebites e forro de espuma macia, a caixa do disco oferece prote\u00e7\u00e3o ideal contra choques, luz e calor.<\/p>\n<p>A tampa do estojo para discos LP est\u00e1 firmemente instalada em 2 dobradi\u00e7as de metal resistentes. Uma trava de press\u00e3o fornece prote\u00e7\u00e3o confi\u00e1vel contra roubo. Devido ao seu baixo peso pr\u00f3prio e constru\u00e7\u00e3o est\u00e1vel, a caixa de disco de alum\u00ednio \u00e9 uma caixa de disco de DJ ideal que tamb\u00e9m pode ser transportada regularmente sem problemas. A caixa est\u00e1 dispon\u00edvel em tr\u00eas variantes de cores: prata\/prata, prata\/preto e preto\/preto.<\/p>","protected":false},"excerpt":{"rendered":"<p>Modelo: SC-LP0005<\/p>\n<p>Tamanho: 36 x 18 x 36 cm<\/p>\n<p>Capacidade: 50 LPs de 12\u2033<\/p>\n<p>Quantidade m\u00ednima: 100 pe\u00e7as<\/p>\n<p>Prazo de entrega: 15-25 dias<\/p>\n<p>Amostra: Dispon\u00edvel<\/p>","protected":false},"featured_media":20007,"template":"","meta":{"_gspb_post_css":""},"product_cat":[83],"product_tag":[],"featured_image_urls":{"full":["https:\/\/suncasesupply.com\/wp-content\/uploads\/2023\/08\/2-vinyl-case-12-record-case-50-lps-black-black.webp",475,475,false],"thumbnail":["https:\/\/suncasesupply.com\/wp-content\/uploads\/2023\/08\/2-vinyl-case-12-record-case-50-lps-black-black-150x150.webp",150,150,true],"medium":["https:\/\/suncasesupply.com\/wp-content\/uploads\/2023\/08\/2-vinyl-case-12-record-case-50-lps-black-black-300x300.webp",300,300,true],"medium_large":["https:\/\/suncasesupply.com\/wp-content\/uploads\/2023\/08\/2-vinyl-case-12-record-case-50-lps-black-black.webp",475,475,false],"large":["https:\/\/suncasesupply.com\/wp-content\/uploads\/2023\/08\/2-vinyl-case-12-record-case-50-lps-black-black.webp",475,475,false],"1536x1536":["https:\/\/suncasesupply.com\/wp-content\/uploads\/2023\/08\/2-vinyl-case-12-record-case-50-lps-black-black.webp",475,475,false],"2048x2048":["https:\/\/suncasesupply.com\/wp-content\/uploads\/2023\/08\/2-vinyl-case-12-record-case-50-lps-black-black.webp",475,475,false],"trp-custom-language-flag":["https:\/\/suncasesupply.com\/wp-content\/uploads\/2023\/08\/2-vinyl-case-12-record-case-50-lps-black-black.webp",12,12,false],"woocommerce_thumbnail":["https:\/\/suncasesupply.com\/wp-content\/uploads\/2023\/08\/2-vinyl-case-12-record-case-50-lps-black-black-300x300.webp",300,300,true],"woocommerce_single":["https:\/\/suncasesupply.com\/wp-content\/uploads\/2023\/08\/2-vinyl-case-12-record-case-50-lps-black-black.webp",475,475,false],"woocommerce_gallery_thumbnail":["https:\/\/suncasesupply.com\/wp-content\/uploads\/2023\/08\/2-vinyl-case-12-record-case-50-lps-black-black-100x100.webp",100,100,true]},"post_excerpt_stackable":"<p>Model : SC-LP0005<\/p>\n<p>Size: 36 x 18 x 36 cm<\/p>\n<p>Capacity: 50 12&#8243; LPs<\/p>\n<p>MOQ: 100pcs<\/p>\n<p>Delivery Time : 15-25 Days<\/p>\n<p>Sample : Available<\/p>\n","category_list":"","author_info":{"name":"","url":""},"comments_num":"0 comments","_links":{"self":[{"href":"https:\/\/suncasesupply.com\/pt\/wp-json\/wp\/v2\/product\/20006"}],"collection":[{"href":"https:\/\/suncasesupply.com\/pt\/wp-json\/wp\/v2\/product"}],"about":[{"href":"https:\/\/suncasesupply.com\/pt\/wp-json\/wp\/v2\/types\/product"}],"wp:featuredmedia":[{"embeddable":true,"href":"https:\/\/suncasesupply.com\/pt\/wp-json\/wp\/v2\/media\/20007"}],"wp:attachment":[{"href":"https:\/\/suncasesupply.com\/pt\/wp-json\/wp\/v2\/media?parent=20006"}],"wp:term":[{"taxonomy":"product_cat","embeddable":true,"href":"https:\/\/suncasesupply.com\/pt\/wp-json\/wp\/v2\/product_cat?post=20006"},{"taxonomy":"product_tag","embeddable":true,"href":"https:\/\/suncasesupply.com\/pt\/wp-json\/wp\/v2\/product_tag?post=20006"}],"curies":[{"name":"wp","href":"https:\/\/api.w.org\/{rel}","templated":true}]}}