{"id":19983,"date":"2023-08-22T16:01:25","date_gmt":"2023-08-22T08:01:25","guid":{"rendered":"https:\/\/suncasesupply.com\/?post_type=product&#038;p=19983"},"modified":"2025-02-20T10:49:13","modified_gmt":"2025-02-20T02:49:13","slug":"aluminum-coin-storage-case-carry-coin-box-for-20-coin-slabs","status":"publish","type":"product","link":"https:\/\/suncasesupply.com\/pt\/product\/aluminum-coin-storage-case-carry-coin-box-for-20-coin-slabs\/","title":{"rendered":"Caixa de armazenamento de moedas de alum\u00ednio para transporte de moedas para 20 lajes de moedas"},"content":{"rendered":"<p>&nbsp;<\/p>\n<table width=\"774\">\n<tbody>\n<tr>\n<td width=\"177\">Item<\/td>\n<td width=\"597\">Caixa de moeda de alum\u00ednio<\/td>\n<\/tr>\n<tr>\n<td>Dimens\u00e3o<\/td>\n<td>31*8,3*11,5 cm ou personalizar<\/td>\n<\/tr>\n<tr>\n<td>Cores<\/td>\n<td>Como as imagens mostram ou personalizam<\/td>\n<\/tr>\n<tr>\n<td>Materiais<\/td>\n<td>Alum\u00ednio, painel ABS, placa MDF, forro de EVA\/espuma\/tecido\/PU, ferragens<\/td>\n<\/tr>\n<tr>\n<td>Logotipo<\/td>\n<td>Logotipo da placa de metal, logotipo impresso, logotipo em relevo, logotipo do laser<\/td>\n<\/tr>\n<tr>\n<td>Tempo de amostra<\/td>\n<td>7 dias<\/td>\n<\/tr>\n<tr>\n<td>Porto de embarque<\/td>\n<td>Cant\u00e3o, Shenzhen<\/td>\n<\/tr>\n<tr>\n<td>Termos de negocia\u00e7\u00e3o<\/td>\n<td>EXW, FOB, CIF, DDU, DDP<\/td>\n<\/tr>\n<tr>\n<td>M\u00e9todos de Pagamento<\/td>\n<td>T\/T, dinheiro, PayPal, cart\u00e3o de cr\u00e9dito<\/td>\n<\/tr>\n<\/tbody>\n<\/table>\n<p><span style=\"color: #003366;\">Caracter\u00edsticas:<\/span><\/p>\n<p>Esta elegante e dram\u00e1tica caixa de alum\u00ednio cont\u00e9m moedas certificadas em suportes de tamanho padr\u00e3o de qualquer um dos principais servi\u00e7os de classifica\u00e7\u00e3o ou em suportes de estilo certificado de diferentes marcas. Constru\u00edda com materiais resistentes, esta caixa robusta \u00e9 fabricada com acess\u00f3rios externos atraentes e possui inser\u00e7\u00f5es de espuma para facilitar o manuseio dos porta-moedas. As caixas de placas de alum\u00ednio s\u00e3o perfeitas para armazenamento e viagens.<\/p>\n<p>Comporta 20 moedas certificadas ou moedas em porta-moedas de estilo certificado, prendendo-as em inser\u00e7\u00f5es protetoras de espuma viscoel\u00e1stica<br \/>\nPlacas de moedas certificadas: NGC, PCGS, ANACS mais recente e muito mais<br \/>\nDetentores de estilo certificado: Premier, Lighthouse, Ursae Minoris Elites e muito mais<br \/>\nConstru\u00e7\u00e3o robusta em alum\u00ednio com pain\u00e9is emborrachados elegantes e coloridos para resist\u00eancia a amassados e arranh\u00f5es<br \/>\nNenhuma moeda ou ouro inclu\u00eddo neste item<\/p>","protected":false},"excerpt":{"rendered":"<p>Modelo: SC-CC0006<\/p>\n<p>Tamanho: 31*8.3*11.5cm<\/p>\n<p>Capacidade: 100 placas de moedas<\/p>\n<p>Quantidade m\u00ednima: 100 pe\u00e7as<\/p>\n<p>Prazo de entrega: 15-25 dias<\/p>\n<p>Amostra: Dispon\u00edvel<\/p>","protected":false},"featured_media":19974,"template":"","meta":{"_gspb_post_css":""},"product_cat":[84],"product_tag":[],"featured_image_urls":{"full":["https:\/\/suncasesupply.com\/wp-content\/uploads\/2023\/08\/81ZEHdvj2rL._AC_SL1500_.jpg",1500,1363,false],"thumbnail":["https:\/\/suncasesupply.com\/wp-content\/uploads\/2023\/08\/81ZEHdvj2rL._AC_SL1500_-150x150.jpg",150,150,true],"medium":["https:\/\/suncasesupply.com\/wp-content\/uploads\/2023\/08\/81ZEHdvj2rL._AC_SL1500_-300x273.jpg",300,273,true],"medium_large":["https:\/\/suncasesupply.com\/wp-content\/uploads\/2023\/08\/81ZEHdvj2rL._AC_SL1500_-768x698.jpg",768,698,true],"large":["https:\/\/suncasesupply.com\/wp-content\/uploads\/2023\/08\/81ZEHdvj2rL._AC_SL1500_-1024x930.jpg",1024,930,true],"1536x1536":["https:\/\/suncasesupply.com\/wp-content\/uploads\/2023\/08\/81ZEHdvj2rL._AC_SL1500_.jpg",1500,1363,false],"2048x2048":["https:\/\/suncasesupply.com\/wp-content\/uploads\/2023\/08\/81ZEHdvj2rL._AC_SL1500_.jpg",1500,1363,false],"trp-custom-language-flag":["https:\/\/suncasesupply.com\/wp-content\/uploads\/2023\/08\/81ZEHdvj2rL._AC_SL1500_.jpg",13,12,false],"woocommerce_thumbnail":["https:\/\/suncasesupply.com\/wp-content\/uploads\/2023\/08\/81ZEHdvj2rL._AC_SL1500_-300x300.jpg",300,300,true],"woocommerce_single":["https:\/\/suncasesupply.com\/wp-content\/uploads\/2023\/08\/81ZEHdvj2rL._AC_SL1500_-600x545.jpg",600,545,true],"woocommerce_gallery_thumbnail":["https:\/\/suncasesupply.com\/wp-content\/uploads\/2023\/08\/81ZEHdvj2rL._AC_SL1500_-100x100.jpg",100,100,true]},"post_excerpt_stackable":"<p>Model : SC-CC0006<\/p>\n<p>Size: 31*8.3*11.5cm<\/p>\n<p>Capacity: 100 Coin slabs<\/p>\n<p>MOQ: 100pcs<\/p>\n<p>Delivery Time : 15-25 Days<\/p>\n<p>Sample : Available<\/p>\n","category_list":"","author_info":{"name":"","url":""},"comments_num":"0 comments","_links":{"self":[{"href":"https:\/\/suncasesupply.com\/pt\/wp-json\/wp\/v2\/product\/19983"}],"collection":[{"href":"https:\/\/suncasesupply.com\/pt\/wp-json\/wp\/v2\/product"}],"about":[{"href":"https:\/\/suncasesupply.com\/pt\/wp-json\/wp\/v2\/types\/product"}],"wp:featuredmedia":[{"embeddable":true,"href":"https:\/\/suncasesupply.com\/pt\/wp-json\/wp\/v2\/media\/19974"}],"wp:attachment":[{"href":"https:\/\/suncasesupply.com\/pt\/wp-json\/wp\/v2\/media?parent=19983"}],"wp:term":[{"taxonomy":"product_cat","embeddable":true,"href":"https:\/\/suncasesupply.com\/pt\/wp-json\/wp\/v2\/product_cat?post=19983"},{"taxonomy":"product_tag","embeddable":true,"href":"https:\/\/suncasesupply.com\/pt\/wp-json\/wp\/v2\/product_tag?post=19983"}],"curies":[{"name":"wp","href":"https:\/\/api.w.org\/{rel}","templated":true}]}}