{"id":19938,"date":"2023-08-22T14:54:52","date_gmt":"2023-08-22T06:54:52","guid":{"rendered":"https:\/\/suncasesupply.com\/?post_type=product&#038;p=19938"},"modified":"2025-02-26T11:31:48","modified_gmt":"2025-02-26T03:31:48","slug":"rolling-makeup-train-case-large-storage-cosmetic-salon-barber-case","status":"publish","type":"product","link":"https:\/\/suncasesupply.com\/pt\/product\/rolling-makeup-train-case-large-storage-cosmetic-salon-barber-case\/","title":{"rendered":"Estojo de trem de maquiagem rolante, grande armazenamento, sal\u00e3o de beleza, barbeiro"},"content":{"rendered":"<p>&nbsp;<\/p>\n<table width=\"774\">\n<tbody>\n<tr>\n<td width=\"177\">Item<\/td>\n<td width=\"597\">Estojo de maquiagem rolante<\/td>\n<\/tr>\n<tr>\n<td>Dimens\u00e3o<\/td>\n<td>34,3*24*52cm ou personalizar<\/td>\n<\/tr>\n<tr>\n<td>Cores<\/td>\n<td>Como as imagens mostram ou personalizam<\/td>\n<\/tr>\n<tr>\n<td>Materiais<\/td>\n<td>Alum\u00ednio, painel ABS, placa MDF, forro de EVA\/espuma\/tecido\/PU, ferragens<\/td>\n<\/tr>\n<tr>\n<td>Logotipo<\/td>\n<td>Logotipo da placa de metal, logotipo impresso, logotipo em relevo, logotipo do laser<\/td>\n<\/tr>\n<tr>\n<td>Tempo de amostra<\/td>\n<td>7 dias<\/td>\n<\/tr>\n<tr>\n<td>Porto de embarque<\/td>\n<td>Cant\u00e3o, Shenzhen<\/td>\n<\/tr>\n<tr>\n<td>Termos de negocia\u00e7\u00e3o<\/td>\n<td>EXW, FOB, CIF, DDU, DDP<\/td>\n<\/tr>\n<tr>\n<td>M\u00e9todos de Pagamento<\/td>\n<td>T\/T, dinheiro, PayPal, cart\u00e3o de cr\u00e9dito<\/td>\n<\/tr>\n<\/tbody>\n<\/table>\n<p><span style=\"color: #003366;\">Caracter\u00edsticas:<\/span><\/p>\n<p>Este carrinho dur\u00e1vel \u00e9 constru\u00eddo com uma caixa externa de pl\u00e1stico de alta qualidade, bordas e cantos refor\u00e7ados com alum\u00ednio e metal de grau A e ferragens de metal para servi\u00e7os pesados. Ele pode mudar de tonalidade quando capta luz em \u00e2ngulos diferentes.<\/p>\n<p>O deslizamento \u00e9 suave para estender e fechar, mas n\u00e3o desliza quando n\u00e3o estiver em uso, pois a conex\u00e3o \u00e9 est\u00e1vel. As bandejas de 3 camadas com rolos de an\u00e9is e divis\u00f3ria cruzada ajudam a organizar acess\u00f3rios de joias, cole\u00e7\u00e3o de batons, pequena paleta e pinc\u00e9is. A bandeja separada possui uma esponja remov\u00edvel que pode segurar o esmalte na posi\u00e7\u00e3o vertical ou armazenar potes de lo\u00e7\u00e3o com a esponja removida.<br \/>\nA bandeja intermedi\u00e1ria separada com defletor remov\u00edvel smart match. De acordo com o tamanho diferente do gadget, voc\u00ea pode organizar<\/p>\n<p>espa\u00e7o, n\u00e3o apenas itens bem colocados e podem ser fixados para evitar danos por tremores e quedas. H\u00e1 tamb\u00e9m um fundo grande com um \u00f3timo armazenamento para ferramentas de modelagem de cabelo, cosm\u00e9ticos e ferramentas para unhas. Perfeito para maquiadores profissionais, cabeleireiros, manicures, tatuadores ou quem tem uma montanha de cosm\u00e9ticos.<\/p>","protected":false},"excerpt":{"rendered":"<p>Modelo: SC-RM0005<\/p>\n<p>Tamanho: 34,3*24*52cm<\/p>\n<p>Quantidade m\u00ednima: 50 pe\u00e7as<\/p>\n<p>Prazo de entrega: 15-25 dias<\/p>\n<p>Amostra: Dispon\u00edvel<\/p>","protected":false},"featured_media":19939,"template":"","meta":{"_gspb_post_css":""},"product_cat":[34,97],"product_tag":[],"featured_image_urls":{"full":["https:\/\/suncasesupply.com\/wp-content\/uploads\/2023\/08\/71iJz0vIfkL._AC_UX679_.jpg",679,658,false],"thumbnail":["https:\/\/suncasesupply.com\/wp-content\/uploads\/2023\/08\/71iJz0vIfkL._AC_UX679_-150x150.jpg",150,150,true],"medium":["https:\/\/suncasesupply.com\/wp-content\/uploads\/2023\/08\/71iJz0vIfkL._AC_UX679_-300x291.jpg",300,291,true],"medium_large":["https:\/\/suncasesupply.com\/wp-content\/uploads\/2023\/08\/71iJz0vIfkL._AC_UX679_.jpg",679,658,false],"large":["https:\/\/suncasesupply.com\/wp-content\/uploads\/2023\/08\/71iJz0vIfkL._AC_UX679_.jpg",679,658,false],"1536x1536":["https:\/\/suncasesupply.com\/wp-content\/uploads\/2023\/08\/71iJz0vIfkL._AC_UX679_.jpg",679,658,false],"2048x2048":["https:\/\/suncasesupply.com\/wp-content\/uploads\/2023\/08\/71iJz0vIfkL._AC_UX679_.jpg",679,658,false],"trp-custom-language-flag":["https:\/\/suncasesupply.com\/wp-content\/uploads\/2023\/08\/71iJz0vIfkL._AC_UX679_.jpg",12,12,false],"woocommerce_thumbnail":["https:\/\/suncasesupply.com\/wp-content\/uploads\/2023\/08\/71iJz0vIfkL._AC_UX679_-300x300.jpg",300,300,true],"woocommerce_single":["https:\/\/suncasesupply.com\/wp-content\/uploads\/2023\/08\/71iJz0vIfkL._AC_UX679_-600x581.jpg",600,581,true],"woocommerce_gallery_thumbnail":["https:\/\/suncasesupply.com\/wp-content\/uploads\/2023\/08\/71iJz0vIfkL._AC_UX679_-100x100.jpg",100,100,true]},"post_excerpt_stackable":"<p>Model : SC-RM0005<\/p>\n<p>Size: 34.3*24*52cm<\/p>\n<p>MOQ: 50pcs<\/p>\n<p>Delivery Time : 15-25 Days<\/p>\n<p>Sample : Available<\/p>\n","category_list":"","author_info":{"name":"","url":""},"comments_num":"0 comments","_links":{"self":[{"href":"https:\/\/suncasesupply.com\/pt\/wp-json\/wp\/v2\/product\/19938"}],"collection":[{"href":"https:\/\/suncasesupply.com\/pt\/wp-json\/wp\/v2\/product"}],"about":[{"href":"https:\/\/suncasesupply.com\/pt\/wp-json\/wp\/v2\/types\/product"}],"wp:featuredmedia":[{"embeddable":true,"href":"https:\/\/suncasesupply.com\/pt\/wp-json\/wp\/v2\/media\/19939"}],"wp:attachment":[{"href":"https:\/\/suncasesupply.com\/pt\/wp-json\/wp\/v2\/media?parent=19938"}],"wp:term":[{"taxonomy":"product_cat","embeddable":true,"href":"https:\/\/suncasesupply.com\/pt\/wp-json\/wp\/v2\/product_cat?post=19938"},{"taxonomy":"product_tag","embeddable":true,"href":"https:\/\/suncasesupply.com\/pt\/wp-json\/wp\/v2\/product_tag?post=19938"}],"curies":[{"name":"wp","href":"https:\/\/api.w.org\/{rel}","templated":true}]}}