{"id":19914,"date":"2023-08-22T14:24:59","date_gmt":"2023-08-22T06:24:59","guid":{"rendered":"https:\/\/suncasesupply.com\/?post_type=product&#038;p=19914"},"modified":"2023-08-22T14:27:01","modified_gmt":"2023-08-22T06:27:01","slug":"aluminum-hairdressing-tools-case-leather-pu-barber-case-brown","status":"publish","type":"product","link":"https:\/\/suncasesupply.com\/pt\/product\/aluminum-hairdressing-tools-case-leather-pu-barber-case-brown\/","title":{"rendered":"Estojo para ferramentas de cabeleireiro em alum\u00ednio Couro PU Estojo para barbeiro Marrom"},"content":{"rendered":"<p>&nbsp;<\/p>\n<table width=\"774\">\n<tbody>\n<tr>\n<td width=\"177\">Item<\/td>\n<td width=\"597\">Estojo de barbeiro<\/td>\n<\/tr>\n<tr>\n<td>Dimens\u00e3o<\/td>\n<td>40*34*14,5 cm ou personalizar<\/td>\n<\/tr>\n<tr>\n<td>Cores<\/td>\n<td>Como as imagens mostram ou personalizam<\/td>\n<\/tr>\n<tr>\n<td>Materiais<\/td>\n<td>Alum\u00ednio, painel ABS, placa MDF, forro de EVA\/espuma\/tecido\/PU, ferragens<\/td>\n<\/tr>\n<tr>\n<td>Logotipo<\/td>\n<td>Logotipo da placa de metal, logotipo impresso, logotipo em relevo, logotipo do laser<\/td>\n<\/tr>\n<tr>\n<td>Tempo de amostra<\/td>\n<td>7 dias<\/td>\n<\/tr>\n<tr>\n<td>Porto de embarque<\/td>\n<td>Cant\u00e3o, Shenzhen<\/td>\n<\/tr>\n<tr>\n<td>Termos de negocia\u00e7\u00e3o<\/td>\n<td>EXW, FOB, CIF, DDU, DDP<\/td>\n<\/tr>\n<tr>\n<td>M\u00e9todos de Pagamento<\/td>\n<td>T\/T, dinheiro, PayPal, cart\u00e3o de cr\u00e9dito<\/td>\n<\/tr>\n<\/tbody>\n<\/table>\n<p><span style=\"color: #003366;\">Caracter\u00edsticas:<\/span><\/p>\n<p>Mala de barbeiro elegante com fechadura de combina\u00e7\u00e3o dupla e al\u00e7a confort\u00e1vel. A mala pode acomodar v\u00e1rios acess\u00f3rios e ferramentas de cabeleireiro \u2013 tesouras, pentes, escovas de cabelo, secador de cabelo, m\u00e1quinas de cortar cabelo, etc.<\/p>","protected":false},"excerpt":{"rendered":"<p>Modelo: SC-BC0003<\/p>\n<p>Tamanho: 40*34*14,5 cm<\/p>\n<p>MOQ: Baixo MOQ aceit\u00e1vel<\/p>\n<p>Prazo de entrega: 15-25 dias<\/p>\n<p>Amostra: Dispon\u00edvel<\/p>","protected":false},"featured_media":19910,"template":"","meta":{"_gspb_post_css":""},"product_cat":[41],"product_tag":[],"featured_image_urls":{"full":["https:\/\/suncasesupply.com\/wp-content\/uploads\/2023\/08\/1200x1200_product_media_32001-33000_WALIZKA_FRYZJERSKA_BARBERSKA_BRAZOWA4-j.webp",1200,1200,false],"thumbnail":["https:\/\/suncasesupply.com\/wp-content\/uploads\/2023\/08\/1200x1200_product_media_32001-33000_WALIZKA_FRYZJERSKA_BARBERSKA_BRAZOWA4-j-150x150.webp",150,150,true],"medium":["https:\/\/suncasesupply.com\/wp-content\/uploads\/2023\/08\/1200x1200_product_media_32001-33000_WALIZKA_FRYZJERSKA_BARBERSKA_BRAZOWA4-j-300x300.webp",300,300,true],"medium_large":["https:\/\/suncasesupply.com\/wp-content\/uploads\/2023\/08\/1200x1200_product_media_32001-33000_WALIZKA_FRYZJERSKA_BARBERSKA_BRAZOWA4-j-768x768.webp",768,768,true],"large":["https:\/\/suncasesupply.com\/wp-content\/uploads\/2023\/08\/1200x1200_product_media_32001-33000_WALIZKA_FRYZJERSKA_BARBERSKA_BRAZOWA4-j-1024x1024.webp",1024,1024,true],"1536x1536":["https:\/\/suncasesupply.com\/wp-content\/uploads\/2023\/08\/1200x1200_product_media_32001-33000_WALIZKA_FRYZJERSKA_BARBERSKA_BRAZOWA4-j.webp",1200,1200,false],"2048x2048":["https:\/\/suncasesupply.com\/wp-content\/uploads\/2023\/08\/1200x1200_product_media_32001-33000_WALIZKA_FRYZJERSKA_BARBERSKA_BRAZOWA4-j.webp",1200,1200,false],"trp-custom-language-flag":["https:\/\/suncasesupply.com\/wp-content\/uploads\/2023\/08\/1200x1200_product_media_32001-33000_WALIZKA_FRYZJERSKA_BARBERSKA_BRAZOWA4-j.webp",12,12,false],"woocommerce_thumbnail":["https:\/\/suncasesupply.com\/wp-content\/uploads\/2023\/08\/1200x1200_product_media_32001-33000_WALIZKA_FRYZJERSKA_BARBERSKA_BRAZOWA4-j-300x300.webp",300,300,true],"woocommerce_single":["https:\/\/suncasesupply.com\/wp-content\/uploads\/2023\/08\/1200x1200_product_media_32001-33000_WALIZKA_FRYZJERSKA_BARBERSKA_BRAZOWA4-j-600x600.webp",600,600,true],"woocommerce_gallery_thumbnail":["https:\/\/suncasesupply.com\/wp-content\/uploads\/2023\/08\/1200x1200_product_media_32001-33000_WALIZKA_FRYZJERSKA_BARBERSKA_BRAZOWA4-j-100x100.webp",100,100,true]},"post_excerpt_stackable":"<p>Model : SC-BC0003<\/p>\n<p>Size:\u00a0 40*34*14.5cm<\/p>\n<p>MOQ: Low MOQ acceptable<\/p>\n<p>Delivery Time : 15-25 Days<\/p>\n<p>Sample : Available<\/p>\n","category_list":"","author_info":{"name":"","url":""},"comments_num":"0 comments","_links":{"self":[{"href":"https:\/\/suncasesupply.com\/pt\/wp-json\/wp\/v2\/product\/19914"}],"collection":[{"href":"https:\/\/suncasesupply.com\/pt\/wp-json\/wp\/v2\/product"}],"about":[{"href":"https:\/\/suncasesupply.com\/pt\/wp-json\/wp\/v2\/types\/product"}],"wp:featuredmedia":[{"embeddable":true,"href":"https:\/\/suncasesupply.com\/pt\/wp-json\/wp\/v2\/media\/19910"}],"wp:attachment":[{"href":"https:\/\/suncasesupply.com\/pt\/wp-json\/wp\/v2\/media?parent=19914"}],"wp:term":[{"taxonomy":"product_cat","embeddable":true,"href":"https:\/\/suncasesupply.com\/pt\/wp-json\/wp\/v2\/product_cat?post=19914"},{"taxonomy":"product_tag","embeddable":true,"href":"https:\/\/suncasesupply.com\/pt\/wp-json\/wp\/v2\/product_tag?post=19914"}],"curies":[{"name":"wp","href":"https:\/\/api.w.org\/{rel}","templated":true}]}}