{"id":19891,"date":"2023-08-22T13:43:43","date_gmt":"2023-08-22T05:43:43","guid":{"rendered":"https:\/\/suncasesupply.com\/?post_type=product&#038;p=19891"},"modified":"2025-02-26T11:32:03","modified_gmt":"2025-02-26T03:32:03","slug":"trolley-makeup-case-with-wheels-4-in-1-rolling-cosmetic-suitcase-hairdresser","status":"publish","type":"product","link":"https:\/\/suncasesupply.com\/pt\/product\/trolley-makeup-case-with-wheels-4-in-1-rolling-cosmetic-suitcase-hairdresser\/","title":{"rendered":"Estojo de maquiagem carrinho com rodas 4 em 1 mala cosm\u00e9tica rolante cabeleireiro"},"content":{"rendered":"<p>&nbsp;<\/p>\n<table width=\"774\">\n<tbody>\n<tr>\n<td width=\"177\">Item<\/td>\n<td width=\"597\">Estojo de maquiagem rolante<\/td>\n<\/tr>\n<tr>\n<td>Dimens\u00e3o<\/td>\n<td>35*25*75cm ou personalizar<\/td>\n<\/tr>\n<tr>\n<td>Cores<\/td>\n<td>Como as imagens mostram ou personalizam<\/td>\n<\/tr>\n<tr>\n<td>Materiais<\/td>\n<td>Alum\u00ednio, painel ABS, placa MDF, forro de EVA\/espuma\/tecido\/PU, ferragens<\/td>\n<\/tr>\n<tr>\n<td>Logotipo<\/td>\n<td>Logotipo da placa de metal, logotipo impresso, logotipo em relevo, logotipo do laser<\/td>\n<\/tr>\n<tr>\n<td>Tempo de amostra<\/td>\n<td>7 dias<\/td>\n<\/tr>\n<tr>\n<td>Porto de embarque<\/td>\n<td>Cant\u00e3o, Shenzhen<\/td>\n<\/tr>\n<tr>\n<td>Termos de negocia\u00e7\u00e3o<\/td>\n<td>EXW, FOB, CIF, DDU, DDP<\/td>\n<\/tr>\n<tr>\n<td>M\u00e9todos de Pagamento<\/td>\n<td>T\/T, dinheiro, PayPal, cart\u00e3o de cr\u00e9dito<\/td>\n<\/tr>\n<\/tbody>\n<\/table>\n<p><span style=\"color: #003366;\">Caracter\u00edsticas:<\/span><\/p>\n<p>Funcional\u00a0<strong>caixa de cosm\u00e9ticos<\/strong>\u00a0Perfeito para estilistas de unhas, esteticistas, maquiadores que trabalham na \u00e1rea ou para guardar cosm\u00e9ticos em casa.<\/p>\n<p>Est\u00e1 equipado com 4 compartimentos, dois dos quais podem ser desmontados para reduzir a sua altura e capacidade. O interior \u00e9 forrado com um agrad\u00e1vel material semelhante ao veludo, e nos compartimentos individuais existem espa\u00e7adores remov\u00edveis para guardar vernizes (em p\u00e9) ou outros itens pequenos.<\/p>\n<p>Material robusto, com bordas arredondadas para seguran\u00e7a e rodas individuais est\u00e1veis permitem armazenar at\u00e9 itens pesados.<\/p>\n<p><strong>O porta malas<\/strong>\u00a0possui uma al\u00e7a telesc\u00f3pica que permite seu guiamento e rodas de 360 graus que podem lidar com qualquer superf\u00edcie, mesmo extremamente problem\u00e1tica.<\/p>\n<p>Os espa\u00e7adores remov\u00edveis para vernizes comportam 120 h\u00edbridos, enquanto no compartimento inferior, maior, ficam itens de grande porte, como l\u00e2mpadas UV\/LED, limpadores com capacidade de 1 litro, etc. itens pequenos.<\/p>\n<p>Cada compartimento \u00e9 fechado com uma fechadura. A caixa vem com 4 chaves id\u00eanticas para cada compartimento. Lembre-se de n\u00e3o levar todos eles com voc\u00ea e tenha um conjunto reserva em casa.<\/p>\n<ul>\n<li class=\"active\">Design bonito e elegante.<\/li>\n<li>Alta qualidade.<\/li>\n<li>Formato modular \u2013 at\u00e9 4 pe\u00e7as que voc\u00ea pode combinar livremente.<\/li>\n<li>Forrado com material de veludo macio.<\/li>\n<li>Possui \u2018tabuleiros de xadrez\u2019 remov\u00edveis para vernizes \u2013 na parte superior h\u00e1 espa\u00e7o para 30 vernizes \u2013 na parte modular adicional voc\u00ea encontrar\u00e1 duas esponjas adicionais com entalhes \u2013 em cada uma delas h\u00e1 espa\u00e7o para 40 vernizes \u2013 portanto 80 no total.<\/li>\n<li>Prateleiras muito pr\u00e1ticas, deslizantes e escalonadas na parte superior da mala.<\/li>\n<li>Equipado com pernas pr\u00e1ticas e est\u00e1veis, al\u00e7a e rodas confort\u00e1veis.<\/li>\n<li>O case possui 4 rodas girat\u00f3rias de 360 graus. Constru\u00e7\u00e3o extremamente confort\u00e1vel e est\u00e1vel, independentemente da forma como a mala \u00e9 transportada!<\/li>\n<li>Cada n\u00edvel \u00e9 protegido por uma fechadura com chave. O conjunto inclui dois conjuntos de chaves, cada um com 2 chaves. Um total de 8 fechaduras para proteger o conte\u00fado.<\/li>\n<\/ul>","protected":false},"excerpt":{"rendered":"<p>Modelo: SC-RM0002<\/p>\n<p>Tamanho: 35*25*70 cent\u00edmetros<\/p>\n<p>Quantidade m\u00ednima: 50 pe\u00e7as<\/p>\n<p>Prazo de entrega: 15-25 dias<\/p>\n<p>Amostra: Dispon\u00edvel<\/p>","protected":false},"featured_media":19892,"template":"","meta":{"_gspb_post_css":""},"product_cat":[34,97],"product_tag":[],"featured_image_urls":{"full":["https:\/\/suncasesupply.com\/wp-content\/uploads\/2023\/08\/500x500_product_media_31001-32000_500_500_productGfx_b92909c0701cd3e26632ed2ec3173631-j.webp",500,500,false],"thumbnail":["https:\/\/suncasesupply.com\/wp-content\/uploads\/2023\/08\/500x500_product_media_31001-32000_500_500_productGfx_b92909c0701cd3e26632ed2ec3173631-j-150x150.webp",150,150,true],"medium":["https:\/\/suncasesupply.com\/wp-content\/uploads\/2023\/08\/500x500_product_media_31001-32000_500_500_productGfx_b92909c0701cd3e26632ed2ec3173631-j-300x300.webp",300,300,true],"medium_large":["https:\/\/suncasesupply.com\/wp-content\/uploads\/2023\/08\/500x500_product_media_31001-32000_500_500_productGfx_b92909c0701cd3e26632ed2ec3173631-j.webp",500,500,false],"large":["https:\/\/suncasesupply.com\/wp-content\/uploads\/2023\/08\/500x500_product_media_31001-32000_500_500_productGfx_b92909c0701cd3e26632ed2ec3173631-j.webp",500,500,false],"1536x1536":["https:\/\/suncasesupply.com\/wp-content\/uploads\/2023\/08\/500x500_product_media_31001-32000_500_500_productGfx_b92909c0701cd3e26632ed2ec3173631-j.webp",500,500,false],"2048x2048":["https:\/\/suncasesupply.com\/wp-content\/uploads\/2023\/08\/500x500_product_media_31001-32000_500_500_productGfx_b92909c0701cd3e26632ed2ec3173631-j.webp",500,500,false],"trp-custom-language-flag":["https:\/\/suncasesupply.com\/wp-content\/uploads\/2023\/08\/500x500_product_media_31001-32000_500_500_productGfx_b92909c0701cd3e26632ed2ec3173631-j.webp",12,12,false],"woocommerce_thumbnail":["https:\/\/suncasesupply.com\/wp-content\/uploads\/2023\/08\/500x500_product_media_31001-32000_500_500_productGfx_b92909c0701cd3e26632ed2ec3173631-j-300x300.webp",300,300,true],"woocommerce_single":["https:\/\/suncasesupply.com\/wp-content\/uploads\/2023\/08\/500x500_product_media_31001-32000_500_500_productGfx_b92909c0701cd3e26632ed2ec3173631-j.webp",500,500,false],"woocommerce_gallery_thumbnail":["https:\/\/suncasesupply.com\/wp-content\/uploads\/2023\/08\/500x500_product_media_31001-32000_500_500_productGfx_b92909c0701cd3e26632ed2ec3173631-j-100x100.webp",100,100,true]},"post_excerpt_stackable":"<p>Model : SC-RM0002<\/p>\n<p>Size: 35*25*70 cm<\/p>\n<p>MOQ: 50pcs<\/p>\n<p>Delivery Time : 15-25 Days<\/p>\n<p>Sample : Available<\/p>\n","category_list":"","author_info":{"name":"","url":""},"comments_num":"0 comments","_links":{"self":[{"href":"https:\/\/suncasesupply.com\/pt\/wp-json\/wp\/v2\/product\/19891"}],"collection":[{"href":"https:\/\/suncasesupply.com\/pt\/wp-json\/wp\/v2\/product"}],"about":[{"href":"https:\/\/suncasesupply.com\/pt\/wp-json\/wp\/v2\/types\/product"}],"wp:featuredmedia":[{"embeddable":true,"href":"https:\/\/suncasesupply.com\/pt\/wp-json\/wp\/v2\/media\/19892"}],"wp:attachment":[{"href":"https:\/\/suncasesupply.com\/pt\/wp-json\/wp\/v2\/media?parent=19891"}],"wp:term":[{"taxonomy":"product_cat","embeddable":true,"href":"https:\/\/suncasesupply.com\/pt\/wp-json\/wp\/v2\/product_cat?post=19891"},{"taxonomy":"product_tag","embeddable":true,"href":"https:\/\/suncasesupply.com\/pt\/wp-json\/wp\/v2\/product_tag?post=19891"}],"curies":[{"name":"wp","href":"https:\/\/api.w.org\/{rel}","templated":true}]}}