{"id":19875,"date":"2023-08-22T11:51:35","date_gmt":"2023-08-22T03:51:35","guid":{"rendered":"https:\/\/suncasesupply.com\/?post_type=product&#038;p=19875"},"modified":"2025-02-26T11:14:33","modified_gmt":"2025-02-26T03:14:33","slug":"golden-cosmetic-box-portable-carry-makeup-case","status":"publish","type":"product","link":"https:\/\/suncasesupply.com\/pt\/product\/golden-cosmetic-box-portable-carry-makeup-case\/","title":{"rendered":"Caixa cosm\u00e9tica dourada port\u00e1til para transporte de maquiagem"},"content":{"rendered":"<p>&nbsp;<\/p>\n<table width=\"774\">\n<tbody>\n<tr>\n<td width=\"177\">Item<\/td>\n<td width=\"597\">Estojo de maquiagem de alum\u00ednio<\/td>\n<\/tr>\n<tr>\n<td>Dimens\u00e3o<\/td>\n<td>25*25*33cm ou personalizar<\/td>\n<\/tr>\n<tr>\n<td>Cores<\/td>\n<td>Como as imagens mostram ou personalizam<\/td>\n<\/tr>\n<tr>\n<td>Materiais<\/td>\n<td>Alum\u00ednio, painel ABS, placa MDF, forro de EVA\/espuma\/tecido\/PU, ferragens<\/td>\n<\/tr>\n<tr>\n<td>Logotipo<\/td>\n<td>Logotipo da placa de metal, logotipo impresso, logotipo em relevo, logotipo do laser<\/td>\n<\/tr>\n<tr>\n<td>Tempo de amostra<\/td>\n<td>7 dias<\/td>\n<\/tr>\n<tr>\n<td>Porto de embarque<\/td>\n<td>Cant\u00e3o, Shenzhen<\/td>\n<\/tr>\n<tr>\n<td>Termos de negocia\u00e7\u00e3o<\/td>\n<td>EXW, FOB, CIF, DDU, DDP<\/td>\n<\/tr>\n<tr>\n<td>M\u00e9todos de Pagamento<\/td>\n<td>T\/T, dinheiro, PayPal, cart\u00e3o de cr\u00e9dito<\/td>\n<\/tr>\n<\/tbody>\n<\/table>\n<p><span style=\"color: #003366;\">Caracter\u00edsticas:<\/span><\/p>\n<p>Perfeito para estilistas de unhas, esteticistas, maquiadores que trabalham na \u00e1rea ou para guardar cosm\u00e9ticos em casa. O porta-malas s\u00f3lido, dobr\u00e1vel e de tamanho ideal permite a f\u00e1cil inser\u00e7\u00e3o de uma l\u00e2mpada UV e LED de tamanho normal no interior.<\/p>\n<p><strong>O porta malas<\/strong>\u00a0aberta nas duas faces, possui 2 prateleiras deslizantes para pequenos utens\u00edlios, como vernizes h\u00edbridos, pinc\u00e9is, cosm\u00e9ticos de pequeno e grande porte. Compartimento inferior para itens maiores, como uma l\u00e2mpada LED e uma fresadora. Muito solidamente fabricado com cantos refor\u00e7ados e vigas nas bordas externas para garantir a seguran\u00e7a do 100%.<\/p>\n<p>Voc\u00ea pode armazenar itens com seguran\u00e7a no porta-malas gra\u00e7as a duas travas que protegem o conte\u00fado. Duas chaves est\u00e3o anexadas ao gabinete.<\/p>\n<ul>\n<li class=\"active\">Perfeito para esteticistas e estilistas.<\/li>\n<li>Pode ser aberto em ambos os lados.<\/li>\n<li>Abriga l\u00e2mpadas de ponte.<\/li>\n<li>Tranc\u00e1vel com chave, 2 fechaduras.<\/li>\n<li>Design atemporal \u2013 extremamente exclusivo e moderno.<\/li>\n<li>F\u00e1cil de limpar \u2013 a superf\u00edcie \u00e9 totalmente lav\u00e1vel.<\/li>\n<li>O interior \u00e9 forrado com um material macio imitando veludo.<\/li>\n<li>Pr\u00e1tico \u2013 estojo f\u00e1cil de transportar, perfeito para guardar cosm\u00e9ticos.<\/li>\n<li>Possui esponjas para vernizes.<\/li>\n<\/ul>","protected":false},"excerpt":{"rendered":"<p>Modelo: SC-CM0005<\/p>\n<p>Tamanho: 25*25*33 cent\u00edmetros<\/p>\n<p>Quantidade m\u00ednima: 100 pe\u00e7as<\/p>\n<p>Prazo de entrega: 15-25 dias<\/p>\n<p>Amostra: Dispon\u00edvel<\/p>","protected":false},"featured_media":19876,"template":"","meta":{"_gspb_post_css":""},"product_cat":[34,96],"product_tag":[],"featured_image_urls":{"full":["https:\/\/suncasesupply.com\/wp-content\/uploads\/2023\/08\/1000x1000_product_media_34001-35000_Kuferek_Kosmetyczny_M_na_lakiery_K105_9H_golden_2-j.webp",1000,1000,false],"thumbnail":["https:\/\/suncasesupply.com\/wp-content\/uploads\/2023\/08\/1000x1000_product_media_34001-35000_Kuferek_Kosmetyczny_M_na_lakiery_K105_9H_golden_2-j-150x150.webp",150,150,true],"medium":["https:\/\/suncasesupply.com\/wp-content\/uploads\/2023\/08\/1000x1000_product_media_34001-35000_Kuferek_Kosmetyczny_M_na_lakiery_K105_9H_golden_2-j-300x300.webp",300,300,true],"medium_large":["https:\/\/suncasesupply.com\/wp-content\/uploads\/2023\/08\/1000x1000_product_media_34001-35000_Kuferek_Kosmetyczny_M_na_lakiery_K105_9H_golden_2-j-768x768.webp",768,768,true],"large":["https:\/\/suncasesupply.com\/wp-content\/uploads\/2023\/08\/1000x1000_product_media_34001-35000_Kuferek_Kosmetyczny_M_na_lakiery_K105_9H_golden_2-j.webp",1000,1000,false],"1536x1536":["https:\/\/suncasesupply.com\/wp-content\/uploads\/2023\/08\/1000x1000_product_media_34001-35000_Kuferek_Kosmetyczny_M_na_lakiery_K105_9H_golden_2-j.webp",1000,1000,false],"2048x2048":["https:\/\/suncasesupply.com\/wp-content\/uploads\/2023\/08\/1000x1000_product_media_34001-35000_Kuferek_Kosmetyczny_M_na_lakiery_K105_9H_golden_2-j.webp",1000,1000,false],"trp-custom-language-flag":["https:\/\/suncasesupply.com\/wp-content\/uploads\/2023\/08\/1000x1000_product_media_34001-35000_Kuferek_Kosmetyczny_M_na_lakiery_K105_9H_golden_2-j.webp",12,12,false],"woocommerce_thumbnail":["https:\/\/suncasesupply.com\/wp-content\/uploads\/2023\/08\/1000x1000_product_media_34001-35000_Kuferek_Kosmetyczny_M_na_lakiery_K105_9H_golden_2-j-300x300.webp",300,300,true],"woocommerce_single":["https:\/\/suncasesupply.com\/wp-content\/uploads\/2023\/08\/1000x1000_product_media_34001-35000_Kuferek_Kosmetyczny_M_na_lakiery_K105_9H_golden_2-j-600x600.webp",600,600,true],"woocommerce_gallery_thumbnail":["https:\/\/suncasesupply.com\/wp-content\/uploads\/2023\/08\/1000x1000_product_media_34001-35000_Kuferek_Kosmetyczny_M_na_lakiery_K105_9H_golden_2-j-100x100.webp",100,100,true]},"post_excerpt_stackable":"<p>Model : SC-CM0005<\/p>\n<p>Size: 25*25*33 cm<\/p>\n<p>MOQ: 100pcs<\/p>\n<p>Delivery Time : 15-25 Days<\/p>\n<p>Sample : Available<\/p>\n","category_list":"","author_info":{"name":"","url":""},"comments_num":"0 comments","_links":{"self":[{"href":"https:\/\/suncasesupply.com\/pt\/wp-json\/wp\/v2\/product\/19875"}],"collection":[{"href":"https:\/\/suncasesupply.com\/pt\/wp-json\/wp\/v2\/product"}],"about":[{"href":"https:\/\/suncasesupply.com\/pt\/wp-json\/wp\/v2\/types\/product"}],"wp:featuredmedia":[{"embeddable":true,"href":"https:\/\/suncasesupply.com\/pt\/wp-json\/wp\/v2\/media\/19876"}],"wp:attachment":[{"href":"https:\/\/suncasesupply.com\/pt\/wp-json\/wp\/v2\/media?parent=19875"}],"wp:term":[{"taxonomy":"product_cat","embeddable":true,"href":"https:\/\/suncasesupply.com\/pt\/wp-json\/wp\/v2\/product_cat?post=19875"},{"taxonomy":"product_tag","embeddable":true,"href":"https:\/\/suncasesupply.com\/pt\/wp-json\/wp\/v2\/product_tag?post=19875"}],"curies":[{"name":"wp","href":"https:\/\/api.w.org\/{rel}","templated":true}]}}