{"id":19811,"date":"2023-08-21T17:50:36","date_gmt":"2023-08-21T09:50:36","guid":{"rendered":"https:\/\/suncasesupply.com\/?post_type=product&#038;p=19811"},"modified":"2025-02-26T10:58:51","modified_gmt":"2025-02-26T02:58:51","slug":"rolling-wheels-professional-makeup-artist-travel-cases-cosmetic-train-case-table-with-light-mirror","status":"publish","type":"product","link":"https:\/\/suncasesupply.com\/pt\/product\/rolling-wheels-professional-makeup-artist-travel-cases-cosmetic-train-case-table-with-light-mirror\/","title":{"rendered":"Rodas rolantes para maquiagem profissional, estojo de viagem para trem cosm\u00e9tico, mesa com luz e espelho"},"content":{"rendered":"<p>&nbsp;<\/p>\n<table width=\"774\">\n<tbody>\n<tr>\n<td width=\"177\">Item<\/td>\n<td width=\"597\">Estojo de maquiagem rolante<\/td>\n<\/tr>\n<tr>\n<td>Dimens\u00e3o<\/td>\n<td>52*40*69cm ou personalizar<\/td>\n<\/tr>\n<tr>\n<td>Cores<\/td>\n<td>Como as imagens mostram ou personalizam<\/td>\n<\/tr>\n<tr>\n<td>Materiais<\/td>\n<td>Alum\u00ednio, painel ABS, placa MDF, forro de EVA\/espuma\/tecido\/PU, ferragens<\/td>\n<\/tr>\n<tr>\n<td>Logotipo<\/td>\n<td>Logotipo da placa de metal, logotipo impresso, logotipo em relevo, logotipo do laser<\/td>\n<\/tr>\n<tr>\n<td>Tempo de amostra<\/td>\n<td>7 dias<\/td>\n<\/tr>\n<tr>\n<td>Porto de embarque<\/td>\n<td>Cant\u00e3o, Shenzhen<\/td>\n<\/tr>\n<tr>\n<td>Termos de negocia\u00e7\u00e3o<\/td>\n<td>EXW, FOB, CIF, DDU, DDP<\/td>\n<\/tr>\n<tr>\n<td>M\u00e9todos de Pagamento<\/td>\n<td>T\/T, dinheiro, PayPal, cart\u00e3o de cr\u00e9dito<\/td>\n<\/tr>\n<\/tbody>\n<\/table>\n<p><span style=\"color: #003366;\">Caracter\u00edsticas:<\/span><\/p>\n<p>Funcional\u00a0<strong>caixa de cosm\u00e9ticos<\/strong>\u00a0Perfeito para estilistas de unhas, esteticistas, maquiadores que trabalham na \u00e1rea ou para guardar cosm\u00e9ticos em casa.<\/p>\n<p>Est\u00e1 equipado com 4 compartimentos, dois dos quais podem ser desmontados para reduzir a sua altura e capacidade. O interior \u00e9 forrado com um agrad\u00e1vel material semelhante ao veludo, e nos compartimentos individuais existem espa\u00e7adores remov\u00edveis para guardar vernizes (em p\u00e9) ou outros itens pequenos.<\/p>\n<p>Material robusto, com bordas arredondadas para seguran\u00e7a e rodas individuais est\u00e1veis permitem armazenar at\u00e9 itens pesados.<\/p>\n<p><strong>O porta malas<\/strong>\u00a0possui uma al\u00e7a telesc\u00f3pica que permite seu guiamento e rodas de 360 graus que podem lidar com qualquer superf\u00edcie, mesmo extremamente problem\u00e1tica.<\/p>\n<p>Os espa\u00e7adores remov\u00edveis para vernizes comportam 120 h\u00edbridos, enquanto no compartimento inferior, maior, ficam itens de grande porte, como l\u00e2mpadas UV\/LED, limpadores com capacidade de 1 litro, etc. itens pequenos.<\/p>\n<p>Cada compartimento \u00e9 fechado com uma fechadura. A caixa vem com 4 chaves id\u00eanticas para cada compartimento. Lembre-se de n\u00e3o levar todos eles com voc\u00ea e tenha um conjunto reserva em casa.<\/p>","protected":false},"excerpt":{"rendered":"<p>Modelo: SC-RM0001<\/p>\n<p>Tamanho: 52*40*69 cent\u00edmetros<\/p>\n<p>Quantidade m\u00ednima: 5 pe\u00e7as<\/p>\n<p>Prazo de entrega: 15-25 dias<\/p>\n<p>Amostra: Dispon\u00edvel<\/p>","protected":false},"featured_media":19813,"template":"","meta":{"_gspb_post_css":""},"product_cat":[98],"product_tag":[],"featured_image_urls":{"full":["https:\/\/suncasesupply.com\/wp-content\/uploads\/2023\/08\/1-2-scaled.jpg",2560,2560,false],"thumbnail":["https:\/\/suncasesupply.com\/wp-content\/uploads\/2023\/08\/1-2-150x150.jpg",150,150,true],"medium":["https:\/\/suncasesupply.com\/wp-content\/uploads\/2023\/08\/1-2-300x300.jpg",300,300,true],"medium_large":["https:\/\/suncasesupply.com\/wp-content\/uploads\/2023\/08\/1-2-768x768.jpg",768,768,true],"large":["https:\/\/suncasesupply.com\/wp-content\/uploads\/2023\/08\/1-2-1024x1024.jpg",1024,1024,true],"1536x1536":["https:\/\/suncasesupply.com\/wp-content\/uploads\/2023\/08\/1-2-1536x1536.jpg",1536,1536,true],"2048x2048":["https:\/\/suncasesupply.com\/wp-content\/uploads\/2023\/08\/1-2-2048x2048.jpg",2048,2048,true],"trp-custom-language-flag":["https:\/\/suncasesupply.com\/wp-content\/uploads\/2023\/08\/1-2-scaled.jpg",12,12,false],"woocommerce_thumbnail":["https:\/\/suncasesupply.com\/wp-content\/uploads\/2023\/08\/1-2-300x300.jpg",300,300,true],"woocommerce_single":["https:\/\/suncasesupply.com\/wp-content\/uploads\/2023\/08\/1-2-600x600.jpg",600,600,true],"woocommerce_gallery_thumbnail":["https:\/\/suncasesupply.com\/wp-content\/uploads\/2023\/08\/1-2-100x100.jpg",100,100,true]},"post_excerpt_stackable":"<p>Model : SC-RM0001<\/p>\n<p>Size: \u00a052*40*69 cm<\/p>\n<p>MOQ: 5pcs<\/p>\n<p>Delivery Time : 15-25 Days<\/p>\n<p>Sample : Available<\/p>\n","category_list":"","author_info":{"name":"","url":""},"comments_num":"0 comments","_links":{"self":[{"href":"https:\/\/suncasesupply.com\/pt\/wp-json\/wp\/v2\/product\/19811"}],"collection":[{"href":"https:\/\/suncasesupply.com\/pt\/wp-json\/wp\/v2\/product"}],"about":[{"href":"https:\/\/suncasesupply.com\/pt\/wp-json\/wp\/v2\/types\/product"}],"wp:featuredmedia":[{"embeddable":true,"href":"https:\/\/suncasesupply.com\/pt\/wp-json\/wp\/v2\/media\/19813"}],"wp:attachment":[{"href":"https:\/\/suncasesupply.com\/pt\/wp-json\/wp\/v2\/media?parent=19811"}],"wp:term":[{"taxonomy":"product_cat","embeddable":true,"href":"https:\/\/suncasesupply.com\/pt\/wp-json\/wp\/v2\/product_cat?post=19811"},{"taxonomy":"product_tag","embeddable":true,"href":"https:\/\/suncasesupply.com\/pt\/wp-json\/wp\/v2\/product_tag?post=19811"}],"curies":[{"name":"wp","href":"https:\/\/api.w.org\/{rel}","templated":true}]}}