{"id":19804,"date":"2023-08-21T17:42:15","date_gmt":"2023-08-21T09:42:15","guid":{"rendered":"https:\/\/suncasesupply.com\/?post_type=product&#038;p=19804"},"modified":"2026-03-17T00:51:58","modified_gmt":"2026-03-16T16:51:58","slug":"graded-card-storage-box-premium-trading-card-case-carbon-fiber-slab-case","status":"publish","type":"product","link":"https:\/\/suncasesupply.com\/pt\/product\/graded-card-storage-box-premium-trading-card-case-carbon-fiber-slab-case\/","title":{"rendered":"Caixa de armazenamento de cart\u00e3o graduado caso de cart\u00e3o comercial premium caso de laje de fibra de carbono"},"content":{"rendered":"<h4><span style=\"color: #003366;\">Caracter\u00edsticas:<\/span><\/h4>\n<ul>\n<li><strong>F\u00e1cil de transportar<\/strong>A al\u00e7a resistente e confort\u00e1vel facilita o transporte, e o estojo \u00e9 muito leve. Dessa forma, a caixa de armazenamento de cartas em alum\u00ednio n\u00e3o \u00e9 apenas uma \u00f3tima maneira de guardar suas cartas na loja ou em casa, mas tamb\u00e9m facilita o transporte e o uso em qualquer lugar.<\/li>\n<li><strong>Constru\u00e7\u00e3o dur\u00e1vel<\/strong>Constru\u00edda com pain\u00e9is de madeira maci\u00e7a e estrutura de alum\u00ednio, esta caixa para guardar cartas graduadas oferece estilo e seguran\u00e7a. Os componentes met\u00e1licos, como a al\u00e7a, as fechaduras, os cantos, etc., tornam esta caixa muito resistente e dur\u00e1vel.<\/li>\n<li><strong>Fun\u00e7\u00e3o de armazenamento universal<\/strong>A caixa comporta diversos tipos de cards graduados, como PSA, BSG e outras marcas. Esta caixa de papel\u00e3o para armazenamento de cards graduados possui divis\u00f3rias remov\u00edveis que se encaixam com seguran\u00e7a e impedem que os cards deslizem.<\/li>\n<\/ul>\n<h4><span style=\"color: #003366;\">Detalhes do produto:<\/span><\/h4>\n<div style=\"display: flex; gap: 20px;\">\n<p><!-- \u7b2c\u4e00\u680f --><\/p>\n<div style=\"flex: 1; text-align: center;\">\n<p><img decoding=\"async\" style=\"max-width: 100%; height: auto; margin-bottom: 10px;\" src=\"https:\/\/suncasesupply.com\/wp-content\/uploads\/2025\/03\/Strong-handle.png\" alt=\"Al\u00e7a forte\" \/><\/p>\n<p style=\"font-weight: bold; margin: 5px 0;\">Al\u00e7a forte<\/p>\n<p style=\"margin: 0;\">Equipado com uma al\u00e7a leve, que \u00e9 feita de borracha macia e uma base de metal resistente, ent\u00e3o o torna resistente e confort\u00e1vel. Dessa forma, a caixa de cart\u00e3o de alum\u00ednio n\u00e3o \u00e9 apenas uma \u00f3tima maneira de coletar seus cart\u00f5es na loja ou em casa, mas tamb\u00e9m a torna f\u00e1cil de transportar e usar em qualquer lugar.<\/p>\n<\/div>\n<p><!-- \u7b2c\u4e8c\u680f --><\/p>\n<div style=\"flex: 1; text-align: center;\">\n<p><img decoding=\"async\" style=\"max-width: 100%; height: auto; margin-bottom: 10px;\" src=\"https:\/\/suncasesupply.com\/wp-content\/uploads\/2025\/03\/Protective-Foam.png\" alt=\"Espuma protetora\" \/><\/p>\n<p style=\"font-weight: bold; margin: 5px 0;\">Espuma protetora<\/p>\n<p style=\"margin: 0;\">A tampa possui espuma macia semelhante \u00e0 de ovos, que \u00e9 altamente resistente a choques e impactos, proporcionando excelente prote\u00e7\u00e3o para seus cards. Este estojo para cards graduados evita que seus cards se choquem ou sejam danificados durante o transporte.<\/p>\n<\/div>\n<p><!-- \u7b2c\u4e09\u680f --><\/p>\n<div style=\"flex: 1; text-align: center;\">\n<p><img decoding=\"async\" style=\"max-width: 100%; height: auto; margin-bottom: 10px;\" src=\"https:\/\/suncasesupply.com\/wp-content\/uploads\/2025\/03\/EVA-dividers.png\" alt=\"Divis\u00f3rias de EVA\" \/><\/p>\n<p style=\"font-weight: bold; margin: 5px 0;\">Slots internos<\/p>\n<p style=\"margin: 0;\">Os compartimentos internos s\u00e3o personalizados para seus cards colecion\u00e1veis da PSA, BSG e outras marcas, e cada compartimento possui uma placa remov\u00edvel que ajuda a manter seus cards organizados. Essas caixas para guardar cards graduados s\u00e3o feitas de material EVA macio que n\u00e3o danifica suas valiosas cole\u00e7\u00f5es.<\/p>\n<\/div>\n<div style=\"flex: 1; text-align: center;\">\n<p><img decoding=\"async\" style=\"max-width: 100%; height: auto; margin-bottom: 10px;\" src=\"https:\/\/suncasesupply.com\/wp-content\/uploads\/2025\/03\/Combination-Locks.png\" alt=\"Fechaduras de combina\u00e7\u00e3o\" \/><\/p>\n<p style=\"font-weight: bold; margin: 5px 0;\">Fechaduras de combina\u00e7\u00e3o<\/p>\n<p style=\"margin: 0;\">O cadeado de combina\u00e7\u00e3o garante a seguran\u00e7a da caixa e dispensa o uso de chaves adicionais. Ele oferece mais seguran\u00e7a e praticidade ao transportar sua caixa de armazenamento de cards esportivos classificados.<\/p>\n<\/div>\n<\/div>\n<div style=\"background-color: #29599a; padding: 40px 20px; text-align: center; color: #ffffff; border-radius: 10px; margin: 40px auto; max-width: 960px;\">\n<h2 style=\"font-size: 22px; margin-bottom: 20px; font-weight: bold;\"><span style=\"color: #ffffff;\">Adquira caixas de armazenamento de cartas graduadas de alta qualidade na Sun Case, a partir de 100 unidades!<\/span><\/h2>\n<p><a style=\"display: inline-block; padding: 12px 28px; background-color: #ffffff; color: #29599a; text-decoration: none; border-radius: 6px; font-weight: bold;\" href=\"https:\/\/suncasesupply.com\/pt\/contact-us\/\" target=\"_blank\" rel=\"noopener\">Obter uma cota\u00e7\u00e3o<br \/>\n<\/a><\/p>\n<\/div>\n<h4><span style=\"color: #003366;\">Processo de fabrica\u00e7\u00e3o de estojo de armazenamento de cart\u00e3o classificado:<\/span><\/h4>\n<p><img decoding=\"async\" style=\"max-width: 100%; height: auto; margin-bottom: 10px;\" src=\"https:\/\/suncasesupply.com\/wp-content\/uploads\/2025\/07\/Manufacturing-Process.png\" alt=\"Processo de fabrica\u00e7\u00e3o do Suncase\" \/><\/p>\n<div style=\"display: flex; gap: 20px;\">\n<p><!-- \u7b2c\u4e00\u680f \u6d41\u7a0b1--><\/p>\n<div style=\"flex: 1; text-align: center;\"><\/div>\n<\/div>\n<div style=\"display: flex; gap: 20px;\">\n<div style=\"flex: 1; text-align: center;\">\n<p style=\"font-weight: bold; margin: 5px 0;\">\n<\/div>\n<\/div>\n<h4><span style=\"color: #003366;\">Informa\u00e7\u00f5es \u00fateis para compradores em massa:<\/span><\/h4>\n<ol>\n<li>\n<p class=\"page-title\" title=\"O que torna os cart\u00f5es esportivos t\u00e3o valiosos?\"><a href=\"https:\/\/suncasesupply.com\/pt\/blog\/custom-aluminum-case\/commercial-value-of-sports-cards\/\">Por que os cart\u00f5es esportivos s\u00e3o valiosos e caixas de armazenamento para cart\u00f5es esportivos &gt;&gt;<\/a><\/p>\n<\/li>\n<li>\n<p class=\"page-title\" title=\"O que torna os cart\u00f5es esportivos t\u00e3o valiosos?\"><a href=\"https:\/\/suncasesupply.com\/pt\/blog\/how-protect-trading-cards-collection\/\">Como proteger sua cole\u00e7\u00e3o de cards colecion\u00e1veis &gt;&gt;<\/a><\/p>\n<\/li>\n<li title=\"Como proteger sua cole\u00e7\u00e3o de cards colecion\u00e1veis\">\n<p class=\"page-title\" title=\"Caixas de armazenamento de cart\u00f5es esportivos: a melhor maneira de armazenar cart\u00f5es esportivos\"><a href=\"https:\/\/suncasesupply.com\/pt\/blog\/custom-aluminum-case\/how-to-store-sports-cards\/\">Caixas de armazenamento de cart\u00f5es esportivos: a melhor maneira de armazenar cart\u00f5es esportivos &gt;&gt;<\/a><\/p>\n<\/li>\n<\/ol>\n<p>&nbsp;<\/p>","protected":false},"excerpt":{"rendered":"<p>Modelo: SC-CC0002<\/p>\n<p>Tamanho: 34,3*29,3*18,4 cm<\/p>\n<p>Quantidade m\u00ednima: 100 pe\u00e7as<\/p>\n<p>Prazo de entrega: 15-25 dias<\/p>\n<p>Amostra: Dispon\u00edvel<\/p>","protected":false},"featured_media":19794,"template":"","meta":{"_gspb_post_css":""},"product_cat":[42,87],"product_tag":[],"featured_image_urls":{"full":["https:\/\/suncasesupply.com\/wp-content\/uploads\/2023\/08\/1-1-scaled.jpg",2560,2560,false],"thumbnail":["https:\/\/suncasesupply.com\/wp-content\/uploads\/2023\/08\/1-1-150x150.jpg",150,150,true],"medium":["https:\/\/suncasesupply.com\/wp-content\/uploads\/2023\/08\/1-1-300x300.jpg",300,300,true],"medium_large":["https:\/\/suncasesupply.com\/wp-content\/uploads\/2023\/08\/1-1-768x768.jpg",768,768,true],"large":["https:\/\/suncasesupply.com\/wp-content\/uploads\/2023\/08\/1-1-1024x1024.jpg",1024,1024,true],"1536x1536":["https:\/\/suncasesupply.com\/wp-content\/uploads\/2023\/08\/1-1-1536x1536.jpg",1536,1536,true],"2048x2048":["https:\/\/suncasesupply.com\/wp-content\/uploads\/2023\/08\/1-1-2048x2048.jpg",2048,2048,true],"trp-custom-language-flag":["https:\/\/suncasesupply.com\/wp-content\/uploads\/2023\/08\/1-1-scaled.jpg",12,12,false],"woocommerce_thumbnail":["https:\/\/suncasesupply.com\/wp-content\/uploads\/2023\/08\/1-1-300x300.jpg",300,300,true],"woocommerce_single":["https:\/\/suncasesupply.com\/wp-content\/uploads\/2023\/08\/1-1-600x600.jpg",600,600,true],"woocommerce_gallery_thumbnail":["https:\/\/suncasesupply.com\/wp-content\/uploads\/2023\/08\/1-1-100x100.jpg",100,100,true]},"post_excerpt_stackable":"<p>Model : SC-CC0002<\/p>\n<p>Size: 34.3*29.3*18.4cmcm<\/p>\n<p>MOQ: 100pcs<\/p>\n<p>Delivery Time : 15-25 Days<\/p>\n<p>Sample : Available<\/p>\n","category_list":"","author_info":{"name":"","url":""},"comments_num":"0 comments","_links":{"self":[{"href":"https:\/\/suncasesupply.com\/pt\/wp-json\/wp\/v2\/product\/19804"}],"collection":[{"href":"https:\/\/suncasesupply.com\/pt\/wp-json\/wp\/v2\/product"}],"about":[{"href":"https:\/\/suncasesupply.com\/pt\/wp-json\/wp\/v2\/types\/product"}],"wp:featuredmedia":[{"embeddable":true,"href":"https:\/\/suncasesupply.com\/pt\/wp-json\/wp\/v2\/media\/19794"}],"wp:attachment":[{"href":"https:\/\/suncasesupply.com\/pt\/wp-json\/wp\/v2\/media?parent=19804"}],"wp:term":[{"taxonomy":"product_cat","embeddable":true,"href":"https:\/\/suncasesupply.com\/pt\/wp-json\/wp\/v2\/product_cat?post=19804"},{"taxonomy":"product_tag","embeddable":true,"href":"https:\/\/suncasesupply.com\/pt\/wp-json\/wp\/v2\/product_tag?post=19804"}],"curies":[{"name":"wp","href":"https:\/\/api.w.org\/{rel}","templated":true}]}}