{"id":19777,"date":"2023-08-21T16:50:10","date_gmt":"2023-08-21T08:50:10","guid":{"rendered":"https:\/\/suncasesupply.com\/?post_type=product&#038;p=19777"},"modified":"2025-02-20T14:50:52","modified_gmt":"2025-02-20T06:50:52","slug":"aluminum-vinyl-record-case-12-lp-case-silver","status":"publish","type":"product","link":"https:\/\/suncasesupply.com\/pt\/product\/aluminum-vinyl-record-case-12-lp-case-silver\/","title":{"rendered":"Estojo para disco de vinil em alum\u00ednio 12\u2033 Estojo para LP prateado"},"content":{"rendered":"<p>&nbsp;<\/p>\n<table width=\"774\">\n<tbody>\n<tr>\n<td width=\"177\">Item<\/td>\n<td width=\"597\">Caixa de alum\u00ednio<\/td>\n<\/tr>\n<tr>\n<td>Dimens\u00e3o<\/td>\n<td>36*36*36cm ou personalizar<\/td>\n<\/tr>\n<tr>\n<td>Cores<\/td>\n<td>Como as imagens mostram ou personalizam<\/td>\n<\/tr>\n<tr>\n<td>Materiais<\/td>\n<td>Alum\u00ednio, painel ABS, placa MDF, forro de EVA\/espuma\/tecido\/PU, ferragens<\/td>\n<\/tr>\n<tr>\n<td>Logotipo<\/td>\n<td>Logotipo da placa de metal, logotipo impresso, logotipo em relevo, logotipo do laser<\/td>\n<\/tr>\n<tr>\n<td>Tempo de amostra<\/td>\n<td>7 dias<\/td>\n<\/tr>\n<tr>\n<td>Porto de embarque<\/td>\n<td>Cant\u00e3o, Shenzhen<\/td>\n<\/tr>\n<tr>\n<td>Termos de negocia\u00e7\u00e3o<\/td>\n<td>EXW, FOB, CIF, DDU, DDP<\/td>\n<\/tr>\n<tr>\n<td>M\u00e9todos de Pagamento<\/td>\n<td>T\/T, dinheiro, PayPal, cart\u00e3o de cr\u00e9dito<\/td>\n<\/tr>\n<\/tbody>\n<\/table>\n<p><span style=\"color: #003366;\">Caracter\u00edsticas:<\/span><\/p>\n<p>A caixa de registro de 12\u2033 oferece espa\u00e7o para at\u00e9 100 registros de 12\u2033, que voc\u00ea pode transportar e arquivar com seguran\u00e7a nesta caixa de registro. A tampa da caixa de discos de DJ \u00e9 remov\u00edvel e pode ser usada como bloco de classifica\u00e7\u00e3o quando voc\u00ea a coloca.<\/p>\n<p>Com o cadeado borboleta voc\u00ea protege sua cole\u00e7\u00e3o contra roubo. Apesar de seu design bastante est\u00e1vel com pe\u00e7as de alum\u00ednio, placas de MDF revestidas de pl\u00e1stico e rebites, o estojo para disco de vinil \u00e9 f\u00e1cil de transportar. A al\u00e7a est\u00e1vel da caixa fica plana.<\/p>","protected":false},"excerpt":{"rendered":"<p>Modelo: SC-LP0002<\/p>\n<p>Tamanho: 36*36*36cm<\/p>\n<p>Capacidade: 100 LPs de 12\u2033<\/p>\n<p>Quantidade m\u00ednima: 100 pe\u00e7as<\/p>\n<p>Prazo de entrega: 15-25 dias<\/p>\n<p>Amostra: Dispon\u00edvel<\/p>","protected":false},"featured_media":19792,"template":"","meta":{"_gspb_post_css":""},"product_cat":[42,83],"product_tag":[],"featured_image_urls":{"full":["https:\/\/suncasesupply.com\/wp-content\/uploads\/2023\/08\/16-vinyl-case-12-record-case-100-lps-silver-silver.webp",970,970,false],"thumbnail":["https:\/\/suncasesupply.com\/wp-content\/uploads\/2023\/08\/16-vinyl-case-12-record-case-100-lps-silver-silver-150x150.webp",150,150,true],"medium":["https:\/\/suncasesupply.com\/wp-content\/uploads\/2023\/08\/16-vinyl-case-12-record-case-100-lps-silver-silver-300x300.webp",300,300,true],"medium_large":["https:\/\/suncasesupply.com\/wp-content\/uploads\/2023\/08\/16-vinyl-case-12-record-case-100-lps-silver-silver-768x768.webp",768,768,true],"large":["https:\/\/suncasesupply.com\/wp-content\/uploads\/2023\/08\/16-vinyl-case-12-record-case-100-lps-silver-silver.webp",970,970,false],"1536x1536":["https:\/\/suncasesupply.com\/wp-content\/uploads\/2023\/08\/16-vinyl-case-12-record-case-100-lps-silver-silver.webp",970,970,false],"2048x2048":["https:\/\/suncasesupply.com\/wp-content\/uploads\/2023\/08\/16-vinyl-case-12-record-case-100-lps-silver-silver.webp",970,970,false],"trp-custom-language-flag":["https:\/\/suncasesupply.com\/wp-content\/uploads\/2023\/08\/16-vinyl-case-12-record-case-100-lps-silver-silver.webp",12,12,false],"woocommerce_thumbnail":["https:\/\/suncasesupply.com\/wp-content\/uploads\/2023\/08\/16-vinyl-case-12-record-case-100-lps-silver-silver-300x300.webp",300,300,true],"woocommerce_single":["https:\/\/suncasesupply.com\/wp-content\/uploads\/2023\/08\/16-vinyl-case-12-record-case-100-lps-silver-silver-600x600.webp",600,600,true],"woocommerce_gallery_thumbnail":["https:\/\/suncasesupply.com\/wp-content\/uploads\/2023\/08\/16-vinyl-case-12-record-case-100-lps-silver-silver-100x100.webp",100,100,true]},"post_excerpt_stackable":"<p>Model : SC-LP0002<\/p>\n<p>Size: 36*36*36cm<\/p>\n<p>Capacity: 100 12&#8243; LPs<\/p>\n<p>MOQ: 100pcs<\/p>\n<p>Delivery Time : 15-25 Days<\/p>\n<p>Sample : Available<\/p>\n","category_list":"","author_info":{"name":"","url":""},"comments_num":"0 comments","_links":{"self":[{"href":"https:\/\/suncasesupply.com\/pt\/wp-json\/wp\/v2\/product\/19777"}],"collection":[{"href":"https:\/\/suncasesupply.com\/pt\/wp-json\/wp\/v2\/product"}],"about":[{"href":"https:\/\/suncasesupply.com\/pt\/wp-json\/wp\/v2\/types\/product"}],"wp:featuredmedia":[{"embeddable":true,"href":"https:\/\/suncasesupply.com\/pt\/wp-json\/wp\/v2\/media\/19792"}],"wp:attachment":[{"href":"https:\/\/suncasesupply.com\/pt\/wp-json\/wp\/v2\/media?parent=19777"}],"wp:term":[{"taxonomy":"product_cat","embeddable":true,"href":"https:\/\/suncasesupply.com\/pt\/wp-json\/wp\/v2\/product_cat?post=19777"},{"taxonomy":"product_tag","embeddable":true,"href":"https:\/\/suncasesupply.com\/pt\/wp-json\/wp\/v2\/product_tag?post=19777"}],"curies":[{"name":"wp","href":"https:\/\/api.w.org\/{rel}","templated":true}]}}