{"id":19770,"date":"2023-08-21T16:07:55","date_gmt":"2023-08-21T08:07:55","guid":{"rendered":"https:\/\/suncasesupply.com\/?post_type=product&#038;p=19770"},"modified":"2025-02-26T11:51:40","modified_gmt":"2025-02-26T03:51:40","slug":"flight-tv-storage-case-tv-screen-transport-case","status":"publish","type":"product","link":"https:\/\/suncasesupply.com\/pt\/product\/flight-tv-storage-case-tv-screen-transport-case\/","title":{"rendered":"Estojo de armazenamento para TV Flight Estojo de transporte de tela de TV"},"content":{"rendered":"<p>&nbsp;<\/p>\n<table width=\"774\">\n<tbody>\n<tr>\n<td width=\"177\">Item<\/td>\n<td width=\"597\">Caso de v\u00f4o<\/td>\n<\/tr>\n<tr>\n<td>Dimens\u00e3o<\/td>\n<td>Customizar<\/td>\n<\/tr>\n<tr>\n<td>Cores<\/td>\n<td>Como as imagens mostram ou personalizam<\/td>\n<\/tr>\n<tr>\n<td>Materiais<\/td>\n<td>Alum\u00ednio, madeira compensada, EVA\/espuma\/tecido\/forro de PU, ferragens<\/td>\n<\/tr>\n<tr>\n<td>Logotipo<\/td>\n<td>Logotipo da placa de metal, logotipo impresso, logotipo em relevo, logotipo do laser<\/td>\n<\/tr>\n<tr>\n<td>Tempo de amostra<\/td>\n<td>7 dias<\/td>\n<\/tr>\n<tr>\n<td>Porto de embarque<\/td>\n<td>Cant\u00e3o, Shenzhen<\/td>\n<\/tr>\n<tr>\n<td>Termos de negocia\u00e7\u00e3o<\/td>\n<td>EXW, FOB, CIF, DDU, DDP<\/td>\n<\/tr>\n<tr>\n<td>M\u00e9todos de Pagamento<\/td>\n<td>T\/T, dinheiro, PayPal, cart\u00e3o de cr\u00e9dito<\/td>\n<\/tr>\n<\/tbody>\n<\/table>\n<p><span style=\"color: #003366;\">Caracter\u00edsticas:<\/span><\/p>\n<p>Este case de ajuste universal pode caber na maioria das telas planas com telas diagonais de 48\u2033 \u2013 60\u2033. As divis\u00f3rias m\u00f3veis s\u00e3o uma solu\u00e7\u00e3o f\u00e1cil para dividir e transportar v\u00e1rias telas em um \u00fanico gabinete. Este gabinete pode n\u00e3o caber em televisores com engastes largos ou fundos profundos, portanto, certifique-se de medir as dimens\u00f5es exatas de seus pain\u00e9is planos para ter certeza de que este gabinete atender\u00e1 \u00e0s suas necessidades.<\/p>\n<p>As dimens\u00f5es internas de espuma a espuma s\u00e3o: 55 \u2033 L x 18 \u2033 P x 34 \u2033 A. Certifique-se de que todas as televis\u00f5es n\u00e3o tenham mais do que 55 \u2033 de largura e 34 \u2033 de altura. Este gabinete vem com tr\u00eas divis\u00f3rias m\u00f3veis, cada uma usando aproximadamente uma polegada de profundidade interna, ou deixando 15\u2033 de profundidade total entre no m\u00e1ximo quatro televisores (e seus suportes, se instalados). Entre em contato conosco se precisar de ajuda para garantir o ajuste certo para seus monitores. Teremos prazer em personalizar este design de gabinete de acordo com suas necessidades espec\u00edficas.<\/p>","protected":false},"excerpt":{"rendered":"<p>Modelo: SC-FL0002<\/p>\n<p>Dimens\u00f5es externas \u2013 59\u2033 L x 22\u2033 P x 43\u2033 A (incluindo rodas)<\/p>\n<p>Dimens\u00f5es internas \u2013 55\u2033 L x 18\u2033 P x 34\u2033 A (espuma para espuma)<\/p>\n<p>Quantidade m\u00ednima: 5 pe\u00e7as<\/p>\n<p>Prazo de entrega: 15-25 dias<\/p>\n<p>Amostra: Dispon\u00edvel<\/p>","protected":false},"featured_media":19771,"template":"","meta":{"_gspb_post_css":""},"product_cat":[39,94],"product_tag":[],"featured_image_urls":{"full":["https:\/\/suncasesupply.com\/wp-content\/uploads\/2023\/08\/082__36156.jpg",1280,1025,false],"thumbnail":["https:\/\/suncasesupply.com\/wp-content\/uploads\/2023\/08\/082__36156-150x150.jpg",150,150,true],"medium":["https:\/\/suncasesupply.com\/wp-content\/uploads\/2023\/08\/082__36156-300x240.jpg",300,240,true],"medium_large":["https:\/\/suncasesupply.com\/wp-content\/uploads\/2023\/08\/082__36156-768x615.jpg",768,615,true],"large":["https:\/\/suncasesupply.com\/wp-content\/uploads\/2023\/08\/082__36156-1024x820.jpg",1024,820,true],"1536x1536":["https:\/\/suncasesupply.com\/wp-content\/uploads\/2023\/08\/082__36156.jpg",1280,1025,false],"2048x2048":["https:\/\/suncasesupply.com\/wp-content\/uploads\/2023\/08\/082__36156.jpg",1280,1025,false],"trp-custom-language-flag":["https:\/\/suncasesupply.com\/wp-content\/uploads\/2023\/08\/082__36156.jpg",15,12,false],"woocommerce_thumbnail":["https:\/\/suncasesupply.com\/wp-content\/uploads\/2023\/08\/082__36156-300x300.jpg",300,300,true],"woocommerce_single":["https:\/\/suncasesupply.com\/wp-content\/uploads\/2023\/08\/082__36156-600x480.jpg",600,480,true],"woocommerce_gallery_thumbnail":["https:\/\/suncasesupply.com\/wp-content\/uploads\/2023\/08\/082__36156-100x100.jpg",100,100,true]},"post_excerpt_stackable":"<p>Model : SC-FL0002<\/p>\n<p>Outside Dimensions &#8211; 59&#8243; W x 22&#8243; D x 43&#8243; H (including wheels)<\/p>\n<p>Inside Dimensions &#8211;\u00a055&#8243; W x 18&#8243; D x 34&#8243; H (foam to foam)<\/p>\n<p>MOQ: 5pcs<\/p>\n<p>Delivery Time : 15-25 Days<\/p>\n<p>Sample : Available<\/p>\n","category_list":"","author_info":{"name":"","url":""},"comments_num":"0 comments","_links":{"self":[{"href":"https:\/\/suncasesupply.com\/pt\/wp-json\/wp\/v2\/product\/19770"}],"collection":[{"href":"https:\/\/suncasesupply.com\/pt\/wp-json\/wp\/v2\/product"}],"about":[{"href":"https:\/\/suncasesupply.com\/pt\/wp-json\/wp\/v2\/types\/product"}],"wp:featuredmedia":[{"embeddable":true,"href":"https:\/\/suncasesupply.com\/pt\/wp-json\/wp\/v2\/media\/19771"}],"wp:attachment":[{"href":"https:\/\/suncasesupply.com\/pt\/wp-json\/wp\/v2\/media?parent=19770"}],"wp:term":[{"taxonomy":"product_cat","embeddable":true,"href":"https:\/\/suncasesupply.com\/pt\/wp-json\/wp\/v2\/product_cat?post=19770"},{"taxonomy":"product_tag","embeddable":true,"href":"https:\/\/suncasesupply.com\/pt\/wp-json\/wp\/v2\/product_tag?post=19770"}],"curies":[{"name":"wp","href":"https:\/\/api.w.org\/{rel}","templated":true}]}}