{"id":19722,"date":"2023-08-21T11:55:16","date_gmt":"2023-08-21T03:55:16","guid":{"rendered":"https:\/\/suncasesupply.com\/?post_type=product&#038;p=19722"},"modified":"2025-02-26T11:14:54","modified_gmt":"2025-02-26T03:14:54","slug":"shiny-diamond-makeup-case-carry-cosmetic-box-nail-beauty-case","status":"publish","type":"product","link":"https:\/\/suncasesupply.com\/pt\/product\/shiny-diamond-makeup-case-carry-cosmetic-box-nail-beauty-case\/","title":{"rendered":"Estojo de maquiagem com diamante brilhante para transporte de caixa de cosm\u00e9ticos para beleza de unhas"},"content":{"rendered":"<p>&nbsp;<\/p>\n<table width=\"774\">\n<tbody>\n<tr>\n<td width=\"177\">Item<\/td>\n<td width=\"597\">Caixa de alum\u00ednio<\/td>\n<\/tr>\n<tr>\n<td>Dimens\u00e3o<\/td>\n<td>20*20*30cm ou personalizar<\/td>\n<\/tr>\n<tr>\n<td>Cores<\/td>\n<td>Como as imagens mostram ou personalizam<\/td>\n<\/tr>\n<tr>\n<td>Materiais<\/td>\n<td>Alum\u00ednio, painel ABS, placa MDF, forro de EVA\/espuma\/tecido\/PU, ferragens<\/td>\n<\/tr>\n<tr>\n<td>Logotipo<\/td>\n<td>Logotipo da placa de metal, logotipo impresso, logotipo em relevo, logotipo do laser<\/td>\n<\/tr>\n<tr>\n<td>Tempo de amostra<\/td>\n<td>7 dias<\/td>\n<\/tr>\n<tr>\n<td>Porto de embarque<\/td>\n<td>Cant\u00e3o, Shenzhen<\/td>\n<\/tr>\n<tr>\n<td>Termos de negocia\u00e7\u00e3o<\/td>\n<td>EXW, FOB, CIF, DDU, DDP<\/td>\n<\/tr>\n<tr>\n<td>M\u00e9todos de Pagamento<\/td>\n<td>T\/T, dinheiro, PayPal, cart\u00e3o de cr\u00e9dito<\/td>\n<\/tr>\n<\/tbody>\n<\/table>\n<p><span style=\"color: #003366;\">Caracter\u00edsticas:<\/span><\/p>\n<p>Caixa de cosm\u00e9ticos funcional e atraentePerfeita para manicures, esteticistas, maquiadores que trabalham na \u00e1rea ou para guardar cosm\u00e9ticos em casa. O porta-malas s\u00f3lido, dobr\u00e1vel e de tamanho ideal permite a f\u00e1cil inser\u00e7\u00e3o de uma l\u00e2mpada UV e LED de tamanho normal no interior.<\/p>\n<p>O ba\u00fa aberto dos dois lados possui 2 prateleiras deslizantes para pequenos utens\u00edlios, como vernizes h\u00edbridos, pinc\u00e9is, cosm\u00e9ticos de pequeno e grande porte. Compartimento inferior que acomoda produtos maiores, por exemplo, l\u00e2mpada LED e fresadora. Muito solidamente fabricado com cantos refor\u00e7ados e vigas nas bordas externas para garantir a seguran\u00e7a do 100%.<\/p>\n<p>Voc\u00ea pode armazenar itens com seguran\u00e7a no porta-malas gra\u00e7as a duas travas que protegem o conte\u00fado. Duas chaves est\u00e3o anexadas ao gabinete.<\/p>","protected":false},"excerpt":{"rendered":"<p>Modelo: SC-CM0002<\/p>\n<p>Tamanho: 20*20*30 cm<\/p>\n<p>Quantidade m\u00ednima: 100 pe\u00e7as<\/p>\n<p>Prazo de entrega: 15-25 dias<\/p>\n<p>Amostra: Dispon\u00edvel<\/p>","protected":false},"featured_media":19723,"template":"","meta":{"_gspb_post_css":""},"product_cat":[34,96],"product_tag":[],"featured_image_urls":{"full":["https:\/\/suncasesupply.com\/wp-content\/uploads\/2023\/08\/1000x1000_product_media_31001-32000_Kuferek_kosmetyczny_M_na_lakiery_K1047_9H_golden_2-j.webp",1000,1000,false],"thumbnail":["https:\/\/suncasesupply.com\/wp-content\/uploads\/2023\/08\/1000x1000_product_media_31001-32000_Kuferek_kosmetyczny_M_na_lakiery_K1047_9H_golden_2-j-150x150.webp",150,150,true],"medium":["https:\/\/suncasesupply.com\/wp-content\/uploads\/2023\/08\/1000x1000_product_media_31001-32000_Kuferek_kosmetyczny_M_na_lakiery_K1047_9H_golden_2-j-300x300.webp",300,300,true],"medium_large":["https:\/\/suncasesupply.com\/wp-content\/uploads\/2023\/08\/1000x1000_product_media_31001-32000_Kuferek_kosmetyczny_M_na_lakiery_K1047_9H_golden_2-j-768x768.webp",768,768,true],"large":["https:\/\/suncasesupply.com\/wp-content\/uploads\/2023\/08\/1000x1000_product_media_31001-32000_Kuferek_kosmetyczny_M_na_lakiery_K1047_9H_golden_2-j.webp",1000,1000,false],"1536x1536":["https:\/\/suncasesupply.com\/wp-content\/uploads\/2023\/08\/1000x1000_product_media_31001-32000_Kuferek_kosmetyczny_M_na_lakiery_K1047_9H_golden_2-j.webp",1000,1000,false],"2048x2048":["https:\/\/suncasesupply.com\/wp-content\/uploads\/2023\/08\/1000x1000_product_media_31001-32000_Kuferek_kosmetyczny_M_na_lakiery_K1047_9H_golden_2-j.webp",1000,1000,false],"trp-custom-language-flag":["https:\/\/suncasesupply.com\/wp-content\/uploads\/2023\/08\/1000x1000_product_media_31001-32000_Kuferek_kosmetyczny_M_na_lakiery_K1047_9H_golden_2-j.webp",12,12,false],"woocommerce_thumbnail":["https:\/\/suncasesupply.com\/wp-content\/uploads\/2023\/08\/1000x1000_product_media_31001-32000_Kuferek_kosmetyczny_M_na_lakiery_K1047_9H_golden_2-j-300x300.webp",300,300,true],"woocommerce_single":["https:\/\/suncasesupply.com\/wp-content\/uploads\/2023\/08\/1000x1000_product_media_31001-32000_Kuferek_kosmetyczny_M_na_lakiery_K1047_9H_golden_2-j-600x600.webp",600,600,true],"woocommerce_gallery_thumbnail":["https:\/\/suncasesupply.com\/wp-content\/uploads\/2023\/08\/1000x1000_product_media_31001-32000_Kuferek_kosmetyczny_M_na_lakiery_K1047_9H_golden_2-j-100x100.webp",100,100,true]},"post_excerpt_stackable":"<p>Model : SC-CM0002<\/p>\n<p>Size: 20*20*30 cm<\/p>\n<p>MOQ: 100pcs<\/p>\n<p>Delivery Time : 15-25 Days<\/p>\n<p>Sample : Available<\/p>\n","category_list":"","author_info":{"name":"","url":""},"comments_num":"0 comments","_links":{"self":[{"href":"https:\/\/suncasesupply.com\/pt\/wp-json\/wp\/v2\/product\/19722"}],"collection":[{"href":"https:\/\/suncasesupply.com\/pt\/wp-json\/wp\/v2\/product"}],"about":[{"href":"https:\/\/suncasesupply.com\/pt\/wp-json\/wp\/v2\/types\/product"}],"wp:featuredmedia":[{"embeddable":true,"href":"https:\/\/suncasesupply.com\/pt\/wp-json\/wp\/v2\/media\/19723"}],"wp:attachment":[{"href":"https:\/\/suncasesupply.com\/pt\/wp-json\/wp\/v2\/media?parent=19722"}],"wp:term":[{"taxonomy":"product_cat","embeddable":true,"href":"https:\/\/suncasesupply.com\/pt\/wp-json\/wp\/v2\/product_cat?post=19722"},{"taxonomy":"product_tag","embeddable":true,"href":"https:\/\/suncasesupply.com\/pt\/wp-json\/wp\/v2\/product_tag?post=19722"}],"curies":[{"name":"wp","href":"https:\/\/api.w.org\/{rel}","templated":true}]}}