{"id":19709,"date":"2023-08-21T11:24:13","date_gmt":"2023-08-21T03:24:13","guid":{"rendered":"https:\/\/suncasesupply.com\/?post_type=product&#038;p=19709"},"modified":"2025-02-26T11:15:02","modified_gmt":"2025-02-26T03:15:02","slug":"3-in-1-rolling-makeup-case-professional-cosmetic-beauty-case","status":"publish","type":"product","link":"https:\/\/suncasesupply.com\/pt\/product\/3-in-1-rolling-makeup-case-professional-cosmetic-beauty-case\/","title":{"rendered":"Estojo cosm\u00e9tico duplo diamante Estojo para unhas de beleza"},"content":{"rendered":"<p>&nbsp;<\/p>\n<table width=\"774\">\n<tbody>\n<tr>\n<td width=\"177\">Item<\/td>\n<td width=\"597\">Caixa de alum\u00ednio<\/td>\n<\/tr>\n<tr>\n<td>Dimens\u00e3o<\/td>\n<td>25*35*39cm ou personalizar<\/td>\n<\/tr>\n<tr>\n<td>Cores<\/td>\n<td>Como as imagens mostram ou personalizam<\/td>\n<\/tr>\n<tr>\n<td>Materiais<\/td>\n<td>Alum\u00ednio, painel ABS, placa MDF, forro de EVA\/espuma\/tecido\/PU, ferragens<\/td>\n<\/tr>\n<tr>\n<td>Logotipo<\/td>\n<td>Logotipo da placa de metal, logotipo impresso, logotipo em relevo, logotipo do laser<\/td>\n<\/tr>\n<tr>\n<td>Tempo de amostra<\/td>\n<td>7 dias<\/td>\n<\/tr>\n<tr>\n<td>Porto de embarque<\/td>\n<td>Cant\u00e3o, Shenzhen<\/td>\n<\/tr>\n<tr>\n<td>Termos de negocia\u00e7\u00e3o<\/td>\n<td>EXW, FOB, CIF, DDU, DDP<\/td>\n<\/tr>\n<tr>\n<td>M\u00e9todos de Pagamento<\/td>\n<td>T\/T, dinheiro, PayPal, cart\u00e3o de cr\u00e9dito<\/td>\n<\/tr>\n<\/tbody>\n<\/table>\n<p><span style=\"color: #003366;\">Caracter\u00edsticas:<\/span><\/p>\n<p>Um ba\u00fa funcional de beleza e cabeleireiro de duas pe\u00e7as, ideal para manicures, cabeleireiros, esteticistas, maquiadores que trabalham na \u00e1rea ou para guardar cosm\u00e9ticos em casa.<\/p>\n<p>O tamanho do porta-malas de fabrica\u00e7\u00e3o s\u00f3lida, dobr\u00e1vel e idealmente selecionado permite inserir facilmente uma l\u00e2mpada UV e LED de tamanho normal no interior.<\/p>\n<p>A c\u00f4moda dupla face possui prateleiras deslizantes e seguran\u00e7a em forma de duas fechaduras com chave.<\/p>\n<p>Ideal para trabalhos de campo devido ao seu baixo peso.<\/p>\n<p>Um ba\u00fa elegante para apresentar produtos durante reuni\u00f5es oficiais, por exemplo, reuni\u00f5es de neg\u00f3cios.<\/p>\n<p>Funcionar\u00e1 em qualquer situa\u00e7\u00e3o!<\/p>\n<p>DUAS PARTES \u2013 VOC\u00ca PODE USAR TODA OU APENAS UMA PARTE REMOV\u00cdVEL!<\/p>","protected":false},"excerpt":{"rendered":"<p>Modelo: SC-CM0001<\/p>\n<p>Tamanho: 250x350x390mm<\/p>\n<p>Quantidade m\u00ednima: 100 pe\u00e7as<\/p>\n<p>Prazo de entrega: 15-25 dias<\/p>\n<p>Amostra: Dispon\u00edvel<\/p>","protected":false},"featured_media":19718,"template":"","meta":{"_gspb_post_css":""},"product_cat":[34,96],"product_tag":[],"featured_image_urls":{"full":["https:\/\/suncasesupply.com\/wp-content\/uploads\/2023\/08\/716x716_product_media_35001-36000_kuferek_kosmetyczny_xxl_dwuczesciowy_m_3n_bialy_diament_bez_kratki_bez_paska_k107_25ha-j.webp",716,716,false],"thumbnail":["https:\/\/suncasesupply.com\/wp-content\/uploads\/2023\/08\/716x716_product_media_35001-36000_kuferek_kosmetyczny_xxl_dwuczesciowy_m_3n_bialy_diament_bez_kratki_bez_paska_k107_25ha-j-150x150.webp",150,150,true],"medium":["https:\/\/suncasesupply.com\/wp-content\/uploads\/2023\/08\/716x716_product_media_35001-36000_kuferek_kosmetyczny_xxl_dwuczesciowy_m_3n_bialy_diament_bez_kratki_bez_paska_k107_25ha-j-300x300.webp",300,300,true],"medium_large":["https:\/\/suncasesupply.com\/wp-content\/uploads\/2023\/08\/716x716_product_media_35001-36000_kuferek_kosmetyczny_xxl_dwuczesciowy_m_3n_bialy_diament_bez_kratki_bez_paska_k107_25ha-j.webp",716,716,false],"large":["https:\/\/suncasesupply.com\/wp-content\/uploads\/2023\/08\/716x716_product_media_35001-36000_kuferek_kosmetyczny_xxl_dwuczesciowy_m_3n_bialy_diament_bez_kratki_bez_paska_k107_25ha-j.webp",716,716,false],"1536x1536":["https:\/\/suncasesupply.com\/wp-content\/uploads\/2023\/08\/716x716_product_media_35001-36000_kuferek_kosmetyczny_xxl_dwuczesciowy_m_3n_bialy_diament_bez_kratki_bez_paska_k107_25ha-j.webp",716,716,false],"2048x2048":["https:\/\/suncasesupply.com\/wp-content\/uploads\/2023\/08\/716x716_product_media_35001-36000_kuferek_kosmetyczny_xxl_dwuczesciowy_m_3n_bialy_diament_bez_kratki_bez_paska_k107_25ha-j.webp",716,716,false],"trp-custom-language-flag":["https:\/\/suncasesupply.com\/wp-content\/uploads\/2023\/08\/716x716_product_media_35001-36000_kuferek_kosmetyczny_xxl_dwuczesciowy_m_3n_bialy_diament_bez_kratki_bez_paska_k107_25ha-j.webp",12,12,false],"woocommerce_thumbnail":["https:\/\/suncasesupply.com\/wp-content\/uploads\/2023\/08\/716x716_product_media_35001-36000_kuferek_kosmetyczny_xxl_dwuczesciowy_m_3n_bialy_diament_bez_kratki_bez_paska_k107_25ha-j-300x300.webp",300,300,true],"woocommerce_single":["https:\/\/suncasesupply.com\/wp-content\/uploads\/2023\/08\/716x716_product_media_35001-36000_kuferek_kosmetyczny_xxl_dwuczesciowy_m_3n_bialy_diament_bez_kratki_bez_paska_k107_25ha-j-600x600.webp",600,600,true],"woocommerce_gallery_thumbnail":["https:\/\/suncasesupply.com\/wp-content\/uploads\/2023\/08\/716x716_product_media_35001-36000_kuferek_kosmetyczny_xxl_dwuczesciowy_m_3n_bialy_diament_bez_kratki_bez_paska_k107_25ha-j-100x100.webp",100,100,true]},"post_excerpt_stackable":"<p>Model : SC-CM0001<\/p>\n<p>Size: 250x350x390 mm<\/p>\n<p>MOQ: 100pcs<\/p>\n<p>Delivery Time : 15-25 Days<\/p>\n<p>Sample : Available<\/p>\n","category_list":"","author_info":{"name":"","url":""},"comments_num":"0 comments","_links":{"self":[{"href":"https:\/\/suncasesupply.com\/pt\/wp-json\/wp\/v2\/product\/19709"}],"collection":[{"href":"https:\/\/suncasesupply.com\/pt\/wp-json\/wp\/v2\/product"}],"about":[{"href":"https:\/\/suncasesupply.com\/pt\/wp-json\/wp\/v2\/types\/product"}],"wp:featuredmedia":[{"embeddable":true,"href":"https:\/\/suncasesupply.com\/pt\/wp-json\/wp\/v2\/media\/19718"}],"wp:attachment":[{"href":"https:\/\/suncasesupply.com\/pt\/wp-json\/wp\/v2\/media?parent=19709"}],"wp:term":[{"taxonomy":"product_cat","embeddable":true,"href":"https:\/\/suncasesupply.com\/pt\/wp-json\/wp\/v2\/product_cat?post=19709"},{"taxonomy":"product_tag","embeddable":true,"href":"https:\/\/suncasesupply.com\/pt\/wp-json\/wp\/v2\/product_tag?post=19709"}],"curies":[{"name":"wp","href":"https:\/\/api.w.org\/{rel}","templated":true}]}}