{"id":19688,"date":"2023-08-21T09:58:58","date_gmt":"2023-08-21T01:58:58","guid":{"rendered":"https:\/\/suncasesupply.com\/?post_type=product&#038;p=19688"},"modified":"2025-07-15T10:50:52","modified_gmt":"2025-07-15T02:50:52","slug":"aluminum-case-with-foam-insert-carry-aluminum-storage-box","status":"publish","type":"product","link":"https:\/\/suncasesupply.com\/pt\/product\/aluminum-case-with-foam-insert-carry-aluminum-storage-box\/","title":{"rendered":"Caixa de alum\u00ednio com inser\u00e7\u00e3o de espuma para transporte de caixa de armazenamento de alum\u00ednio"},"content":{"rendered":"<h4><span style=\"color: #003366;\">Caracter\u00edsticas:<\/span><\/h4>\n<ul>\n<li><strong><b>Materiais<\/b><\/strong>: Feito com estrutura de alum\u00ednio dur\u00e1vel e painel de melamina. Resistente e bonito, este design \u00e9 amplamente utilizado em aplica\u00e7\u00f5es de caixas de armazenamento de alum\u00ednio de n\u00edvel dom\u00e9stico e industrial.<\/li>\n<li><strong><b>Espuma dentro<\/b><\/strong>: Com a espuma pr\u00e9-cortada na parte inferior do case de alum\u00ednio, voc\u00ea pode criar o formato que precisa e adapt\u00e1-lo especificamente ao seu equipamento. Ideal para fot\u00f3grafos ou t\u00e9cnicos que precisam de cases de alum\u00ednio para c\u00e2mera ou de um case de alum\u00ednio protetor com espuma.<\/li>\n<li><strong><b>Hardware<\/b><\/strong>: Esta caixa de armazenamento de alum\u00ednio com fechadura \u00e9 equipada com 2 travas e uma al\u00e7a de borracha, f\u00e1cil de transportar para qualquer lugar. Uma \u00f3tima op\u00e7\u00e3o entre as caixas de transporte de alum\u00ednio.<\/li>\n<li><strong><b>Prote\u00e7\u00e3o<\/b><\/strong>: Estojo protetor resistente \u00e0 \u00e1gua que protege objetos de valor e fr\u00e1geis contra a umidade. \u00c9 especialmente adequado para quem procura estojos de alum\u00ednio para c\u00e2mera ou para transportar instrumentos delicados.<\/li>\n<\/ul>\n<h4><span style=\"color: #003366;\">Detalhes do produto:<\/span><\/h4>\n<p><!-- \u7b2c\u4e00\u680f --><\/p>\n<div style=\"display: flex; gap: 20px;\">\n<div style=\"flex: 1; text-align: center;\">\n<p><img decoding=\"async\" style=\"max-width: 100%; height: auto; margin-bottom: 10px;\" src=\"https:\/\/suncasesupply.com\/wp-content\/uploads\/2025\/05\/1-Combination-Locks.jpg\" alt=\"Fechaduras de combina\u00e7\u00e3o\" \/><\/p>\n<p style=\"font-weight: bold; margin: 5px 0;\"><strong><b>Fechaduras de combina\u00e7\u00e3o<\/b><\/strong><\/p>\n<p style=\"margin: 0;\">A fechadura de combina\u00e7\u00e3o possui as caracter\u00edsticas de prote\u00e7\u00e3o por senha, alta flexibilidade e design sem chave. Essa configura\u00e7\u00e3o \u00e9 comumente aplicada em caixas de armazenamento de alum\u00ednio com fechadura, evitando que os itens na caixa sejam abertos acidentalmente durante o transporte.<\/p>\n<\/div>\n<p><!-- \u7b2c\u4e8c\u680f --><\/p>\n<div style=\"flex: 1; text-align: center;\">\n<p><img decoding=\"async\" style=\"max-width: 100%; height: auto; margin-bottom: 10px;\" src=\"https:\/\/suncasesupply.com\/wp-content\/uploads\/2025\/05\/2-Support-Hinge.jpg\" alt=\"Suporte Dobradi\u00e7a\" \/><\/p>\n<p style=\"font-weight: bold; margin: 5px 0;\"><strong><b>Suporte Dobradi\u00e7a<\/b><\/strong><\/p>\n<p style=\"margin: 0;\">Entre a tampa superior e a tampa inferior deste gabinete de alum\u00ednio, usamos duas dobradi\u00e7as de suporte de metal. Ao abrir a tampa superior, a dobradi\u00e7a de suporte ajuda a manter a tampa superior em p\u00e9, evitando que ela caia acidentalmente e machuque suas m\u00e3os.<\/p>\n<\/div>\n<p><!-- \u7b2c\u4e09\u680f --><\/p>\n<div style=\"flex: 1; text-align: center;\">\n<p><img decoding=\"async\" style=\"max-width: 100%; height: auto; margin-bottom: 10px;\" src=\"https:\/\/suncasesupply.com\/wp-content\/uploads\/2025\/05\/3-PickPluck-Foam.jpg\" alt=\"Espuma Pick &amp; Pluck\" \/><\/p>\n<p style=\"font-weight: bold; margin: 5px 0;\"><strong><b>Espuma Pick &amp; Pluck<\/b><\/strong><\/p>\n<p style=\"margin: 0;\">As principais fun\u00e7\u00f5es da espuma Pick &amp; Pluck na caixa de alum\u00ednio s\u00e3o amortecimento e prote\u00e7\u00e3o contra choques, fixa\u00e7\u00e3o e preven\u00e7\u00e3o de deslocamento, prote\u00e7\u00e3o contra umidade e poeira, e redu\u00e7\u00e3o de ru\u00eddo. Voc\u00ea pode moldar o produto conforme sua necessidade.<\/p>\n<\/div>\n<p><!-- \u7b2c\u56db\u680f --><\/p>\n<div style=\"flex: 1; text-align: center;\">\n<p><img decoding=\"async\" style=\"max-width: 100%; height: auto; margin-bottom: 10px;\" src=\"https:\/\/suncasesupply.com\/wp-content\/uploads\/2025\/05\/4-Round-Corner.jpg\" alt=\"Canto Redondo\" \/><\/p>\n<p style=\"font-weight: bold; margin: 5px 0;\"><strong><b>Canto Redondo<\/b><\/strong><\/p>\n<p style=\"margin: 0;\">Caixas de alum\u00ednio geralmente s\u00e3o feitas com cantos arredondados ou \u00e2ngulos retos. Esta caixa de alum\u00ednio \u00e9 feita com cantos arredondados, o que ajuda a aumentar a resist\u00eancia estrutural, melhorar a veda\u00e7\u00e3o e oferecer prote\u00e7\u00e3o anticolis\u00e3o. \u00c9 um design que combina funcionalidade e est\u00e9tica, comumente encontrado em modelos de caixas de armazenamento de alum\u00ednio de alta qualidade de fabricantes profissionais.<\/p>\n<\/div>\n<\/div>\n<div style=\"background-color: #29599a; padding: 40px 20px; text-align: center; color: #ffffff; border-radius: 10px; margin: 40px auto; max-width: 960px;\">\n<h2 style=\"font-size: 22px; margin-bottom: 20px; font-weight: bold;\"><span style=\"color: #ffffff;\">Quantidade m\u00ednima de 100 para caixas de transporte de alum\u00ednio \u2013 Solicite seu or\u00e7amento agora<\/span><\/h2>\n<p><a style=\"display: inline-block; padding: 12px 28px; background-color: #ffffff; color: #29599a; text-decoration: none; border-radius: 6px; font-weight: bold;\" href=\"https:\/\/suncasesupply.com\/pt\/contact-us\/\" target=\"_blank\" rel=\"noopener\">Obter uma cota\u00e7\u00e3o<\/a><\/p>\n<\/div>\n<h4><span style=\"color: #003366;\">Processo de fabrica\u00e7\u00e3o:<\/span><\/h4>\n<p><img decoding=\"async\" style=\"max-width: 100%; height: auto; margin-bottom: 10px;\" src=\"https:\/\/suncasesupply.com\/wp-content\/uploads\/2025\/07\/Manufacturing-Process.png\" alt=\"Processo de fabrica\u00e7\u00e3o do Suncase\" \/><\/p>\n<h4><span style=\"color: #003366;\">Informa\u00e7\u00f5es \u00fateis para compradores em massa:<\/span><\/h4>\n<ul>\n<li class=\"page-title\" title=\"O que torna os cart\u00f5es esportivos t\u00e3o valiosos?\">\n<p class=\"page-title\" title=\"6 raz\u00f5es pelas quais voc\u00ea deve se organizar com caixa de armazenamento de alum\u00ednio\"><a href=\"https:\/\/suncasesupply.com\/pt\/blog\/custom-aluminum-case\/6-reasons-to-use-aluminum-storage-box-today\/\">6 raz\u00f5es pelas quais voc\u00ea deve se organizar com uma caixa de armazenamento de alum\u00ednio &gt;&gt;<\/a><\/p>\n<\/li>\n<li title=\"O que torna os cart\u00f5es esportivos t\u00e3o valiosos?\">\n<p class=\"page-title\" title=\"Diferentes tipos de estojos de transporte de alum\u00ednio\"><a href=\"https:\/\/suncasesupply.com\/pt\/blog\/custom-aluminum-case\/different-types-of-aluminum-carrying-cases\/\">Diferentes tipos de estojos de transporte de alum\u00ednio &gt;&gt;<\/a><\/p>\n<\/li>\n<li title=\"O que torna os cart\u00f5es esportivos t\u00e3o valiosos?\">\n<p class=\"page-title\" title=\"Tudo o que voc\u00ea precisa saber sobre caixas de alum\u00ednio\"><a href=\"https:\/\/suncasesupply.com\/pt\/blog\/all-you-need-to-know-about-aluminum-cases\/\">Tudo o que voc\u00ea precisa saber sobre caixas de alum\u00ednio com espuma&gt;&gt;<\/a><\/p>\n<\/li>\n<\/ul>\n<p><a href=\"https:\/\/suncasesupply.com\/pt\/contact-us\/\">Solicite um or\u00e7amento agora!! &gt;&gt;<\/a><\/p>","protected":false},"excerpt":{"rendered":"<p>Modelo: SC-0002<\/p>\n<p>Tamanho: 45 x 32 x 15 cm<\/p>\n<p>Cores: Cor cinza<\/p>\n<p>Materiais: Estrutura de alum\u00ednio, painel de melamina, placa de MDF, ferragens.<\/p>\n<p>Logotipo: Logotipo de impress\u00e3o em placa de metal\/seda<\/p>\n<p>Quantidade m\u00ednima: 100 pe\u00e7as<\/p>\n<p>Amostra: Dispon\u00edvel, tempo de amostra de cerca de 7 dias.<\/p>\n<p>Tempo de entrega: cerca de 25 dias<\/p>","protected":false},"featured_media":25287,"template":"","meta":{"_gspb_post_css":""},"product_cat":[42,80],"product_tag":[],"featured_image_urls":{"full":["https:\/\/suncasesupply.com\/wp-content\/uploads\/2023\/08\/aa-5.jpg",800,800,false],"thumbnail":["https:\/\/suncasesupply.com\/wp-content\/uploads\/2023\/08\/aa-5-150x150.jpg",150,150,true],"medium":["https:\/\/suncasesupply.com\/wp-content\/uploads\/2023\/08\/aa-5-300x300.jpg",300,300,true],"medium_large":["https:\/\/suncasesupply.com\/wp-content\/uploads\/2023\/08\/aa-5-768x768.jpg",768,768,true],"large":["https:\/\/suncasesupply.com\/wp-content\/uploads\/2023\/08\/aa-5.jpg",800,800,false],"1536x1536":["https:\/\/suncasesupply.com\/wp-content\/uploads\/2023\/08\/aa-5.jpg",800,800,false],"2048x2048":["https:\/\/suncasesupply.com\/wp-content\/uploads\/2023\/08\/aa-5.jpg",800,800,false],"trp-custom-language-flag":["https:\/\/suncasesupply.com\/wp-content\/uploads\/2023\/08\/aa-5-12x12.jpg",12,12,true],"woocommerce_thumbnail":["https:\/\/suncasesupply.com\/wp-content\/uploads\/2023\/08\/aa-5-300x300.jpg",300,300,true],"woocommerce_single":["https:\/\/suncasesupply.com\/wp-content\/uploads\/2023\/08\/aa-5-600x600.jpg",600,600,true],"woocommerce_gallery_thumbnail":["https:\/\/suncasesupply.com\/wp-content\/uploads\/2023\/08\/aa-5-100x100.jpg",100,100,true]},"post_excerpt_stackable":"<p>Model:SC-0002<\/p>\n<p>Size: 45 x 32 x 15 cm<\/p>\n<p>Colors:\u00a0Grey color<\/p>\n<p>Materials: Aluminum\u00a0frame,\u00a0Melamine Panel,\u00a0MDF Board, Hardware.<\/p>\n<p>Logo: Metal Plate\/Silk Printing logo<\/p>\n<p>MOQ: 100pcs<\/p>\n<p>Sample: Available, sample time about 7 days.<\/p>\n<p>Deliver Time: About 25 days<\/p>\n","category_list":"","author_info":{"name":"","url":""},"comments_num":"0 comments","_links":{"self":[{"href":"https:\/\/suncasesupply.com\/pt\/wp-json\/wp\/v2\/product\/19688"}],"collection":[{"href":"https:\/\/suncasesupply.com\/pt\/wp-json\/wp\/v2\/product"}],"about":[{"href":"https:\/\/suncasesupply.com\/pt\/wp-json\/wp\/v2\/types\/product"}],"wp:featuredmedia":[{"embeddable":true,"href":"https:\/\/suncasesupply.com\/pt\/wp-json\/wp\/v2\/media\/25287"}],"wp:attachment":[{"href":"https:\/\/suncasesupply.com\/pt\/wp-json\/wp\/v2\/media?parent=19688"}],"wp:term":[{"taxonomy":"product_cat","embeddable":true,"href":"https:\/\/suncasesupply.com\/pt\/wp-json\/wp\/v2\/product_cat?post=19688"},{"taxonomy":"product_tag","embeddable":true,"href":"https:\/\/suncasesupply.com\/pt\/wp-json\/wp\/v2\/product_tag?post=19688"}],"curies":[{"name":"wp","href":"https:\/\/api.w.org\/{rel}","templated":true}]}}