{"id":19657,"date":"2023-05-17T07:40:28","date_gmt":"2023-05-16T23:40:28","guid":{"rendered":"https:\/\/suncasesupply.com\/?page_id=19657"},"modified":"2023-08-23T14:45:43","modified_gmt":"2023-08-23T06:45:43","slug":"contact-us-2","status":"publish","type":"page","link":"https:\/\/suncasesupply.com\/pt\/contact-us-2\/","title":{"rendered":"Perguntas frequentes"},"content":{"rendered":"<div class=\"wp-block-getwid-section alignfull alignfull getwid-section-content-custom-width\"><div class=\"wp-block-getwid-section__wrapper getwid-padding-left-medium getwid-padding-right-medium\"><div class=\"wp-block-getwid-section__inner-wrapper\" style=\"max-width:740px\"><div class=\"wp-block-getwid-section__background-holder\"><div class=\"wp-block-getwid-section__background\"><\/div><div class=\"wp-block-getwid-section__foreground\"><\/div><\/div><div class=\"wp-block-getwid-section__content\"><div class=\"wp-block-getwid-section__inner-content\">\n<div class=\"wp-block-getwid-advanced-heading\" style=\"margin-bottom:0px;margin-top:0px\"><span class=\"wp-block-getwid-advanced-heading__content\" style=\"text-align:center\">Tem uma quest\u00e3o?<\/span><\/div>\n\n\n\n<div class=\"wp-block-getwid-advanced-heading\" style=\"margin-bottom:60px;margin-top:10px\"><h2 class=\"wp-block-getwid-advanced-heading__content\" style=\"text-align:center\">perguntas frequentes<\/h2><\/div>\n\n\n\n<div class=\"wp-block-getwid-accordion\" data-active-element=\"0\">\n<div class=\"wp-block-getwid-accordion__header-wrapper\"><span class=\"wp-block-getwid-accordion__header\"><a href=\"#\"><span class=\"wp-block-getwid-accordion__header-title\"><strong>1. Voc\u00ea \u00e9 uma empresa comercial ou fabricante?<\/strong><\/span><span class=\"wp-block-getwid-accordion__icon is-active\"><i class=\"fas fa-plus\"><\/i><\/span><span class=\"wp-block-getwid-accordion__icon is-passive\"><i class=\"fas fa-minus\"><\/i><\/span><\/a><\/span><\/div><div class=\"wp-block-getwid-accordion__content-wrapper\"><div class=\"wp-block-getwid-accordion__content\">\n<p>N\u00f3s somos um fabricante profissional para fazer todos os tipos de estojo de alum\u00ednio \/ estojo de voo \/ estojo de maquiagem.<\/p>\n<\/div><\/div>\n\n\n\n<div class=\"wp-block-getwid-accordion__header-wrapper\"><span class=\"wp-block-getwid-accordion__header\"><a href=\"#\"><span class=\"wp-block-getwid-accordion__header-title\"><strong>2. Posso adicionar nosso logotipo na caixa de alum\u00ednio?<\/strong><\/span><span class=\"wp-block-getwid-accordion__icon is-active\"><i class=\"fas fa-plus\"><\/i><\/span><span class=\"wp-block-getwid-accordion__icon is-passive\"><i class=\"fas fa-minus\"><\/i><\/span><\/a><\/span><\/div><div class=\"wp-block-getwid-accordion__content-wrapper\"><div class=\"wp-block-getwid-accordion__content\">\n<p>Sim, claro, temos muitas op\u00e7\u00f5es de logotipo para voc\u00ea, entre em contato conosco para ver os exemplos.<\/p>\n<\/div><\/div>\n\n\n\n<div class=\"wp-block-getwid-accordion__header-wrapper\"><span class=\"wp-block-getwid-accordion__header\"><a href=\"#\"><span class=\"wp-block-getwid-accordion__header-title\"><strong>3. Voc\u00ea pode me ajudar a fazer meu pr\u00f3prio design?<\/strong><\/span><span class=\"wp-block-getwid-accordion__icon is-active\"><i class=\"fas fa-plus\"><\/i><\/span><span class=\"wp-block-getwid-accordion__icon is-passive\"><i class=\"fas fa-minus\"><\/i><\/span><\/a><\/span><\/div><div class=\"wp-block-getwid-accordion__content-wrapper\"><div class=\"wp-block-getwid-accordion__content\">\n<p>Claro, temos nosso departamento profissional de P&amp;D para novos designs\/ideias criativas. Ficar\u00edamos felizes em ajud\u00e1-lo a projetar o caso de acordo com nossa rica experi\u00eancia. D\u00ea boas-vindas a qualquer ideia personalizada!<\/p>\n<\/div><\/div>\n\n\n\n<div class=\"wp-block-getwid-accordion__header-wrapper\"><span class=\"wp-block-getwid-accordion__header\"><a href=\"#\"><span class=\"wp-block-getwid-accordion__header-title\"><strong>4. Voc\u00ea pode fornecer embalagens personalizadas?<\/strong><\/span><span class=\"wp-block-getwid-accordion__icon is-active\"><i class=\"fas fa-plus\"><\/i><\/span><span class=\"wp-block-getwid-accordion__icon is-passive\"><i class=\"fas fa-minus\"><\/i><\/span><\/a><\/span><\/div><div class=\"wp-block-getwid-accordion__content-wrapper\"><div class=\"wp-block-getwid-accordion__content\">\n<p>Sim. Nosso pacote padr\u00e3o \u00e9 cada item embalado em um saco pl\u00e1stico de bolhas, depois na caixa individual e depois na caixa mestre. Tamb\u00e9m podemos personalizar o pacote conforme sua solicita\u00e7\u00e3o.<\/p>\n<\/div><\/div>\n\n\n\n<div class=\"wp-block-getwid-accordion__header-wrapper\"><span class=\"wp-block-getwid-accordion__header\"><a href=\"#\"><span class=\"wp-block-getwid-accordion__header-title\"><strong>5.Como voc\u00ea garante a qualidade?<\/strong><\/span><span class=\"wp-block-getwid-accordion__icon is-active\"><i class=\"fas fa-plus\"><\/i><\/span><span class=\"wp-block-getwid-accordion__icon is-passive\"><i class=\"fas fa-minus\"><\/i><\/span><\/a><\/span><\/div><div class=\"wp-block-getwid-accordion__content-wrapper\"><div class=\"wp-block-getwid-accordion__content\">\n<p>Podemos organizar nosso pr\u00f3prio departamento de controle de qualidade e inspetores terceirizados para garantir o controle de qualidade.<\/p>\n<\/div><\/div>\n\n\n\n<div class=\"wp-block-getwid-accordion__header-wrapper\"><span class=\"wp-block-getwid-accordion__header\"><a href=\"#\"><span class=\"wp-block-getwid-accordion__header-title\"><strong>6. Posso obter uma amostra antes de fazer o pedido em grandes quantidades?<\/strong><\/span><span class=\"wp-block-getwid-accordion__icon is-active\"><i class=\"fas fa-plus\"><\/i><\/span><span class=\"wp-block-getwid-accordion__icon is-passive\"><i class=\"fas fa-minus\"><\/i><\/span><\/a><\/span><\/div><div class=\"wp-block-getwid-accordion__content-wrapper\"><div class=\"wp-block-getwid-accordion__content\">\n<p>Definitivamente! podemos fazer uma amostra de acordo com suas necessidades para sua verifica\u00e7\u00e3o de qualidade. Normalmente a amostra estar\u00e1 pronta em 5-7 dias.<\/p>\n<\/div><\/div>\n\n\n\n<div class=\"wp-block-getwid-accordion__header-wrapper\"><span class=\"wp-block-getwid-accordion__header\"><a href=\"#\"><span class=\"wp-block-getwid-accordion__header-title\"><strong>7.Quanto tempo leva para produ\u00e7\u00e3o em massa?<\/strong><\/span><span class=\"wp-block-getwid-accordion__icon is-active\"><i class=\"fas fa-plus\"><\/i><\/span><span class=\"wp-block-getwid-accordion__icon is-passive\"><i class=\"fas fa-minus\"><\/i><\/span><\/a><\/span><\/div><div class=\"wp-block-getwid-accordion__content-wrapper\"><div class=\"wp-block-getwid-accordion__content\">\n<p>Para produtos em estoque, levar\u00e1 de 3 a 5 dias. Se as mercadorias estiverem fora de estoque, o pedido estar\u00e1 pronto em 25 a 30 dias.<\/p>\n<\/div><\/div>\n\n\n\n<div class=\"wp-block-getwid-accordion__header-wrapper\"><span class=\"wp-block-getwid-accordion__header\"><a href=\"#\"><span class=\"wp-block-getwid-accordion__header-title\"><strong>8. Quais s\u00e3o as suas condi\u00e7\u00f5es de pagamento?<\/strong><\/span><span class=\"wp-block-getwid-accordion__icon is-active\"><i class=\"fas fa-plus\"><\/i><\/span><span class=\"wp-block-getwid-accordion__icon is-passive\"><i class=\"fas fa-minus\"><\/i><\/span><\/a><\/span><\/div><div class=\"wp-block-getwid-accordion__content-wrapper\"><div class=\"wp-block-getwid-accordion__content\">\n<p>Dep\u00f3sito 30% antes da produ\u00e7\u00e3o e saldo 70% antes da entrega.<\/p>\n<\/div><\/div>\n<\/div>\n<\/div><\/div><\/div><\/div><\/div>","protected":false},"excerpt":{"rendered":"","protected":false},"author":1,"featured_media":0,"parent":0,"menu_order":0,"comment_status":"closed","ping_status":"closed","template":"","meta":{"_gspb_post_css":"#gspb_heading-id-gsbp-61c21c08-42bb,#gspb_heading-id-gsbp-61c21c08-42bb .wp-block{font-size:3rem;line-height:3rem}@media (max-width:991.98px){#gspb_heading-id-gsbp-61c21c08-42bb,#gspb_heading-id-gsbp-61c21c08-42bb .wp-block{font-size:2.3rem;line-height:2.5rem}}@media (max-width:575.98px){#gspb_heading-id-gsbp-61c21c08-42bb,#gspb_heading-id-gsbp-61c21c08-42bb .wp-block{font-size:1.9rem}}#gspb_heading-id-gsbp-61c21c08-42bb,#gspb_heading-id-gsbp-61c21c08-42bb .gsap-g-line,#gspb_heading-id-gsbp-61c21c08-42bb .wp-block,.gspb_text-id-gsbp-00f30d18-e384,.gspb_text-id-gsbp-00f30d18-e384 .gsap-g-line,.gspb_text-id-gsbp-00f30d18-e384 .wp-block{text-align:center!important}#gspb_heading-id-gsbp-61c21c08-42bb,#gspb_heading-id-gsbp-61c21c08-42bb .wp-block{font-weight:700!important;color:#070707}.gspb_text-id-gsbp-00f30d18-e384,.gspb_text-id-gsbp-00f30d18-e384 .wp-block{color:#000}.gspb_text-id-gsbp-00f30d18-e384{margin-bottom:30px}#gspb_iconBox-id-gsbp-ac0eef09-0422 svg{height:17px!important;width:17px!important;min-width:17px!important}#gspb_iconBox-id-gsbp-1fa663aa-bc5b,#gspb_iconBox-id-gsbp-a44ef53f-77b8,#gspb_iconBox-id-gsbp-ac0eef09-0422,#gspb_iconBox-id-gsbp-c7af0918-1231{justify-content:center;display:flex}#gspb_iconBox-id-gsbp-ac0eef09-0422 .gspb_iconBox__wrapper:hover svg,#gspb_iconBox-id-gsbp-ac0eef09-0422 .gspb_iconBox__wrapper:hover svg path,#gspb_iconBox-id-gsbp-ac0eef09-0422 svg,#gspb_iconBox-id-gsbp-ac0eef09-0422 svg path,#gspb_iconBox-id-gsbp-ac0eef09-0422 svg:hover,#gspb_iconBox-id-gsbp-ac0eef09-0422 svg:hover path{fill:#fff!important}#gspb_iconBox-id-gsbp-ac0eef09-0422 .gspb_iconBox__wrapper{background-color:#3f3f46;border-radius:50%;padding:10px}#gspb_container-id-gsbp-18aba130-1062.gspb_container,#gspb_container-id-gsbp-c2b2f012-c7ec.gspb_container,#gspb_container-id-gsbp-e698e928-706b.gspb_container{position:relative;flex-direction:column;box-sizing:border-box}#gspb_container-id-gsbp-0a9da8c7-f096.gspb_container .gspb_container__content,#gspb_container-id-gsbp-18aba130-1062.gspb_container .gspb_container__content,#gspb_container-id-gsbp-1e03b0bf-7b58.gspb_container .gspb_container__content,#gspb_container-id-gsbp-25a8628f-61cc.gspb_container .gspb_container__content,#gspb_container-id-gsbp-50d706a3-bc66.gspb_container .gspb_container__content,#gspb_container-id-gsbp-5b268526-c957.gspb_container .gspb_container__content,#gspb_container-id-gsbp-a547111c-ccae.gspb_container .gspb_container__content,#gspb_container-id-gsbp-b4578a7b-172f.gspb_container .gspb_container__content,#gspb_container-id-gsbp-b63a5e68-ca0b.gspb_container .gspb_container__content,#gspb_container-id-gsbp-c2b2f012-c7ec.gspb_container .gspb_container__content,#gspb_container-id-gsbp-cbfb8e8b-97c8.gspb_container .gspb_container__content,#gspb_container-id-gsbp-e698e928-706b.gspb_container .gspb_container__content{margin:auto}#gspb_container-id-gsbp-0a9da8c7-f096.gspb_container>p:last-of-type,#gspb_container-id-gsbp-18aba130-1062.gspb_container>p:last-of-type,#gspb_container-id-gsbp-1e03b0bf-7b58.gspb_container>p:last-of-type,#gspb_container-id-gsbp-25a8628f-61cc.gspb_container>p:last-of-type,#gspb_container-id-gsbp-50d706a3-bc66.gspb_container>p:last-of-type,#gspb_container-id-gsbp-5b268526-c957.gspb_container>p:last-of-type,#gspb_container-id-gsbp-a547111c-ccae.gspb_container>p:last-of-type,#gspb_container-id-gsbp-b4578a7b-172f.gspb_container>p:last-of-type,#gspb_container-id-gsbp-b63a5e68-ca0b.gspb_container>p:last-of-type,#gspb_container-id-gsbp-c2b2f012-c7ec.gspb_container>p:last-of-type,#gspb_container-id-gsbp-cbfb8e8b-97c8.gspb_container>p:last-of-type,#gspb_container-id-gsbp-e698e928-706b.gspb_container>p:last-of-type{margin-bottom:0}.gspb_text-id-gsbp-a5b57363-d1da,.gspb_text-id-gsbp-a5b57363-d1da .wp-block{font-size:1.2rem;line-height:1.8rem}.gspb_text-id-gsbp-a5b57363-d1da,.gspb_text-id-gsbp-a5b57363-d1da .gsap-g-line,.gspb_text-id-gsbp-a5b57363-d1da .wp-block{text-align:left!important}.gspb_text-id-gsbp-a5b57363-d1da,.gspb_text-id-gsbp-a5b57363-d1da .wp-block{font-weight:600!important;color:#000}.gspb_text-id-gsbp-e1d14d24-1226,.gspb_text-id-gsbp-e1d14d24-1226 .wp-block{font-size:1rem;color:#a1a1aa}.gspb_text-id-gsbp-e1d14d24-1226{margin-top:1rem}body.gspb-bodyfront #gspb_container-id-gsbp-0a9da8c7-f096.gspb_container,body.gspb-bodyfront #gspb_container-id-gsbp-18aba130-1062.gspb_container,body.gspb-bodyfront #gspb_container-id-gsbp-a547111c-ccae.gspb_container,body.gspb-bodyfront #gspb_container-id-gsbp-b63a5e68-ca0b.gspb_container{display:flex;flex-direction:row;column-gap:.8rem}#gspb_container-id-gsbp-18aba130-1062.gspb_container{margin-bottom:30px}#gspb_iconBox-id-gsbp-1fa663aa-bc5b svg{height:17px!important;width:17px!important;min-width:17px!important;fill:#fff!important}#gspb_iconBox-id-gsbp-1fa663aa-bc5b .gspb_iconBox__wrapper:hover svg,#gspb_iconBox-id-gsbp-1fa663aa-bc5b .gspb_iconBox__wrapper:hover svg path,#gspb_iconBox-id-gsbp-1fa663aa-bc5b svg path,#gspb_iconBox-id-gsbp-1fa663aa-bc5b svg:hover,#gspb_iconBox-id-gsbp-1fa663aa-bc5b svg:hover path{fill:#fff!important}#gspb_iconBox-id-gsbp-1fa663aa-bc5b .gspb_iconBox__wrapper{background-color:#3f3f46;border-radius:50%;padding:10px}#gspb_container-id-gsbp-0a9da8c7-f096.gspb_container,#gspb_container-id-gsbp-25a8628f-61cc.gspb_container,#gspb_container-id-gsbp-5b268526-c957.gspb_container{position:relative;flex-direction:column;box-sizing:border-box}.gspb_text-id-gsbp-843373b2-9937,.gspb_text-id-gsbp-843373b2-9937 .wp-block{font-size:1.2rem;line-height:1.8rem}.gspb_text-id-gsbp-843373b2-9937,.gspb_text-id-gsbp-843373b2-9937 .gsap-g-line,.gspb_text-id-gsbp-843373b2-9937 .wp-block{text-align:left!important}.gspb_text-id-gsbp-843373b2-9937,.gspb_text-id-gsbp-843373b2-9937 .wp-block{font-weight:600!important;color:#000}.gspb_text-id-gsbp-927b2ecf-98d2,.gspb_text-id-gsbp-927b2ecf-98d2 .wp-block{font-size:1rem;color:#a1a1aa}.gspb_text-id-gsbp-927b2ecf-98d2{margin-top:1rem}#gspb_container-id-gsbp-0a9da8c7-f096.gspb_container{margin-bottom:30px}#gspb_iconBox-id-gsbp-c7af0918-1231 .gspb_iconBox__wrapper{background-color:#3f3f46;border-radius:50%;padding:10px}#gspb_container-id-gsbp-50d706a3-bc66.gspb_container,#gspb_container-id-gsbp-b4578a7b-172f.gspb_container,#gspb_container-id-gsbp-b63a5e68-ca0b.gspb_container{position:relative;flex-direction:column;box-sizing:border-box}.gspb_text-id-gsbp-c8f9d868-7746,.gspb_text-id-gsbp-c8f9d868-7746 .wp-block{font-size:1.2rem;line-height:1.8rem;font-weight:600!important;color:#000}.gspb_text-id-gsbp-72a2be44-bad6,.gspb_text-id-gsbp-72a2be44-bad6 .wp-block{font-size:1rem;color:#a1a1aa}.gspb_text-id-gsbp-72a2be44-bad6{margin-top:1rem}#gspb_container-id-gsbp-b63a5e68-ca0b.gspb_container{margin-bottom:30px}#gspb_iconBox-id-gsbp-a44ef53f-77b8 svg,#gspb_iconBox-id-gsbp-c7af0918-1231 svg{height:17px!important;width:17px!important;min-width:17px!important;fill:#fff!important}#gspb_iconBox-id-gsbp-a44ef53f-77b8 .gspb_iconBox__wrapper:hover svg,#gspb_iconBox-id-gsbp-a44ef53f-77b8 .gspb_iconBox__wrapper:hover svg path,#gspb_iconBox-id-gsbp-a44ef53f-77b8 svg path,#gspb_iconBox-id-gsbp-a44ef53f-77b8 svg:hover,#gspb_iconBox-id-gsbp-a44ef53f-77b8 svg:hover path,#gspb_iconBox-id-gsbp-c7af0918-1231 .gspb_iconBox__wrapper:hover svg,#gspb_iconBox-id-gsbp-c7af0918-1231 .gspb_iconBox__wrapper:hover svg path,#gspb_iconBox-id-gsbp-c7af0918-1231 svg path,#gspb_iconBox-id-gsbp-c7af0918-1231 svg:hover,#gspb_iconBox-id-gsbp-c7af0918-1231 svg:hover path{fill:#fff!important}#gspb_iconBox-id-gsbp-a44ef53f-77b8 .gspb_iconBox__wrapper{background-color:#3f3f46;border-radius:50%;padding:10px}#gspb_container-id-gsbp-1e03b0bf-7b58.gspb_container,#gspb_container-id-gsbp-a547111c-ccae.gspb_container,#gspb_container-id-gsbp-cbfb8e8b-97c8.gspb_container{position:relative;flex-direction:column;box-sizing:border-box}.gspb_text-id-gsbp-ddc5b274-52fa,.gspb_text-id-gsbp-ddc5b274-52fa .wp-block{font-size:1.2rem;line-height:1.8rem;font-weight:600!important;color:#000}.gspb_text-id-gsbp-78dfbc2d-ccb1,.gspb_text-id-gsbp-78dfbc2d-ccb1 .wp-block{font-size:1rem;color:#a1a1aa}.gspb_text-id-gsbp-78dfbc2d-ccb1{margin-top:1rem}#gspb_container-id-gsbp-a547111c-ccae.gspb_container{margin-bottom:30px}.gspb_text-id-gsbp-f84abdaf-cc89,.gspb_text-id-gsbp-f84abdaf-cc89 .gsap-g-line,.gspb_text-id-gsbp-f84abdaf-cc89 .wp-block{text-align:center!important}.gspb_text-id-gsbp-f84abdaf-cc89,.gspb_text-id-gsbp-f84abdaf-cc89 .wp-block{color:#fff}.gspb_text-id-gsbp-f84abdaf-cc89 .wp-block a,.gspb_text-id-gsbp-f84abdaf-cc89 a{color:#fcd34d}.gspb_text-id-gsbp-f84abdaf-cc89 .wp-block a:hover,.gspb_text-id-gsbp-f84abdaf-cc89 a:hover{color:#eebc16}.gspb_text-id-gsbp-f84abdaf-cc89{margin-top:2rem;padding:1rem 2rem}@media (max-width:575.98px){.gspb_text-id-gsbp-f84abdaf-cc89{margin-top:3rem}}.gspb_text-id-gsbp-f84abdaf-cc89{border-top-left-radius:99px;border-top-right-radius:99px;border-bottom-right-radius:99px;border-bottom-left-radius:99px;background-color:#27272a}#gspb_col-id-gsbp-9b45310b-47af.gspb_row__col--12{width:100%}@media (max-width:575.98px){#gspb_col-id-gsbp-9b45310b-47af.gspb_row__col--12{width:100%}}.gspb_row.wp-block-greenshift-blocks-row #gspb_col-id-gsbp-9b45310b-47af.gspb_row__col--12{padding-top:0;padding-right:2rem;padding-bottom:0;padding-left:2rem}@media (max-width:991.98px){.gspb_row.wp-block-greenshift-blocks-row #gspb_col-id-gsbp-9b45310b-47af.gspb_row__col--12{padding-right:1.5rem;padding-left:1.5rem}}@media (max-width:575.98px){.gspb_row.wp-block-greenshift-blocks-row #gspb_col-id-gsbp-9b45310b-47af.gspb_row__col--12{padding-right:1rem;padding-left:1rem}}body .gspb_row.wp-block-greenshift-blocks-row #gspb_col-id-gsbp-9b45310b-47af.gspb_row__col--12{display:flex;align-items:center}#gspb_row-id-gsbp-bfdb798f-8984.gspb_row{justify-content:space-between;margin-top:0;margin-bottom:0;position:relative;display:flex;flex-wrap:wrap}#gspb_row-id-gsbp-bfdb798f-8984.gspb_row>.gspb_row__content{display:flex;justify-content:space-between;margin:0 auto;width:100%;flex-wrap:wrap}#gspb_row-id-gsbp-bfdb798f-8984.gspb_row div[class^=gspb_row__col]{flex-direction:column;position:relative}#gspb_row-id-gsbp-bfdb798f-8984.gspb_row .gspb_row__col--1,#gspb_row-id-gsbp-bfdb798f-8984.gspb_row .gspb_row__col--10,#gspb_row-id-gsbp-bfdb798f-8984.gspb_row .gspb_row__col--11,#gspb_row-id-gsbp-bfdb798f-8984.gspb_row .gspb_row__col--12,#gspb_row-id-gsbp-bfdb798f-8984.gspb_row .gspb_row__col--2,#gspb_row-id-gsbp-bfdb798f-8984.gspb_row .gspb_row__col--24,#gspb_row-id-gsbp-bfdb798f-8984.gspb_row .gspb_row__col--3,#gspb_row-id-gsbp-bfdb798f-8984.gspb_row .gspb_row__col--4,#gspb_row-id-gsbp-bfdb798f-8984.gspb_row .gspb_row__col--5,#gspb_row-id-gsbp-bfdb798f-8984.gspb_row .gspb_row__col--6,#gspb_row-id-gsbp-bfdb798f-8984.gspb_row .gspb_row__col--7,#gspb_row-id-gsbp-bfdb798f-8984.gspb_row .gspb_row__col--8,#gspb_row-id-gsbp-bfdb798f-8984.gspb_row .gspb_row__col--9{padding:15px min(3vw,20px);box-sizing:border-box}body.gspb-bodyfront #gspb_row-id-gsbp-bfdb798f-8984.gspb_row>.gspb_row__content{width:var(--container-width, 1200px);max-width:var(--normal-container-max-width, 1200px)}"},"blocksy_meta":"","featured_image_urls":{"full":"","thumbnail":"","medium":"","medium_large":"","large":"","1536x1536":"","2048x2048":"","trp-custom-language-flag":"","woocommerce_thumbnail":"","woocommerce_single":"","woocommerce_gallery_thumbnail":""},"post_excerpt_stackable":"<p>Got a question? Frequently Asked Questions 1.\u00a0Are you trading company or manufacturer ? We are a professional manufacturer for making all kinds of aluminum case \/ flight case \/ makeup case. 2.\u00a0Can I add our logo on the aluminum case? Yes sure, we have many logo options for you, welcome to contact us to see the examples. 3. Can you help me make my own design? Sure, we have our professional R&amp;D department for new creative designs\/ideas, we would be happy to help you design the case according to our rich experience. Welcome any customized idea! 4.\u00a0Can you provide custom&hellip;<\/p>\n","category_list":"","author_info":{"name":"SUN CASE","url":"https:\/\/suncasesupply.com\/pt\/author\/admin\/"},"comments_num":"0 comments","_links":{"self":[{"href":"https:\/\/suncasesupply.com\/pt\/wp-json\/wp\/v2\/pages\/19657"}],"collection":[{"href":"https:\/\/suncasesupply.com\/pt\/wp-json\/wp\/v2\/pages"}],"about":[{"href":"https:\/\/suncasesupply.com\/pt\/wp-json\/wp\/v2\/types\/page"}],"author":[{"embeddable":true,"href":"https:\/\/suncasesupply.com\/pt\/wp-json\/wp\/v2\/users\/1"}],"replies":[{"embeddable":true,"href":"https:\/\/suncasesupply.com\/pt\/wp-json\/wp\/v2\/comments?post=19657"}],"version-history":[{"count":8,"href":"https:\/\/suncasesupply.com\/pt\/wp-json\/wp\/v2\/pages\/19657\/revisions"}],"predecessor-version":[{"id":20210,"href":"https:\/\/suncasesupply.com\/pt\/wp-json\/wp\/v2\/pages\/19657\/revisions\/20210"}],"wp:attachment":[{"href":"https:\/\/suncasesupply.com\/pt\/wp-json\/wp\/v2\/media?parent=19657"}],"curies":[{"name":"wp","href":"https:\/\/api.w.org\/{rel}","templated":true}]}}