{"id":11,"date":"2023-02-19T10:18:59","date_gmt":"2023-02-19T02:18:59","guid":{"rendered":"https:\/\/suncasesupply.com\/?page_id=11"},"modified":"2023-03-08T23:20:26","modified_gmt":"2023-03-08T15:20:26","slug":"cookie-policy","status":"publish","type":"page","link":"https:\/\/suncasesupply.com\/pt\/cookie-policy\/","title":{"rendered":"Pol\u00edtica de Cookies"},"content":{"rendered":"<h2 class=\"wp-block-heading\" id=\"how-tatapck-uses-cookies\">COMO A TATAPCK USA COOKIES<\/h2>\n\n\n\n<p>Um cookie \u00e9 um pequeno arquivo que pede permiss\u00e3o para ser colocado no disco r\u00edgido do seu computador. Depois de concordar, o arquivo \u00e9 adicionado e o cookie ajuda a analisar o tr\u00e1fego da web ou avisa quando voc\u00ea visita um site espec\u00edfico. Os cookies permitem que os aplicativos da web respondam a voc\u00ea como indiv\u00edduo. A aplica\u00e7\u00e3o web pode adaptar suas opera\u00e7\u00f5es \u00e0s suas necessidades, gostos e desgostos, reunindo e lembrando informa\u00e7\u00f5es sobre suas prefer\u00eancias.<\/p>\n\n\n\n<p>Usamos cookies de registro de tr\u00e1fego para identificar quais p\u00e1ginas est\u00e3o sendo usadas. Isto ajuda-nos a analisar dados sobre o tr\u00e1fego da p\u00e1gina web e a melhorar o nosso site, a fim de adapt\u00e1-lo \u00e0s necessidades do cliente. Utilizamos essas informa\u00e7\u00f5es apenas para fins de an\u00e1lise estat\u00edstica e depois os dados s\u00e3o removidos do sistema.<\/p>\n\n\n\n<p>No geral, os cookies ajudam-nos a fornecer-lhe um website melhor, permitindo-nos monitorizar quais as p\u00e1ginas que considera \u00fateis e quais as que n\u00e3o considera. Um cookie n\u00e3o nos d\u00e1 de forma alguma acesso ao seu computador ou a qualquer informa\u00e7\u00e3o sobre voc\u00ea, al\u00e9m dos dados que voc\u00ea escolhe compartilhar conosco.<\/p>\n\n\n\n<p>Voc\u00ea pode optar por aceitar ou recusar cookies. A maioria dos navegadores aceita cookies automaticamente, mas normalmente voc\u00ea pode modificar as configura\u00e7\u00f5es do seu navegador para recusar cookies, se preferir. Isso pode impedir que voc\u00ea aproveite ao m\u00e1ximo o site.<\/p>\n\n\n\n<h2 class=\"wp-block-heading\" id=\"links-to-other-websites\">LINKS PARA OUTROS SITES<\/h2>\n\n\n\n<p>Nosso site pode conter links para outros sites de interesse. No entanto, depois de usar esses links para sair do nosso site, voc\u00ea deve observar que n\u00e3o temos nenhum controle sobre esse outro site. Portanto, n\u00e3o podemos ser respons\u00e1veis pela prote\u00e7\u00e3o e privacidade de qualquer informa\u00e7\u00e3o que voc\u00ea forne\u00e7a enquanto visita esses sites e esses sites n\u00e3o s\u00e3o regidos por esta declara\u00e7\u00e3o de privacidade. Voc\u00ea deve ter cautela e consultar a declara\u00e7\u00e3o de privacidade aplic\u00e1vel ao site em quest\u00e3o.<\/p>\n\n\n\n<h2 class=\"wp-block-heading\" id=\"controlling-your-personal-information\">CONTROLANDO SUAS INFORMA\u00c7\u00d5ES PESSOAIS<\/h2>\n\n\n\n<p>Voc\u00ea pode optar por restringir a coleta ou uso de suas informa\u00e7\u00f5es pessoais das seguintes maneiras:<\/p>\n\n\n\n<p>Sempre que lhe for solicitado o preenchimento de um formul\u00e1rio no site, procure a caixa onde pode clicar para indicar que n\u00e3o pretende que a informa\u00e7\u00e3o seja utilizada por ningu\u00e9m para fins de marketing direto.<\/p>\n\n\n\n<p>Se voc\u00ea concordou anteriormente com o uso de suas informa\u00e7\u00f5es pessoais para fins de marketing direto, voc\u00ea pode mudar de ideia a qualquer momento, escrevendo ou enviando um e-mail para&nbsp;<a href=\"mailto:arden@tatapack.com\">arden@tatapack.com<\/a><\/p>\n\n\n\n<p>N\u00e3o venderemos, distribuiremos ou alugaremos suas informa\u00e7\u00f5es pessoais a terceiros, a menos que tenhamos sua permiss\u00e3o ou sejamos obrigados por lei a faz\u00ea-lo. Poderemos usar suas informa\u00e7\u00f5es pessoais para lhe enviar informa\u00e7\u00f5es promocionais sobre terceiros que achamos que voc\u00ea poder\u00e1 achar interessante se nos informar que deseja que isso aconte\u00e7a.<\/p>\n\n\n\n<p>Voc\u00ea pode solicitar detalhes de informa\u00e7\u00f5es pessoais que mantemos sobre voc\u00ea de acordo com a Lei de Prote\u00e7\u00e3o de Dados de 1998. Ser\u00e1 cobrada uma pequena taxa. Se desejar uma c\u00f3pia das informa\u00e7\u00f5es mantidas sobre voc\u00ea, escreva para;<\/p>\n\n\n\n<p><strong>TATAPACK<\/strong><br>Guoxiangqiao Mid Road No.1<em><br>Cidade de Yuyao<br>Ningbo315400<br>CHINA<\/em><\/p>\n\n\n\n<p>Se voc\u00ea acredita que alguma informa\u00e7\u00e3o que temos sobre voc\u00ea est\u00e1 incorreta ou incompleta, escreva-nos ou envie-nos um e-mail o mais r\u00e1pido poss\u00edvel, para o endere\u00e7o acima. Corrigiremos imediatamente qualquer informa\u00e7\u00e3o considerada incorreta<\/p>\n\n\n\n<p>A TATAPACK est\u00e1 empenhada em garantir que a sua privacidade esteja protegida. Caso solicitemos que voc\u00ea forne\u00e7a determinadas informa\u00e7\u00f5es pelas quais voc\u00ea possa ser identificado ao usar este site, voc\u00ea pode ter certeza de que elas ser\u00e3o usadas apenas de acordo com esta declara\u00e7\u00e3o de privacidade.<\/p>\n\n\n\n<p>A TATAPACK pode alterar esta pol\u00edtica de tempos em tempos, atualizando esta p\u00e1gina. Voc\u00ea deve verificar esta p\u00e1gina de tempos em tempos para garantir que est\u00e1 satisfeito com as altera\u00e7\u00f5es. Esta pol\u00edtica entra em vigor a partir de agosto de 2016.<\/p>\n\n\n\n<h2 class=\"wp-block-heading\" id=\"what-we-collect\">O QUE COLETAMOS<\/h2>\n\n\n\n<p>Poderemos coletar as seguintes informa\u00e7\u00f5es:<\/p>\n\n\n\n<ol>\n<li>Nome e cargo<\/li>\n\n\n\n<li>Informa\u00e7\u00f5es de contato, incluindo endere\u00e7o de e-mail<\/li>\n\n\n\n<li>Informa\u00e7\u00f5es demogr\u00e1ficas, como c\u00f3digo postal, prefer\u00eancias e interesses<\/li>\n\n\n\n<li>Outras informa\u00e7\u00f5es relevantes para pesquisas e\/ou ofertas de clientes<\/li>\n<\/ol>\n\n\n\n<h2 class=\"wp-block-heading\" id=\"what-we-do-with-the-information-we-gather\">O QUE FAZEMOS COM A INFORMA\u00c7\u00c3O QUE RECOLHEMOS<\/h2>\n\n\n\n<p>Necessitamos desta informa\u00e7\u00e3o para compreender as suas necessidades e prestar-lhe um melhor servi\u00e7o e, em particular, pelos seguintes motivos:<\/p>\n\n\n\n<h2 class=\"wp-block-heading\" id=\"internal-record-keeping\">MANUTEN\u00c7\u00c3O DE REGISTROS INTERNOS.<\/h2>\n\n\n\n<p>Poderemos usar as informa\u00e7\u00f5es para melhorar nossos produtos e servi\u00e7os.<br>Poderemos enviar periodicamente e-mails promocionais sobre novos produtos, ofertas especiais ou outras informa\u00e7\u00f5es que achamos que voc\u00ea possa achar interessantes, usando o endere\u00e7o de e-mail que voc\u00ea forneceu. Sempre ser\u00e1 oferecida a voc\u00ea a op\u00e7\u00e3o de cancelar a assinatura de quaisquer outras correspond\u00eancias.<\/p>\n\n\n\n<p>Tamb\u00e9m poderemos usar suas informa\u00e7\u00f5es para contat\u00e1-lo para fins de pesquisa de mercado. Poderemos contat\u00e1-lo por e-mail, telefone, fax ou correio. Poderemos utilizar as informa\u00e7\u00f5es para personalizar o site de acordo com seus interesses.<\/p>\n\n\n\n<h2 class=\"wp-block-heading\" id=\"security\">SEGURAN\u00c7A<\/h2>\n\n\n\n<p>Temos o compromisso de garantir que suas informa\u00e7\u00f5es estejam seguras. Para evitar o acesso ou divulga\u00e7\u00e3o n\u00e3o autorizada, implement\u00e1mos procedimentos f\u00edsicos, eletr\u00f3nicos e de gest\u00e3o adequados para salvaguardar e proteger as informa\u00e7\u00f5es que recolhemos online.<\/p>","protected":false},"excerpt":{"rendered":"<p>COMO A TATAPCK USA COOKIES Um cookie \u00e9 um pequeno arquivo que pede permiss\u00e3o para ser colocado no disco r\u00edgido do seu computador. Depois de concordar, o arquivo \u00e9 adicionado e o cookie ajuda a analisar o tr\u00e1fego da web ou avisa quando voc\u00ea visita um site espec\u00edfico. Os cookies permitem que os aplicativos da web respondam a voc\u00ea como indiv\u00edduo. A aplica\u00e7\u00e3o web pode adaptar suas opera\u00e7\u00f5es \u00e0s suas necessidades, gostos e desgostos, reunindo e lembrando informa\u00e7\u00f5es sobre suas prefer\u00eancias. Usamos cookies de registro de tr\u00e1fego para identificar quais p\u00e1ginas est\u00e3o sendo usadas. Isso nos ajuda a analisar dados sobre o tr\u00e1fego da p\u00e1gina da web e melhorar\u2026<\/p>","protected":false},"author":1,"featured_media":304,"parent":0,"menu_order":0,"comment_status":"closed","ping_status":"closed","template":"","meta":{"_gspb_post_css":""},"blocksy_meta":"","featured_image_urls":{"full":["https:\/\/suncasesupply.com\/wp-content\/uploads\/2023\/03\/header-1-1.webp",1920,320,false],"thumbnail":["https:\/\/suncasesupply.com\/wp-content\/uploads\/2023\/03\/header-1-1-150x150.webp",150,150,true],"medium":["https:\/\/suncasesupply.com\/wp-content\/uploads\/2023\/03\/header-1-1-300x50.webp",300,50,true],"medium_large":["https:\/\/suncasesupply.com\/wp-content\/uploads\/2023\/03\/header-1-1-768x128.webp",768,128,true],"large":["https:\/\/suncasesupply.com\/wp-content\/uploads\/2023\/03\/header-1-1-1024x171.webp",1024,171,true],"1536x1536":["https:\/\/suncasesupply.com\/wp-content\/uploads\/2023\/03\/header-1-1-1536x256.webp",1536,256,true],"2048x2048":["https:\/\/suncasesupply.com\/wp-content\/uploads\/2023\/03\/header-1-1.webp",1920,320,false],"trp-custom-language-flag":["https:\/\/suncasesupply.com\/wp-content\/uploads\/2023\/03\/header-1-1.webp",18,3,false],"woocommerce_thumbnail":["https:\/\/suncasesupply.com\/wp-content\/uploads\/2023\/03\/header-1-1-300x300.webp",300,300,true],"woocommerce_single":["https:\/\/suncasesupply.com\/wp-content\/uploads\/2023\/03\/header-1-1-600x100.webp",600,100,true],"woocommerce_gallery_thumbnail":["https:\/\/suncasesupply.com\/wp-content\/uploads\/2023\/03\/header-1-1-100x100.webp",100,100,true]},"post_excerpt_stackable":"<p>HOW TATAPCK USES COOKIES A cookie is a small file which asks permission to be placed on your computer\u2019s hard drive. Once you agree, the file is added and the cookie helps analyse web traffic or lets you know when you visit a particular site. Cookies allow web applications to respond to you as an individual. The web application can tailor its operations to your needs, likes and dislikes by gathering and remembering information about your preferences. We use traffic log cookies to identify which pages are being used. This helps us analyse data about web page traffic and improve&hellip;<\/p>\n","category_list":"","author_info":{"name":"SUN CASE","url":"https:\/\/suncasesupply.com\/pt\/author\/admin\/"},"comments_num":"0 comments","_links":{"self":[{"href":"https:\/\/suncasesupply.com\/pt\/wp-json\/wp\/v2\/pages\/11"}],"collection":[{"href":"https:\/\/suncasesupply.com\/pt\/wp-json\/wp\/v2\/pages"}],"about":[{"href":"https:\/\/suncasesupply.com\/pt\/wp-json\/wp\/v2\/types\/page"}],"author":[{"embeddable":true,"href":"https:\/\/suncasesupply.com\/pt\/wp-json\/wp\/v2\/users\/1"}],"replies":[{"embeddable":true,"href":"https:\/\/suncasesupply.com\/pt\/wp-json\/wp\/v2\/comments?post=11"}],"version-history":[{"count":3,"href":"https:\/\/suncasesupply.com\/pt\/wp-json\/wp\/v2\/pages\/11\/revisions"}],"predecessor-version":[{"id":307,"href":"https:\/\/suncasesupply.com\/pt\/wp-json\/wp\/v2\/pages\/11\/revisions\/307"}],"wp:featuredmedia":[{"embeddable":true,"href":"https:\/\/suncasesupply.com\/pt\/wp-json\/wp\/v2\/media\/304"}],"wp:attachment":[{"href":"https:\/\/suncasesupply.com\/pt\/wp-json\/wp\/v2\/media?parent=11"}],"curies":[{"name":"wp","href":"https:\/\/api.w.org\/{rel}","templated":true}]}}