{"id":24212,"date":"2024-11-20T17:52:13","date_gmt":"2024-11-20T09:52:13","guid":{"rendered":"https:\/\/suncasesupply.com\/?post_type=product&#038;p=24212"},"modified":"2025-08-21T14:02:52","modified_gmt":"2025-08-21T06:02:52","slug":"aluminum-attache-case-full-black-aluminum-lockable-briefcase-with-pickpluck-foam","status":"publish","type":"product","link":"https:\/\/suncasesupply.com\/nl\/product\/aluminum-attache-case-full-black-aluminum-lockable-briefcase-with-pickpluck-foam\/","title":{"rendered":"Aluminium attach\u00e9koffer, volledig zwarte afsluitbare aluminium aktetas met pick-and-pluck-schuim"},"content":{"rendered":"<h4><span style=\"color: #003366;\">Functies:<\/span><\/h4>\n<ul>\n<li><strong><b>Veiligheid<\/b><\/strong>:De afsluitbare aluminium aktetas met combinatiesloten, die u met uw eigen wachtwoorden kunt instellen, is veel veiliger in gebruik dan de koffer met gewone gereedschapssloten.<\/li>\n<li><strong><b>E<\/b><\/strong><strong><b>uitzonderlijke duurzaamheid:<\/b><\/strong>: De samenstelling van de aluminium attach\u00e9koffer maakt hem zeer sterk en stevig. Het waterdichte en krasbestendige ABS-paneel aan de buitenkant is verbonden met de dikke MDF-plaat en de binnenvoeringstof, wat de koffer uitzonderlijk duurzaam maakt. Over het algemeen kan het maximale draagvermogen 15 kg bedragen.<\/li>\n<li><strong><strong><b><strong><b>Gemakkelijk mee te nemen<\/b><\/strong>:<\/b><\/strong><\/strong>De druk- en trillingsdempende handgreep met chronische rebound maakt deze aluminium aktetas gemakkelijk te dragen. Als u hem met een schouderriem wilt dragen, is dat ook een goede optie, vooral voor gebruikers die op zoek zijn naar een lichtgewicht aluminium laptoptas.<strong><strong><b><br \/>\n<\/b><\/strong><\/strong><\/li>\n<\/ul>\n<div style=\"background-color: #29599a; padding: 40px 20px; text-align: center; color: #ffffff; border-radius: 10px; margin: 40px auto; max-width: 960px;\">\n<h2 style=\"font-size: 22px; margin-bottom: 20px; font-weight: bold;\">Minimale bestelhoeveelheid 100! Sun Case aluminium attach\u00e9koffer, ideaal voor wereldwijde distributeurs.<\/h2>\n<p><a style=\"display: inline-block; padding: 12px 28px; background-color: #ffffff; color: #29599a; text-decoration: none; border-radius: 6px; font-weight: bold;\" href=\"https:\/\/suncasesupply.com\/nl\/contact-us\/\" target=\"_blank\" rel=\"noopener\">Vraag vandaag nog een offerte aan<br \/>\n<\/a><\/p>\n<\/div>\n<h4><span style=\"color: #003366;\">Productdetails:<\/span><\/h4>\n<div style=\"display: flex; gap: 20px;\">\n<p><!-- \u7b2c\u4e00\u680f --><\/p>\n<div style=\"flex: 1; text-align: center;\">\n<p><img decoding=\"async\" style=\"max-width: 100%; height: auto; margin-bottom: 10px;\" src=\"https:\/\/suncasesupply.com\/wp-content\/uploads\/2025\/03\/1-ABS-Panel.jpg\" alt=\"1-ABS-paneel\" \/><\/p>\n<p style=\"font-weight: bold; margin: 5px 0;\"><strong><b>ABS-paneel<\/b><\/strong><\/p>\n<p style=\"margin: 0;\">Het paneel van deze aluminium attach\u00e9koffer is gemaakt van zwart ABS-kunststof met strepenpatroon. Het is licht waterdicht en krasbestendig en beschermt de producten in de koffer effectief. Wilt u de koffer in andere kleuren of patronen laten maken? Dat kunnen we voor u doen.<\/p>\n<\/div>\n<p><!-- \u7b2c\u4e8c\u680f --><\/p>\n<div style=\"flex: 1; text-align: center;\">\n<p><img decoding=\"async\" style=\"max-width: 100%; height: auto; margin-bottom: 10px;\" src=\"https:\/\/suncasesupply.com\/wp-content\/uploads\/2025\/03\/2-Handle.jpg\" alt=\"2-Handvat\" \/><\/p>\n<p style=\"font-weight: bold; margin: 5px 0;\"><strong><b>Hendel<\/b><\/strong><\/p>\n<p style=\"margin: 0;\">Een sterke handgreep is een belangrijke factor in het laadgewicht van de aktetas. Hij is zeer duurzaam en flexibel, kan 180 graden draaien en veert automatisch terug. Zeer gemakkelijk mee te nemen. De handgreep is meestal zwart, maar kan worden aangepast aan de gewenste kleur.<\/p>\n<\/div>\n<p><!-- \u7b2c\u4e09\u680f --><\/p>\n<div style=\"flex: 1; text-align: center;\">\n<p><img decoding=\"async\" style=\"max-width: 100%; height: auto; margin-bottom: 10px;\" src=\"https:\/\/suncasesupply.com\/wp-content\/uploads\/2025\/03\/3-Lid-Stay.jpg\" alt=\"3-Dekselsteun\" \/><\/p>\n<p style=\"font-weight: bold; margin: 5px 0;\"><strong><b>Dekselsteun<\/b><\/strong><\/p>\n<p style=\"margin: 0;\">De Lid Stay, ook wel Lid Support Hinge genoemd, verbindt het bovenste en onderste deksel van de koffer. De belangrijkste functie is om het bovenste deksel op zijn plaats te houden wanneer het geopend is. Zo voorkomt u dat uw handen worden geraakt door het bovenste deksel dat er plotseling af valt tijdens gebruik. E\u00e9n koffer kan worden gemaakt met \u00e9\u00e9n of twee Lid Stays, afhankelijk van uw wensen.<\/p>\n<\/div>\n<p><!-- \u7b2c\u56db\u680f --><\/p>\n<div style=\"flex: 1; text-align: center;\">\n<p><img decoding=\"async\" style=\"max-width: 100%; height: auto; margin-bottom: 10px;\" src=\"https:\/\/suncasesupply.com\/wp-content\/uploads\/2025\/03\/4-Combination-Locks.jpg\" alt=\"4-combinatiesloten\" \/><\/p>\n<p style=\"font-weight: bold; margin: 5px 0;\"><strong><b>Combinatiesloten<\/b><\/strong><\/p>\n<p style=\"margin: 0;\">Combinatiesloten voegen ongetwijfeld een extra beschermingslaag toe aan de aktetas. Voordat u de aktetas gebruikt, kunt u uw eigen combinatie instellen. Met de combinatiesloten kunt u uw belangrijke bestanden, laptop en andere spullen veilig opbergen.<\/p>\n<\/div>\n<\/div>\n<div style=\"background-color: #29599a; padding: 40px 20px; text-align: center; color: #ffffff; border-radius: 10px; margin: 40px auto; max-width: 960px;\">\n<h2 style=\"font-size: 22px; margin-bottom: 20px; font-weight: bold;\">Sun Case aluminium attach\u00e9koffer - op maat gemaakt, sterke lading, snelle levertijd.<\/h2>\n<p><a style=\"display: inline-block; padding: 12px 28px; background-color: #ffffff; color: #29599a; text-decoration: none; border-radius: 6px; font-weight: bold;\" href=\"https:\/\/suncasesupply.com\/nl\/contact-us\/\" target=\"_blank\" rel=\"noopener\">Vraag vandaag nog een offerte aan<br \/>\n<\/a><\/p>\n<\/div>\n<h4><span style=\"color: #003366;\">Productieproces:<\/span><\/h4>\n<p><img decoding=\"async\" style=\"max-width: 100%; height: auto; margin-bottom: 10px;\" src=\"https:\/\/suncasesupply.com\/wp-content\/uploads\/2025\/07\/Manufacturing-Process.png\" alt=\"Productieproces van Suncase\" \/><\/p>\n<div style=\"display: flex; gap: 20px;\">\n<p><!-- \u7b2c\u4e00\u680f \u6d41\u7a0b1--><\/p>\n<div style=\"flex: 1; text-align: center;\"><\/div>\n<\/div>\n<div style=\"display: flex; gap: 20px;\">\n<div style=\"flex: 1; text-align: center;\">\n<p style=\"font-weight: bold; margin: 5px 0;\">\n<\/div>\n<\/div>\n<h4><span style=\"color: #003366;\">Nuttige informatie voor grootkopers:<\/span><\/h4>\n<ul>\n<li class=\"page-title\" title=\"Wat maakt sportkaarten zo waardevol?\">\n<p class=\"page-title\" title=\"Waarom u een aluminium laptophoes zou moeten overwegen voor bescherming\"><a href=\"https:\/\/suncasesupply.com\/nl\/blog\/custom-aluminum-case\/benefits-of-aluminum-laptop-case\/\">Waarom u een aluminium laptophoes zou moeten overwegen voor bescherming &gt;&gt;<\/a><\/p>\n<\/li>\n<li title=\"Wat maakt sportkaarten zo waardevol?\">\n<p class=\"page-title\" title=\"Waarom zijn aluminium aktetassen zo duur?\"><a href=\"https:\/\/suncasesupply.com\/nl\/blog\/custom-aluminum-case\/why-aluminum-briefcase-expensive\/\">Waarom zijn aluminium aktetassen zo duur? &gt;&gt;<\/a><\/p>\n<\/li>\n<li title=\"Wat maakt sportkaarten zo waardevol?\">\n<p class=\"page-title\" title=\"8 redenen waarom aluminium aktetassen de beste keuze zijn voor zakenreizen\"><a href=\"https:\/\/suncasesupply.com\/nl\/blog\/custom-aluminum-case\/8-reasons-why-aluminum-briefcases-is-your-best-choice-for-business-travel\/\">8 redenen waarom aluminium aktetassen de beste keuze zijn voor zakenreizen &gt;&gt;<\/a><\/p>\n<\/li>\n<\/ul>","protected":false},"excerpt":{"rendered":"<p>Model: SC-BA002<\/p>\n<p>Afmeting: 450*330*120mm of aangepaste afmeting<\/p>\n<p>Kleuren: Zwarte kleur of andere kleuren<\/p>\n<p>Materialen: aluminium frame, MDF-plaat, ABS-paneel, accessoires.<\/p>\n<p>Logo: Metalen plaatlogo, Zeefdruklogo<\/p>\n<p><span style=\"color: #000000;\">Minimale bestelhoeveelheid: 100 stuks<\/span><\/p>","protected":false},"featured_media":25368,"template":"","meta":{"_gspb_post_css":""},"product_cat":[82],"product_tag":[],"featured_image_urls":{"full":["https:\/\/suncasesupply.com\/wp-content\/uploads\/2025\/05\/briefcase.jpg",800,800,false],"thumbnail":["https:\/\/suncasesupply.com\/wp-content\/uploads\/2025\/05\/briefcase-150x150.jpg",150,150,true],"medium":["https:\/\/suncasesupply.com\/wp-content\/uploads\/2025\/05\/briefcase-300x300.jpg",300,300,true],"medium_large":["https:\/\/suncasesupply.com\/wp-content\/uploads\/2025\/05\/briefcase-768x768.jpg",768,768,true],"large":["https:\/\/suncasesupply.com\/wp-content\/uploads\/2025\/05\/briefcase.jpg",800,800,false],"1536x1536":["https:\/\/suncasesupply.com\/wp-content\/uploads\/2025\/05\/briefcase.jpg",800,800,false],"2048x2048":["https:\/\/suncasesupply.com\/wp-content\/uploads\/2025\/05\/briefcase.jpg",800,800,false],"trp-custom-language-flag":["https:\/\/suncasesupply.com\/wp-content\/uploads\/2025\/05\/briefcase-12x12.jpg",12,12,true],"woocommerce_thumbnail":["https:\/\/suncasesupply.com\/wp-content\/uploads\/2025\/05\/briefcase-300x300.jpg",300,300,true],"woocommerce_single":["https:\/\/suncasesupply.com\/wp-content\/uploads\/2025\/05\/briefcase-600x600.jpg",600,600,true],"woocommerce_gallery_thumbnail":["https:\/\/suncasesupply.com\/wp-content\/uploads\/2025\/05\/briefcase-100x100.jpg",100,100,true]},"post_excerpt_stackable":"<p>Model :SC-BA002<\/p>\n<p>Size: 450*330*120mm or Customize\u00a0Size<\/p>\n<p>Colors: Black color or other colors<\/p>\n<p>Materials: Aluminum\u00a0frame, MDF Board, ABS\u00a0Panel, Accessories.<\/p>\n<p>Logo: Metal plate logo, Silk screen printing logo<\/p>\n<p><span style=\"color: #000000;\">MOQ: 100pcs<\/span><\/p>\n","category_list":"","author_info":{"name":"","url":""},"comments_num":"0 comments","_links":{"self":[{"href":"https:\/\/suncasesupply.com\/nl\/wp-json\/wp\/v2\/product\/24212"}],"collection":[{"href":"https:\/\/suncasesupply.com\/nl\/wp-json\/wp\/v2\/product"}],"about":[{"href":"https:\/\/suncasesupply.com\/nl\/wp-json\/wp\/v2\/types\/product"}],"wp:featuredmedia":[{"embeddable":true,"href":"https:\/\/suncasesupply.com\/nl\/wp-json\/wp\/v2\/media\/25368"}],"wp:attachment":[{"href":"https:\/\/suncasesupply.com\/nl\/wp-json\/wp\/v2\/media?parent=24212"}],"wp:term":[{"taxonomy":"product_cat","embeddable":true,"href":"https:\/\/suncasesupply.com\/nl\/wp-json\/wp\/v2\/product_cat?post=24212"},{"taxonomy":"product_tag","embeddable":true,"href":"https:\/\/suncasesupply.com\/nl\/wp-json\/wp\/v2\/product_tag?post=24212"}],"curies":[{"name":"wp","href":"https:\/\/api.w.org\/{rel}","templated":true}]}}