{"id":26431,"date":"2026-01-29T11:41:56","date_gmt":"2026-01-29T03:41:56","guid":{"rendered":"https:\/\/suncasesupply.com\/?post_type=product&#038;p=26431"},"modified":"2026-02-11T10:50:26","modified_gmt":"2026-02-11T02:50:26","slug":"rose-gold-rolling-makeup-case-4-in-1-trolley-cosmetic-train-case","status":"publish","type":"product","link":"https:\/\/suncasesupply.com\/it\/product\/rose-gold-rolling-makeup-case-4-in-1-trolley-cosmetic-train-case\/","title":{"rendered":"Trolley per cosmetici 4 in 1 con ruote color oro rosa"},"content":{"rendered":"<h4><span style=\"color: #003366;\">Caratteristiche:<\/span><\/h4>\n<ul>\n<li><strong><b>Stile adattabile 4 in 1: <\/b><\/strong>Dotato di quattro scomparti staccabili, questo beauty case con rotelle e cassetti offre la massima flessibilit\u00e0.<\/li>\n<li><strong><b>Grande capacit\u00e0:<\/b><\/strong>Con 1 sezione superiore, 2 sezioni centrali e 1 ampio strato inferiore, questo ampio beauty case con ruote offre ampio spazio per vari articoli per il trucco e strumenti cosmetici.<\/li>\n<li><strong><b>Versatile e portatile: <\/b><\/strong>Il trolley 4 in 1 per cosmetici \u00e8 un organizer portatile e versatile. Misura 34 cm di lunghezza x 24 cm di larghezza x 75 cm di altezza e offre ampio spazio grazie all&#039;asta di traino estensibile da 38&quot; per un facile trasporto. Un meccanismo di chiusura a chiave protegge i tuoi cosmetici, rendendolo un trolley professionale ideale.<\/li>\n<\/ul>\n<h4><span style=\"color: #003366;\">Dettagli del prodotto:<\/span><\/h4>\n<div style=\"display: flex; gap: 20px;\">\n<div style=\"flex: 1; text-align: center;\">\n<p><img decoding=\"async\" style=\"max-width: 100%; height: auto; margin-bottom: 10px;\" src=\"https:\/\/suncasesupply.com\/wp-content\/uploads\/2026\/01\/1-Trays.jpg\" alt=\"Vassoi estensibili\" \/><\/p>\n<p style=\"font-weight: bold; margin: 5px 0;\"><strong><b>Estensibile<\/b><\/strong>\u00a0<strong><b>Vassoi<\/b><\/strong><\/p>\n<p style=\"margin: 0;\">La sezione superiore \u00e8 dotata di 4 vassoi estensibili, che mantengono cosmetici e strumenti ordinatamente organizzati. Perfetto per i truccatori che utilizzano un trolley per il trucco all&#039;aperto.<\/p>\n<\/div>\n<p><!-- \u7b2c\u4e8c\u680f --><\/p>\n<div style=\"flex: 1; text-align: center;\">\n<p><img decoding=\"async\" style=\"max-width: 100%; height: auto; margin-bottom: 10px;\" src=\"https:\/\/suncasesupply.com\/wp-content\/uploads\/2026\/01\/3-Removable-Section.jpg\" alt=\"Sezione rimovibile\" \/><\/p>\n<p style=\"font-weight: bold; margin: 5px 0;\"><strong><b>Sezione rimovibile<\/b><\/strong><\/p>\n<p style=\"margin: 0;\">La sezione superiore pu\u00f2 essere utilizzata come trousse portatrucco con ruote. Le sezioni centrali possono essere rimosse per creare una configurazione 3 in 1 o 2 in 1, ideale per diverse esigenze professionali o personali.<\/p>\n<\/div>\n<p><!-- \u7b2c\u4e09\u680f --><\/p>\n<div style=\"flex: 1; text-align: center;\">\n<p><img decoding=\"async\" style=\"max-width: 100%; height: auto; margin-bottom: 10px;\" src=\"https:\/\/suncasesupply.com\/wp-content\/uploads\/2026\/01\/2-Bottom-Layer.jpg\" alt=\"Strato inferiore\" \/><\/p>\n<p style=\"font-weight: bold; margin: 5px 0;\">Strato inferiore<\/p>\n<p style=\"margin: 0;\">Il fondo \u00e8 ampio e offre ampio spazio per riporre strumenti per lo styling dei capelli, cosmetici e prodotti per le unghie. Perfetto per truccatori professionisti, parrucchieri, manicure, tatuatori o per chi ha una montagna di cosmetici.<\/p>\n<\/div>\n<p><!-- \u7b2c\u56db\u680f --><\/p>\n<div style=\"flex: 1; text-align: center;\">\n<p><img decoding=\"async\" src=\"https:\/\/suncasesupply.com\/wp-content\/uploads\/2026\/01\/4-Wheels.jpg\" \/><strong>Ruote girevoli a 360 gradi<\/strong><\/p>\n<p style=\"margin: 0;\">Questa valigia \u00e8 dotata di quattro ruote girevoli a 360 gradi di alta qualit\u00e0, che garantiscono un movimento fluido e silenzioso, rendendola pi\u00f9 facile da manovrare e riducendo i tempi di lavoro. Inoltre, le ruote rimovibili sono pratiche e comode, consentendo di rimuoverle o sostituirle facilmente quando necessario.<\/p>\n<\/div>\n<\/div>\n<h4><span style=\"color: #003366;\">Processo di fabbricazione del beauty case:<\/span><\/h4>\n<p><img decoding=\"async\" style=\"max-width: 100%; height: auto; margin-bottom: 10px;\" src=\"https:\/\/suncasesupply.com\/wp-content\/uploads\/2025\/07\/Manufacturing-Process.png\" alt=\"Processo di fabbricazione di Suncase\" \/><\/p>\n<div style=\"background-color: #29599a; padding: 40px 20px; text-align: center; color: #ffffff; border-radius: 10px; margin: 40px auto; max-width: 960px;\">\n<h2 style=\"font-size: 22px; margin-bottom: 20px; font-weight: bold;\"><span style=\"color: #ffffff;\">Ordina oggi stesso il tuo beauty case con ruote Sun Case, quantit\u00e0 minima disponibile 100.<\/span><\/h2>\n<p><a style=\"display: inline-block; padding: 12px 28px; background-color: #ffffff; color: #29599a; text-decoration: none; border-radius: 6px; font-weight: bold;\" href=\"https:\/\/suncasesupply.com\/it\/contact-us\/\" target=\"_blank\" rel=\"noopener\">Richiedi un preventivo oggi<br \/>\n<\/a><\/p>\n<\/div>\n<div style=\"display: flex; gap: 20px;\"><span style=\"color: #003366; font-weight: bold; text-align: center;\">Informazioni utili per gli acquirenti all&#039;ingrosso:<\/span><\/div>\n<ul>\n<li class=\"page-title\" title=\"Cosa rende le carte sportive cos\u00ec preziose?\">\n<p class=\"page-title\" title=\"Valigia 4 in 1 per manicure e pedicure: la soluzione definitiva per i manicure professionisti\"><a href=\"https:\/\/suncasesupply.com\/it\/blog\/makeup-case\/4-in-1-nail-tech-rolling-case-ultimate-tool-for-manicurists\/\">Valigetta con ruote 4 in 1 per manicure e pedicure: la soluzione definitiva per manicure professioniste &gt;&gt;\u00a0<\/a><\/p>\n<\/li>\n<li title=\"Cosa rende le carte sportive cos\u00ec preziose?\">\n<p class=\"page-title\" title=\"Costruire la valigia perfetta per il trucco: guida definitiva alle borse per il trucco\"><a href=\"https:\/\/suncasesupply.com\/it\/blog\/makeup-case\/how-to-build-the-ultimate-makeup-artist-case-for-your-set-bag-needs\/\">Creare la valigia perfetta per il truccatore: guida definitiva alle borse porta-trucchi &gt;&gt;\u00a0<\/a><\/p>\n<\/li>\n<li title=\"Cosa rende le carte sportive cos\u00ec preziose?\">\n<p class=\"page-title\" title=\"Makeup Train Case: Pro e Contro\"><a href=\"https:\/\/suncasesupply.com\/it\/blog\/makeup-case\/pros-and-cons-of-makeup-train-case\/\">Makeup Train Case: Pro e Contro &gt;&gt;\u00a0<\/a><\/p>\n<\/li>\n<\/ul>","protected":false},"excerpt":{"rendered":"<p>Modello: SC-B9011<\/p>\n<p>Dimensioni: L35 x P25 x A74 cm<\/p>\n<p>Colori: oro rosa<\/p>\n<p>Materiali: telaio in alluminio + pannello MDF + pannello ABS + ferramenta.<\/p>\n<p>Logo: Logo serigrafato \/ Logo in metallo.<\/p>\n<p>Quantit\u00e0 minima: 100 pezzi<\/p>\n<p>Esempio: disponibile<\/p>","protected":false},"featured_media":26428,"template":"","meta":{"_gspb_post_css":""},"product_cat":[34,97],"product_tag":[],"featured_image_urls":{"full":["https:\/\/suncasesupply.com\/wp-content\/uploads\/2026\/01\/1.jpg",800,800,false],"thumbnail":["https:\/\/suncasesupply.com\/wp-content\/uploads\/2026\/01\/1-150x150.jpg",150,150,true],"medium":["https:\/\/suncasesupply.com\/wp-content\/uploads\/2026\/01\/1-300x300.jpg",300,300,true],"medium_large":["https:\/\/suncasesupply.com\/wp-content\/uploads\/2026\/01\/1-768x768.jpg",768,768,true],"large":["https:\/\/suncasesupply.com\/wp-content\/uploads\/2026\/01\/1.jpg",800,800,false],"1536x1536":["https:\/\/suncasesupply.com\/wp-content\/uploads\/2026\/01\/1.jpg",800,800,false],"2048x2048":["https:\/\/suncasesupply.com\/wp-content\/uploads\/2026\/01\/1.jpg",800,800,false],"trp-custom-language-flag":["https:\/\/suncasesupply.com\/wp-content\/uploads\/2026\/01\/1-12x12.jpg",12,12,true],"woocommerce_thumbnail":["https:\/\/suncasesupply.com\/wp-content\/uploads\/2026\/01\/1-300x300.jpg",300,300,true],"woocommerce_single":["https:\/\/suncasesupply.com\/wp-content\/uploads\/2026\/01\/1-600x600.jpg",600,600,true],"woocommerce_gallery_thumbnail":["https:\/\/suncasesupply.com\/wp-content\/uploads\/2026\/01\/1-100x100.jpg",100,100,true]},"post_excerpt_stackable":"<p>Model: SC-B9011<\/p>\n<p>Size: L35 x W25 x H74cm<\/p>\n<p>Colors: Rose Gold<\/p>\n<p>Materials: Aluminum Frame+MDF Board+ABS Panel+Hardware.<\/p>\n<p>Logo: Silk printing logo\u00a0\/ Metal Logo.<\/p>\n<p>MOQ: 100pcs<\/p>\n<p>Sample: Available<\/p>\n","category_list":"","author_info":{"name":"","url":""},"comments_num":"0 commenti","_links":{"self":[{"href":"https:\/\/suncasesupply.com\/it\/wp-json\/wp\/v2\/product\/26431"}],"collection":[{"href":"https:\/\/suncasesupply.com\/it\/wp-json\/wp\/v2\/product"}],"about":[{"href":"https:\/\/suncasesupply.com\/it\/wp-json\/wp\/v2\/types\/product"}],"wp:featuredmedia":[{"embeddable":true,"href":"https:\/\/suncasesupply.com\/it\/wp-json\/wp\/v2\/media\/26428"}],"wp:attachment":[{"href":"https:\/\/suncasesupply.com\/it\/wp-json\/wp\/v2\/media?parent=26431"}],"wp:term":[{"taxonomy":"product_cat","embeddable":true,"href":"https:\/\/suncasesupply.com\/it\/wp-json\/wp\/v2\/product_cat?post=26431"},{"taxonomy":"product_tag","embeddable":true,"href":"https:\/\/suncasesupply.com\/it\/wp-json\/wp\/v2\/product_tag?post=26431"}],"curies":[{"name":"wp","href":"https:\/\/api.w.org\/{rel}","templated":true}]}}