{"id":26309,"date":"2025-12-09T14:28:02","date_gmt":"2025-12-09T06:28:02","guid":{"rendered":"https:\/\/suncasesupply.com\/?post_type=product&#038;p=26309"},"modified":"2026-03-17T02:19:13","modified_gmt":"2026-03-16T18:19:13","slug":"black-aluminum-acrylic-display-case-show-cases-for-collectibles","status":"publish","type":"product","link":"https:\/\/suncasesupply.com\/it\/product\/black-aluminum-acrylic-display-case-show-cases-for-collectibles\/","title":{"rendered":"Vetrina espositiva in alluminio acrilico nero per oggetti da collezione"},"content":{"rendered":"<h4><span style=\"color: #000000;\">Vetrina espositiva in alluminio acrilico nero per oggetti da collezione<\/span><\/h4>\n<h4><span style=\"color: #003366;\">Caratteristiche:<\/span><\/h4>\n<ul>\n<li><strong><b>Funzione principale:<\/b><\/strong>Le vetrine in acrilico vengono solitamente utilizzate per esporre i prodotti dei clienti in occasione di fiere o esposizioni. Ad esempio, per esporre carte classificate, lastre di carte sportive, carte Pok\u00e9mon, oggetti da collezione, gioielli, orologi in alluminio e cos\u00ec via.<\/li>\n<li><strong><b>Punti chiave: <\/b><\/strong>La vetrina in acrilico combina perfettamente &quot;esposizione&quot; e &quot;protezione&quot; grazie all&#039;eccellente trasparenza, al design flessibile e alla protezione superiore, esaltando cos\u00ec il valore e l&#039;aspetto degli oggetti esposti. \u00c8 un prodotto di Suncase, produttore di vetrine in alluminio di fiducia.<\/li>\n<li><strong><b>Personalizzazione:<\/b><\/strong>Le dimensioni della vetrina possono essere personalizzate in base alle richieste del cliente. Le dimensioni standard pi\u00f9 vendute sono 36 \u00d7 24 \u00d7 3 pollici \/ 34 \u00d7 22 \u00d7 3 pollici \/ 24 \u00d7 20 \u00d7 3 pollici. Se le dimensioni standard non sono adatte, potete contattarci per realizzare una vetrina in alluminio personalizzata.<\/li>\n<\/ul>\n<h4><span style=\"color: #003366;\">Dettagli del prodotto:<\/span><\/h4>\n<div style=\"display: flex; gap: 20px;\">\n<p><!-- \u7b2c\u4e00\u680f --><\/p>\n<div style=\"flex: 1; text-align: center;\">\n<p><img decoding=\"async\" style=\"max-width: 100%; height: auto; margin-bottom: 10px;\" src=\"https:\/\/suncasesupply.com\/wp-content\/uploads\/2025\/12\/1-Side-Panel.jpg\" alt=\"Pannello laterale 1\" \/><\/p>\n<p><b><\/b><strong><b>Pannello laterale<\/b><\/strong><\/p>\n<p style=\"margin: 0;\">Ogni vetrina \u00e8 dotata di due pannelli laterali in acrilico. Utilizzando questa vetrina, i due pannelli laterali sostengono l&#039;intero pannello superiore, consentendone l&#039;apertura parziale per una migliore esposizione dei prodotti al suo interno. Inoltre, i pannelli laterali supportano l&#039;apertura del pannello superiore in diversi gradi.<\/p>\n<p>&nbsp;<\/p>\n<\/div>\n<p><!-- \u7b2c\u4e8c\u680f --><\/p>\n<div style=\"flex: 1; text-align: center;\">\n<p><img decoding=\"async\" style=\"max-width: 100%; height: auto; margin-bottom: 10px;\" src=\"https:\/\/suncasesupply.com\/wp-content\/uploads\/2025\/12\/2-Feet.jpg\" alt=\"Piedi\" \/><\/p>\n<p><b><\/b><strong><b>Piedi<\/b><\/strong><\/p>\n<p style=\"margin: 0;\">Sul fondo della vetrina sono presenti 4 piedini. I piedini sono solitamente in gomma e uniscono praticit\u00e0, protezione ed estetica. Servono principalmente a prevenire scivolamenti, assorbire gli urti, prevenire l&#039;usura e proteggere dall&#039;umidit\u00e0, ideali per le vetrine portagioie in alluminio.<\/p>\n<\/div>\n<p><!-- \u7b2c\u4e09\u680f --><\/p>\n<div style=\"flex: 1; text-align: center;\">\n<p><img decoding=\"async\" style=\"max-width: 100%; height: auto; margin-bottom: 10px;\" src=\"https:\/\/suncasesupply.com\/wp-content\/uploads\/2025\/12\/3-Lock-with-Keys.jpg\" alt=\"Serratura con chiavi\" \/><\/p>\n<p><b><\/b><b><\/b><strong><b>Serratura con chiavi<\/b><\/strong><\/p>\n<p>La vetrina \u00e8 dotata di 2 serrature, ciascuna con 2 chiavi. Questo design impedisce a bambini, visitatori o personale addetto alle pulizie di aprirla a piacimento, proteggendo le preziose collezioni all&#039;interno della vetrina portagioielli con piano in vetro e alluminio.<\/p>\n<\/div>\n<p><!-- \u7b2c\u56db\u680f --><\/p>\n<div style=\"flex: 1; text-align: center;\">\n<p><img decoding=\"async\" style=\"max-width: 100%; height: auto; margin-bottom: 10px;\" src=\"https:\/\/suncasesupply.com\/wp-content\/uploads\/2025\/12\/4-Acrylic-Top-Panel.jpg\" alt=\"Pannello superiore in acrilico\" \/><\/p>\n<p><b><\/b><strong><b>Pannello superiore in acrilico<\/b><\/strong><\/p>\n<p style=\"margin: 0;\">Il coperchio superiore in acrilico trasparente consente la visione da ogni angolazione, rendendolo perfetto per esporre oggetti da collezione, gioielli o orologi, fungendo anche da vetrina in alluminio per orologi. Possedere una vetrina con pannello superiore in acrilico \u00e8 come avere una sala espositiva panoramica in miniatura, personalizzata per la tua collezione.<\/p>\n<\/div>\n<\/div>\n<h4><span style=\"color: #003366;\">Processo di produzione:<\/span><\/h4>\n<p><img decoding=\"async\" style=\"max-width: 100%; height: auto; margin-bottom: 10px;\" src=\"https:\/\/suncasesupply.com\/wp-content\/uploads\/2025\/07\/Manufacturing-Process.png\" alt=\"Processo di fabbricazione di Suncase\" \/><\/p>\n<div style=\"background-color: #29599a; padding: 40px 20px; text-align: center; color: #ffffff; border-radius: 10px; margin: 40px auto; max-width: 960px;\">\n<h2 style=\"font-size: 22px; margin-bottom: 20px; font-weight: bold;\"><span style=\"color: #ffffff;\">Scegli la vetrina in alluminio Sun Case, soluzioni espositive di alta qualit\u00e0 a partire da un minimo di 50 pezzi.<\/span><\/h2>\n<p><a style=\"display: inline-block; padding: 12px 28px; background-color: #ffffff; color: #29599a; text-decoration: none; border-radius: 6px; font-weight: bold;\" href=\"https:\/\/suncasesupply.com\/it\/contact-us\/\" target=\"_blank\" rel=\"noopener\">Richiedi un preventivo oggi<br \/>\n<\/a><\/p>\n<\/div>\n<p><span style=\"color: #003366; font-weight: bold; text-align: center;\">Informazioni utili per gli acquirenti all&#039;ingrosso:<\/span><\/p>\n<ul>\n<li class=\"page-title\" title=\"Cosa rende le carte sportive cos\u00ec preziose?\">\n<p class=\"page-title\" title=\"Come proteggere la tua collezione di carte collezionabili\"><a href=\"https:\/\/suncasesupply.com\/it\/blog\/how-protect-trading-cards-collection\/\">Come proteggere la tua collezione di carte collezionabili &gt;&gt;<\/a><\/p>\n<\/li>\n<li title=\"Cosa rende le carte sportive cos\u00ec preziose?\">\n<p class=\"page-title\" title=\"Migliora la tua esposizione: la potenza delle vetrine per fiere in alluminio\"><a href=\"https:\/\/suncasesupply.com\/it\/blog\/custom-aluminum-case\/dvantages-of-aluminum-trade-show-display-cases\/\">Valorizza la tua esposizione: la potenza delle vetrine espositive in alluminio &gt;&gt;<\/a><\/p>\n<\/li>\n<li title=\"Cosa rende le carte sportive cos\u00ec preziose?\">\n<p class=\"page-title\" title=\"Pro e contro delle vetrine in alluminio: una guida completa\"><a href=\"https:\/\/suncasesupply.com\/it\/blog\/custom-aluminum-case\/pros-and-cons-of-aluminum-display-case\/\">Pro e contro delle vetrine in alluminio: una guida completa &gt;&gt;<\/a><\/p>\n<\/li>\n<\/ul>","protected":false},"excerpt":{"rendered":"<p>Modello: SC-B9008<\/p>\n<p>Dimensioni: 36x24x3 pollici \/ 34x22x3 pollici \/ 24x20x3 pollici\u2026<\/p>\n<p>Colori: Nero pieno \/ Argento<\/p>\n<p>Materiali: telaio in alluminio + pannello MDF + pannello ABS, pannello superiore in acrilico.<\/p>\n<p>Logo: Logo stampato in seta<\/p>\n<p>Quantit\u00e0 minima: 50 pezzi<\/p>\n<p>Campione: fornitura di un campione per il controllo di qualit\u00e0.<\/p>","protected":false},"featured_media":26346,"template":"","meta":{"_gspb_post_css":""},"product_cat":[42,119],"product_tag":[],"featured_image_urls":{"full":["https:\/\/suncasesupply.com\/wp-content\/uploads\/2025\/12\/Acrylic-Display-Case-7.jpg",800,800,false],"thumbnail":["https:\/\/suncasesupply.com\/wp-content\/uploads\/2025\/12\/Acrylic-Display-Case-7-150x150.jpg",150,150,true],"medium":["https:\/\/suncasesupply.com\/wp-content\/uploads\/2025\/12\/Acrylic-Display-Case-7-300x300.jpg",300,300,true],"medium_large":["https:\/\/suncasesupply.com\/wp-content\/uploads\/2025\/12\/Acrylic-Display-Case-7-768x768.jpg",768,768,true],"large":["https:\/\/suncasesupply.com\/wp-content\/uploads\/2025\/12\/Acrylic-Display-Case-7.jpg",800,800,false],"1536x1536":["https:\/\/suncasesupply.com\/wp-content\/uploads\/2025\/12\/Acrylic-Display-Case-7.jpg",800,800,false],"2048x2048":["https:\/\/suncasesupply.com\/wp-content\/uploads\/2025\/12\/Acrylic-Display-Case-7.jpg",800,800,false],"trp-custom-language-flag":["https:\/\/suncasesupply.com\/wp-content\/uploads\/2025\/12\/Acrylic-Display-Case-7-12x12.jpg",12,12,true],"woocommerce_thumbnail":["https:\/\/suncasesupply.com\/wp-content\/uploads\/2025\/12\/Acrylic-Display-Case-7-300x300.jpg",300,300,true],"woocommerce_single":["https:\/\/suncasesupply.com\/wp-content\/uploads\/2025\/12\/Acrylic-Display-Case-7-600x600.jpg",600,600,true],"woocommerce_gallery_thumbnail":["https:\/\/suncasesupply.com\/wp-content\/uploads\/2025\/12\/Acrylic-Display-Case-7-100x100.jpg",100,100,true]},"post_excerpt_stackable":"<p>Model :SC-B9008<\/p>\n<p>Size: 36x24x3 inch \/ 34x22x3 inch \/ 24x20x3 inch&#8230;<\/p>\n<p>Colors: Full Black \/ Silver<\/p>\n<p>Materials: Aluminum frame+MDF Board+ABS Panel, Acrylic Top Panel.<\/p>\n<p>Logo: Silk printing logo<\/p>\n<p>MOQ: 50pcs<\/p>\n<p>Sample: Providing sample for quality checking.<\/p>\n","category_list":"","author_info":{"name":"","url":""},"comments_num":"0 commenti","_links":{"self":[{"href":"https:\/\/suncasesupply.com\/it\/wp-json\/wp\/v2\/product\/26309"}],"collection":[{"href":"https:\/\/suncasesupply.com\/it\/wp-json\/wp\/v2\/product"}],"about":[{"href":"https:\/\/suncasesupply.com\/it\/wp-json\/wp\/v2\/types\/product"}],"wp:featuredmedia":[{"embeddable":true,"href":"https:\/\/suncasesupply.com\/it\/wp-json\/wp\/v2\/media\/26346"}],"wp:attachment":[{"href":"https:\/\/suncasesupply.com\/it\/wp-json\/wp\/v2\/media?parent=26309"}],"wp:term":[{"taxonomy":"product_cat","embeddable":true,"href":"https:\/\/suncasesupply.com\/it\/wp-json\/wp\/v2\/product_cat?post=26309"},{"taxonomy":"product_tag","embeddable":true,"href":"https:\/\/suncasesupply.com\/it\/wp-json\/wp\/v2\/product_tag?post=26309"}],"curies":[{"name":"wp","href":"https:\/\/api.w.org\/{rel}","templated":true}]}}