{"id":26284,"date":"2025-11-28T17:46:50","date_gmt":"2025-11-28T09:46:50","guid":{"rendered":"https:\/\/suncasesupply.com\/?post_type=product&#038;p=26284"},"modified":"2026-03-17T02:04:29","modified_gmt":"2026-03-16T18:04:29","slug":"plastic-graded-card-slab-collector-case-pp-cards-box","status":"publish","type":"product","link":"https:\/\/suncasesupply.com\/it\/product\/plastic-graded-card-slab-collector-case-pp-cards-box\/","title":{"rendered":"Scatola per collezionisti di lastre di cartoncini classificati in plastica PP"},"content":{"rendered":"<h4><span style=\"color: #000000;\">Scatola per collezionisti di lastre di cartoncini classificati in plastica PP<\/span><\/h4>\n<h4><span style=\"color: #003366;\">Caratteristiche:<\/span><\/h4>\n<ul>\n<li><strong><b>Durata eccezionale: <\/b><\/strong>Il portacarte in PP ha un&#039;eccellente robustezza e resistenza agli urti, che lo rendono resistente alla rottura anche in caso di cadute accidentali. \u00c8 inoltre resistente alla deformazione e mantiene la sua forma stabile a temperatura ambiente per lunghi periodi, impedendo alle carte di danneggiarsi a causa della deformazione del portacarte. Adatto per l&#039;uso come portacarte da baseball o portacarte Pok\u00e9mon.<\/li>\n<li><strong><b>Leggero e facile da usare<\/b><\/strong><strong><b>: <\/b><\/strong>: La bassa densit\u00e0 della plastica PP rende il portacarte molto leggero. \u00c8 molto comodo per l&#039;uso quotidiano, per gli spostamenti o per le attivit\u00e0 quotidiane, e non aggiunge troppo peso, rendendolo ideale per riporre e trasportare i portacarte.<\/li>\n<li><strong><b>Ben progettato e facile da usare: <\/b><\/strong>La maggior parte delle custodie per carte di credito in PP sono dotate di fessure per carte o design antiscivolo nella parte superiore e inferiore, consentendo un impilamento multistrato sicuro e stabile, risparmiando spazio di archiviazione e mantenendo un aspetto ordinato e bello, soddisfacendo le esigenze di diverse custodie per carte.<\/li>\n<\/ul>\n<h4><span style=\"color: #003366;\">Dettagli del prodotto:<\/span><\/h4>\n<div style=\"display: flex; gap: 20px;\">\n<p><!-- \u7b2c\u4e00\u680f --><\/p>\n<div style=\"flex: 1; text-align: center;\">\n<p><img decoding=\"async\" style=\"max-width: 100%; height: auto; margin-bottom: 10px;\" src=\"https:\/\/suncasesupply.com\/wp-content\/uploads\/2025\/11\/1-Cutom-EVA-Slots.jpg\" alt=\"1-Slot EVA personalizzati\" \/><\/p>\n<p><b><\/b><strong><b>Slot EVA personalizzati<\/b><\/strong><\/p>\n<p style=\"margin: 0;\">Larghezza personalizzata di 9 mm per ogni slot in EVA, per contenere le tue carte collezionabili\/carte classificate\/carte Pok\u00e9mon di PSA\/SGC\/BGS\/CGC... Di solito sono disponibili modelli a 3\/4\/5 file a tua scelta. Abbineremo diversi blocchi di schiuma all&#039;interno di ogni slot, per aiutarti a organizzare e sistemare bene le carte in questa custodia per carte classificate.<\/p>\n<p>&nbsp;<\/p>\n<\/div>\n<p><!-- \u7b2c\u4e8c\u680f --><\/p>\n<div style=\"flex: 1; text-align: center;\">\n<p><img decoding=\"async\" style=\"max-width: 100%; height: auto; margin-bottom: 10px;\" src=\"https:\/\/suncasesupply.com\/wp-content\/uploads\/2025\/11\/2-Handle-with-Rubber-1.jpg\" alt=\"2-Manico con gomma\" \/><\/p>\n<p><b><\/b><b><\/b><strong><b>Maniglia con gomma<\/b><\/strong><\/p>\n<p style=\"margin: 0;\">L&#039;impugnatura del portacarte in PP \u00e8 realizzata in morbida gomma, offrendo un comfort eccellente e una resistenza allo scivolamento superiore, oltre a un&#039;ammortizzazione e un assorbimento degli urti superiori. Questo aumenta la praticit\u00e0 e offre ai clienti un&#039;esperienza pi\u00f9 comoda, sicura e meno faticosa nel trasporto del portacarte graduato.<\/p>\n<\/div>\n<p><!-- \u7b2c\u4e09\u680f --><\/p>\n<div style=\"flex: 1; text-align: center;\">\n<p><img decoding=\"async\" style=\"max-width: 100%; height: auto; margin-bottom: 10px;\" src=\"https:\/\/suncasesupply.com\/wp-content\/uploads\/2025\/11\/3-Hard-PP-Material.jpg\" alt=\"3-Materiale PP rigido\" \/><\/p>\n<p><b><\/b><b><\/b><b><\/b><strong><b>Materiale PP rigido<\/b><\/strong><\/p>\n<p>Il PP \u00e8 un materiale polimerico molto stabile, con buona resistenza alla maggior parte degli acidi, sali e altre sostanze chimiche, nonch\u00e9 ad alcoli e oli. \u00c8 robusto e durevole, resistente alle alte e basse temperature e presenta buone propriet\u00e0 di tenuta per l&#039;uso prolungato di contenitori per lastre di cartone.<\/p>\n<\/div>\n<p><!-- \u7b2c\u56db\u680f --><\/p>\n<div style=\"flex: 1; text-align: center;\">\n<p><img decoding=\"async\" style=\"max-width: 100%; height: auto; margin-bottom: 10px;\" src=\"https:\/\/suncasesupply.com\/wp-content\/uploads\/2025\/11\/4-Egg-Foam.jpg\" alt=\"Schiuma di 4 uova\" \/><\/p>\n<p><b><\/b><b><\/b><strong><b>Schiuma d&#039;uovo<\/b><\/strong><\/p>\n<p style=\"margin: 0;\">Il coperchio superiore della custodia in PP \u00e8 rivestito in schiuma d&#039;uovo. Questa ha due scopi: in primo luogo, assorbe gli urti e protegge le carte all&#039;interno della scatola; in secondo luogo, fissa le carte posizionate sotto il coperchio inferiore, impedendo loro di spostarsi all&#039;interno della custodia.<\/p>\n<\/div>\n<\/div>\n<h4><span style=\"color: #003366;\">Processo di produzione:<\/span><\/h4>\n<p><img decoding=\"async\" style=\"max-width: 100%; height: auto; margin-bottom: 10px;\" src=\"https:\/\/suncasesupply.com\/wp-content\/uploads\/2025\/07\/Manufacturing-Process.png\" alt=\"Processo di fabbricazione di Suncase\" \/><\/p>\n<div style=\"background-color: #29599a; padding: 40px 20px; text-align: center; color: #ffffff; border-radius: 10px; margin: 40px auto; max-width: 960px;\">\n<h2 style=\"font-size: 22px; margin-bottom: 20px; font-weight: bold;\"><span style=\"color: #ffffff;\">Custodia per lastre di carte classificate Sun Case disponibile a partire da MOQ 300<\/span><\/h2>\n<p><a style=\"display: inline-block; padding: 12px 28px; background-color: #ffffff; color: #29599a; text-decoration: none; border-radius: 6px; font-weight: bold;\" href=\"https:\/\/suncasesupply.com\/it\/contact-us\/\" target=\"_blank\" rel=\"noopener\">Richiedi un preventivo oggi<br \/>\n<\/a><\/p>\n<\/div>\n<div style=\"display: flex; gap: 20px;\">\n<div style=\"flex: 1; text-align: center;\">\n<p style=\"font-weight: bold; margin: 5px 0;\">\n<\/div>\n<\/div>\n<h4><span style=\"color: #003366;\">Informazioni utili per gli acquirenti all&#039;ingrosso:<\/span><\/h4>\n<ul>\n<li class=\"page-title\" title=\"Cosa rende le carte sportive cos\u00ec preziose?\">\n<p class=\"page-title\" title=\"Come proteggere la tua collezione di carte collezionabili\"><a href=\"https:\/\/suncasesupply.com\/it\/blog\/how-protect-trading-cards-collection\/\">Come proteggere la tua collezione di carte collezionabili &gt;&gt;<\/a><\/p>\n<\/li>\n<li title=\"Cosa rende le carte sportive cos\u00ec preziose?\">\n<p class=\"page-title\" title=\"Cosa rende le carte sportive cos\u00ec preziose?\"><a href=\"https:\/\/suncasesupply.com\/it\/blog\/custom-aluminum-case\/commercial-value-of-sports-cards\/\">Cosa rende le carte sportive cos\u00ec preziose? &gt;&gt;<\/a><\/p>\n<\/li>\n<li title=\"Cosa rende le carte sportive cos\u00ec preziose?\">\n<p class=\"product_title entry-title\"><a href=\"https:\/\/suncasesupply.com\/it\/product\/aluminum-card-display-case-psa-graded-cards-sport-trading-card-storage-case\/\">Custodia per esposizione di carte in alluminio Carte classificate PSA Custodia per carte sportive e collezionabili<\/a><\/p>\n<\/li>\n<\/ul>","protected":false},"excerpt":{"rendered":"<p>Modello: SC-B9006<\/p>\n<p>Dimensioni: Dimensioni esterne L384 x P366 x A183 mm, Dimensioni interne L350 x P300 x A165 mm.<\/p>\n<p>Adatto: per carte collezionabili \/ carte classificate \/ carte Pok\u00e9mon di PSA\/SGC\/BGS\/CGC\u2026<\/p>\n<p>Colori: Colore nero<\/p>\n<p>Materiali: custodia in plastica PP, con schiuma a forma di uovo e schiuma EVA personalizzata.<\/p>\n<p>Logo: logo epossidico\/logo in PVC\/logo serigrafato<\/p>\n<p>Quantit\u00e0 minima: 300 pezzi<\/p>\n<p>Campione: fornitura di un campione per il controllo di qualit\u00e0.<\/p>","protected":false},"featured_media":26278,"template":"","meta":{"_gspb_post_css":""},"product_cat":[16],"product_tag":[],"featured_image_urls":{"full":["https:\/\/suncasesupply.com\/wp-content\/uploads\/2025\/11\/PP-Cards-Storage-Box-4.jpg",800,800,false],"thumbnail":["https:\/\/suncasesupply.com\/wp-content\/uploads\/2025\/11\/PP-Cards-Storage-Box-4-150x150.jpg",150,150,true],"medium":["https:\/\/suncasesupply.com\/wp-content\/uploads\/2025\/11\/PP-Cards-Storage-Box-4-300x300.jpg",300,300,true],"medium_large":["https:\/\/suncasesupply.com\/wp-content\/uploads\/2025\/11\/PP-Cards-Storage-Box-4-768x768.jpg",768,768,true],"large":["https:\/\/suncasesupply.com\/wp-content\/uploads\/2025\/11\/PP-Cards-Storage-Box-4.jpg",800,800,false],"1536x1536":["https:\/\/suncasesupply.com\/wp-content\/uploads\/2025\/11\/PP-Cards-Storage-Box-4.jpg",800,800,false],"2048x2048":["https:\/\/suncasesupply.com\/wp-content\/uploads\/2025\/11\/PP-Cards-Storage-Box-4.jpg",800,800,false],"trp-custom-language-flag":["https:\/\/suncasesupply.com\/wp-content\/uploads\/2025\/11\/PP-Cards-Storage-Box-4-12x12.jpg",12,12,true],"woocommerce_thumbnail":["https:\/\/suncasesupply.com\/wp-content\/uploads\/2025\/11\/PP-Cards-Storage-Box-4-300x300.jpg",300,300,true],"woocommerce_single":["https:\/\/suncasesupply.com\/wp-content\/uploads\/2025\/11\/PP-Cards-Storage-Box-4-600x600.jpg",600,600,true],"woocommerce_gallery_thumbnail":["https:\/\/suncasesupply.com\/wp-content\/uploads\/2025\/11\/PP-Cards-Storage-Box-4-100x100.jpg",100,100,true]},"post_excerpt_stackable":"<p>Model :SC-B9006<\/p>\n<p>Size: Outside size L384 x W366 x H183mm, Internal size L350 x W300 x H165mm.<\/p>\n<p>Suitable: For Trading Cards \/ Graded Card \/ Pok\u00e9mon Cards of PSA\/SGC\/BGS\/CGC&#8230;<\/p>\n<p>Colors: Black Color<\/p>\n<p>Materials: PP Plastic Case, with Egg foam\u00a0&amp; Cutom EVA Foam.<\/p>\n<p>Logo: Epoxy logo\/PVC logo\/Silk printing logo<\/p>\n<p>MOQ: 300pcs<\/p>\n<p>Sample: Providing sample for quality checking.<\/p>\n","category_list":"","author_info":{"name":"","url":""},"comments_num":"0 commenti","_links":{"self":[{"href":"https:\/\/suncasesupply.com\/it\/wp-json\/wp\/v2\/product\/26284"}],"collection":[{"href":"https:\/\/suncasesupply.com\/it\/wp-json\/wp\/v2\/product"}],"about":[{"href":"https:\/\/suncasesupply.com\/it\/wp-json\/wp\/v2\/types\/product"}],"wp:featuredmedia":[{"embeddable":true,"href":"https:\/\/suncasesupply.com\/it\/wp-json\/wp\/v2\/media\/26278"}],"wp:attachment":[{"href":"https:\/\/suncasesupply.com\/it\/wp-json\/wp\/v2\/media?parent=26284"}],"wp:term":[{"taxonomy":"product_cat","embeddable":true,"href":"https:\/\/suncasesupply.com\/it\/wp-json\/wp\/v2\/product_cat?post=26284"},{"taxonomy":"product_tag","embeddable":true,"href":"https:\/\/suncasesupply.com\/it\/wp-json\/wp\/v2\/product_tag?post=26284"}],"curies":[{"name":"wp","href":"https:\/\/api.w.org\/{rel}","templated":true}]}}