{"id":25696,"date":"2025-07-11T16:37:21","date_gmt":"2025-07-11T08:37:21","guid":{"rendered":"https:\/\/suncasesupply.com\/?post_type=product&#038;p=25696"},"modified":"2025-08-26T16:10:32","modified_gmt":"2025-08-26T08:10:32","slug":"double-makeup-vanity-case-pu-makeup-vanity-bag-with-rmovable-dividers","status":"publish","type":"product","link":"https:\/\/suncasesupply.com\/it\/product\/double-makeup-vanity-case-pu-makeup-vanity-bag-with-rmovable-dividers\/","title":{"rendered":"Borsa da trucco doppia in PU con divisori rimovibili"},"content":{"rendered":"<h4><span style=\"color: #003366;\">Caratteristiche:<\/span><\/h4>\n<p>Borsa da trucco doppia in PU con divisori rimovibili<\/p>\n<ul>\n<li data-start=\"164\" data-end=\"361\">\n<p data-start=\"166\" data-end=\"361\"><strong data-start=\"166\" data-end=\"182\">Dimensioni perfette: <\/strong>Abbastanza alto per contenere i flaconi in verticale, abbastanza largo per le palette e spazioso per tutti i tuoi prodotti essenziali. Lo specchio pieghevole aggiunge praticit\u00e0: ideale come beauty case da viaggio.<\/p>\n<\/li>\n<li data-start=\"363\" data-end=\"563\">\n<p data-start=\"365\" data-end=\"563\"><strong data-start=\"365\" data-end=\"385\">Archiviazione flessibile: <\/strong>Design a due livelli con scomparti separabili tramite cerniera e divisori in PU rimovibili per personalizzare gli scomparti. Un&#039;ottima scelta per chi cerca un beauty case con divisori regolabili.<\/p>\n<\/li>\n<li data-start=\"565\" data-end=\"728\">\n<p data-start=\"567\" data-end=\"728\"><strong data-start=\"567\" data-end=\"587\">Design multiuso: <\/strong>Pu\u00f2 essere utilizzato come beauty case con divisori, beauty case con divisori per il trucco o beauty case portatile per il trucco, perfetto per la casa o per i viaggi.<\/p>\n<\/li>\n<\/ul>\n<h4><span style=\"color: #003366;\">Dettagli del prodotto:<\/span><\/h4>\n<p><!-- \u7b2c\u4e00\u680f --><\/p>\n<div style=\"display: flex; gap: 20px;\">\n<div style=\"flex: 1; text-align: center;\">\n<p><img decoding=\"async\" style=\"max-width: 100%; height: auto; margin-bottom: 10px;\" src=\"https:\/\/suncasesupply.com\/wp-content\/uploads\/2025\/07\/metal-zippers.jpg\" alt=\"cerniere metalliche\" \/><\/p>\n<p style=\"font-weight: bold; margin: 5px 0;\"><b><\/b><strong><b>Cerniere metalliche<\/b><\/strong><\/p>\n<p style=\"margin: 0;\">Questo beauty case da viaggio a due livelli con divisori vanta un&#039;esclusiva chiusura a cerniera, che forma una barriera sigillata quando \u00e8 chiuso, impedendo ai cosmetici (come prodotti in polvere o liquidi) di fuoriuscire o di infiltrarsi polvere. La lucentezza metallica argentata si abbina alla pelle color litchi verde chiaro, sottolineando il senso estetico e la praticit\u00e0 di questo beauty case.<\/p>\n<\/div>\n<p><!-- \u7b2c\u4e8c\u680f --><\/p>\n<div style=\"flex: 1; text-align: center;\">\n<p><img decoding=\"async\" style=\"max-width: 100%; height: auto; margin-bottom: 10px;\" src=\"https:\/\/suncasesupply.com\/wp-content\/uploads\/2025\/07\/brushes-holders.jpg\" alt=\"portaspazzole\" \/><\/p>\n<p style=\"font-weight: bold; margin: 5px 0;\"><b><\/b><b><\/b><strong><b>Maniglia incassata<\/b><\/strong><\/p>\n<p data-start=\"1318\" data-end=\"1662\">Il coperchio \u00e8 dotato di un elastico cucito nella parte superiore per riporre pi\u00f9 pennelli. La morbida fodera in velluto garantisce che i tuoi prodotti rimangano al sicuro e organizzati, sia a casa che in viaggio. \u00c8 un astuccio divisorio ideale per il trucco, per mantenere i pennelli puliti e protetti.<\/p>\n<\/div>\n<p><!-- \u7b2c\u4e09\u680f --><\/p>\n<div style=\"flex: 1; text-align: center;\">\n<p><img decoding=\"async\" style=\"max-width: 100%; height: auto; margin-bottom: 10px;\" src=\"https:\/\/suncasesupply.com\/wp-content\/uploads\/2025\/07\/handel.jpg\" alt=\"maniglia\" \/><\/p>\n<p style=\"font-weight: bold; margin: 5px 0;\"><strong><b>Manico robusto<\/b><\/strong><\/p>\n<p data-start=\"1689\" data-end=\"2022\">Dotata di un&#039;elegante maniglia in PU, la maniglia \u00e8 fissata con due chiodi metallici, che ne aumentano la solidit\u00e0 e la capacit\u00e0 di carico, garantendo cos\u00ec la durevolezza della borsa e la facilit\u00e0 di trasporto. Completa il design complessivo di questo beauty case da viaggio portatile.<\/p>\n<\/div>\n<p><!-- \u7b2c\u56db\u680f --><\/p>\n<div style=\"flex: 1; text-align: center;\">\n<p><img decoding=\"async\" style=\"max-width: 100%; height: auto; margin-bottom: 10px;\" src=\"https:\/\/suncasesupply.com\/wp-content\/uploads\/2025\/07\/PU-storage-dividers.jpg\" alt=\"Divisori per lo stoccaggio in PU\" \/><\/p>\n<p style=\"font-weight: bold; margin: 5px 0;\"><strong><b>divisore interno<\/b><\/strong><\/p>\n<p style=\"margin: 0;\">I divisori interni in PU mantengono i tuoi prodotti al sicuro e organizzati, offrendo una soluzione pratica ed elegante per organizzare il tuo trucco e gli accessori di bellezza. Inoltre, sono rimovibili: quando non ti servono, puoi rimuoverli e utilizzare l&#039;ampio spazio interno. Questa configurazione flessibile lo rende un versatile beauty case con divisori per l&#039;uso quotidiano o professionale.<\/p>\n<\/div>\n<\/div>\n<div style=\"background-color: #29599a; padding: 40px 20px; text-align: center; color: #ffffff; border-radius: 10px; margin: 40px auto; max-width: 960px;\">\n<h2 style=\"font-size: 22px; margin-bottom: 20px; font-weight: bold;\"><span style=\"color: #ffffff;\">Inizia oggi il tuo ordine personalizzato: Ordine minimo a partire da 1000, prezzo diretto dalla fabbrica garantito!<\/span><\/h2>\n<p><a style=\"display: inline-block; padding: 12px 28px; background-color: #ffffff; color: #29599a; text-decoration: none; border-radius: 6px; font-weight: bold;\" href=\"https:\/\/suncasesupply.com\/it\/contact-us\/\" target=\"_blank\" rel=\"noopener\">Richiedi un preventivo<br \/>\n<\/a><\/p>\n<\/div>\n<h4><span style=\"color: #003366;\">Processo di produzione:<\/span><\/h4>\n<p><img decoding=\"async\" style=\"max-width: 100%; height: auto; margin-bottom: 10px;\" src=\"https:\/\/suncasesupply.com\/wp-content\/uploads\/2025\/07\/manufacture-process.png\" alt=\"Processo di fabbricazione di Suncase\" \/><\/p>\n<h4><span style=\"color: #003366;\">Informazioni utili per gli acquirenti all&#039;ingrosso:<\/span><\/h4>\n<ul>\n<li><a href=\"https:\/\/suncasesupply.com\/it\/blog\/makeup-case\/hard-vs-soft-makeup-bags\/\">Trousse per il trucco rigide o morbide: qual \u00e8 la migliore per viaggiare e conservare i prodotti?<\/a><\/li>\n<li><a href=\"https:\/\/suncasesupply.com\/it\/blog\/makeup-case\/why-choose-a-trolley-makeup-case-over-a-soft-makeup-bag\/\">Perch\u00e9 scegliere un trolley per il trucco invece di una borsa morbida per il trucco?<\/a><\/li>\n<li><a href=\"https:\/\/suncasesupply.com\/it\/blog\/makeup-case\/top-5-suppliers-of-australia\/\">I 5 migliori produttori all&#039;ingrosso di borse per trucco dell&#039;Australia<\/a><\/li>\n<\/ul>\n<p><a href=\"https:\/\/suncasesupply.com\/it\/product-category\/luggage-suitcase\/\">Richiedi subito un preventivo!! &gt;&gt;<\/a><\/p>","protected":false},"excerpt":{"rendered":"<p>Modello: MB-0051<\/p>\n<p>Dimensioni: 24*18*17cm<\/p>\n<p>Colori: verde chiaro, altri colori accettabili<\/p>\n<p>Materiali: PU + velluto + cerniere in metallo<\/p>\n<p>Logo: Logo in rilievo, Logo in stampa serigrafica<\/p>\n<p>Quantit\u00e0 minima: 1000 pezzi<\/p>\n<p>Esempio: fornire un campione.<\/p>","protected":false},"featured_media":25699,"template":"","meta":{"_gspb_post_css":""},"product_cat":[34,95],"product_tag":[],"featured_image_urls":{"full":["https:\/\/suncasesupply.com\/wp-content\/uploads\/2025\/07\/double-vanity-case.jpg",800,800,false],"thumbnail":["https:\/\/suncasesupply.com\/wp-content\/uploads\/2025\/07\/double-vanity-case-150x150.jpg",150,150,true],"medium":["https:\/\/suncasesupply.com\/wp-content\/uploads\/2025\/07\/double-vanity-case-300x300.jpg",300,300,true],"medium_large":["https:\/\/suncasesupply.com\/wp-content\/uploads\/2025\/07\/double-vanity-case-768x768.jpg",768,768,true],"large":["https:\/\/suncasesupply.com\/wp-content\/uploads\/2025\/07\/double-vanity-case.jpg",800,800,false],"1536x1536":["https:\/\/suncasesupply.com\/wp-content\/uploads\/2025\/07\/double-vanity-case.jpg",800,800,false],"2048x2048":["https:\/\/suncasesupply.com\/wp-content\/uploads\/2025\/07\/double-vanity-case.jpg",800,800,false],"trp-custom-language-flag":["https:\/\/suncasesupply.com\/wp-content\/uploads\/2025\/07\/double-vanity-case-12x12.jpg",12,12,true],"woocommerce_thumbnail":["https:\/\/suncasesupply.com\/wp-content\/uploads\/2025\/07\/double-vanity-case-300x300.jpg",300,300,true],"woocommerce_single":["https:\/\/suncasesupply.com\/wp-content\/uploads\/2025\/07\/double-vanity-case-600x600.jpg",600,600,true],"woocommerce_gallery_thumbnail":["https:\/\/suncasesupply.com\/wp-content\/uploads\/2025\/07\/double-vanity-case-100x100.jpg",100,100,true]},"post_excerpt_stackable":"<p>Model:MB-0051<\/p>\n<p>Size: 24*18*17cm<\/p>\n<p>Colors: light green, other colors acceptable<\/p>\n<p>Materials: PU+Velvet+Metal zippers<\/p>\n<p>Logo: Deboss Logo, Silk Printing Logo<\/p>\n<p>MOQ: 1000pcs<\/p>\n<p>Sample: Provide sample.<\/p>\n","category_list":"","author_info":{"name":"","url":""},"comments_num":"0 commenti","_links":{"self":[{"href":"https:\/\/suncasesupply.com\/it\/wp-json\/wp\/v2\/product\/25696"}],"collection":[{"href":"https:\/\/suncasesupply.com\/it\/wp-json\/wp\/v2\/product"}],"about":[{"href":"https:\/\/suncasesupply.com\/it\/wp-json\/wp\/v2\/types\/product"}],"wp:featuredmedia":[{"embeddable":true,"href":"https:\/\/suncasesupply.com\/it\/wp-json\/wp\/v2\/media\/25699"}],"wp:attachment":[{"href":"https:\/\/suncasesupply.com\/it\/wp-json\/wp\/v2\/media?parent=25696"}],"wp:term":[{"taxonomy":"product_cat","embeddable":true,"href":"https:\/\/suncasesupply.com\/it\/wp-json\/wp\/v2\/product_cat?post=25696"},{"taxonomy":"product_tag","embeddable":true,"href":"https:\/\/suncasesupply.com\/it\/wp-json\/wp\/v2\/product_tag?post=25696"}],"curies":[{"name":"wp","href":"https:\/\/api.w.org\/{rel}","templated":true}]}}