{"id":25644,"date":"2025-07-10T16:19:07","date_gmt":"2025-07-10T08:19:07","guid":{"rendered":"https:\/\/suncasesupply.com\/?post_type=product&#038;p=25644"},"modified":"2025-07-15T11:20:22","modified_gmt":"2025-07-15T03:20:22","slug":"printer-flight-case-for-hiti-p525l-custom-printers-storage-box","status":"publish","type":"product","link":"https:\/\/suncasesupply.com\/it\/product\/printer-flight-case-for-hiti-p525l-custom-printers-storage-box\/","title":{"rendered":"Custodia per stampante HiTi P525L, scatola di immagazzinaggio per stampanti personalizzate"},"content":{"rendered":"<h4><span style=\"color: #003366;\">Caratteristiche:<\/span><\/h4>\n<ul>\n<li><strong><b>Protezione<\/b><\/strong><strong><b>: <\/b><\/strong>La custodia per il trasporto della stampante \u00e8 una custodia speciale progettata per proteggere la stampante da eventuali danni durante il trasporto, la movimentazione o in ambienti difficili.<\/li>\n<li><strong><b>Personalizzazione<\/b><\/strong><strong><b>: <\/b><\/strong>Questo flight case per stampante \u00e8 adatto per la stampante HiTi P525L. Le dimensioni interne sono personalizzabili in base alle dimensioni della stampante HiTi P525L. La stampante HiTi P525L pu\u00f2 essere protetta e alloggiata comodamente all&#039;interno.<\/li>\n<li><strong><b>Struttura portatile<\/b><\/strong><strong><b>:<\/b><\/strong>\u00a0Dotato di una robusta maniglia sulla parte superiore della custodia della stampante, facile da trasportare. Allo stesso tempo, \u00e8 dotato di un carrello con asta e due ruote, che ne riducono il peso durante il trasporto.<\/li>\n<li><strong><b>Durata: <\/b><\/strong>Il flight case della stampante \u00e8 realizzato con un telaio in alluminio di alta qualit\u00e0 e accessori robusti, \u00e8 antigraffio e resistente all&#039;usura, altamente protettivo e molto affidabile.<\/li>\n<\/ul>\n<h4><span style=\"color: #003366;\">Dettagli del prodotto:<\/span><\/h4>\n<p><!-- \u7b2c\u4e00\u680f --><\/p>\n<div style=\"display: flex; gap: 20px;\">\n<div style=\"flex: 1; text-align: center;\">\n<p><img decoding=\"async\" style=\"max-width: 100%; height: auto; margin-bottom: 10px;\" src=\"https:\/\/suncasesupply.com\/wp-content\/uploads\/2025\/07\/1-Reinforced-Corners.jpg\" alt=\"1-Angoli rinforzati\" \/><\/p>\n<p style=\"font-weight: bold; margin: 5px 0;\"><b><\/b><strong><b>Angoli rinforzati<\/b><\/strong><\/p>\n<p style=\"margin: 0;\">Realizzati con robusti angoli sferici in acciaio, offrono la massima resistenza agli urti.<\/p>\n<\/div>\n<p><!-- \u7b2c\u4e8c\u680f --><\/p>\n<div style=\"flex: 1; text-align: center;\">\n<p><img decoding=\"async\" style=\"max-width: 100%; height: auto; margin-bottom: 10px;\" src=\"https:\/\/suncasesupply.com\/wp-content\/uploads\/2025\/07\/2-Recessed-Handle.jpg\" alt=\"2-Maniglia incassata\" \/><\/p>\n<p style=\"font-weight: bold; margin: 5px 0;\"><b><\/b><b><\/b><strong><b>Maniglia incassata<\/b><\/strong><\/p>\n<p data-start=\"1318\" data-end=\"1662\">Le maniglie imbottite incassate in acciaio e i fermi garantiscono la chiusura e il facile sollevamento.<\/p>\n<\/div>\n<p><!-- \u7b2c\u4e09\u680f --><\/p>\n<div style=\"flex: 1; text-align: center;\">\n<p><img decoding=\"async\" style=\"max-width: 100%; height: auto; margin-bottom: 10px;\" src=\"https:\/\/suncasesupply.com\/wp-content\/uploads\/2025\/07\/3-Wheels.jpg\" alt=\"3 ruote\" \/><\/p>\n<p style=\"font-weight: bold; margin: 5px 0;\"><strong><b>Ruote<\/b><\/strong><\/p>\n<p data-start=\"1689\" data-end=\"2022\">Due ruote nella parte inferiore della custodia della stampante facilitano il trasporto della custodia.<\/p>\n<\/div>\n<p><!-- \u7b2c\u56db\u680f --><\/p>\n<div style=\"flex: 1; text-align: center;\">\n<p><img decoding=\"async\" style=\"max-width: 100%; height: auto; margin-bottom: 10px;\" src=\"https:\/\/suncasesupply.com\/wp-content\/uploads\/2025\/07\/4-Trolley-Rod.jpg\" alt=\"Asta per carrello 4\" \/><\/p>\n<p style=\"font-weight: bold; margin: 5px 0;\"><strong><b>Asta del carrello<\/b><\/strong><\/p>\n<p style=\"margin: 0;\">La lunghezza dell&#039;asta del carrello \u00e8 regolabile, adattandosi alle diverse altezze degli utenti. Migliora la comodit\u00e0 della mobilit\u00e0.<\/p>\n<\/div>\n<\/div>\n<div style=\"background-color: #29599a; padding: 40px 20px; text-align: center; color: #ffffff; border-radius: 10px; margin: 40px auto; max-width: 960px;\">\n<h2 style=\"font-size: 22px; margin-bottom: 20px; font-weight: bold;\"><span style=\"color: #ffffff;\">Inizia oggi il tuo ordine personalizzato: quantit\u00e0 minima da 50, prezzo diretto dalla fabbrica garantito!<\/span><\/h2>\n<p><a style=\"display: inline-block; padding: 12px 28px; background-color: #ffffff; color: #29599a; text-decoration: none; border-radius: 6px; font-weight: bold;\" href=\"https:\/\/suncasesupply.com\/it\/contact-us\/\" target=\"_blank\" rel=\"noopener\">Richiedi un preventivo<br \/>\n<\/a><\/p>\n<\/div>\n<h4><span style=\"color: #003366;\">Processo di produzione:<\/span><\/h4>\n<p><img decoding=\"async\" style=\"max-width: 100%; height: auto; margin-bottom: 10px;\" src=\"https:\/\/suncasesupply.com\/wp-content\/uploads\/2025\/07\/Flight-Cases-Manufacturing-Process.png\" alt=\"Processo di fabbricazione dei flight case\" \/><\/p>\n<h4><span style=\"color: #003366;\">Informazioni utili per gli acquirenti all&#039;ingrosso:<\/span><\/h4>\n<ul>\n<li class=\"page-title\" title=\"Cosa rende le carte sportive cos\u00ec preziose?\">\n<p class=\"page-title\" title=\"Cos&#039;\u00e8 un caso ATA? Tutto quello che devi sapere\"><a href=\"https:\/\/suncasesupply.com\/it\/blog\/what-is-an-ata-case\/\">Cos&#039;\u00e8 un caso ATA? Tutto quello che devi sapere<\/a><\/p>\n<\/li>\n<\/ul>\n<p>Se hai bisogno di un <strong data-start=\"2725\" data-end=\"2752\">custodia per stampante<\/strong>, UN <strong data-start=\"2756\" data-end=\"2788\">custodia per cavo<\/strong>, o un <strong data-start=\"2795\" data-end=\"2818\">custodia da viaggio per TV<\/strong>Sun Case ti offre soluzioni personalizzabili e di alta qualit\u00e0.<\/p>\n<p><a href=\"https:\/\/suncasesupply.com\/it\/product-category\/luggage-suitcase\/\">Richiedi subito un preventivo!! &gt;&gt;<\/a><\/p>","protected":false},"excerpt":{"rendered":"<p>Modello: PT-0050<\/p>\n<p>Dimensioni: dimensioni personalizzate in base alle dimensioni delle stampanti<\/p>\n<p>Colori: solitamente il colore nero, altri colori accettabili<\/p>\n<p>Materiali: Telaio in alluminio + compensato + rivestimento + ferramenta<\/p>\n<p>Logo: Logo su piastra metallica, Logo stampato in seta<\/p>\n<p>Quantit\u00e0 minima: 50 pezzi<\/p>\n<p>Esempio: fornire un campione.<\/p>","protected":false},"featured_media":25653,"template":"","meta":{"_gspb_post_css":""},"product_cat":[39],"product_tag":[],"featured_image_urls":{"full":["https:\/\/suncasesupply.com\/wp-content\/uploads\/2025\/07\/Printer-Flight-Case-3.jpg",800,800,false],"thumbnail":["https:\/\/suncasesupply.com\/wp-content\/uploads\/2025\/07\/Printer-Flight-Case-3-150x150.jpg",150,150,true],"medium":["https:\/\/suncasesupply.com\/wp-content\/uploads\/2025\/07\/Printer-Flight-Case-3-300x300.jpg",300,300,true],"medium_large":["https:\/\/suncasesupply.com\/wp-content\/uploads\/2025\/07\/Printer-Flight-Case-3-768x768.jpg",768,768,true],"large":["https:\/\/suncasesupply.com\/wp-content\/uploads\/2025\/07\/Printer-Flight-Case-3.jpg",800,800,false],"1536x1536":["https:\/\/suncasesupply.com\/wp-content\/uploads\/2025\/07\/Printer-Flight-Case-3.jpg",800,800,false],"2048x2048":["https:\/\/suncasesupply.com\/wp-content\/uploads\/2025\/07\/Printer-Flight-Case-3.jpg",800,800,false],"trp-custom-language-flag":["https:\/\/suncasesupply.com\/wp-content\/uploads\/2025\/07\/Printer-Flight-Case-3-12x12.jpg",12,12,true],"woocommerce_thumbnail":["https:\/\/suncasesupply.com\/wp-content\/uploads\/2025\/07\/Printer-Flight-Case-3-300x300.jpg",300,300,true],"woocommerce_single":["https:\/\/suncasesupply.com\/wp-content\/uploads\/2025\/07\/Printer-Flight-Case-3-600x600.jpg",600,600,true],"woocommerce_gallery_thumbnail":["https:\/\/suncasesupply.com\/wp-content\/uploads\/2025\/07\/Printer-Flight-Case-3-100x100.jpg",100,100,true]},"post_excerpt_stackable":"<p>Model:PT-0050<\/p>\n<p>Size: Custom size according to the size of Printers<\/p>\n<p>Colors:\u00a0Black color usually, other colors acceptable<\/p>\n<p>Materials: Aluminum Frame+Plywood+Lining+Hardware<\/p>\n<p>Logo:\u00a0Metal Plate Logo, Silk Printing Logo<\/p>\n<p>MOQ: 50pcs<\/p>\n<p>Sample: Provide sample.<\/p>\n","category_list":"","author_info":{"name":"","url":""},"comments_num":"0 commenti","_links":{"self":[{"href":"https:\/\/suncasesupply.com\/it\/wp-json\/wp\/v2\/product\/25644"}],"collection":[{"href":"https:\/\/suncasesupply.com\/it\/wp-json\/wp\/v2\/product"}],"about":[{"href":"https:\/\/suncasesupply.com\/it\/wp-json\/wp\/v2\/types\/product"}],"wp:featuredmedia":[{"embeddable":true,"href":"https:\/\/suncasesupply.com\/it\/wp-json\/wp\/v2\/media\/25653"}],"wp:attachment":[{"href":"https:\/\/suncasesupply.com\/it\/wp-json\/wp\/v2\/media?parent=25644"}],"wp:term":[{"taxonomy":"product_cat","embeddable":true,"href":"https:\/\/suncasesupply.com\/it\/wp-json\/wp\/v2\/product_cat?post=25644"},{"taxonomy":"product_tag","embeddable":true,"href":"https:\/\/suncasesupply.com\/it\/wp-json\/wp\/v2\/product_tag?post=25644"}],"curies":[{"name":"wp","href":"https:\/\/api.w.org\/{rel}","templated":true}]}}