{"id":24212,"date":"2024-11-20T17:52:13","date_gmt":"2024-11-20T09:52:13","guid":{"rendered":"https:\/\/suncasesupply.com\/?post_type=product&#038;p=24212"},"modified":"2025-08-21T14:02:52","modified_gmt":"2025-08-21T06:02:52","slug":"aluminum-attache-case-full-black-aluminum-lockable-briefcase-with-pickpluck-foam","status":"publish","type":"product","link":"https:\/\/suncasesupply.com\/it\/product\/aluminum-attache-case-full-black-aluminum-lockable-briefcase-with-pickpluck-foam\/","title":{"rendered":"Valigetta portadocumenti in alluminio Valigetta portadocumenti in alluminio completamente nera con serratura e schiuma Pick&amp;Pluck"},"content":{"rendered":"<h4><span style=\"color: #003366;\">Caratteristiche:<\/span><\/h4>\n<ul>\n<li><strong><b>Sicurezza<\/b><\/strong>: La valigetta in alluminio con serratura realizzata con lucchetti a combinazione, a cui \u00e8 possibile impostare le proprie password, \u00e8 molto pi\u00f9 sicura da usare rispetto alle valigette realizzate con normali lucchetti per utensili.<\/li>\n<li><strong><b>E<\/b><\/strong><strong><b>Durata eccezionale:<\/b><\/strong>: La composizione della valigetta in alluminio la rende molto robusta e resistente. Il pannello esterno in ABS impermeabile e antigraffio si fonde con lo spesso pannello in MDF, a sua volta unito al rivestimento interno in tessuto, conferendo alla valigia una durevolezza eccezionale. In generale, la capacit\u00e0 di carico massima pu\u00f2 raggiungere i 15 kg.<\/li>\n<li><strong><strong><b><strong><b>Facile da trasportare<\/b><\/strong>:<\/b><\/strong><\/strong>La maniglia a rimbalzo cronico, che riduce la pressione e le vibrazioni, rende questa valigetta in alluminio facile da trasportare. Se desiderate una tracolla, questa sar\u00e0 un&#039;ottima opzione, soprattutto per chi cerca una valigetta in alluminio leggera per laptop.<strong><strong><b><br \/>\n<\/b><\/strong><\/strong><\/li>\n<\/ul>\n<div style=\"background-color: #29599a; padding: 40px 20px; text-align: center; color: #ffffff; border-radius: 10px; margin: 40px auto; max-width: 960px;\">\n<h2 style=\"font-size: 22px; margin-bottom: 20px; font-weight: bold;\">MOQ 100! Valigetta portadocumenti in alluminio Sun Case, ideale per distributori globali.<\/h2>\n<p><a style=\"display: inline-block; padding: 12px 28px; background-color: #ffffff; color: #29599a; text-decoration: none; border-radius: 6px; font-weight: bold;\" href=\"https:\/\/suncasesupply.com\/it\/contact-us\/\" target=\"_blank\" rel=\"noopener\">Richiedi un preventivo oggi<br \/>\n<\/a><\/p>\n<\/div>\n<h4><span style=\"color: #003366;\">Dettagli del prodotto:<\/span><\/h4>\n<div style=\"display: flex; gap: 20px;\">\n<p><!-- \u7b2c\u4e00\u680f --><\/p>\n<div style=\"flex: 1; text-align: center;\">\n<p><img decoding=\"async\" style=\"max-width: 100%; height: auto; margin-bottom: 10px;\" src=\"https:\/\/suncasesupply.com\/wp-content\/uploads\/2025\/03\/1-ABS-Panel.jpg\" alt=\"1-Pannello ABS\" \/><\/p>\n<p style=\"font-weight: bold; margin: 5px 0;\"><strong><b>Pannello ABS<\/b><\/strong><\/p>\n<p style=\"margin: 0;\">Il pannello di questa valigetta portadocumenti in alluminio \u00e8 realizzato in ABS con motivo a strisce nere, leggermente impermeabile e antigraffio, in grado di proteggere efficacemente i prodotti al suo interno. Se desiderate personalizzare altri colori o motivi, possiamo farlo per voi.<\/p>\n<\/div>\n<p><!-- \u7b2c\u4e8c\u680f --><\/p>\n<div style=\"flex: 1; text-align: center;\">\n<p><img decoding=\"async\" style=\"max-width: 100%; height: auto; margin-bottom: 10px;\" src=\"https:\/\/suncasesupply.com\/wp-content\/uploads\/2025\/03\/2-Handle.jpg\" alt=\"2-Maniglia\" \/><\/p>\n<p style=\"font-weight: bold; margin: 5px 0;\"><strong><b>Maniglia<\/b><\/strong><\/p>\n<p style=\"margin: 0;\">Una maniglia robusta \u00e8 un fattore importante nel peso del carico della Briefcase. \u00c8 molto resistente e flessibile, pu\u00f2 essere ruotata di 180 gradi e rimbalzare da sola. Molto facile da trasportare quando si esce. Di solito la maniglia sar\u00e0 di colore nero, ma potrebbe essere personalizzata nel colore desiderato.<\/p>\n<\/div>\n<p><!-- \u7b2c\u4e09\u680f --><\/p>\n<div style=\"flex: 1; text-align: center;\">\n<p><img decoding=\"async\" style=\"max-width: 100%; height: auto; margin-bottom: 10px;\" src=\"https:\/\/suncasesupply.com\/wp-content\/uploads\/2025\/03\/3-Lid-Stay.jpg\" alt=\"Supporto a 3 coperchi\" \/><\/p>\n<p style=\"font-weight: bold; margin: 5px 0;\"><strong><b>Supporto per coperchio<\/b><\/strong><\/p>\n<p style=\"margin: 0;\">Il Lid Stay si chiama anche Lid Support Hinge, collega il coperchio superiore e quello inferiore della custodia, la sua funzione principale \u00e8 quella di mantenere fermo il coperchio superiore quando \u00e8 aperto. Per garantire che le tue mani non vengano colpite dal coperchio superiore che cade improvvisamente quando lo usi. Una custodia potrebbe essere realizzata con One o Two Lid Stay, dipende da te.<\/p>\n<\/div>\n<p><!-- \u7b2c\u56db\u680f --><\/p>\n<div style=\"flex: 1; text-align: center;\">\n<p><img decoding=\"async\" style=\"max-width: 100%; height: auto; margin-bottom: 10px;\" src=\"https:\/\/suncasesupply.com\/wp-content\/uploads\/2025\/03\/4-Combination-Locks.jpg\" alt=\"Serrature a 4 combinazioni\" \/><\/p>\n<p style=\"font-weight: bold; margin: 5px 0;\"><strong><b>Serrature a combinazione<\/b><\/strong><\/p>\n<p style=\"margin: 0;\">I lucchetti a combinazione aggiungono senza dubbio uno strato di protezione alla valigetta. Prima di utilizzare la valigetta, puoi impostare la tua combinazione per la custodia, con i lucchetti a combinazione, \u00e8 sicuro conservare i tuoi file importanti, il tuo laptop e qualsiasi altro oggetto.<\/p>\n<\/div>\n<\/div>\n<div style=\"background-color: #29599a; padding: 40px 20px; text-align: center; color: #ffffff; border-radius: 10px; margin: 40px auto; max-width: 960px;\">\n<h2 style=\"font-size: 22px; margin-bottom: 20px; font-weight: bold;\">Valigetta portadocumenti in alluminio Sun Case: dimensioni personalizzate, capienza elevata, tempi di consegna rapidi.<\/h2>\n<p><a style=\"display: inline-block; padding: 12px 28px; background-color: #ffffff; color: #29599a; text-decoration: none; border-radius: 6px; font-weight: bold;\" href=\"https:\/\/suncasesupply.com\/it\/contact-us\/\" target=\"_blank\" rel=\"noopener\">Richiedi un preventivo oggi<br \/>\n<\/a><\/p>\n<\/div>\n<h4><span style=\"color: #003366;\">Processo di produzione:<\/span><\/h4>\n<p><img decoding=\"async\" style=\"max-width: 100%; height: auto; margin-bottom: 10px;\" src=\"https:\/\/suncasesupply.com\/wp-content\/uploads\/2025\/07\/Manufacturing-Process.png\" alt=\"Processo di fabbricazione di Suncase\" \/><\/p>\n<div style=\"display: flex; gap: 20px;\">\n<p><!-- \u7b2c\u4e00\u680f \u6d41\u7a0b1--><\/p>\n<div style=\"flex: 1; text-align: center;\"><\/div>\n<\/div>\n<div style=\"display: flex; gap: 20px;\">\n<div style=\"flex: 1; text-align: center;\">\n<p style=\"font-weight: bold; margin: 5px 0;\">\n<\/div>\n<\/div>\n<h4><span style=\"color: #003366;\">Informazioni utili per gli acquirenti all&#039;ingrosso:<\/span><\/h4>\n<ul>\n<li class=\"page-title\" title=\"Cosa rende le carte sportive cos\u00ec preziose?\">\n<p class=\"page-title\" title=\"Perch\u00e9 dovresti prendere in considerazione una custodia in alluminio per laptop per la protezione\"><a href=\"https:\/\/suncasesupply.com\/it\/blog\/custom-aluminum-case\/benefits-of-aluminum-laptop-case\/\">Perch\u00e9 dovresti prendere in considerazione una custodia protettiva in alluminio per il tuo laptop &gt;&gt;<\/a><\/p>\n<\/li>\n<li title=\"Cosa rende le carte sportive cos\u00ec preziose?\">\n<p class=\"page-title\" title=\"Perch\u00e9 le valigette in alluminio sono cos\u00ec costose?\"><a href=\"https:\/\/suncasesupply.com\/it\/blog\/custom-aluminum-case\/why-aluminum-briefcase-expensive\/\">Perch\u00e9 le valigette in alluminio sono cos\u00ec costose? &gt;&gt;<\/a><\/p>\n<\/li>\n<li title=\"Cosa rende le carte sportive cos\u00ec preziose?\">\n<p class=\"page-title\" title=\"8 motivi per cui le valigette in alluminio sono la scelta migliore per i viaggi d&#039;affari\"><a href=\"https:\/\/suncasesupply.com\/it\/blog\/custom-aluminum-case\/8-reasons-why-aluminum-briefcases-is-your-best-choice-for-business-travel\/\">8 motivi per cui le cartelle in alluminio sono la scelta migliore per i viaggi di lavoro &gt;&gt;<\/a><\/p>\n<\/li>\n<\/ul>","protected":false},"excerpt":{"rendered":"<p>Modello: SC-BA002<\/p>\n<p>Dimensioni: 450*330*120mm o personalizza le dimensioni<\/p>\n<p>Colori: Colore nero o altri colori<\/p>\n<p>Materiali: Telaio in alluminio, pannello MDF, pannello ABS, accessori.<\/p>\n<p>Logo: Logo su piastra metallica, Logo serigrafato<\/p>\n<p><span style=\"color: #000000;\">Quantit\u00e0 minima: 100 pezzi<\/span><\/p>","protected":false},"featured_media":25368,"template":"","meta":{"_gspb_post_css":""},"product_cat":[82],"product_tag":[],"featured_image_urls":{"full":["https:\/\/suncasesupply.com\/wp-content\/uploads\/2025\/05\/briefcase.jpg",800,800,false],"thumbnail":["https:\/\/suncasesupply.com\/wp-content\/uploads\/2025\/05\/briefcase-150x150.jpg",150,150,true],"medium":["https:\/\/suncasesupply.com\/wp-content\/uploads\/2025\/05\/briefcase-300x300.jpg",300,300,true],"medium_large":["https:\/\/suncasesupply.com\/wp-content\/uploads\/2025\/05\/briefcase-768x768.jpg",768,768,true],"large":["https:\/\/suncasesupply.com\/wp-content\/uploads\/2025\/05\/briefcase.jpg",800,800,false],"1536x1536":["https:\/\/suncasesupply.com\/wp-content\/uploads\/2025\/05\/briefcase.jpg",800,800,false],"2048x2048":["https:\/\/suncasesupply.com\/wp-content\/uploads\/2025\/05\/briefcase.jpg",800,800,false],"trp-custom-language-flag":["https:\/\/suncasesupply.com\/wp-content\/uploads\/2025\/05\/briefcase-12x12.jpg",12,12,true],"woocommerce_thumbnail":["https:\/\/suncasesupply.com\/wp-content\/uploads\/2025\/05\/briefcase-300x300.jpg",300,300,true],"woocommerce_single":["https:\/\/suncasesupply.com\/wp-content\/uploads\/2025\/05\/briefcase-600x600.jpg",600,600,true],"woocommerce_gallery_thumbnail":["https:\/\/suncasesupply.com\/wp-content\/uploads\/2025\/05\/briefcase-100x100.jpg",100,100,true]},"post_excerpt_stackable":"<p>Model :SC-BA002<\/p>\n<p>Size: 450*330*120mm or Customize\u00a0Size<\/p>\n<p>Colors: Black color or other colors<\/p>\n<p>Materials: Aluminum\u00a0frame, MDF Board, ABS\u00a0Panel, Accessories.<\/p>\n<p>Logo: Metal plate logo, Silk screen printing logo<\/p>\n<p><span style=\"color: #000000;\">MOQ: 100pcs<\/span><\/p>\n","category_list":"","author_info":{"name":"","url":""},"comments_num":"0 commenti","_links":{"self":[{"href":"https:\/\/suncasesupply.com\/it\/wp-json\/wp\/v2\/product\/24212"}],"collection":[{"href":"https:\/\/suncasesupply.com\/it\/wp-json\/wp\/v2\/product"}],"about":[{"href":"https:\/\/suncasesupply.com\/it\/wp-json\/wp\/v2\/types\/product"}],"wp:featuredmedia":[{"embeddable":true,"href":"https:\/\/suncasesupply.com\/it\/wp-json\/wp\/v2\/media\/25368"}],"wp:attachment":[{"href":"https:\/\/suncasesupply.com\/it\/wp-json\/wp\/v2\/media?parent=24212"}],"wp:term":[{"taxonomy":"product_cat","embeddable":true,"href":"https:\/\/suncasesupply.com\/it\/wp-json\/wp\/v2\/product_cat?post=24212"},{"taxonomy":"product_tag","embeddable":true,"href":"https:\/\/suncasesupply.com\/it\/wp-json\/wp\/v2\/product_tag?post=24212"}],"curies":[{"name":"wp","href":"https:\/\/api.w.org\/{rel}","templated":true}]}}