{"id":24205,"date":"2024-11-20T15:52:57","date_gmt":"2024-11-20T07:52:57","guid":{"rendered":"https:\/\/suncasesupply.com\/?post_type=product&#038;p=24205"},"modified":"2025-08-21T14:02:33","modified_gmt":"2025-08-21T06:02:33","slug":"tool-box-multi-purpose-hard-aluminum-organizer-suitcase-tool-accessories-parts-storage-case","status":"publish","type":"product","link":"https:\/\/suncasesupply.com\/it\/product\/tool-box-multi-purpose-hard-aluminum-organizer-suitcase-tool-accessories-parts-storage-case\/","title":{"rendered":"Cassetta degli attrezzi multiuso in alluminio rigido, organizer, valigetta per attrezzi, accessori e parti."},"content":{"rendered":"<h4><span style=\"color: #003366;\">Caratteristiche:<\/span><\/h4>\n<ul>\n<li>Valigetta portautensili in alluminio realizzata con telaio in alluminio robusto, con angoli rinforzati per la sicurezza.<\/li>\n<li>Pannello rimovibile, pareti segmentate e schiuma cubica preforata per uno stoccaggio organizzato nella tua valigetta portautensili in alluminio.<\/li>\n<li>Il pannello rimovibile include 13 tasche di varie dimensioni e 4 tasche, ideali per chi utilizza qualsiasi valigia portautensili.<\/li>\n<li>Le pareti segmentate e i pannelli regolabili consentono regolazioni con incrementi di 1\/4\u2033, ideali per configurare la tua valigetta portautensili in alluminio.<\/li>\n<li>La maniglia per il trasporto con chiavistelli di sicurezza include 2 chiavi, rendendolo una pratica valigetta portautensili in alluminio per professionisti.<\/li>\n<\/ul>\n<h4><span style=\"color: #003366;\">Dettagli del prodotto:<\/span><\/h4>\n<div style=\"display: flex; gap: 20px;\">\n<p><!-- \u7b2c\u4e00\u680f --><\/p>\n<div style=\"flex: 1; text-align: center;\">\n<p><img decoding=\"async\" style=\"max-width: 100%; height: auto; margin-bottom: 10px;\" src=\"https:\/\/suncasesupply.com\/wp-content\/uploads\/2025\/03\/EVA-Dividers.jpg\" alt=\"Divisori EVA\" \/><\/p>\n<p><strong><b>Divisori EVA<\/b><\/strong><\/p>\n<p style=\"margin: 0;\">L&#039;interno \u00e8 dotato di divisori in EVA rimovibili, che consentono agli utenti di personalizzare lo spazio di stoccaggio in base agli utensili o alle attrezzature da trasportare e riporre.<\/p>\n<p>&nbsp;<\/p>\n<\/div>\n<p><!-- \u7b2c\u4e8c\u680f --><\/p>\n<div style=\"flex: 1; text-align: center;\">\n<p><img decoding=\"async\" style=\"max-width: 100%; height: auto; margin-bottom: 10px;\" src=\"https:\/\/suncasesupply.com\/wp-content\/uploads\/2025\/03\/Interior-tools-panel.jpg\" alt=\"Pannello strumenti interni\" \/><\/p>\n<p><strong><b>Pannello strumenti interni<\/b><\/strong><\/p>\n<p style=\"margin: 0;\">Il pannello portautensili \u00e8 cucito con tasche di diverse dimensioni e profondit\u00e0, in cui \u00e8 possibile riporre facilmente oggetti di varie dimensioni, come chiavi inglesi, pinzette, pinze, forbici, calibri, ecc. Inoltre, il pannello \u00e8 rimovibile, il che \u00e8 molto comodo per i lavoratori.<\/p>\n<\/div>\n<p><!-- \u7b2c\u4e09\u680f --><\/p>\n<div style=\"flex: 1; text-align: center;\">\n<p><img decoding=\"async\" style=\"max-width: 100%; height: auto; margin-bottom: 10px;\" src=\"https:\/\/suncasesupply.com\/wp-content\/uploads\/2025\/03\/Handle-1.jpg\" alt=\"Maniglia portatile\" \/><\/p>\n<p><strong><b>Maniglia portatile<\/b><\/strong><\/p>\n<p>La maniglia \u00e8 realizzata in plastica e alluminio e il design \u00e8 completamente ergonomico, cos\u00ec le tue mani possono afferrarla comodamente quando trasporti la scatola. La base in metallo \u00e8 molto robusta e pu\u00f2 trasportare oggetti fino a 10 kg di peso.<\/p>\n<\/div>\n<p><!-- \u7b2c\u56db\u680f --><\/p>\n<div style=\"flex: 1; text-align: center;\">\n<p><img decoding=\"async\" style=\"max-width: 100%; height: auto; margin-bottom: 10px;\" src=\"https:\/\/suncasesupply.com\/wp-content\/uploads\/2025\/03\/Enhanced-corners.jpg\" alt=\"Angoli migliorati\" \/><\/p>\n<p><strong><b>Angoli migliorati<\/b><\/strong><\/p>\n<p style=\"margin: 0;\">Dotata di angoli metallici di tipo K, migliora notevolmente la resistenza alle collisioni e la durata della scatola e pu\u00f2 proteggere efficacemente la sicurezza degli oggetti durante il trasporto, come ci si aspetta da una valigetta portautensili in alluminio di alta qualit\u00e0.<\/p>\n<\/div>\n<\/div>\n<div style=\"background-color: #29599a; padding: 40px 20px; text-align: center; color: #ffffff; border-radius: 10px; margin: 40px auto; max-width: 960px;\">\n<h2 style=\"font-size: 22px; margin-bottom: 20px; font-weight: bold;\"><span style=\"color: #ffffff;\">MOQ 100 per la valigetta portautensili in alluminio Sun Case: assicurati subito il tuo ordine all&#039;ingrosso!<\/span><\/h2>\n<p><a style=\"display: inline-block; padding: 12px 28px; background-color: #ffffff; color: #29599a; text-decoration: none; border-radius: 6px; font-weight: bold;\" href=\"https:\/\/suncasesupply.com\/it\/contact-us\/\" target=\"_blank\" rel=\"noopener\">Richiedi un preventivo oggi<br \/>\n<\/a><\/p>\n<\/div>\n<h4><span style=\"color: #003366;\">Processo di produzione:<\/span><\/h4>\n<p><img decoding=\"async\" style=\"max-width: 100%; height: auto; margin-bottom: 10px;\" src=\"https:\/\/suncasesupply.com\/wp-content\/uploads\/2025\/07\/Manufacturing-Process.png\" alt=\"Processo di fabbricazione di Suncase\" \/><\/p>\n<div style=\"display: flex; gap: 20px;\">\n<p><!-- \u7b2c\u4e00\u680f \u6d41\u7a0b1--><\/p>\n<div style=\"flex: 1; text-align: center;\"><\/div>\n<\/div>\n<div style=\"display: flex; gap: 20px;\">\n<div style=\"flex: 1; text-align: center;\">\n<p style=\"font-weight: bold; margin: 5px 0;\">\n<\/div>\n<\/div>\n<h4><span style=\"color: #003366;\">Informazioni utili per gli acquirenti all&#039;ingrosso:<\/span><\/h4>\n<ul>\n<li class=\"page-title\" title=\"Cosa rende le carte sportive cos\u00ec preziose?\">\n<p class=\"page-title\" title=\"Qual \u00e8 la dimensione della custodia del disco in vinile?\"><a href=\"https:\/\/suncasesupply.com\/it\/blog\/custom-aluminum-case\/types-of-materials-used-in-tool-cases\/\">Esplorazione di valigette portautensili in alluminio e altri tipi di materiali &gt;&gt;<\/a><\/p>\n<\/li>\n<li title=\"Cosa rende le carte sportive cos\u00ec preziose?\"><a href=\"https:\/\/suncasesupply.com\/it\/blog\/reason-to-have-aluminum-tool-case\/\">Perch\u00e9 hai bisogno di una cassetta degli attrezzi in alluminio?&gt;&gt;<\/a><\/li>\n<\/ul>","protected":false},"excerpt":{"rendered":"<p>Modello: SC-BA0009<\/p>\n<p>Dimensioni: 47 x 36 x 15 cm o personalizza<\/p>\n<p>Colori: Argento o personalizzabile<\/p>\n<p>Materiali: alluminio, pannello MDF, pannello ABS, accessori.<\/p>\n<p>Logo: Logo su piastra metallica, logo serigrafato<\/p>\n<p>Quantit\u00e0 minima: 100 pezzi<\/p>","protected":false},"featured_media":25369,"template":"","meta":{"_gspb_post_css":""},"product_cat":[81],"product_tag":[],"featured_image_urls":{"full":["https:\/\/suncasesupply.com\/wp-content\/uploads\/2025\/05\/tool-case.jpg",800,800,false],"thumbnail":["https:\/\/suncasesupply.com\/wp-content\/uploads\/2025\/05\/tool-case-150x150.jpg",150,150,true],"medium":["https:\/\/suncasesupply.com\/wp-content\/uploads\/2025\/05\/tool-case-300x300.jpg",300,300,true],"medium_large":["https:\/\/suncasesupply.com\/wp-content\/uploads\/2025\/05\/tool-case-768x768.jpg",768,768,true],"large":["https:\/\/suncasesupply.com\/wp-content\/uploads\/2025\/05\/tool-case.jpg",800,800,false],"1536x1536":["https:\/\/suncasesupply.com\/wp-content\/uploads\/2025\/05\/tool-case.jpg",800,800,false],"2048x2048":["https:\/\/suncasesupply.com\/wp-content\/uploads\/2025\/05\/tool-case.jpg",800,800,false],"trp-custom-language-flag":["https:\/\/suncasesupply.com\/wp-content\/uploads\/2025\/05\/tool-case-12x12.jpg",12,12,true],"woocommerce_thumbnail":["https:\/\/suncasesupply.com\/wp-content\/uploads\/2025\/05\/tool-case-300x300.jpg",300,300,true],"woocommerce_single":["https:\/\/suncasesupply.com\/wp-content\/uploads\/2025\/05\/tool-case-600x600.jpg",600,600,true],"woocommerce_gallery_thumbnail":["https:\/\/suncasesupply.com\/wp-content\/uploads\/2025\/05\/tool-case-100x100.jpg",100,100,true]},"post_excerpt_stackable":"<p>Model: SC-BA0009<\/p>\n<p>Size: 47 x 36 x 15cm or Customize<\/p>\n<p>Colors: Silver or customize<\/p>\n<p>Materials: Aluminum, MDF board, ABS\u00a0Panel, Accessories.<\/p>\n<p>Logo: Metal plate logo, silk screen logo<\/p>\n<p>MOQ: 100pcs<\/p>\n","category_list":"","author_info":{"name":"","url":""},"comments_num":"0 commenti","_links":{"self":[{"href":"https:\/\/suncasesupply.com\/it\/wp-json\/wp\/v2\/product\/24205"}],"collection":[{"href":"https:\/\/suncasesupply.com\/it\/wp-json\/wp\/v2\/product"}],"about":[{"href":"https:\/\/suncasesupply.com\/it\/wp-json\/wp\/v2\/types\/product"}],"wp:featuredmedia":[{"embeddable":true,"href":"https:\/\/suncasesupply.com\/it\/wp-json\/wp\/v2\/media\/25369"}],"wp:attachment":[{"href":"https:\/\/suncasesupply.com\/it\/wp-json\/wp\/v2\/media?parent=24205"}],"wp:term":[{"taxonomy":"product_cat","embeddable":true,"href":"https:\/\/suncasesupply.com\/it\/wp-json\/wp\/v2\/product_cat?post=24205"},{"taxonomy":"product_tag","embeddable":true,"href":"https:\/\/suncasesupply.com\/it\/wp-json\/wp\/v2\/product_tag?post=24205"}],"curies":[{"name":"wp","href":"https:\/\/api.w.org\/{rel}","templated":true}]}}