{"id":24141,"date":"2024-11-18T17:48:24","date_gmt":"2024-11-18T09:48:24","guid":{"rendered":"https:\/\/suncasesupply.com\/?post_type=product&#038;p=24141"},"modified":"2025-09-04T15:18:21","modified_gmt":"2025-09-04T07:18:21","slug":"makeup-train-case-6-tier-trays-with-compartments-jewelry-storage-organizer-box","status":"publish","type":"product","link":"https:\/\/suncasesupply.com\/it\/product\/makeup-train-case-6-tier-trays-with-compartments-jewelry-storage-organizer-box\/","title":{"rendered":"Valigia porta trucchi a 6 ripiani con scomparti, organizer per gioielli"},"content":{"rendered":"<h4><span style=\"color: #003366;\">Caratteristiche:<\/span><\/h4>\n<ul>\n<li><strong>Facile da trasportare<\/strong>: La trousse per il trucco in alluminio \u00e8 robusta e leggera, il che la rende facile da trasportare. La maniglia ergonomica la rende molto comoda da portare con s\u00e9 in viaggio.<\/li>\n<li><strong>Grande capacit\u00e0<\/strong>: Pu\u00f2 classificare e conservare ordinatamente tutti gli strumenti e i prodotti per il trucco (fondotinta, ombretti, pennelli, ciglia finte, luci per il trucco, ecc.), rendendolo comodo per i truccatori che desiderano fornire servizi porta a porta, seguire il trucco o partecipare a spettacoli cinematografici, televisivi e teatrali. \u00c8 uno studio mobile per professionisti, pratico anche come trolley per il trucco cosmetico.<\/li>\n<\/ul>\n<h4><span style=\"color: #003366;\">Dettagli del prodotto:<\/span><\/h4>\n<div style=\"display: flex; gap: 20px;\">\n<div style=\"flex: 1; text-align: center;\">\n<p><img decoding=\"async\" style=\"max-width: 100%; height: auto; margin-bottom: 10px;\" src=\"https:\/\/suncasesupply.com\/wp-content\/uploads\/2025\/08\/Sturdy-structure.jpg\" alt=\"Struttura robusta\" \/><\/p>\n<p style=\"font-weight: bold; margin: 5px 0;\">Struttura solida<\/p>\n<p style=\"margin: 0;\">Il corpo principale \u00e8 realizzato in lega di alluminio di alta qualit\u00e0 con protezioni angolari rinforzate e un design avvolgente e robusto. La struttura solida gli conferisce un&#039;elevata capacit\u00e0 di carico e pu\u00f2 resistere efficacemente agli urti esterni e all&#039;estrusione per proteggere gli oggetti di valore al suo interno, sia che venga utilizzato come trolley per il trucco a 6 scomparti.<\/p>\n<\/div>\n<p><!-- \u7b2c\u4e8c\u680f --><\/p>\n<div style=\"flex: 1; text-align: center;\">\n<p><img decoding=\"async\" style=\"max-width: 100%; height: auto; margin-bottom: 10px;\" src=\"https:\/\/suncasesupply.com\/wp-content\/uploads\/2025\/08\/Sturdy-lock-1.jpg\" alt=\"Serratura robusta\" \/><\/p>\n<p style=\"font-weight: bold; margin: 5px 0;\"><strong><b>Serratura forte<\/b><\/strong><\/p>\n<p style=\"margin: 0;\">La chiusura a fibbia standard con chiave garantisce una chiusura ermetica quando \u00e8 chiusa, prevenendo furti, polvere e umidit\u00e0. La chiusura \u00e8 integrata nella scatola, rendendo difficile l&#039;apertura forzata e garantendo la sicurezza del contenuto.<\/p>\n<\/div>\n<p><!-- \u7b2c\u4e09\u680f --><\/p>\n<div style=\"flex: 1; text-align: center;\">\n<p><img decoding=\"async\" style=\"max-width: 100%; height: auto; margin-bottom: 10px;\" src=\"https:\/\/suncasesupply.com\/wp-content\/uploads\/2025\/08\/Durable-trays.jpg\" alt=\"Vassoi resistenti\" \/><\/p>\n<p style=\"font-weight: bold; margin: 5px 0;\">Vassoi resistenti all&#039;interno<\/p>\n<p style=\"margin: 0;\">L&#039;interno \u00e8 dotato di sei vassoi imbottiti con divisori rimovibili, che consentono di suddividere il contenuto in base alla forma e alle dimensioni di pennelli, ciprie, flaconi e barattoli, garantendo cos\u00ec che ogni articolo sia organizzato in modo ordinato. Inoltre, offre un&#039;eccellente ammortizzazione e sicurezza, prevenendo vibrazioni, urti e danni durante il trasporto.<\/p>\n<\/div>\n<p><!-- \u7b2c\u56db\u680f --><\/p>\n<div style=\"flex: 1; text-align: center;\">\n<p><img decoding=\"async\" src=\"https:\/\/suncasesupply.com\/wp-content\/uploads\/2025\/08\/Diamond-surface.jpg\" \/><\/p>\n<p><strong>Superficie diamantata<\/strong><\/p>\n<p style=\"margin: 0;\">Il design in tessuto a rombi non solo crea un aspetto pulito e lineare, ma protegge anche efficacemente il mobiletto dai graffi durante l&#039;uso. La superficie \u00e8 tipicamente ossidata e disponibile in una variet\u00e0 di colori (come nero, argento, rosa e blu), rendendolo resistente all&#039;usura e allo sbiadimento, ideale per cosmetici o anche come contenitore per anelli portagioie.<\/p>\n<\/div>\n<\/div>\n<div style=\"background-color: #29599a; padding: 40px 20px; text-align: center; color: #ffffff; border-radius: 10px; margin: 40px auto; max-width: 960px;\">\n<h2 style=\"font-size: 22px; margin-bottom: 20px; font-weight: bold;\">Acquista all&#039;ingrosso la valigetta per il trucco Sun Case, solo MOQ 100.<\/h2>\n<p><a style=\"display: inline-block; padding: 12px 28px; background-color: #ffffff; color: #29599a; text-decoration: none; border-radius: 6px; font-weight: bold;\" href=\"https:\/\/suncasesupply.com\/it\/contact-us\/\" target=\"_blank\" rel=\"noopener\">Richiedi un preventivo oggi<br \/>\n<\/a><\/p>\n<\/div>\n<h4><span style=\"color: #003366;\">Processo di fabbricazione del beauty case:<\/span><\/h4>\n<p><img decoding=\"async\" style=\"max-width: 100%; height: auto; margin-bottom: 10px;\" src=\"https:\/\/suncasesupply.com\/wp-content\/uploads\/2025\/07\/Manufacturing-Process.png\" alt=\"Processo di fabbricazione di Suncase\" \/><\/p>\n<div style=\"display: flex; gap: 20px;\"><\/div>\n<div style=\"display: flex; gap: 20px;\">\n<div style=\"flex: 1; text-align: center;\">\n<p style=\"font-weight: bold; margin: 5px 0;\">\n<\/div>\n<\/div>\n<h4><span style=\"color: #003366;\">Informazioni utili per gli acquirenti all&#039;ingrosso:<\/span><\/h4>\n<ul>\n<li class=\"page-title\" title=\"Cosa rende le carte sportive cos\u00ec preziose?\"><a href=\"https:\/\/suncasesupply.com\/it\/blog\/makeup-case\/how-to-build-the-ultimate-makeup-artist-case-for-your-set-bag-needs\/\">Costruire la valigia perfetta per il trucco: guida definitiva alle borse per il trucco<\/a><\/li>\n<li title=\"Cosa rende le carte sportive cos\u00ec preziose?\"><a href=\"https:\/\/suncasesupply.com\/it\/blog\/makeup-case\/guide-of-hairdressing-trolley-case\/\">Guida all&#039;acquisto di un trolley da parrucchiere<\/a><\/li>\n<li title=\"Cosa rende le carte sportive cos\u00ec preziose?\"><a href=\"https:\/\/suncasesupply.com\/it\/blog\/makeup-case\/how-to-choose-2\/\">Come scegliere la giusta custodia per il trucco professionale<\/a><\/li>\n<\/ul>","protected":false},"excerpt":{"rendered":"<p>Modello: SC-BA0007<\/p>\n<p>Dimensioni: 36*24*28cm<\/p>\n<p>Quantit\u00e0 minima: 100 pezzi<\/p>\n<p>Tempi di consegna: 15-25 giorni<\/p>\n<p>Campione: disponibile<\/p>","protected":false},"featured_media":25381,"template":"","meta":{"_gspb_post_css":""},"product_cat":[34,96],"product_tag":[],"featured_image_urls":{"full":["https:\/\/suncasesupply.com\/wp-content\/uploads\/2025\/05\/black-makeup-case.jpg",800,800,false],"thumbnail":["https:\/\/suncasesupply.com\/wp-content\/uploads\/2025\/05\/black-makeup-case-150x150.jpg",150,150,true],"medium":["https:\/\/suncasesupply.com\/wp-content\/uploads\/2025\/05\/black-makeup-case-300x300.jpg",300,300,true],"medium_large":["https:\/\/suncasesupply.com\/wp-content\/uploads\/2025\/05\/black-makeup-case-768x768.jpg",768,768,true],"large":["https:\/\/suncasesupply.com\/wp-content\/uploads\/2025\/05\/black-makeup-case.jpg",800,800,false],"1536x1536":["https:\/\/suncasesupply.com\/wp-content\/uploads\/2025\/05\/black-makeup-case.jpg",800,800,false],"2048x2048":["https:\/\/suncasesupply.com\/wp-content\/uploads\/2025\/05\/black-makeup-case.jpg",800,800,false],"trp-custom-language-flag":["https:\/\/suncasesupply.com\/wp-content\/uploads\/2025\/05\/black-makeup-case-12x12.jpg",12,12,true],"woocommerce_thumbnail":["https:\/\/suncasesupply.com\/wp-content\/uploads\/2025\/05\/black-makeup-case-300x300.jpg",300,300,true],"woocommerce_single":["https:\/\/suncasesupply.com\/wp-content\/uploads\/2025\/05\/black-makeup-case-600x600.jpg",600,600,true],"woocommerce_gallery_thumbnail":["https:\/\/suncasesupply.com\/wp-content\/uploads\/2025\/05\/black-makeup-case-100x100.jpg",100,100,true]},"post_excerpt_stackable":"<p>Model : SC-BA0007<\/p>\n<p>Size: 36*24*28cm<\/p>\n<p>MOQ:100pcs<\/p>\n<p>Delivery Time : 15-25 Days<\/p>\n<p>Sample : Available<\/p>\n","category_list":"","author_info":{"name":"","url":""},"comments_num":"0 commenti","_links":{"self":[{"href":"https:\/\/suncasesupply.com\/it\/wp-json\/wp\/v2\/product\/24141"}],"collection":[{"href":"https:\/\/suncasesupply.com\/it\/wp-json\/wp\/v2\/product"}],"about":[{"href":"https:\/\/suncasesupply.com\/it\/wp-json\/wp\/v2\/types\/product"}],"wp:featuredmedia":[{"embeddable":true,"href":"https:\/\/suncasesupply.com\/it\/wp-json\/wp\/v2\/media\/25381"}],"wp:attachment":[{"href":"https:\/\/suncasesupply.com\/it\/wp-json\/wp\/v2\/media?parent=24141"}],"wp:term":[{"taxonomy":"product_cat","embeddable":true,"href":"https:\/\/suncasesupply.com\/it\/wp-json\/wp\/v2\/product_cat?post=24141"},{"taxonomy":"product_tag","embeddable":true,"href":"https:\/\/suncasesupply.com\/it\/wp-json\/wp\/v2\/product_tag?post=24141"}],"curies":[{"name":"wp","href":"https:\/\/api.w.org\/{rel}","templated":true}]}}