{"id":24134,"date":"2024-11-18T17:38:18","date_gmt":"2024-11-18T09:38:18","guid":{"rendered":"https:\/\/suncasesupply.com\/?post_type=product&#038;p=24134"},"modified":"2025-09-04T15:13:54","modified_gmt":"2025-09-04T07:13:54","slug":"black-aluminum-box-with-pre-cutting-foam-insert-high-density-pick-pluck-toolbox","status":"publish","type":"product","link":"https:\/\/suncasesupply.com\/it\/product\/black-aluminum-box-with-pre-cutting-foam-insert-high-density-pick-pluck-toolbox\/","title":{"rendered":"Scatola in alluminio nero con inserto in schiuma pretagliata ad alta densit\u00e0 Pick Pluck Toolbox"},"content":{"rendered":"<h4><span style=\"color: #003366;\">Caratteristiche:<\/span><\/h4>\n<ul>\n<li><strong><b>Dimensione personalizzata accettabile<\/b><\/strong>: Le dimensioni standard di questa valigetta portautensili in alluminio sono 400x320x120 mm, ma sono accettabili anche dimensioni personalizzate: lunghezza, larghezza e altezza possono essere realizzate in base alle vostre richieste.<\/li>\n<li><strong><b>Schiuma fai da te personalizzata<\/b><\/strong><strong><b>:<\/b><\/strong><strong><b>\u00a0<\/b><\/strong>La schiuma \u00e8 stata tagliata in anticipo. \u00c8 possibile realizzare autonomamente la misura appropriata in base alle dimensioni dell&#039;oggetto all&#039;interno di questa valigetta portautensili in alluminio con schiuma.<\/li>\n<li><strong><b>Costruzione in lega di alluminio di alta qualit\u00e0: <\/b><\/strong>La costruzione della valigetta portautensili da barbiere in alluminio \u00e8 robusta e durevole, in grado di proteggere i tuoi prodotti da cadute e urti improvvisi<\/li>\n<li><strong><b>Bellissimo <\/b><\/strong><strong><b>UN<\/b><\/strong><strong><b>aspetto<\/b><\/strong><strong><b>: <\/b><\/strong>L&#039;abbinamento dei colori \u00e8 sofisticato e molto strutturato. Si tratta di una valigetta portautensili in alluminio di altissima qualit\u00e0 e dall&#039;aspetto gradevole.<\/li>\n<\/ul>\n<h4><span style=\"color: #003366;\">Dettagli del prodotto:<\/span><\/h4>\n<div style=\"display: flex; gap: 20px;\">\n<p><!-- \u7b2c\u4e00\u680f --><\/p>\n<div style=\"flex: 1; text-align: center;\">\n<p><img decoding=\"async\" style=\"max-width: 100%; height: auto; margin-bottom: 10px;\" src=\"https:\/\/suncasesupply.com\/wp-content\/uploads\/2025\/03\/1-K-Type-Corner-Wrap-.jpg\" alt=\"Rivestimento angolare tipo K\" \/><\/p>\n<p><strong><b>Angolo tipo K<\/b><\/strong><\/p>\n<p style=\"margin: 0;\">L&#039;angolare di protezione di una valigetta in alluminio cinese \u00e8 un accessorio inventato per proteggere gli angoli della valigetta dalle deformazioni dovute agli urti. L&#039;angolare di tipo K offre una migliore capacit\u00e0 anticollisione e protezione rispetto all&#039;angolare tradizionale.<\/p>\n<p>Inoltre, \u00e8 pi\u00f9 bello e ha una consistenza migliore.<\/p>\n<p>&nbsp;<\/p>\n<\/div>\n<p><!-- \u7b2c\u4e8c\u680f --><\/p>\n<div style=\"flex: 1; text-align: center;\">\n<p><img decoding=\"async\" style=\"max-width: 100%; height: auto; margin-bottom: 10px;\" src=\"https:\/\/suncasesupply.com\/wp-content\/uploads\/2025\/03\/2-PickPluck-Foam.jpg\" alt=\"Schiuma Pick&amp;Pluck\" \/><\/p>\n<p><strong><b>Schiuma Pick&amp;Pluck<\/b><\/strong><\/p>\n<p style=\"margin: 0;\">La schiuma Pick&amp;Pluck, posizionata sul coperchio inferiore della valigetta portautensili in alluminio, pu\u00f2 essere personalizzata in altezza e densit\u00e0 in base alle esigenze del cliente. Si tratta di una schiuma fai da te che pu\u00f2 essere tagliata in diverse forme e dimensioni per adattarsi alle esigenze di vari articoli. Inoltre, pu\u00f2 ammortizzare, isolare, proteggere e fissare gli oggetti nella scatola per evitare che vengano danneggiati durante il trasporto o lo stoccaggio.<\/p>\n<\/div>\n<p><!-- \u7b2c\u4e09\u680f --><\/p>\n<div style=\"flex: 1; text-align: center;\">\n<p><img decoding=\"async\" style=\"max-width: 100%; height: auto; margin-bottom: 10px;\" src=\"https:\/\/suncasesupply.com\/wp-content\/uploads\/2025\/03\/3-Hing.jpg\" alt=\"Supporto cerniera\" \/><\/p>\n<p><strong><b>Supporto cerniera<\/b><\/strong><\/p>\n<p>La cerniera \u00e8 realizzata tra il coperchio superiore e quello inferiore della valigetta in alluminio, consentendo di regolare e fissare l&#039;angolo di apertura della valigetta. Quando la valigetta \u00e8 aperta, impedisce che il coperchio superiore cada e colpisca i prodotti nella scatola o le mani dell&#039;utente.<\/p>\n<\/div>\n<p><!-- \u7b2c\u56db\u680f --><\/p>\n<div style=\"flex: 1; text-align: center;\">\n<p><img decoding=\"async\" style=\"max-width: 100%; height: auto; margin-bottom: 10px;\" src=\"https:\/\/suncasesupply.com\/wp-content\/uploads\/2025\/03\/4-Handle.jpg\" alt=\"Maniglia\" \/><\/p>\n<p><strong><b>Maniglia<\/b><\/strong><\/p>\n<p style=\"margin: 0;\">La maniglia \u00e8 un accessorio essenziale per le custodie in alluminio, che rende la custodia facile da trasportare. Di solito, la maniglia delle custodie in alluminio sar\u00e0 durevole e forte. Gli stili sono opzionali, per abbinarsi alle diverse custodie.<\/p>\n<\/div>\n<\/div>\n<div style=\"background-color: #29599a; padding: 40px 20px; text-align: center; color: #ffffff; border-radius: 10px; margin: 40px auto; max-width: 960px;\">\n<h2 style=\"font-size: 22px; margin-bottom: 20px; font-weight: bold;\">Ordina oggi stesso la valigetta portautensili in alluminio con schiuma Sun Case, solo MOQ 100!<\/h2>\n<p><a style=\"display: inline-block; padding: 12px 28px; background-color: #ffffff; color: #29599a; text-decoration: none; border-radius: 6px; font-weight: bold;\" href=\"https:\/\/suncasesupply.com\/it\/contact-us\/\" target=\"_blank\" rel=\"noopener\">Richiedi un preventivo oggi<br \/>\n<\/a><\/p>\n<\/div>\n<h4><span style=\"color: #003366;\">Processo di produzione:<\/span><\/h4>\n<p><img decoding=\"async\" style=\"max-width: 100%; height: auto; margin-bottom: 10px;\" src=\"https:\/\/suncasesupply.com\/wp-content\/uploads\/2025\/07\/Manufacturing-Process.png\" alt=\"Processo di fabbricazione di Suncase\" \/><\/p>\n<div style=\"display: flex; gap: 20px;\">\n<p><!-- \u7b2c\u4e00\u680f \u6d41\u7a0b1--><\/p>\n<div style=\"flex: 1; text-align: center;\"><\/div>\n<\/div>\n<div style=\"display: flex; gap: 20px;\">\n<div style=\"flex: 1; text-align: center;\">\n<p style=\"font-weight: bold; margin: 5px 0;\">\n<\/div>\n<\/div>\n<h4><span style=\"color: #003366;\">Informazioni utili per gli acquirenti all&#039;ingrosso:<\/span><\/h4>\n<ul>\n<li class=\"page-title\" title=\"Cosa rende le carte sportive cos\u00ec preziose?\">\n<p class=\"page-title\" title=\"6 motivi per cui dovresti organizzare con una scatola di stoccaggio in alluminio\"><a href=\"https:\/\/suncasesupply.com\/it\/blog\/custom-aluminum-case\/6-reasons-to-use-aluminum-storage-box-today\/\">6 motivi per cui dovresti organizzare con una scatola di stoccaggio in alluminio &gt;&gt;<\/a><\/p>\n<\/li>\n<li title=\"Cosa rende le carte sportive cos\u00ec preziose?\">\n<p class=\"page-title\" title=\"Tutto quello che devi sapere sulle custodie in alluminio\"><a href=\"https:\/\/suncasesupply.com\/it\/blog\/all-you-need-to-know-about-aluminum-cases\/\">Tutto quello che devi sapere sulle custodie in alluminio &gt;&gt;<\/a><\/p>\n<\/li>\n<\/ul>","protected":false},"excerpt":{"rendered":"<p>Modello: SC-BA0006<\/p>\n<p>Dimensioni: 400x320x120mm o dimensioni personalizzate<\/p>\n<p>Colori: argento, nero o altri colori personalizzati.<\/p>\n<p>Materiali: Angolo tipo K<strong><b>\u00a0<\/b><\/strong>Telaio in alluminio, pannello MDF, pannello ABS, schiuma Pick&amp;Pluck, ferramenta.<\/p>\n<p>Logo: logo su piastra metallica, logo serigrafato, \u00e8 accettato il logo personalizzato del marchio.<\/p>\n<p>Quantit\u00e0 minima: 100 pezzi<\/p>\n<p>Campione: disponibile, tempo di consegna del campione circa 7 giorni.<\/p>","protected":false},"featured_media":25370,"template":"","meta":{"_gspb_post_css":""},"product_cat":[42,80],"product_tag":[],"featured_image_urls":{"full":["https:\/\/suncasesupply.com\/wp-content\/uploads\/2025\/05\/black-aluminum-box.jpg",800,800,false],"thumbnail":["https:\/\/suncasesupply.com\/wp-content\/uploads\/2025\/05\/black-aluminum-box-150x150.jpg",150,150,true],"medium":["https:\/\/suncasesupply.com\/wp-content\/uploads\/2025\/05\/black-aluminum-box-300x300.jpg",300,300,true],"medium_large":["https:\/\/suncasesupply.com\/wp-content\/uploads\/2025\/05\/black-aluminum-box-768x768.jpg",768,768,true],"large":["https:\/\/suncasesupply.com\/wp-content\/uploads\/2025\/05\/black-aluminum-box.jpg",800,800,false],"1536x1536":["https:\/\/suncasesupply.com\/wp-content\/uploads\/2025\/05\/black-aluminum-box.jpg",800,800,false],"2048x2048":["https:\/\/suncasesupply.com\/wp-content\/uploads\/2025\/05\/black-aluminum-box.jpg",800,800,false],"trp-custom-language-flag":["https:\/\/suncasesupply.com\/wp-content\/uploads\/2025\/05\/black-aluminum-box-12x12.jpg",12,12,true],"woocommerce_thumbnail":["https:\/\/suncasesupply.com\/wp-content\/uploads\/2025\/05\/black-aluminum-box-300x300.jpg",300,300,true],"woocommerce_single":["https:\/\/suncasesupply.com\/wp-content\/uploads\/2025\/05\/black-aluminum-box-600x600.jpg",600,600,true],"woocommerce_gallery_thumbnail":["https:\/\/suncasesupply.com\/wp-content\/uploads\/2025\/05\/black-aluminum-box-100x100.jpg",100,100,true]},"post_excerpt_stackable":"<p>Model :SC-BA0006<\/p>\n<p>Size: 400x320x120mm or customize size<\/p>\n<p>Colors: Silver color, Black color or other customized colors.<\/p>\n<p>Materials: K-Type Corner<strong><b>\u00a0<\/b><\/strong>Aluminum\u00a0frame, MDF Board, ABS\u00a0Panel,\u00a0Pick&amp;Pluck Foam, Hardware.<\/p>\n<p>Logo: Metal plate logo, Silk screen printing logo, custom brand logo acceptable.<\/p>\n<p>MOQ: 100pcs<\/p>\n<p>Sample: Available, sample time about 7 days.<\/p>\n","category_list":"","author_info":{"name":"","url":""},"comments_num":"0 commenti","_links":{"self":[{"href":"https:\/\/suncasesupply.com\/it\/wp-json\/wp\/v2\/product\/24134"}],"collection":[{"href":"https:\/\/suncasesupply.com\/it\/wp-json\/wp\/v2\/product"}],"about":[{"href":"https:\/\/suncasesupply.com\/it\/wp-json\/wp\/v2\/types\/product"}],"wp:featuredmedia":[{"embeddable":true,"href":"https:\/\/suncasesupply.com\/it\/wp-json\/wp\/v2\/media\/25370"}],"wp:attachment":[{"href":"https:\/\/suncasesupply.com\/it\/wp-json\/wp\/v2\/media?parent=24134"}],"wp:term":[{"taxonomy":"product_cat","embeddable":true,"href":"https:\/\/suncasesupply.com\/it\/wp-json\/wp\/v2\/product_cat?post=24134"},{"taxonomy":"product_tag","embeddable":true,"href":"https:\/\/suncasesupply.com\/it\/wp-json\/wp\/v2\/product_tag?post=24134"}],"curies":[{"name":"wp","href":"https:\/\/api.w.org\/{rel}","templated":true}]}}