{"id":24037,"date":"2024-11-15T15:15:06","date_gmt":"2024-11-15T07:15:06","guid":{"rendered":"https:\/\/suncasesupply.com\/?post_type=product&#038;p=24037"},"modified":"2026-03-16T22:49:22","modified_gmt":"2026-03-16T14:49:22","slug":"aluminum-vinyl-record-case-silver-lp-collection-and-storage-case-7-lp-record-box","status":"publish","type":"product","link":"https:\/\/suncasesupply.com\/it\/product\/aluminum-vinyl-record-case-silver-lp-collection-and-storage-case-7-lp-record-box\/","title":{"rendered":"Custodia per dischi in vinile in alluminio Custodia per raccolta e conservazione di dischi in vinile in argento Scatola per dischi in vinile da 7\u2033"},"content":{"rendered":"<h4><span style=\"color: #003366;\">Caratteristiche:<\/span><\/h4>\n<ul>\n<li><strong>Materiali robusti<\/strong>\u00a0 Questa custodia in alluminio per dischi in vinile \u00e8 progettata per contenere dischi da 7&quot;. \u00c8 realizzata in robusto alluminio, pannello in ABS, pannello in MDF, rivestimento in EVA e robusti accessori in metallo per proteggere efficacemente la custodia dalle abrasioni.<\/li>\n<li><strong>Ampio spazio di archiviazione<\/strong>\u00a0 Le dimensioni della custodia sono completamente personalizzabili in base ai dischi da 7&quot; e possono contenere fino a 120 dischi. Questa scatola porta dischi \u00e8 la scelta perfetta per chi colleziona dischi.<\/li>\n<li><strong>Conservazione sicura e affidabile<\/strong>\u00a0 L&#039;interno della scatola porta dischi LP \u00e8 dotato di un morbido rivestimento in EVA per proteggere i dischi da eventuali danni, mentre la serratura pu\u00f2 proteggere efficacemente la tua collezione di dischi dai furti, il che \u00e8 estremamente sicuro.<\/li>\n<\/ul>\n<h4><span style=\"color: #003366;\">Dettagli del prodotto:<\/span><\/h4>\n<div style=\"display: flex; gap: 20px;\">\n<p><!-- \u7b2c\u4e00\u680f --><\/p>\n<div style=\"flex: 1; text-align: center;\">\n<p><img decoding=\"async\" style=\"max-width: 100%; height: auto; margin-bottom: 10px;\" src=\"https:\/\/suncasesupply.com\/wp-content\/uploads\/2025\/03\/Inside-Compartent.png\" alt=\"Scomparto interno\" \/><\/p>\n<p style=\"font-weight: bold; margin: 5px 0;\">Scomparto interno<\/p>\n<p style=\"margin: 0;\">La custodia \u00e8 rivestita con una morbida imbottitura in EVA per proteggere i tuoi dischi da eventuali danni. La partizione centrale divide lo spazio in due parti, che possono contenere due file di LP da 7&quot;, mantenendo la tua collezione di dischi organizzata e ordinata. \u00c8 una delle scatole per dischi LP pi\u00f9 pratiche per i collezionisti.<\/p>\n<\/div>\n<div style=\"flex: 1; text-align: center;\">\n<p><img decoding=\"async\" style=\"max-width: 100%; height: auto; margin-bottom: 10px;\" src=\"https:\/\/suncasesupply.com\/wp-content\/uploads\/2025\/03\/ABS-surface.png\" alt=\"Superficie ABS\" \/><\/p>\n<p style=\"font-weight: bold; margin: 5px 0;\">Superficie ABS<\/p>\n<p style=\"margin: 0;\">La superficie \u00e8 realizzata in materiale con motivo a rombi, molto bello e alla moda. Questo materiale pu\u00f2 efficacemente impedire che la custodia del disco in vinile si graffi durante l&#039;uso, rendendola pi\u00f9 resistente.<\/p>\n<\/div>\n<div style=\"flex: 1; text-align: center;\">\n<p><img decoding=\"async\" style=\"max-width: 100%; height: auto; margin-bottom: 10px;\" src=\"https:\/\/suncasesupply.com\/wp-content\/uploads\/2025\/03\/Sturdy-handle-2.png\" alt=\"Maniglia robusta\" \/><\/p>\n<p style=\"font-weight: bold; margin: 5px 0;\">Maniglia robusta<\/p>\n<p style=\"margin: 0;\">Il manico \u00e8 realizzato in metallo robusto e gomma morbida, robusto e comodo da trasportare. L&#039;ottima qualit\u00e0 del manico consente a questa custodia di sostenere un certo peso. Che tu stia collezionando dischi a casa o in viaggio, questa custodia per LP \u00e8 la scelta perfetta.<\/p>\n<\/div>\n<p><!-- \u7b2c\u56db\u680f --><\/p>\n<div style=\"flex: 1; text-align: center;\">\n<p><img decoding=\"async\" style=\"max-width: 100%; height: auto; margin-bottom: 10px;\" src=\"https:\/\/suncasesupply.com\/wp-content\/uploads\/2025\/03\/Feet.png\" alt=\"Piedini anti-attrito\" \/><\/p>\n<p style=\"font-weight: bold; margin: 5px 0;\">Piedini anti-attrito<\/p>\n<p style=\"margin: 0;\">Sul retro della scatola sono installati 4 piedini che evitano l&#039;attrito e proteggono la scatola quando la si appoggia sul tavolo o a terra, rendendola pi\u00f9 resistente e garantendo che le scatole porta dischi LP rimangano in buone condizioni anche con un uso frequente.<\/p>\n<\/div>\n<\/div>\n<div style=\"background-color: #29599a; padding: 40px 20px; text-align: center; color: #ffffff; border-radius: 10px; margin: 40px auto; max-width: 960px;\">\n<h2 style=\"font-size: 22px; margin-bottom: 20px; font-weight: bold;\"><span style=\"color: #ffffff;\">Ottieni una protezione premium e prezzi all&#039;ingrosso per i tuoi ordini di custodie in alluminio per dischi in vinile: contatta Sun Case oggi stesso!<\/span><\/h2>\n<p><a style=\"display: inline-block; padding: 12px 28px; background-color: #ffffff; color: #29599a; text-decoration: none; border-radius: 6px; font-weight: bold;\" href=\"https:\/\/suncasesupply.com\/it\/contact-us\/\" target=\"_blank\" rel=\"noopener\">Richiedi un preventivo<br \/>\n<\/a><\/p>\n<\/div>\n<h4><span style=\"color: #003366;\">Processo di fabbricazione della custodia in alluminio per dischi in vinile:<\/span><\/h4>\n<p><img decoding=\"async\" style=\"max-width: 100%; height: auto; margin-bottom: 10px;\" src=\"https:\/\/suncasesupply.com\/wp-content\/uploads\/2025\/07\/Manufacturing-Process.png\" alt=\"Processo di fabbricazione di Suncase\" \/><\/p>\n<div style=\"display: flex; gap: 20px;\">\n<p><!-- \u7b2c\u4e00\u680f \u6d41\u7a0b1--><\/p>\n<div style=\"flex: 1; text-align: center;\"><\/div>\n<\/div>\n<div style=\"display: flex; gap: 20px;\">\n<div style=\"flex: 1; text-align: center;\">\n<p style=\"font-weight: bold; margin: 5px 0;\">\n<\/div>\n<\/div>\n<h4><span style=\"color: #003366;\">Informazioni utili per gli acquirenti all&#039;ingrosso:<\/span><\/h4>\n<ul>\n<li><a href=\"https:\/\/suncasesupply.com\/it\/blog\/size-of-the-vinyl-record-case\/\">Qual \u00e8 la dimensione della custodia per dischi in vinile &gt;&gt;<\/a><\/li>\n<li><a href=\"https:\/\/suncasesupply.com\/it\/blog\/what-vinyl-record-case-made-of\/\">Di cosa sono fatte le custodie per dischi in vinile?<\/a><\/li>\n<li><a href=\"https:\/\/suncasesupply.com\/it\/blog\/custom-aluminum-case\/aluminum-storage-box-for-organization\/\">Come conservare i dischi in vinile in una custodia in alluminio?<\/a><\/li>\n<\/ul>","protected":false},"excerpt":{"rendered":"<p>Modello: Z49<\/p>\n<p>Dimensioni: 43x 37 x 22,5cm<\/p>\n<p>Capacit\u00e0: 120 LP da 7\u2033<\/p>\n<p>Quantit\u00e0 minima: 100 pezzi<\/p>\n<p>Tempi di consegna: 15-25 giorni<\/p>\n<p>Campione: disponibile<\/p>","protected":false},"featured_media":25377,"template":"","meta":{"_gspb_post_css":""},"product_cat":[83],"product_tag":[],"featured_image_urls":{"full":["https:\/\/suncasesupply.com\/wp-content\/uploads\/2025\/05\/aluminum-lp-case.jpg",800,800,false],"thumbnail":["https:\/\/suncasesupply.com\/wp-content\/uploads\/2025\/05\/aluminum-lp-case-150x150.jpg",150,150,true],"medium":["https:\/\/suncasesupply.com\/wp-content\/uploads\/2025\/05\/aluminum-lp-case-300x300.jpg",300,300,true],"medium_large":["https:\/\/suncasesupply.com\/wp-content\/uploads\/2025\/05\/aluminum-lp-case-768x768.jpg",768,768,true],"large":["https:\/\/suncasesupply.com\/wp-content\/uploads\/2025\/05\/aluminum-lp-case.jpg",800,800,false],"1536x1536":["https:\/\/suncasesupply.com\/wp-content\/uploads\/2025\/05\/aluminum-lp-case.jpg",800,800,false],"2048x2048":["https:\/\/suncasesupply.com\/wp-content\/uploads\/2025\/05\/aluminum-lp-case.jpg",800,800,false],"trp-custom-language-flag":["https:\/\/suncasesupply.com\/wp-content\/uploads\/2025\/05\/aluminum-lp-case-12x12.jpg",12,12,true],"woocommerce_thumbnail":["https:\/\/suncasesupply.com\/wp-content\/uploads\/2025\/05\/aluminum-lp-case-300x300.jpg",300,300,true],"woocommerce_single":["https:\/\/suncasesupply.com\/wp-content\/uploads\/2025\/05\/aluminum-lp-case-600x600.jpg",600,600,true],"woocommerce_gallery_thumbnail":["https:\/\/suncasesupply.com\/wp-content\/uploads\/2025\/05\/aluminum-lp-case-100x100.jpg",100,100,true]},"post_excerpt_stackable":"<p>Model : Z49<\/p>\n<p>Size: 43x 37 x 22,5cm<\/p>\n<p>Capacity: 120 x 7&#8243; LPs<\/p>\n<p>MOQ: 100pcs<\/p>\n<p>Delivery Time : 15-25 Days<\/p>\n<p>Sample : Available<\/p>\n","category_list":"","author_info":{"name":"","url":""},"comments_num":"0 commenti","_links":{"self":[{"href":"https:\/\/suncasesupply.com\/it\/wp-json\/wp\/v2\/product\/24037"}],"collection":[{"href":"https:\/\/suncasesupply.com\/it\/wp-json\/wp\/v2\/product"}],"about":[{"href":"https:\/\/suncasesupply.com\/it\/wp-json\/wp\/v2\/types\/product"}],"wp:featuredmedia":[{"embeddable":true,"href":"https:\/\/suncasesupply.com\/it\/wp-json\/wp\/v2\/media\/25377"}],"wp:attachment":[{"href":"https:\/\/suncasesupply.com\/it\/wp-json\/wp\/v2\/media?parent=24037"}],"wp:term":[{"taxonomy":"product_cat","embeddable":true,"href":"https:\/\/suncasesupply.com\/it\/wp-json\/wp\/v2\/product_cat?post=24037"},{"taxonomy":"product_tag","embeddable":true,"href":"https:\/\/suncasesupply.com\/it\/wp-json\/wp\/v2\/product_tag?post=24037"}],"curies":[{"name":"wp","href":"https:\/\/api.w.org\/{rel}","templated":true}]}}