{"id":24017,"date":"2024-11-15T14:08:02","date_gmt":"2024-11-15T06:08:02","guid":{"rendered":"https:\/\/suncasesupply.com\/?post_type=product&#038;p=24017"},"modified":"2025-11-04T16:03:15","modified_gmt":"2025-11-04T08:03:15","slug":"pu-lp-storage-case-vinyl-record-box-for-50-lps-cherry-pattern","status":"publish","type":"product","link":"https:\/\/suncasesupply.com\/it\/product\/pu-lp-storage-case-vinyl-record-box-for-50-lps-cherry-pattern\/","title":{"rendered":"Custodia per dischi in vinile in PU LP per 50 LP con motivo ciliegia"},"content":{"rendered":"<h4><span style=\"color: #003366;\">Caratteristiche:<\/span><\/h4>\n<ul>\n<li data-start=\"78\" data-end=\"221\"><strong>Soluzione di archiviazione perfetta:<\/strong> Questa custodia in PU per LP \u00e8 progettata per conservare e raccogliere in modo sicuro tutti i tuoi preziosi dischi in vinile da 12&quot;.<\/li>\n<li data-start=\"223\" data-end=\"470\"><strong>Design elegante e retr\u00f2:<\/strong> Presenta un motivo a ciliegie rosa e dischi in vinile con fodera interna rossa, in perfetto stile americano. Questo lo rende non solo funzionale, ma anche una splendida decorazione per la casa o un&#039;idea regalo premurosa.<\/li>\n<li data-start=\"472\" data-end=\"621\"><strong>Grande capacit\u00e0:<\/strong> La custodia ha una capacit\u00e0 perfetta per 30-50 LP da 12&quot;, il che la rende una scelta pratica per i collezionisti con collezioni in crescita.<\/li>\n<li data-start=\"623\" data-end=\"824\"><strong>Protezione completa:<\/strong> L&#039;interno completamente foderato protegge i tuoi vinili da eventuali danni. Non \u00e8 solo un&#039;elegante custodia per dischi in vinile, ma anche una custodia protettiva per gli appassionati.<\/li>\n<li data-start=\"826\" data-end=\"1006\"><strong>Usi e nomi multipli:<\/strong> Molti utenti lo chiamano anche custodia per dischi in vinile LP o addirittura versatile scatola per dischi in vinile, grazie al suo design multifunzionale.<\/li>\n<\/ul>\n<h4><span style=\"color: #003366;\">Dettagli del prodotto:<\/span><\/h4>\n<div style=\"display: flex; gap: 20px;\">\n<div style=\"flex: 1; text-align: center;\">\n<p><img decoding=\"async\" style=\"max-width: 100%; height: auto; margin-bottom: 10px;\" src=\"https:\/\/suncasesupply.com\/wp-content\/uploads\/2025\/03\/Sturdy-handle.png\" alt=\"Maniglia robusta\" \/><\/p>\n<p style=\"font-weight: bold; margin: 5px 0;\"><strong><b>Maniglia robusta<\/b><\/strong><\/p>\n<p style=\"margin: 0;\">Il manico \u00e8 fatto di metallo di alta qualit\u00e0 ed \u00e8 molto robusto. Il manico \u00e8 incollato con pelle PU con lo stesso motivo, che si abbina al metallo bronzo ed \u00e8 molto retr\u00f2 americano.<\/p>\n<\/div>\n<p><!-- \u7b2c\u4e8c\u680f --><\/p>\n<div style=\"flex: 1; text-align: center;\">\n<p><img decoding=\"async\" style=\"max-width: 100%; height: auto; margin-bottom: 10px;\" src=\"https:\/\/suncasesupply.com\/wp-content\/uploads\/2025\/03\/Strong-hardware.png\" alt=\"Hardware robusto\" \/><\/p>\n<p style=\"font-weight: bold; margin: 5px 0;\"><strong><b>Hardware robusto<\/b><\/strong><\/p>\n<p style=\"margin: 0;\">Questa scatola \u00e8 dotata di maniglie, angoli, serrature e altri accessori in metallo. Offre una protezione superba per i tuoi dischi in vinile all&#039;interno. Tutti gli accessori sono in bronzo, che si abbina ai motivi rosa ciliegia e labbra per creare un&#039;atmosfera retr\u00f2. \u00c8 una scelta perfetta per i collezionisti di dischi.<\/p>\n<\/div>\n<p><!-- \u7b2c\u4e09\u680f --><\/p>\n<div style=\"flex: 1; text-align: center;\">\n<p><img decoding=\"async\" style=\"max-width: 100%; height: auto; margin-bottom: 10px;\" src=\"https:\/\/suncasesupply.com\/wp-content\/uploads\/2025\/03\/Soft-interior.png\" alt=\"Interno morbido\" \/><\/p>\n<p style=\"font-weight: bold; margin: 5px 0;\">Interni morbidi<\/p>\n<p style=\"margin: 0;\">Il morbido velluto all&#039;interno pu\u00f2 proteggere i tuoi dischi da eventuali danni. Il colore della flanella pu\u00f2 essere abbinato al motivo del PU esterno.<\/p>\n<\/div>\n<p><!-- \u7b2c\u56db\u680f --><\/p>\n<div style=\"flex: 1; text-align: center;\">\n<p><img decoding=\"async\" style=\"max-width: 100%; height: auto; margin-bottom: 10px;\" src=\"https:\/\/suncasesupply.com\/wp-content\/uploads\/2025\/03\/Retro-Pattern.png\" alt=\"Modello retr\u00f2\" \/><\/p>\n<p style=\"font-weight: bold; margin: 5px 0;\">Modello retr\u00f2<\/p>\n<p style=\"margin: 0;\">Realizzato in similpelle impermeabile, \u00e8 facile da pulire. I motivi a ciliegia e labbra rosse sono in perfetto stile retr\u00f2 americano. Non \u00e8 solo un&#039;ottima custodia per dischi in vinile, ma anche un&#039;elegante decorazione per la casa.<\/p>\n<\/div>\n<\/div>\n<div style=\"background-color: #29599a; padding: 40px 20px; text-align: center; color: #ffffff; border-radius: 10px; margin: 40px auto; max-width: 960px;\">\n<h2 style=\"font-size: 22px; margin-bottom: 20px; font-weight: bold;\"><span style=\"color: #ffffff;\">Ordina oggi stesso la custodia Sun Case Pu Lp, quantit\u00e0 minima disponibile 100 pezzi.<\/span><\/h2>\n<p><a style=\"display: inline-block; padding: 12px 28px; background-color: #ffffff; color: #29599a; text-decoration: none; border-radius: 6px; font-weight: bold;\" href=\"https:\/\/suncasesupply.com\/it\/contact-us\/\" target=\"_blank\" rel=\"noopener\">Richiedi un preventivo oggi<br \/>\n<\/a><\/p>\n<\/div>\n<h4><span style=\"color: #003366;\">Processo di fabbricazione della scatola di stoccaggio LP:<\/span><\/h4>\n<p><img decoding=\"async\" style=\"max-width: 100%; height: auto; margin-bottom: 10px;\" src=\"https:\/\/suncasesupply.com\/wp-content\/uploads\/2025\/07\/Manufacturing-Process.png\" alt=\"Processo di fabbricazione di Suncase\" \/><\/p>\n<div style=\"display: flex; gap: 20px;\"><\/div>\n<div style=\"display: flex; gap: 20px;\">\n<div style=\"flex: 1; text-align: center;\">\n<p style=\"font-weight: bold; margin: 5px 0;\">\n<\/div>\n<\/div>\n<h4><span style=\"color: #003366;\">Informazioni utili per gli acquirenti all&#039;ingrosso:<\/span><\/h4>\n<ul>\n<li class=\"page-title\" title=\"Cosa rende le carte sportive cos\u00ec preziose?\">\n<p class=\"page-title\" title=\"Qual \u00e8 la dimensione della custodia del disco in vinile?\"><a href=\"https:\/\/suncasesupply.com\/it\/blog\/size-of-the-vinyl-record-case\/\">Qual \u00e8 la dimensione della custodia per dischi in vinile &gt;&gt;<\/a><\/p>\n<\/li>\n<li title=\"Cosa rende le carte sportive cos\u00ec preziose?\"><a href=\"https:\/\/suncasesupply.com\/it\/blog\/what-vinyl-record-case-made-of\/\">Di cosa sono fatte le custodie per dischi in vinile?<\/a><\/li>\n<li title=\"Cosa rende le carte sportive cos\u00ec preziose?\"><a href=\"https:\/\/suncasesupply.com\/it\/blog\/custom-aluminum-case\/aluminum-storage-box-for-organization\/\">Come conservare i dischi in vinile in una custodia in alluminio?<\/a><\/li>\n<\/ul>","protected":false},"excerpt":{"rendered":"<p>Modello: Z46<\/p>\n<p>Dimensioni: 36x 18x 36cm<\/p>\n<p>Capacit\u00e0: 50x 12\u2033 LP<\/p>\n<p>Quantit\u00e0 minima: 100 pezzi<\/p>\n<p>Tempi di consegna: 15-25 giorni<\/p>\n<p>Campione: disponibile<\/p>","protected":false},"featured_media":25373,"template":"","meta":{"_gspb_post_css":""},"product_cat":[83],"product_tag":[],"featured_image_urls":{"full":["https:\/\/suncasesupply.com\/wp-content\/uploads\/2025\/05\/PU-Record-box.jpg",800,800,false],"thumbnail":["https:\/\/suncasesupply.com\/wp-content\/uploads\/2025\/05\/PU-Record-box-150x150.jpg",150,150,true],"medium":["https:\/\/suncasesupply.com\/wp-content\/uploads\/2025\/05\/PU-Record-box-300x300.jpg",300,300,true],"medium_large":["https:\/\/suncasesupply.com\/wp-content\/uploads\/2025\/05\/PU-Record-box-768x768.jpg",768,768,true],"large":["https:\/\/suncasesupply.com\/wp-content\/uploads\/2025\/05\/PU-Record-box.jpg",800,800,false],"1536x1536":["https:\/\/suncasesupply.com\/wp-content\/uploads\/2025\/05\/PU-Record-box.jpg",800,800,false],"2048x2048":["https:\/\/suncasesupply.com\/wp-content\/uploads\/2025\/05\/PU-Record-box.jpg",800,800,false],"trp-custom-language-flag":["https:\/\/suncasesupply.com\/wp-content\/uploads\/2025\/05\/PU-Record-box-12x12.jpg",12,12,true],"woocommerce_thumbnail":["https:\/\/suncasesupply.com\/wp-content\/uploads\/2025\/05\/PU-Record-box-300x300.jpg",300,300,true],"woocommerce_single":["https:\/\/suncasesupply.com\/wp-content\/uploads\/2025\/05\/PU-Record-box-600x600.jpg",600,600,true],"woocommerce_gallery_thumbnail":["https:\/\/suncasesupply.com\/wp-content\/uploads\/2025\/05\/PU-Record-box-100x100.jpg",100,100,true]},"post_excerpt_stackable":"<p>Model : Z46<\/p>\n<p>Size: 36x 18x 36cm<\/p>\n<p>Capacity: 50x 12&#8243; LPs<\/p>\n<p>MOQ: 100pcs<\/p>\n<p>Delivery Time : 15-25 Days<\/p>\n<p>Sample : Available<\/p>\n","category_list":"","author_info":{"name":"","url":""},"comments_num":"0 commenti","_links":{"self":[{"href":"https:\/\/suncasesupply.com\/it\/wp-json\/wp\/v2\/product\/24017"}],"collection":[{"href":"https:\/\/suncasesupply.com\/it\/wp-json\/wp\/v2\/product"}],"about":[{"href":"https:\/\/suncasesupply.com\/it\/wp-json\/wp\/v2\/types\/product"}],"wp:featuredmedia":[{"embeddable":true,"href":"https:\/\/suncasesupply.com\/it\/wp-json\/wp\/v2\/media\/25373"}],"wp:attachment":[{"href":"https:\/\/suncasesupply.com\/it\/wp-json\/wp\/v2\/media?parent=24017"}],"wp:term":[{"taxonomy":"product_cat","embeddable":true,"href":"https:\/\/suncasesupply.com\/it\/wp-json\/wp\/v2\/product_cat?post=24017"},{"taxonomy":"product_tag","embeddable":true,"href":"https:\/\/suncasesupply.com\/it\/wp-json\/wp\/v2\/product_tag?post=24017"}],"curies":[{"name":"wp","href":"https:\/\/api.w.org\/{rel}","templated":true}]}}