{"id":23935,"date":"2024-11-08T15:25:39","date_gmt":"2024-11-08T07:25:39","guid":{"rendered":"https:\/\/suncasesupply.com\/?post_type=product&#038;p=23935"},"modified":"2025-09-04T15:19:01","modified_gmt":"2025-09-04T07:19:01","slug":"100-graded-coin-slab-case-aluminum-coin-storage-box","status":"publish","type":"product","link":"https:\/\/suncasesupply.com\/it\/product\/100-graded-coin-slab-case-aluminum-coin-storage-box\/","title":{"rendered":"Scatola porta monete in alluminio con 100 monete classificate"},"content":{"rendered":"<h4><span style=\"color: #003366;\">Caratteristiche:<\/span><\/h4>\n<ul>\n<li><strong><b>Costruzione<\/b><\/strong>: La scatola porta monete in alluminio \u00e8 robusta e durevole, resistente alla pressione e agli urti. Il corpo \u00e8 solitamente dotato di telaio in alluminio rinforzato e angoli robusti, che possono resistere efficacemente a urti esterni, estrusioni e cadute.<\/li>\n<li><strong><b>Layout professionale<\/b><\/strong>: Questa vetrina per lastre di monete \u00e8 dotata di un design a 5 file, ciascuna delle quali pu\u00f2 contenere 20 lastre di monete NGC o PCGS e proteggere la tua collezione di lastre di monete da eventuali danni.<\/li>\n<li><strong><b>Protezione<\/b><\/strong>: Proteggi le tue monete mantenendo tutto organizzato per una facile conservazione, viaggio e trasporto. I collezionisti possono anche usarlo insieme a <strong data-start=\"669\" data-end=\"696\">contenitori per monete<\/strong> per la massima sicurezza.<\/li>\n<li><strong><b>Capacit\u00e0 diverse<\/b><\/strong>: Sono disponibili diverse dimensioni tra cui scegliere, dalla piccola alla grande, per soddisfare le esigenze di diverse collezioni, adatte anche come espositore per 100 carte classificate per i collezionisti di carte.<\/li>\n<\/ul>\n<h4><span style=\"color: #003366;\">Dettagli del prodotto:<\/span><\/h4>\n<div style=\"display: flex; gap: 20px;\">\n<p><!-- \u7b2c\u4e00\u680f --><\/p>\n<div style=\"flex: 1; text-align: center;\">\n<p><img decoding=\"async\" style=\"max-width: 100%; height: auto; margin-bottom: 10px;\" src=\"https:\/\/suncasesupply.com\/wp-content\/uploads\/2025\/08\/1-EVA-Slots.jpg\" alt=\"Slot EVA\" \/><\/p>\n<p style=\"font-weight: bold; margin: 5px 0;\"><strong><b>Slot EVA<\/b><\/strong><\/p>\n<p style=\"margin: 0;\">Il coperchio inferiore del portamonete \u00e8 costituito da fessure in EVA nere. La dimensione di ciascuna fessura in EVA \u00e8 personalizzata in base alle dimensioni delle lastre di monete. Ogni fessura in EVA pu\u00f2 fissare saldamente ciascuna lastra di monete e fungere anche da espositore, adattandosi perfettamente alle custodie per la conservazione delle lastre di monete.<\/p>\n<\/div>\n<div style=\"flex: 1; text-align: center;\">\n<p><img decoding=\"async\" style=\"max-width: 100%; height: auto; margin-bottom: 10px;\" src=\"https:\/\/suncasesupply.com\/wp-content\/uploads\/2025\/08\/2-Rubber-Feet.jpg\" alt=\"Piedini in gomma\" \/><\/p>\n<p style=\"font-weight: bold; margin: 5px 0;\"><strong><b>Piedini in gomma<\/b><\/strong><\/p>\n<p style=\"margin: 0;\">Sul fondo della cassetta porta monete sono presenti 4 piedini in gomma, che impediscono il contatto diretto con il terreno quando \u00e8 posizionata verticalmente. La cassetta ha funzioni di assorbimento degli urti, assorbimento degli impatti, antiscivolo e stabilit\u00e0.<\/p>\n<\/div>\n<div style=\"flex: 1; text-align: center;\">\n<p><img decoding=\"async\" style=\"max-width: 100%; height: auto; margin-bottom: 10px;\" src=\"https:\/\/suncasesupply.com\/wp-content\/uploads\/2025\/08\/3-Lock-with-Key.jpg\" alt=\"Bloccare con chiave\" \/><\/p>\n<p style=\"font-weight: bold; margin: 5px 0;\"><strong><b>Bloccare con chiave<\/b><\/strong><\/p>\n<p style=\"margin: 0;\">Ogni custodia per monete \u00e8 dotata di 2 serrature per utensili, ciascuna delle quali \u00e8 abbinata a 2 chiavi. Svolgono una funzione protettiva e aumentano la sicurezza delle custodie per monete.<\/p>\n<\/div>\n<p><!-- \u7b2c\u56db\u680f --><\/p>\n<div style=\"flex: 1; text-align: center;\">\n<p><img decoding=\"async\" style=\"max-width: 100%; height: auto; margin-bottom: 10px;\" src=\"https:\/\/suncasesupply.com\/wp-content\/uploads\/2025\/08\/4-Handle.jpg\" alt=\"Maniglia\" \/><\/p>\n<p style=\"font-weight: bold; margin: 5px 0;\"><strong><b>Maniglia<\/b><\/strong><\/p>\n<p style=\"margin: 0;\">La maniglia rende la vetrina portamonete facile da trasportare. \u00c8 molto robusta, resistente e realizzata con materiali di alta qualit\u00e0. Offre praticit\u00e0 e comfort.<\/p>\n<\/div>\n<\/div>\n<div style=\"background-color: #29599a; padding: 40px 20px; text-align: center; color: #ffffff; border-radius: 10px; margin: 40px auto; max-width: 960px;\">\n<h2 style=\"font-size: 22px; margin-bottom: 20px; font-weight: bold;\">Fornitura all&#039;ingrosso di espositori per monete Sun Case, MOQ 100 per collezionisti.<\/h2>\n<p><a style=\"display: inline-block; padding: 12px 28px; background-color: #ffffff; color: #29599a; text-decoration: none; border-radius: 6px; font-weight: bold;\" href=\"https:\/\/suncasesupply.com\/it\/contact-us\/\" target=\"_blank\" rel=\"noopener\">Richiedi un preventivo oggi<br \/>\n<\/a><\/p>\n<\/div>\n<h4><span style=\"color: #003366;\">Processo di fabbricazione del portamonete:<\/span><\/h4>\n<p><img decoding=\"async\" style=\"max-width: 100%; height: auto; margin-bottom: 10px;\" src=\"https:\/\/suncasesupply.com\/wp-content\/uploads\/2025\/07\/Manufacturing-Process.png\" alt=\"Processo di fabbricazione di Suncase\" \/><\/p>\n<h4><span style=\"color: #003366;\">Informazioni utili per gli acquirenti all&#039;ingrosso:<\/span><\/h4>\n<ul>\n<li>\n<p class=\"page-title\" title=\"Come conservare le lastre di monete\"><a href=\"https:\/\/suncasesupply.com\/it\/blog\/how-do-you-store-coin-slabs\/\">Come conservare le lastre di monete<\/a><\/p>\n<\/li>\n<li>\n<p class=\"page-title\" title=\"Le 3 migliori scelte di portamonete in alluminio\"><a href=\"https:\/\/suncasesupply.com\/it\/blog\/custom-aluminum-case\/top-3-picks-of-aluminum-coin-case\/\">Le 3 migliori scelte di portamonete in alluminio<\/a><\/p>\n<\/li>\n<li>\n<p class=\"page-title\" title=\"Scatole portamonete in alluminio per mantenere la qualit\u00e0 delle monete\"><a href=\"https:\/\/suncasesupply.com\/it\/blog\/custom-aluminum-case\/how-to-maintain-aluminum-coin-cases\/\">Scatole portamonete in alluminio per mantenere la qualit\u00e0 delle monete<\/a><\/p>\n<\/li>\n<\/ul>","protected":false},"excerpt":{"rendered":"<p>Modello: KY210<\/p>\n<p>Dimensioni: 42 x 32 x 11,5 cm<\/p>\n<p>Colori: Telaio in alluminio argento + pannello nero<\/p>\n<p>Materiali: Telaio in alluminio, pannello MDF, pannello ABS, accessori.<\/p>\n<p>Logo: Logo su piastra metallica<\/p>\n<p>Quantit\u00e0 minima: 100 pezzi<\/p>\n<p>Tempi di consegna: 15-25 giorni<\/p>","protected":false},"featured_media":25376,"template":"","meta":{"_gspb_post_css":""},"product_cat":[84],"product_tag":[],"featured_image_urls":{"full":["https:\/\/suncasesupply.com\/wp-content\/uploads\/2025\/05\/coin-case.jpg",800,800,false],"thumbnail":["https:\/\/suncasesupply.com\/wp-content\/uploads\/2025\/05\/coin-case-150x150.jpg",150,150,true],"medium":["https:\/\/suncasesupply.com\/wp-content\/uploads\/2025\/05\/coin-case-300x300.jpg",300,300,true],"medium_large":["https:\/\/suncasesupply.com\/wp-content\/uploads\/2025\/05\/coin-case-768x768.jpg",768,768,true],"large":["https:\/\/suncasesupply.com\/wp-content\/uploads\/2025\/05\/coin-case.jpg",800,800,false],"1536x1536":["https:\/\/suncasesupply.com\/wp-content\/uploads\/2025\/05\/coin-case.jpg",800,800,false],"2048x2048":["https:\/\/suncasesupply.com\/wp-content\/uploads\/2025\/05\/coin-case.jpg",800,800,false],"trp-custom-language-flag":["https:\/\/suncasesupply.com\/wp-content\/uploads\/2025\/05\/coin-case-12x12.jpg",12,12,true],"woocommerce_thumbnail":["https:\/\/suncasesupply.com\/wp-content\/uploads\/2025\/05\/coin-case-300x300.jpg",300,300,true],"woocommerce_single":["https:\/\/suncasesupply.com\/wp-content\/uploads\/2025\/05\/coin-case-600x600.jpg",600,600,true],"woocommerce_gallery_thumbnail":["https:\/\/suncasesupply.com\/wp-content\/uploads\/2025\/05\/coin-case-100x100.jpg",100,100,true]},"post_excerpt_stackable":"<p>Model :KY210<\/p>\n<p>Size: 42\u00a0x 32\u00a0x 11.5cm<\/p>\n<p>Colors: Silver Aluminum frame+Black Panel<\/p>\n<p>Materials: Aluminum\u00a0frame, MDF Board, ABS\u00a0Panel, Accessories.<\/p>\n<p>Logo: Metal plate logo<\/p>\n<p>MOQ: 100pcs<\/p>\n<p>Delivery Time : 15-25 Days<\/p>\n","category_list":"","author_info":{"name":"","url":""},"comments_num":"0 commenti","_links":{"self":[{"href":"https:\/\/suncasesupply.com\/it\/wp-json\/wp\/v2\/product\/23935"}],"collection":[{"href":"https:\/\/suncasesupply.com\/it\/wp-json\/wp\/v2\/product"}],"about":[{"href":"https:\/\/suncasesupply.com\/it\/wp-json\/wp\/v2\/types\/product"}],"wp:featuredmedia":[{"embeddable":true,"href":"https:\/\/suncasesupply.com\/it\/wp-json\/wp\/v2\/media\/25376"}],"wp:attachment":[{"href":"https:\/\/suncasesupply.com\/it\/wp-json\/wp\/v2\/media?parent=23935"}],"wp:term":[{"taxonomy":"product_cat","embeddable":true,"href":"https:\/\/suncasesupply.com\/it\/wp-json\/wp\/v2\/product_cat?post=23935"},{"taxonomy":"product_tag","embeddable":true,"href":"https:\/\/suncasesupply.com\/it\/wp-json\/wp\/v2\/product_tag?post=23935"}],"curies":[{"name":"wp","href":"https:\/\/api.w.org\/{rel}","templated":true}]}}