{"id":23780,"date":"2024-10-25T16:32:04","date_gmt":"2024-10-25T08:32:04","guid":{"rendered":"https:\/\/suncasesupply.com\/?post_type=product&#038;p=23780"},"modified":"2026-03-17T01:22:47","modified_gmt":"2026-03-16T17:22:47","slug":"professional-aluminum-makeup-case-customized-carry-nail-storage-box-goldblack","status":"publish","type":"product","link":"https:\/\/suncasesupply.com\/it\/product\/professional-aluminum-makeup-case-customized-carry-nail-storage-box-goldblack\/","title":{"rendered":"Valigetta per il trucco professionale in alluminio personalizzata, scatola portaoggetti per unghie, oro e nero"},"content":{"rendered":"<h4><span style=\"color: #003366;\">Caratteristiche:<\/span><\/h4>\n<ul>\n<li><strong><b>Senso del lusso: <\/b><\/strong>L&#039;oro rosa \u00e8 un colore metallico che rappresenta lusso leggero e moda. La struttura in alluminio di questo beauty case in alluminio \u00e8 realizzata in oro rosa, abbinata a un pannello nero, che migliora immediatamente la qualit\u00e0 dell&#039;intera scatola e la fa sembrare pi\u00f9 un articolo di moda che una semplice scatola.<\/li>\n<li><strong><b>Vantaggi del telaio in alluminio<\/b><\/strong>: Il materiale in lega di alluminio \u00e8 leggero ma robusto, in grado di proteggere efficacemente i costosi cosmetici all&#039;interno da estrusioni e urti durante il trasporto e il lavoro. Questa custodia per il trucco in alluminio di alta qualit\u00e0 \u00e8 pensata per i professionisti.<\/li>\n<li><strong><b>Resistenza alla compressione e all&#039;impatto<\/b><\/strong>: Rispetto alle trousse morbide, le strutture rigide o semirigide possono offrire una protezione pi\u00f9 affidabile per oggetti fragili come flaconi di vetro di fondotinta liquido e palette di ombretti. Sono ideali per un beauty case in alluminio economico, senza rinunciare alla qualit\u00e0.<\/li>\n<li><strong><b>Partizionamento scientifico<\/b><\/strong>:Il design interno presenta pi\u00f9 vassoi e divisori, che consentono di sistemare pennelli, fondotinta, ombretti, rossetti e altri cosmetici di diverse forme in diverse categorie, rendendoli visibili a colpo d&#039;occhio.<\/li>\n<\/ul>\n<div style=\"background-color: #29599a; padding: 40px 20px; text-align: center; color: #ffffff; border-radius: 10px; margin: 40px auto; max-width: 960px;\">\n<h2 style=\"font-size: 22px; margin-bottom: 20px; font-weight: bold;\"><span style=\"color: #ffffff;\">Acquista subito la valigetta portautensili da parrucchiere Sun Case, minimo 100, disponibile all&#039;ingrosso!<\/span><\/h2>\n<p><a style=\"display: inline-block; padding: 12px 28px; background-color: #ffffff; color: #29599a; text-decoration: none; border-radius: 6px; font-weight: bold;\" href=\"https:\/\/suncasesupply.com\/it\/contact-us\/\" target=\"_blank\" rel=\"noopener\">Richiedi un preventivo<br \/>\n<\/a><\/p>\n<\/div>\n<h4><span style=\"color: #003366;\">Dettagli del prodotto:<\/span><\/h4>\n<div style=\"display: flex; gap: 20px;\">\n<p><!-- \u7b2c\u4e00\u680f --><\/p>\n<div style=\"flex: 1; text-align: center;\">\n<p><img decoding=\"async\" style=\"max-width: 100%; height: auto; margin-bottom: 10px;\" src=\"https:\/\/suncasesupply.com\/wp-content\/uploads\/2025\/09\/2-Handle.jpg\" alt=\"Maniglia\" \/><\/p>\n<p><strong><b>Maniglia<\/b><\/strong><\/p>\n<p style=\"margin: 0;\">Il manico di un beauty case \u00e8 un accessorio fondamentale che coniuga funzionalit\u00e0, comfort, sicurezza ed estetica. La zona a contatto con il palmo \u00e8 solitamente rivestita in morbida gomma, morbida e flessibile, che dissipa efficacemente la pressione del peso del beauty case sul palmo ed evita lo schiacciamento delle dita. Perfetto per un contenitore per l&#039;attrezzatura per unghie.<\/p>\n<p>&nbsp;<\/p>\n<\/div>\n<p><!-- \u7b2c\u4e8c\u680f --><\/p>\n<div style=\"flex: 1; text-align: center;\">\n<p><img decoding=\"async\" style=\"max-width: 100%; height: auto; margin-bottom: 10px;\" src=\"https:\/\/suncasesupply.com\/wp-content\/uploads\/2025\/09\/1-Protective-Corner.jpg\" alt=\"Angolo protettivo\" \/><\/p>\n<p><strong><b>P<\/b><\/strong><strong><b>Angolo protettivo<\/b><\/strong><\/p>\n<p style=\"margin: 0;\">L&#039;angolo protettivo di questa custodia per cosmetici, diverso dai normali angoli quadrati o arrotondati, \u00e8 chiamato &quot;prugna fiore&quot; per la sua forma che ricorda quella di un fiore di prugna. Non \u00e8 solo un elemento distintivo del design delle custodie in alluminio, ma svolge anche una funzione pratica essenziale. Ha un&#039;elevata resistenza agli urti e all&#039;usura.<\/p>\n<\/div>\n<p><!-- \u7b2c\u4e09\u680f --><\/p>\n<div style=\"flex: 1; text-align: center;\">\n<p><img decoding=\"async\" style=\"max-width: 100%; height: auto; margin-bottom: 10px;\" src=\"https:\/\/suncasesupply.com\/wp-content\/uploads\/2025\/09\/4-EVA-Dividers.jpg\" alt=\"Divisori EVA\" \/><\/p>\n<p><strong><b>Divisori EVA<\/b><\/strong><\/p>\n<p>Il fondo del beauty case \u00e8 realizzato con divisori in EVA. Si tratta di un materiale espanso a celle chiuse ecologico, atossico e inodore, caratterizzato da morbidezza, resistenza agli urti, buona elasticit\u00e0, resistenza alla corrosione e facilit\u00e0 di taglio. Il divisore in EVA svolge principalmente la funzione di ottimizzare l&#039;utilizzo dello spazio e di organizzare in modo ordinato gli oggetti.<\/p>\n<\/div>\n<p><!-- \u7b2c\u56db\u680f --><\/p>\n<div style=\"flex: 1; text-align: center;\">\n<p><img decoding=\"async\" style=\"max-width: 100%; height: auto; margin-bottom: 10px;\" src=\"https:\/\/suncasesupply.com\/wp-content\/uploads\/2025\/09\/3-Divider-for-Tray.jpg\" alt=\"Divisore per vassoio\" \/><\/p>\n<p><strong><b>Divisore per vassoio<\/b><\/strong><\/p>\n<p style=\"margin: 0;\">Questo beauty case \u00e8 dotato di sei lunghi vassoi in plastica per riporre e organizzare i trucchi. Ogni vassoio \u00e8 dotato di diversi divisori in plastica, che consentono ai clienti di adattarli alle dimensioni dei loro prodotti. I divisori possono anche essere rimossi quando non vengono utilizzati. Sono estremamente flessibili.<\/p>\n<\/div>\n<\/div>\n<div style=\"background-color: #29599a; padding: 40px 20px; text-align: center; color: #ffffff; border-radius: 10px; margin: 40px auto; max-width: 960px;\">\n<h2 style=\"font-size: 22px; margin-bottom: 20px; font-weight: bold;\"><span style=\"color: #ffffff;\">Ordina oggi stesso il tuo beauty case in alluminio Sun Case: quantit\u00e0 minima garantita 100!<\/span><\/h2>\n<p><a style=\"display: inline-block; padding: 12px 28px; background-color: #ffffff; color: #29599a; text-decoration: none; border-radius: 6px; font-weight: bold;\" href=\"https:\/\/suncasesupply.com\/it\/contact-us\/\" target=\"_blank\" rel=\"noopener\">Richiedi un preventivo oggi<br \/>\n<\/a><\/p>\n<\/div>\n<h4><span style=\"color: #003366;\">Processo di produzione:<\/span><\/h4>\n<p><img decoding=\"async\" style=\"max-width: 100%; height: auto; margin-bottom: 10px;\" src=\"https:\/\/suncasesupply.com\/wp-content\/uploads\/2025\/07\/Manufacturing-Process.png\" alt=\"Processo di fabbricazione di Suncase\" \/><\/p>\n<div style=\"display: flex; gap: 20px;\">\n<p><!-- \u7b2c\u4e00\u680f \u6d41\u7a0b1--><\/p>\n<div style=\"flex: 1; text-align: center;\"><\/div>\n<\/div>\n<div style=\"display: flex; gap: 20px;\">\n<div style=\"flex: 1; text-align: center;\">\n<p style=\"font-weight: bold; margin: 5px 0;\">\n<\/div>\n<\/div>\n<h4><span style=\"color: #003366;\">Informazioni utili per gli acquirenti all&#039;ingrosso:<\/span><\/h4>\n<ul>\n<li class=\"page-title\" title=\"Cosa rende le carte sportive cos\u00ec preziose?\">\n<p class=\"page-title\" title=\"Custodie per il trucco portatili indispensabili per la tua routine di bellezza\"><a href=\"https:\/\/suncasesupply.com\/it\/blog\/makeup-case\/best-portable-makeup-case\/\">Beauty case portatili indispensabili per la tua beauty routine &gt;&gt;<\/a><\/p>\n<\/li>\n<li title=\"Cosa rende le carte sportive cos\u00ec preziose?\">\n<p class=\"page-title\" title=\"Come organizzare correttamente la custodia per il trucco per il viaggio\"><a href=\"https:\/\/suncasesupply.com\/it\/blog\/makeup-case\/how-to-packing\/\">Come organizzare correttamente il tuo beauty case per i viaggi &gt;&gt;<\/a><\/p>\n<\/li>\n<li title=\"Cosa rende le carte sportive cos\u00ec preziose?\">\n<p class=\"page-title\" title=\"Cos&#039;\u00e8 una custodia per il trucco?\"><a href=\"https:\/\/suncasesupply.com\/it\/blog\/makeup-case\/what-is-a-makeup-train-case\/\">Cos&#039;\u00e8 una custodia per il trucco?<\/a><\/p>\n<\/li>\n<\/ul>","protected":false},"excerpt":{"rendered":"<p>Modello: K2109<\/p>\n<p>Dimensioni: 360*220*270m<\/p>\n<p>Colori: cornice oro rosa + pannello nero<\/p>\n<p>Materiali: Telaio in alluminio, pannello MDF, pannello ABS, accessori.<\/p>\n<p>Logo: Logo su piastra metallica, Logo serigrafato<\/p>\n<p>Quantit\u00e0 minima: 100 pezzi<\/p>\n<p>Esempio: disponibile<\/p>","protected":false},"featured_media":25380,"template":"","meta":{"_gspb_post_css":""},"product_cat":[34,96],"product_tag":[],"featured_image_urls":{"full":["https:\/\/suncasesupply.com\/wp-content\/uploads\/2025\/05\/black-and-rose-gold-makeup-case.jpg",800,800,false],"thumbnail":["https:\/\/suncasesupply.com\/wp-content\/uploads\/2025\/05\/black-and-rose-gold-makeup-case-150x150.jpg",150,150,true],"medium":["https:\/\/suncasesupply.com\/wp-content\/uploads\/2025\/05\/black-and-rose-gold-makeup-case-300x300.jpg",300,300,true],"medium_large":["https:\/\/suncasesupply.com\/wp-content\/uploads\/2025\/05\/black-and-rose-gold-makeup-case-768x768.jpg",768,768,true],"large":["https:\/\/suncasesupply.com\/wp-content\/uploads\/2025\/05\/black-and-rose-gold-makeup-case.jpg",800,800,false],"1536x1536":["https:\/\/suncasesupply.com\/wp-content\/uploads\/2025\/05\/black-and-rose-gold-makeup-case.jpg",800,800,false],"2048x2048":["https:\/\/suncasesupply.com\/wp-content\/uploads\/2025\/05\/black-and-rose-gold-makeup-case.jpg",800,800,false],"trp-custom-language-flag":["https:\/\/suncasesupply.com\/wp-content\/uploads\/2025\/05\/black-and-rose-gold-makeup-case-12x12.jpg",12,12,true],"woocommerce_thumbnail":["https:\/\/suncasesupply.com\/wp-content\/uploads\/2025\/05\/black-and-rose-gold-makeup-case-300x300.jpg",300,300,true],"woocommerce_single":["https:\/\/suncasesupply.com\/wp-content\/uploads\/2025\/05\/black-and-rose-gold-makeup-case-600x600.jpg",600,600,true],"woocommerce_gallery_thumbnail":["https:\/\/suncasesupply.com\/wp-content\/uploads\/2025\/05\/black-and-rose-gold-makeup-case-100x100.jpg",100,100,true]},"post_excerpt_stackable":"<p>Model :K2109<\/p>\n<p>Size: 360*220*270m<\/p>\n<p>Colors: Rose gold Frame+Black Panel<\/p>\n<p>Materials: Aluminum\u00a0frame, MDF Board, ABS\u00a0Panel, Accessories.<\/p>\n<p>Logo: Metal plate logo, Silk screen printing logo<\/p>\n<p>MOQ: 100pcs<\/p>\n<p>Sample: Available<\/p>\n","category_list":"","author_info":{"name":"","url":""},"comments_num":"0 commenti","_links":{"self":[{"href":"https:\/\/suncasesupply.com\/it\/wp-json\/wp\/v2\/product\/23780"}],"collection":[{"href":"https:\/\/suncasesupply.com\/it\/wp-json\/wp\/v2\/product"}],"about":[{"href":"https:\/\/suncasesupply.com\/it\/wp-json\/wp\/v2\/types\/product"}],"wp:featuredmedia":[{"embeddable":true,"href":"https:\/\/suncasesupply.com\/it\/wp-json\/wp\/v2\/media\/25380"}],"wp:attachment":[{"href":"https:\/\/suncasesupply.com\/it\/wp-json\/wp\/v2\/media?parent=23780"}],"wp:term":[{"taxonomy":"product_cat","embeddable":true,"href":"https:\/\/suncasesupply.com\/it\/wp-json\/wp\/v2\/product_cat?post=23780"},{"taxonomy":"product_tag","embeddable":true,"href":"https:\/\/suncasesupply.com\/it\/wp-json\/wp\/v2\/product_tag?post=23780"}],"curies":[{"name":"wp","href":"https:\/\/api.w.org\/{rel}","templated":true}]}}