{"id":23054,"date":"2024-06-05T15:31:59","date_gmt":"2024-06-05T07:31:59","guid":{"rendered":"https:\/\/suncasesupply.com\/?post_type=product&#038;p=23054"},"modified":"2025-10-28T17:59:57","modified_gmt":"2025-10-28T09:59:57","slug":"black-aluminum-storage-case-customized-hard-case-carrying-tool-case-with-foam","status":"publish","type":"product","link":"https:\/\/suncasesupply.com\/it\/product\/black-aluminum-storage-case-customized-hard-case-carrying-tool-case-with-foam\/","title":{"rendered":"Custodia rigida in alluminio nero Custodia rigida personalizzata per attrezzi da trasporto con schiuma"},"content":{"rendered":"<h4><span style=\"color: #003366;\">Caratteristiche:<\/span><\/h4>\n<ul>\n<li><strong><b>Qualit\u00e0 Premium<\/b><\/strong>: Realizzato in lega di alluminio di alta qualit\u00e0 e pannello MDF spesso, non si danneggia o si deforma facilmente e pu\u00f2 essere utilizzato a lungo.<\/li>\n<li><strong><b>Doppia protezione<\/b><\/strong>: Design di bloccaggio per garantire sicurezza e privacy. La fodera interna in schiuma e gli angoli antiurto rinforzati, proteggono i tuoi oggetti da danni durante il trasporto o lo stoccaggio.<\/li>\n<li><strong><b>Facile da usare<\/b><\/strong>: Mantieni i tuoi oggetti in ordine con le cerniere e le chiusure rapide intuitive di questa custodia in alluminio.<\/li>\n<li><strong><b>Funzioni della schiuma<\/b><\/strong>:La schiuma fai da te all&#039;interno della custodia in alluminio pu\u00f2 essere tagliata in qualsiasi forma per adattarla ai tuoi beni.<\/li>\n<\/ul>\n<div style=\"display: flex; gap: 20px;\">\n<p><!-- \u7b2c\u4e00\u680f --><\/p>\n<div style=\"flex: 1; text-align: center;\">\n<p><img decoding=\"async\" style=\"max-width: 100%; height: auto; margin-bottom: 10px;\" src=\"https:\/\/suncasesupply.com\/wp-content\/uploads\/2025\/03\/1-Round-Corner-Aluminum-Frame.jpg\" alt=\"Telaio in alluminio con angoli arrotondati\" \/><\/p>\n<p><b><\/b><strong><b>Telaio in alluminio con angoli arrotondati<\/b><\/strong><\/p>\n<p style=\"margin: 0;\">La custodia in alluminio realizzata con telaio in alluminio dagli angoli arrotondati e angoli metallici arrotondati, non solo migliora la capacit\u00e0 anticollisione e svolge una funzione protettiva, ma rende anche l&#039;aspetto dell&#039;intera custodia pi\u00f9 lussuoso.<\/p>\n<p>&nbsp;<\/p>\n<\/div>\n<p><!-- \u7b2c\u4e8c\u680f --><\/p>\n<div style=\"flex: 1; text-align: center;\">\n<p><img decoding=\"async\" style=\"max-width: 100%; height: auto; margin-bottom: 10px;\" src=\"https:\/\/suncasesupply.com\/wp-content\/uploads\/2025\/03\/2-Middle-Protect-Corner.jpg\" alt=\"Angolo di protezione centrale\" \/><\/p>\n<p><b><\/b><strong><b>Angolo di protezione centrale<\/b><\/strong><\/p>\n<p style=\"margin: 0;\">In generale, il lato lungo e il lato largo della cassa in alluminio saranno realizzati con Middle Protect Corner per aumentare la resistenza della cassa e la capacit\u00e0 di carico. Pi\u00f9 la cassa \u00e8 grande, pi\u00f9 Middle Protect Corner \u00e8 necessario.<\/p>\n<\/div>\n<p><!-- \u7b2c\u4e09\u680f --><\/p>\n<div style=\"flex: 1; text-align: center;\">\n<p><img decoding=\"async\" style=\"max-width: 100%; height: auto; margin-bottom: 10px;\" src=\"https:\/\/suncasesupply.com\/wp-content\/uploads\/2025\/03\/3-Protective-Foam.jpg\" alt=\"Schiuma protettiva\" \/><\/p>\n<p><b><\/b><strong><b>Schiuma protettiva<\/b><\/strong><\/p>\n<p>La schiuma a uovo della copertura superiore pu\u00f2 prevenire la collisione e proteggere i prodotti all&#039;interno. Allo stesso tempo, il coperchio inferiore della custodia si abbina alla schiuma fai da te pick &amp; pluck, che potrebbe proteggere e adattare gli articoli di conseguenza.<\/p>\n<\/div>\n<p><!-- \u7b2c\u56db\u680f --><\/p>\n<div style=\"flex: 1; text-align: center;\">\n<p><img decoding=\"async\" style=\"max-width: 100%; height: auto; margin-bottom: 10px;\" src=\"https:\/\/suncasesupply.com\/wp-content\/uploads\/2025\/03\/4-Handle-2.jpg\" alt=\"Maniglia\" \/><\/p>\n<p><strong><b>Maniglia<\/b><\/strong><\/p>\n<p style=\"margin: 0;\">Dotata di una maniglia in metallo robusta e leggera, questa custodia in alluminio \u00e8 comoda da trasportare. Consente un facile trasporto dei tuoi effetti personali.<\/p>\n<\/div>\n<\/div>\n<h4><span style=\"color: #003366;\">Processo di produzione:<\/span><\/h4>\n<p><img decoding=\"async\" style=\"max-width: 100%; height: auto; margin-bottom: 10px;\" src=\"https:\/\/suncasesupply.com\/wp-content\/uploads\/2025\/07\/Manufacturing-Process.png\" alt=\"Processo di fabbricazione di Suncase\" \/><\/p>\n<div style=\"display: flex; gap: 20px;\">\n<p><!-- \u7b2c\u4e00\u680f \u6d41\u7a0b1--><\/p>\n<div style=\"flex: 1; text-align: center;\"><\/div>\n<\/div>\n<div style=\"display: flex; gap: 20px;\">\n<div style=\"flex: 1; text-align: center;\">\n<p style=\"font-weight: bold; margin: 5px 0;\">\n<\/div>\n<\/div>\n<h4><span style=\"color: #003366;\">Informazioni utili per gli acquirenti all&#039;ingrosso:<\/span><\/h4>\n<ul>\n<li class=\"page-title\" title=\"Cosa rende le carte sportive cos\u00ec preziose?\">\n<p class=\"page-title\" title=\"Diversi tipi di custodie in alluminio\"><a href=\"https:\/\/suncasesupply.com\/it\/blog\/custom-aluminum-case\/different-types-of-aluminum-carrying-cases\/\">Diversi tipi di custodie in alluminio &gt;&gt;<\/a><\/p>\n<\/li>\n<li title=\"Cosa rende le carte sportive cos\u00ec preziose?\">\n<p class=\"page-title\" title=\"Tutto quello che devi sapere sulle custodie in alluminio\"><a href=\"https:\/\/suncasesupply.com\/it\/blog\/all-you-need-to-know-about-aluminum-cases\/\">Tutto quello che devi sapere sulle custodie in alluminio &gt;&gt;<\/a><\/p>\n<\/li>\n<li title=\"Cosa rende le carte sportive cos\u00ec preziose?\">\n<p class=\"page-title\" title=\"Come scegliere la giusta custodia in alluminio?\"><a href=\"https:\/\/suncasesupply.com\/it\/blog\/selection-of-aluminum-case\/\">Come scegliere la giusta custodia in alluminio? &gt;&gt;<\/a><\/p>\n<\/li>\n<\/ul>","protected":false},"excerpt":{"rendered":"<p>Modello:KY-0090<\/p>\n<p>Dimensioni: 41x30x12cm o personalizza le dimensioni<\/p>\n<p>Colori: colore argento o colore nero<\/p>\n<p>Materiali: telaio in alluminio argentato, pannello ABS nero, pannello MDF, schiuma, ferramenta.<\/p>\n<p>Logo: logo stampato su seta, logo su piastra metallica.<\/p>\n<p>Quantit\u00e0 minima: 100 pezzi<\/p>\n<p>Campione: disponibile, tempo di consegna del campione circa 7 giorni.<\/p>","protected":false},"featured_media":23055,"template":"","meta":{"_gspb_post_css":""},"product_cat":[42,80],"product_tag":[],"featured_image_urls":{"full":["https:\/\/suncasesupply.com\/wp-content\/uploads\/2024\/06\/7.jpg",1000,1000,false],"thumbnail":["https:\/\/suncasesupply.com\/wp-content\/uploads\/2024\/06\/7-150x150.jpg",150,150,true],"medium":["https:\/\/suncasesupply.com\/wp-content\/uploads\/2024\/06\/7-300x300.jpg",300,300,true],"medium_large":["https:\/\/suncasesupply.com\/wp-content\/uploads\/2024\/06\/7-768x768.jpg",768,768,true],"large":["https:\/\/suncasesupply.com\/wp-content\/uploads\/2024\/06\/7.jpg",1000,1000,false],"1536x1536":["https:\/\/suncasesupply.com\/wp-content\/uploads\/2024\/06\/7.jpg",1000,1000,false],"2048x2048":["https:\/\/suncasesupply.com\/wp-content\/uploads\/2024\/06\/7.jpg",1000,1000,false],"trp-custom-language-flag":["https:\/\/suncasesupply.com\/wp-content\/uploads\/2024\/06\/7-12x12.jpg",12,12,true],"woocommerce_thumbnail":["https:\/\/suncasesupply.com\/wp-content\/uploads\/2024\/06\/7-300x300.jpg",300,300,true],"woocommerce_single":["https:\/\/suncasesupply.com\/wp-content\/uploads\/2024\/06\/7-600x600.jpg",600,600,true],"woocommerce_gallery_thumbnail":["https:\/\/suncasesupply.com\/wp-content\/uploads\/2024\/06\/7-100x100.jpg",100,100,true]},"post_excerpt_stackable":"<p>Model:KY-0090<\/p>\n<p>Size: 41x30x12cm or customize size<\/p>\n<p>Colors: Silver color, or Black color<\/p>\n<p>Materials: Silver Aluminum\u00a0frame,\u00a0Black ABS Panel,\u00a0MDF Board,\u00a0Foam, Hardware.<\/p>\n<p>Logo: Silk Printing Logo, Metal Plate Logo..<\/p>\n<p>MOQ: 100pcs<\/p>\n<p>Sample: Available, sample time about 7 days.<\/p>\n","category_list":"","author_info":{"name":"","url":""},"comments_num":"0 commenti","_links":{"self":[{"href":"https:\/\/suncasesupply.com\/it\/wp-json\/wp\/v2\/product\/23054"}],"collection":[{"href":"https:\/\/suncasesupply.com\/it\/wp-json\/wp\/v2\/product"}],"about":[{"href":"https:\/\/suncasesupply.com\/it\/wp-json\/wp\/v2\/types\/product"}],"wp:featuredmedia":[{"embeddable":true,"href":"https:\/\/suncasesupply.com\/it\/wp-json\/wp\/v2\/media\/23055"}],"wp:attachment":[{"href":"https:\/\/suncasesupply.com\/it\/wp-json\/wp\/v2\/media?parent=23054"}],"wp:term":[{"taxonomy":"product_cat","embeddable":true,"href":"https:\/\/suncasesupply.com\/it\/wp-json\/wp\/v2\/product_cat?post=23054"},{"taxonomy":"product_tag","embeddable":true,"href":"https:\/\/suncasesupply.com\/it\/wp-json\/wp\/v2\/product_tag?post=23054"}],"curies":[{"name":"wp","href":"https:\/\/api.w.org\/{rel}","templated":true}]}}