{"id":23035,"date":"2024-05-28T11:57:15","date_gmt":"2024-05-28T03:57:15","guid":{"rendered":"https:\/\/suncasesupply.com\/?post_type=product&#038;p=23035"},"modified":"2025-09-04T15:19:21","modified_gmt":"2025-09-04T07:19:21","slug":"aluminum-tool-case-carrying-hard-storage-case-with-foam-insert","status":"publish","type":"product","link":"https:\/\/suncasesupply.com\/it\/product\/aluminum-tool-case-carrying-hard-storage-case-with-foam-insert\/","title":{"rendered":"Valigetta portautensili in alluminio Custodia rigida da trasporto con inserto in schiuma"},"content":{"rendered":"<h4><span style=\"color: #003366;\">Caratteristiche:<\/span><\/h4>\n<ul>\n<li>\n<p data-start=\"77\" data-end=\"333\"><strong>Progettazione sicura:<\/strong> Valigetta in alluminio con 2 serrature e maniglia in gomma, facile da trasportare ovunque. La valigetta protettiva in alluminio impermeabile protegge gli oggetti di valore e fragili dall&#039;esposizione accidentale all&#039;umidit\u00e0.<\/p>\n<\/li>\n<li>\n<p data-start=\"77\" data-end=\"333\"><strong>Durata e protezione:<\/strong> La custodia rigida offre una resistenza antiurto e caratteristiche esclusive e uniche, perfette per proteggere le apparecchiature in settori come la fotografia, i droni, i laptop, gli utensili, la musica e la medicina. Molti fornitori di valigie in alluminio consigliano questo tipo di design ai professionisti.<\/p>\n<\/li>\n<li>\n<p data-start=\"77\" data-end=\"333\"><strong>Interno in schiuma personalizzabile:<\/strong> Schiuma fai da te, rivestimento superiore interno in schiuma Egg per protezione. Coperchio inferiore in schiuma fai da te (schiuma pick &amp; pluck). Molto comoda per i clienti che desiderano personalizzare lo spazio e le dimensioni della schiuma in base ai propri oggetti, rendendola un&#039;eccellente custodia in alluminio con schiuma.<\/p>\n<\/li>\n<li>\n<p data-start=\"77\" data-end=\"333\"><strong>Disponibilit\u00e0 all&#039;ingrosso:<\/strong> Questo modello \u00e8 ampiamente disponibile anche nei canali all&#039;ingrosso di custodie in alluminio, offrendo agli utenti convenienza e qualit\u00e0.<\/p>\n<\/li>\n<\/ul>\n<h4><span style=\"color: #003366;\">Dettagli del prodotto:<\/span><\/h4>\n<div style=\"display: flex; gap: 20px;\">\n<p><!-- \u7b2c\u4e00\u680f --><\/p>\n<div style=\"flex: 1; text-align: center;\">\n<p><img decoding=\"async\" style=\"max-width: 100%; height: auto; margin-bottom: 10px;\" src=\"https:\/\/suncasesupply.com\/wp-content\/uploads\/2025\/03\/1-Feet-Mat.jpg\" alt=\"Tappetino per i piedi\" \/><\/p>\n<p><strong><b>Tappetino per i piedi<\/b><\/strong><\/p>\n<p style=\"margin: 0;\">Il tappetino Feet Mat si trova sul fondo della custodia in alluminio. Posizionandola orizzontalmente, pu\u00f2 svolgere una certa funzione isolandola dal terreno, riducendone la probabilit\u00e0 di sporcarsi. Allo stesso tempo, ha un effetto anticollisione e altri effetti protettivi.<\/p>\n<p>&nbsp;<\/p>\n<\/div>\n<p><!-- \u7b2c\u4e8c\u680f --><\/p>\n<div style=\"flex: 1; text-align: center;\">\n<p><img decoding=\"async\" style=\"max-width: 100%; height: auto; margin-bottom: 10px;\" src=\"https:\/\/suncasesupply.com\/wp-content\/uploads\/2025\/03\/2-Locks-with-Key.jpg\" alt=\"Serrature con chiave\" \/><\/p>\n<p><strong><b>Serrature con chiave<\/b><\/strong><\/p>\n<p style=\"margin: 0;\">La valigetta in alluminio \u00e8 dotata di 2 serrature, ciascuna delle quali \u00e8 dotata di 1 chiave. Ci\u00f2 migliora la sicurezza complessiva della valigetta. I lucchetti per utensili, come quelli in foto, o quelli a combinazione, sono i lucchetti pi\u00f9 comuni per le valige in alluminio.<\/p>\n<\/div>\n<p><!-- \u7b2c\u4e09\u680f --><\/p>\n<div style=\"flex: 1; text-align: center;\">\n<p><img decoding=\"async\" style=\"max-width: 100%; height: auto; margin-bottom: 10px;\" src=\"https:\/\/suncasesupply.com\/wp-content\/uploads\/2025\/03\/3-Strong-Handle.jpg\" alt=\"Manico robusto\" \/><\/p>\n<p><b><\/b><strong><b>Manico robusto<\/b><\/strong><\/p>\n<p>Una maniglia robusta e comoda \u00e8 molto importante per la valigia in alluminio. Migliora il peso del carico e la portabilit\u00e0 della valigia durante il trasporto all&#039;aperto. Allo stesso tempo, la maniglia \u00e8 anche un elemento importante del design estetico.<\/p>\n<\/div>\n<p><!-- \u7b2c\u56db\u680f --><\/p>\n<div style=\"flex: 1; text-align: center;\">\n<p><img decoding=\"async\" style=\"max-width: 100%; height: auto; margin-bottom: 10px;\" src=\"https:\/\/suncasesupply.com\/wp-content\/uploads\/2025\/03\/4-Back-Hinge.jpg\" alt=\"Cerniera posteriore\" \/><\/p>\n<p><strong><b>Cerniera posteriore<\/b><\/strong><\/p>\n<p style=\"margin: 0;\">Due cerniere posteriori per collegare la parte superiore e inferiore della valigia in alluminio. Sono un accessorio indispensabile, solitamente realizzato con materiali resistenti e di alta qualit\u00e0. La cerniera posteriore \u00e8 disponibile in diversi modelli, ma sceglieremo quella pi\u00f9 adatta alle dimensioni e al peso della valigia.<\/p>\n<\/div>\n<\/div>\n<div style=\"background-color: #29599a; padding: 40px 20px; text-align: center; color: #ffffff; border-radius: 10px; margin: 40px auto; max-width: 960px;\">\n<h2 style=\"font-size: 22px; margin-bottom: 20px; font-weight: bold;\">Fornitura all&#039;ingrosso di custodie in alluminio Sun Case, quantit\u00e0 minima richiesta 100 per acquirenti B2B.<\/h2>\n<p><a style=\"display: inline-block; padding: 12px 28px; background-color: #ffffff; color: #29599a; text-decoration: none; border-radius: 6px; font-weight: bold;\" href=\"https:\/\/suncasesupply.com\/it\/contact-us\/\" target=\"_blank\" rel=\"noopener\">Richiedi un preventivo oggi<br \/>\n<\/a><\/p>\n<\/div>\n<h4><span style=\"color: #003366;\">Processo di produzione:<\/span><\/h4>\n<p><img decoding=\"async\" style=\"max-width: 100%; height: auto; margin-bottom: 10px;\" src=\"https:\/\/suncasesupply.com\/wp-content\/uploads\/2025\/07\/Manufacturing-Process.png\" alt=\"Processo di fabbricazione di Suncase\" \/><\/p>\n<div style=\"display: flex; gap: 20px;\"><\/div>\n<div style=\"display: flex; gap: 20px;\">\n<div style=\"flex: 1; text-align: center;\">\n<p style=\"font-weight: bold; margin: 5px 0;\">\n<\/div>\n<\/div>\n<h4><span style=\"color: #003366;\">Informazioni utili per gli acquirenti all&#039;ingrosso:<\/span><\/h4>\n<ul>\n<li class=\"page-title\" title=\"Cosa rende le carte sportive cos\u00ec preziose?\">\n<p class=\"page-title\" title=\"6 motivi per cui dovresti organizzare con una scatola di stoccaggio in alluminio\"><a href=\"https:\/\/suncasesupply.com\/it\/blog\/custom-aluminum-case\/6-reasons-to-use-aluminum-storage-box-today\/\">6 motivi per cui dovresti organizzare con una scatola di stoccaggio in alluminio &gt;&gt;<\/a><\/p>\n<\/li>\n<li title=\"Cosa rende le carte sportive cos\u00ec preziose?\">\n<p class=\"page-title\" title=\"Quali sono i vantaggi di una custodia in alluminio?\"><a href=\"https:\/\/suncasesupply.com\/it\/blog\/advantages-of-aluminum-case\/\">Quali sono i vantaggi di una custodia in alluminio? &gt;&gt;<\/a><\/p>\n<\/li>\n<\/ul>","protected":false},"excerpt":{"rendered":"<p>Modello:KY-0089<\/p>\n<p>Dimensioni: 356x256x96mm o personalizza le dimensioni<\/p>\n<p>Colori: argento o altri colori personalizzati.<\/p>\n<p>Materiali: Telaio in alluminio argentato, pannello MDF, pannello ABS, schiuma Pick&amp;Pluck, ferramenta.<\/p>\n<p>Logo: logo su piastra metallica, logo stampato in serigrafia.<\/p>\n<p>Quantit\u00e0 minima: 100 pezzi<\/p>\n<p>Campione: disponibile, tempo di consegna del campione circa 7 giorni.<\/p>","protected":false},"featured_media":23036,"template":"","meta":{"_gspb_post_css":""},"product_cat":[42,80],"product_tag":[],"featured_image_urls":{"full":["https:\/\/suncasesupply.com\/wp-content\/uploads\/2024\/05\/aluminum-case.jpg",800,800,false],"thumbnail":["https:\/\/suncasesupply.com\/wp-content\/uploads\/2024\/05\/aluminum-case-150x150.jpg",150,150,true],"medium":["https:\/\/suncasesupply.com\/wp-content\/uploads\/2024\/05\/aluminum-case-300x300.jpg",300,300,true],"medium_large":["https:\/\/suncasesupply.com\/wp-content\/uploads\/2024\/05\/aluminum-case-768x768.jpg",768,768,true],"large":["https:\/\/suncasesupply.com\/wp-content\/uploads\/2024\/05\/aluminum-case.jpg",800,800,false],"1536x1536":["https:\/\/suncasesupply.com\/wp-content\/uploads\/2024\/05\/aluminum-case.jpg",800,800,false],"2048x2048":["https:\/\/suncasesupply.com\/wp-content\/uploads\/2024\/05\/aluminum-case.jpg",800,800,false],"trp-custom-language-flag":["https:\/\/suncasesupply.com\/wp-content\/uploads\/2024\/05\/aluminum-case-12x12.jpg",12,12,true],"woocommerce_thumbnail":["https:\/\/suncasesupply.com\/wp-content\/uploads\/2024\/05\/aluminum-case-300x300.jpg",300,300,true],"woocommerce_single":["https:\/\/suncasesupply.com\/wp-content\/uploads\/2024\/05\/aluminum-case-600x600.jpg",600,600,true],"woocommerce_gallery_thumbnail":["https:\/\/suncasesupply.com\/wp-content\/uploads\/2024\/05\/aluminum-case-100x100.jpg",100,100,true]},"post_excerpt_stackable":"<p>Model:KY-0089<\/p>\n<p>Size: 356x256x96mm or customize size<\/p>\n<p>Colors: Silver color, or other customized colors.<\/p>\n<p>Materials: Silver Aluminum\u00a0frame, MDF Board, ABS\u00a0Panel,\u00a0Pick&amp;Pluck Foam, Hardware.<\/p>\n<p>Logo: Metal plate logo, Silk Printing Logo.<\/p>\n<p>MOQ: 100pcs<\/p>\n<p>Sample: Available, sample time about 7 days.<\/p>\n","category_list":"","author_info":{"name":"","url":""},"comments_num":"0 commenti","_links":{"self":[{"href":"https:\/\/suncasesupply.com\/it\/wp-json\/wp\/v2\/product\/23035"}],"collection":[{"href":"https:\/\/suncasesupply.com\/it\/wp-json\/wp\/v2\/product"}],"about":[{"href":"https:\/\/suncasesupply.com\/it\/wp-json\/wp\/v2\/types\/product"}],"wp:featuredmedia":[{"embeddable":true,"href":"https:\/\/suncasesupply.com\/it\/wp-json\/wp\/v2\/media\/23036"}],"wp:attachment":[{"href":"https:\/\/suncasesupply.com\/it\/wp-json\/wp\/v2\/media?parent=23035"}],"wp:term":[{"taxonomy":"product_cat","embeddable":true,"href":"https:\/\/suncasesupply.com\/it\/wp-json\/wp\/v2\/product_cat?post=23035"},{"taxonomy":"product_tag","embeddable":true,"href":"https:\/\/suncasesupply.com\/it\/wp-json\/wp\/v2\/product_tag?post=23035"}],"curies":[{"name":"wp","href":"https:\/\/api.w.org\/{rel}","templated":true}]}}