{"id":23025,"date":"2024-05-25T11:25:42","date_gmt":"2024-05-25T03:25:42","guid":{"rendered":"https:\/\/suncasesupply.com\/?post_type=product&#038;p=23025"},"modified":"2025-09-04T15:15:27","modified_gmt":"2025-09-04T07:15:27","slug":"aluminum-rolling-briefcase-trolley-pilot-case-with-combination-locks","status":"publish","type":"product","link":"https:\/\/suncasesupply.com\/it\/product\/aluminum-rolling-briefcase-trolley-pilot-case-with-combination-locks\/","title":{"rendered":"Valigetta da pilota con carrello portadocumenti in alluminio con serrature a combinazione"},"content":{"rendered":"<h4><span style=\"color: #003366;\">Caratteristiche:<\/span><\/h4>\n<ul>\n<li><strong><b>Eccellente durata<\/b><\/strong>: La valigia Pilot \u00e8 realizzata principalmente in alluminio, pannelli in MDF, rivestimento e altri accessori; inoltre, abbinata al carrello e alle ruote, offre una lunga durata e un&#039;elevata capacit\u00e0 di carico. Questo la rende una valigia in alluminio con ruote ideale per i professionisti.<\/li>\n<li><strong><b>Sicurezza<\/b><\/strong><strong><b>:<\/b><\/strong><strong><b>\u00a0<\/b><\/strong>Poich\u00e9 la Pilot Case viene solitamente utilizzata per trasportare prodotti importanti, la sua sicurezza \u00e8 stata un fattore chiave nella sua produzione. La struttura robusta e le serrature a combinazione di sicurezza garantiscono la sicurezza di base, rendendola una valigetta in alluminio con ruote affidabile.<\/li>\n<li><strong><b>Trasporto portatile: <\/b><\/strong>\u00c8 dotata di una robusta maniglia sulla parte superiore, cos\u00ec come di un carrello e di ruote sul retro, cos\u00ec puoi scegliere se trasportarla con la maniglia o con il carrello, molto facile da trasportare. L&#039;utilizzo della barra di trazione pu\u00f2 farti risparmiare fatica, motivo per cui molti utenti preferiscono questo stile di valigetta in alluminio con ruote.<\/li>\n<\/ul>\n<div style=\"background-color: #29599a; padding: 40px 20px; text-align: center; color: #ffffff; border-radius: 10px; margin: 40px auto; max-width: 960px;\">\n<h2 style=\"font-size: 22px; margin-bottom: 20px; font-weight: bold;\">Fornitura all&#039;ingrosso di valigetta con ruote in alluminio Sun Case, solo MOQ 100.<\/h2>\n<p><a style=\"display: inline-block; padding: 12px 28px; background-color: #ffffff; color: #29599a; text-decoration: none; border-radius: 6px; font-weight: bold;\" href=\"https:\/\/suncasesupply.com\/it\/contact-us\/\" target=\"_blank\" rel=\"noopener\">Richiedi un preventivo oggi<br \/>\n<\/a><\/p>\n<\/div>\n<h4><span style=\"color: #003366;\">Dettagli del prodotto:<\/span><\/h4>\n<div style=\"display: flex; gap: 20px;\">\n<p><!-- \u7b2c\u4e00\u680f --><\/p>\n<div style=\"flex: 1; text-align: center;\">\n<p><img decoding=\"async\" style=\"max-width: 100%; height: auto; margin-bottom: 10px;\" src=\"https:\/\/suncasesupply.com\/wp-content\/uploads\/2025\/01\/1-Combination-Locks.jpg\" alt=\"1-Lucchetti a combinazione\" \/><\/p>\n<p style=\"font-weight: bold; margin: 5px 0;\"><strong><b>Serrature a combinazione<\/b><\/strong><\/p>\n<p style=\"margin: 0;\">La valigia Pilot solitamente trasporta documenti importanti e segreti, laptop o altre attrezzature, quindi \u00e8 dotata di lucchetti a combinazione, molto sicuri. \u00c8 composta da quadranti che devono essere ruotati su numeri specifici in un ordine specifico per essere aperti, offrendo un&#039;eccellente sicurezza per una valigia in alluminio con ruote per laptop.<\/p>\n<\/div>\n<p><!-- \u7b2c\u4e8c\u680f --><\/p>\n<div style=\"flex: 1; text-align: center;\">\n<p><img decoding=\"async\" style=\"max-width: 100%; height: auto; margin-bottom: 10px;\" src=\"https:\/\/suncasesupply.com\/wp-content\/uploads\/2025\/01\/2-Trolley.jpg\" alt=\"2-Carrello\" \/><\/p>\n<p style=\"font-weight: bold; margin: 5px 0;\"><strong><b>Carrello<\/b><\/strong><\/p>\n<p style=\"margin: 0;\">Il carrello incorporato della custodia \u00e8 utile quando si trasporta la custodia, se utilizzato con le ruote, pu\u00f2 ridurre notevolmente l&#039;uso della forza per l&#039;utente. L&#039;altezza del carrello pu\u00f2 essere regolata e l&#039;utente pu\u00f2 regolare l&#039;altezza appropriata in base alla propria altezza.<\/p>\n<\/div>\n<p><!-- \u7b2c\u4e09\u680f --><\/p>\n<div style=\"flex: 1; text-align: center;\">\n<p><img decoding=\"async\" style=\"max-width: 100%; height: auto; margin-bottom: 10px;\" src=\"https:\/\/suncasesupply.com\/wp-content\/uploads\/2025\/01\/3-Wheel.jpg\" alt=\"3 ruote\" \/><\/p>\n<p style=\"font-weight: bold; margin: 5px 0;\"><strong><b>Ruote<\/b><\/strong><\/p>\n<p style=\"margin: 0;\">Questo stile di ruote integrate sul fondo del Pilot Case riduce lo sforzo fisico associato al trasporto di attrezzature pesanti. \u00c8 robusto e adatto all&#039;uso all&#039;aperto, aumenta l&#039;efficienza sul lavoro.<\/p>\n<\/div>\n<p><!-- \u7b2c\u56db\u680f --><\/p>\n<div style=\"flex: 1; text-align: center;\">\n<p><img decoding=\"async\" style=\"max-width: 100%; height: auto; margin-bottom: 10px;\" src=\"https:\/\/suncasesupply.com\/wp-content\/uploads\/2025\/01\/4-Lining.jpg\" alt=\"4-Rivestimento\" \/><\/p>\n<p style=\"font-weight: bold; margin: 5px 0;\"><strong><b>Liner<\/b><\/strong><\/p>\n<p style=\"margin: 0;\">Il rivestimento della valigia Pilot \u00e8 realizzato in tessuto di poliestere, solitamente con stampa a quadri, ma pu\u00f2 essere personalizzato con il logo del vostro marchio. Il rivestimento migliora l&#039;aspetto interno della valigia e ha un effetto protettivo per i prodotti contenuti al suo interno, un aspetto prezioso in una valigia per computer con ruote in alluminio.<\/p>\n<\/div>\n<\/div>\n<div style=\"background-color: #29599a; padding: 40px 20px; text-align: center; color: #ffffff; border-radius: 10px; margin: 40px auto; max-width: 960px;\">\n<h2 style=\"font-size: 22px; margin-bottom: 20px; font-weight: bold;\">Ordina subito la valigetta in alluminio Sun Case con ruote, quantit\u00e0 minima 100 pezzi.<\/h2>\n<p><a style=\"display: inline-block; padding: 12px 28px; background-color: #ffffff; color: #29599a; text-decoration: none; border-radius: 6px; font-weight: bold;\" href=\"https:\/\/suncasesupply.com\/it\/contact-us\/\" target=\"_blank\" rel=\"noopener\">Richiedi un preventivo oggi<br \/>\n<\/a><\/p>\n<\/div>\n<h4><span style=\"color: #003366;\">Processo di produzione:<\/span><\/h4>\n<p><img decoding=\"async\" style=\"max-width: 100%; height: auto; margin-bottom: 10px;\" src=\"https:\/\/suncasesupply.com\/wp-content\/uploads\/2025\/07\/Manufacturing-Process.png\" alt=\"Processo di fabbricazione di Suncase\" \/><\/p>\n<div style=\"display: flex; gap: 20px;\">\n<p><!-- \u7b2c\u4e00\u680f \u6d41\u7a0b1--><\/p>\n<div style=\"flex: 1; text-align: center;\"><\/div>\n<\/div>\n<div style=\"display: flex; gap: 20px;\">\n<div style=\"flex: 1; text-align: center;\">\n<p style=\"font-weight: bold; margin: 5px 0;\">\n<\/div>\n<\/div>\n<h4><span style=\"color: #003366;\">Informazioni utili per gli acquirenti all&#039;ingrosso:<\/span><\/h4>\n<ul>\n<li class=\"page-title\" title=\"Cosa rende le carte sportive cos\u00ec preziose?\">\n<p class=\"page-title\" title=\"8 motivi per cui le valigette in alluminio sono la scelta migliore per i viaggi d&#039;affari\"><a href=\"https:\/\/suncasesupply.com\/it\/blog\/custom-aluminum-case\/8-reasons-why-aluminum-briefcases-is-your-best-choice-for-business-travel\/\">8 motivi per cui le cartelle in alluminio sono la scelta migliore per i viaggi di lavoro &gt;&gt;<\/a><\/p>\n<\/li>\n<\/ul>","protected":false},"excerpt":{"rendered":"<p>Modello: SC-BA003<\/p>\n<p>Dimensioni: 485*230*390m<\/p>\n<p>Colori: Colore argento<\/p>\n<p>Materiali: Telaio in alluminio, pannello MDF, pannello ABS, carrello, ruote, accessori.<\/p>\n<p>Logo: Logo su piastra metallica, Logo serigrafato<\/p>\n<p>Quantit\u00e0 minima: 100 pezzi<\/p>\n<p>Esempio: disponibile<\/p>","protected":false},"featured_media":23026,"template":"","meta":{"_gspb_post_css":""},"product_cat":[82],"product_tag":[],"featured_image_urls":{"full":["https:\/\/suncasesupply.com\/wp-content\/uploads\/2024\/05\/1-1.jpg",800,800,false],"thumbnail":["https:\/\/suncasesupply.com\/wp-content\/uploads\/2024\/05\/1-1-150x150.jpg",150,150,true],"medium":["https:\/\/suncasesupply.com\/wp-content\/uploads\/2024\/05\/1-1-300x300.jpg",300,300,true],"medium_large":["https:\/\/suncasesupply.com\/wp-content\/uploads\/2024\/05\/1-1-768x768.jpg",768,768,true],"large":["https:\/\/suncasesupply.com\/wp-content\/uploads\/2024\/05\/1-1.jpg",800,800,false],"1536x1536":["https:\/\/suncasesupply.com\/wp-content\/uploads\/2024\/05\/1-1.jpg",800,800,false],"2048x2048":["https:\/\/suncasesupply.com\/wp-content\/uploads\/2024\/05\/1-1.jpg",800,800,false],"trp-custom-language-flag":["https:\/\/suncasesupply.com\/wp-content\/uploads\/2024\/05\/1-1-12x12.jpg",12,12,true],"woocommerce_thumbnail":["https:\/\/suncasesupply.com\/wp-content\/uploads\/2024\/05\/1-1-300x300.jpg",300,300,true],"woocommerce_single":["https:\/\/suncasesupply.com\/wp-content\/uploads\/2024\/05\/1-1-600x600.jpg",600,600,true],"woocommerce_gallery_thumbnail":["https:\/\/suncasesupply.com\/wp-content\/uploads\/2024\/05\/1-1-100x100.jpg",100,100,true]},"post_excerpt_stackable":"<p>Model :SC-BA003<\/p>\n<p>Size: 485*230*390m<\/p>\n<p>Colors: Silver color<\/p>\n<p>Materials: Aluminum\u00a0frame, MDF Board, ABS\u00a0Panel,\u00a0Trolley, Wheels, \u00a0Accessories.<\/p>\n<p>Logo: Metal plate logo, Silk screen printing logo<\/p>\n<p>MOQ: 100pcs<\/p>\n<p>Sample: Available<\/p>\n","category_list":"","author_info":{"name":"","url":""},"comments_num":"0 commenti","_links":{"self":[{"href":"https:\/\/suncasesupply.com\/it\/wp-json\/wp\/v2\/product\/23025"}],"collection":[{"href":"https:\/\/suncasesupply.com\/it\/wp-json\/wp\/v2\/product"}],"about":[{"href":"https:\/\/suncasesupply.com\/it\/wp-json\/wp\/v2\/types\/product"}],"wp:featuredmedia":[{"embeddable":true,"href":"https:\/\/suncasesupply.com\/it\/wp-json\/wp\/v2\/media\/23026"}],"wp:attachment":[{"href":"https:\/\/suncasesupply.com\/it\/wp-json\/wp\/v2\/media?parent=23025"}],"wp:term":[{"taxonomy":"product_cat","embeddable":true,"href":"https:\/\/suncasesupply.com\/it\/wp-json\/wp\/v2\/product_cat?post=23025"},{"taxonomy":"product_tag","embeddable":true,"href":"https:\/\/suncasesupply.com\/it\/wp-json\/wp\/v2\/product_tag?post=23025"}],"curies":[{"name":"wp","href":"https:\/\/api.w.org\/{rel}","templated":true}]}}