{"id":22385,"date":"2023-11-13T11:39:00","date_gmt":"2023-11-13T03:39:00","guid":{"rendered":"https:\/\/suncasesupply.com\/?post_type=product&#038;p=22385"},"modified":"2026-03-16T23:59:25","modified_gmt":"2026-03-16T15:59:25","slug":"aluminum-transparent-acrylic-display-case-measures-24-long-by-20-wide-and-3-tall","status":"publish","type":"product","link":"https:\/\/suncasesupply.com\/it\/product\/aluminum-transparent-acrylic-display-case-measures-24-long-by-20-wide-and-3-tall\/","title":{"rendered":"La vetrina in acrilico trasparente in alluminio misura 24 &quot;di lunghezza, 20&quot; di larghezza e 3 &quot;di altezza"},"content":{"rendered":"<h4><span style=\"color: #003366;\">Caratteristiche:<\/span><\/h4>\n<ul>\n<li><strong>Trasporto portatile:<\/strong> Questa vetrina in acrilico trasparente di alluminio \u00e8 portatile e pu\u00f2 essere utilizzata per esporre figurine sportive, gioielli, collezioni di monete, numismatica, orologi e altri oggetti.<\/li>\n<li><strong>Sicurezza:<\/strong> Completo di 2 serrature con 2 chiavi, se il cliente lo desidera, \u00e8 possibile aggiungere un lucchetto.<\/li>\n<li><strong>Piano in acrilico per la visione dell&#039;interno:<\/strong> Il coperchio trasparente offre un&#039;eccellente visibilit\u00e0, rendendolo un perfetto espositore per gioielli in acrilico per esporre i prodotti in fiere o sui banconi dei negozi. Funziona bene anche come espositore per fiere in alluminio, aiutando a mettere in risalto ogni dettaglio dei vostri articoli.<\/li>\n<li><strong>Personalizzazione<\/strong>: Sia la dimensione che il colore possono essere personalizzati in base alle esigenze del cliente.<\/li>\n<\/ul>\n<h4><span style=\"color: #003366;\">Dettagli del prodotto:<\/span><\/h4>\n<div style=\"display: flex; gap: 20px;\">\n<p><!-- \u7b2c\u4e00\u680f --><\/p>\n<div style=\"flex: 1; text-align: center;\">\n<p><img decoding=\"async\" style=\"max-width: 100%; height: auto; margin-bottom: 10px;\" src=\"https:\/\/suncasesupply.com\/wp-content\/uploads\/2025\/03\/1-Acrylic-Side-Shield.jpg\" alt=\"Scudo laterale in acrilico\" \/><\/p>\n<p><strong><b>Scudo laterale in acrilico<\/b><\/strong><\/p>\n<p style=\"margin: 0;\">Ogni vetrina in acrilico con serratura include due protezioni laterali acriliche a forma di cuneo. Quando si utilizza la vetrina, posizionare le due protezioni laterali acriliche a forma di cuneo sui due lati della vetrina per mantenere la parte superiore parzialmente aperta. In questo modo, il prodotto all&#039;interno della scatola non cadr\u00e0, consentendo di esporre al meglio il prodotto.<\/p>\n<p>&nbsp;<\/p>\n<\/div>\n<p><!-- \u7b2c\u4e8c\u680f --><\/p>\n<div style=\"flex: 1; text-align: center;\">\n<p><img decoding=\"async\" style=\"max-width: 100%; height: auto; margin-bottom: 10px;\" src=\"https:\/\/suncasesupply.com\/wp-content\/uploads\/2025\/03\/2-Clear-Top-Panel.jpg\" alt=\"Pannello superiore trasparente\" \/><\/p>\n<p><b><\/b><strong><b>Pannello superiore trasparente<\/b><\/strong><\/p>\n<p style=\"margin: 0;\">Il pannello superiore della teca in alluminio trasparente acrilico \u00e8 realizzato in materiale acrilico UV. Il pannello in acrilico \u00e8 preferibile a quello in vetro per questa teca, perch\u00e9 quest&#039;ultimo \u00e8 troppo fragile e facile da graffiare, quindi non \u00e8 adatto a questa teca.<\/p>\n<\/div>\n<p><!-- \u7b2c\u4e09\u680f --><\/p>\n<div style=\"flex: 1; text-align: center;\">\n<p><img decoding=\"async\" style=\"max-width: 100%; height: auto; margin-bottom: 10px;\" src=\"https:\/\/suncasesupply.com\/wp-content\/uploads\/2025\/03\/3-Support-Hinge.jpg\" alt=\"Cerniera di supporto\" \/><\/p>\n<p><b><\/b><strong><b>Cerniera di supporto<\/b><\/strong><\/p>\n<p>Quando si apre il coperchio superiore della custodia, la cerniera di supporto svolge anche la funzione di sostenere il coperchio superiore per mantenerlo aperto ed evitare che cada sul coperchio inferiore in qualsiasi momento.<\/p>\n<\/div>\n<p><!-- \u7b2c\u56db\u680f --><\/p>\n<div style=\"flex: 1; text-align: center;\">\n<p><img decoding=\"async\" style=\"max-width: 100%; height: auto; margin-bottom: 10px;\" src=\"https:\/\/suncasesupply.com\/wp-content\/uploads\/2025\/03\/4-Handle-1.jpg\" alt=\"Maniglia\" \/><\/p>\n<p><strong><b>Maniglia<\/b><\/strong><\/p>\n<p style=\"margin: 0;\">Questa vetrina con struttura in alluminio \u00e8 dotata di una robusta maniglia, facile da trasportare e trasportare. Solitamente il colore standard della maniglia \u00e8 il nero, ma se i clienti desiderano altri colori, va bene.<\/p>\n<\/div>\n<\/div>\n<div style=\"background-color: #29599a; padding: 40px 20px; text-align: center; color: #ffffff; border-radius: 10px; margin: 40px auto; max-width: 960px;\">\n<h2 style=\"font-size: 22px; margin-bottom: 20px; font-weight: bold;\"><span style=\"color: #ffffff;\">Ordina subito la tua custodia in alluminio per dischi in vinile da Sun Case, minimo 100!<\/span><\/h2>\n<p><a style=\"display: inline-block; padding: 12px 28px; background-color: #ffffff; color: #29599a; text-decoration: none; border-radius: 6px; font-weight: bold;\" href=\"https:\/\/suncasesupply.com\/it\/contact-us\/\" target=\"_blank\" rel=\"noopener\">Richiedi un preventivo<br \/>\n<\/a><\/p>\n<\/div>\n<h4><span style=\"color: #003366;\">Processo di produzione:<\/span><\/h4>\n<p><img decoding=\"async\" style=\"max-width: 100%; height: auto; margin-bottom: 10px;\" src=\"https:\/\/suncasesupply.com\/wp-content\/uploads\/2025\/07\/Manufacturing-Process.png\" alt=\"Processo di fabbricazione di Suncase\" \/><\/p>\n<div style=\"display: flex; gap: 20px;\">\n<p><!-- \u7b2c\u4e00\u680f \u6d41\u7a0b1--><\/p>\n<div style=\"flex: 1; text-align: center;\"><\/div>\n<\/div>\n<div style=\"display: flex; gap: 20px;\">\n<div style=\"flex: 1; text-align: center;\">\n<p style=\"font-weight: bold; margin: 5px 0;\">\n<\/div>\n<\/div>\n<h4><span style=\"color: #003366;\">Informazioni utili per gli acquirenti all&#039;ingrosso:<\/span><\/h4>\n<ul>\n<li class=\"page-title\" title=\"Cosa rende le carte sportive cos\u00ec preziose?\">\n<p class=\"page-title\" title=\"Come proteggere la tua collezione di carte collezionabili\"><a href=\"https:\/\/suncasesupply.com\/it\/blog\/how-protect-trading-cards-collection\/\">Come proteggere la tua collezione di carte collezionabili<\/a><\/p>\n<\/li>\n<li title=\"Cosa rende le carte sportive cos\u00ec preziose?\">\n<p class=\"page-title\" title=\"Pro e contro delle vetrine in alluminio: una guida completa\"><a href=\"https:\/\/suncasesupply.com\/it\/blog\/custom-aluminum-case\/pros-and-cons-of-aluminum-display-case\/\">Pro e contro delle vetrine in alluminio: una guida completa<\/a><\/p>\n<\/li>\n<\/ul>","protected":false},"excerpt":{"rendered":"<p>Modello:BL-0089<\/p>\n<p>Dimensioni: 24x20x3 pollici<\/p>\n<p>Colori: colore argento o colore nero<\/p>\n<p>Materiali: pannello superiore in acrilico UV, pannello inferiore in ABS, telaio in alluminio, pannello in MDF, ferramenta.<\/p>\n<p>Logo: logo stampato su seta, logo stampato al laser.<\/p>\n<p>Quantit\u00e0 minima: 100 pezzi<\/p>\n<p>Campione: disponibile, tempo di consegna del campione circa 7 giorni.<\/p>","protected":false},"featured_media":22389,"template":"","meta":{"_gspb_post_css":""},"product_cat":[42,119],"product_tag":[],"featured_image_urls":{"full":["https:\/\/suncasesupply.com\/wp-content\/uploads\/2023\/11\/9-2.jpg",1000,1000,false],"thumbnail":["https:\/\/suncasesupply.com\/wp-content\/uploads\/2023\/11\/9-2-150x150.jpg",150,150,true],"medium":["https:\/\/suncasesupply.com\/wp-content\/uploads\/2023\/11\/9-2-300x300.jpg",300,300,true],"medium_large":["https:\/\/suncasesupply.com\/wp-content\/uploads\/2023\/11\/9-2-768x768.jpg",768,768,true],"large":["https:\/\/suncasesupply.com\/wp-content\/uploads\/2023\/11\/9-2.jpg",1000,1000,false],"1536x1536":["https:\/\/suncasesupply.com\/wp-content\/uploads\/2023\/11\/9-2.jpg",1000,1000,false],"2048x2048":["https:\/\/suncasesupply.com\/wp-content\/uploads\/2023\/11\/9-2.jpg",1000,1000,false],"trp-custom-language-flag":["https:\/\/suncasesupply.com\/wp-content\/uploads\/2023\/11\/9-2.jpg",12,12,false],"woocommerce_thumbnail":["https:\/\/suncasesupply.com\/wp-content\/uploads\/2023\/11\/9-2-300x300.jpg",300,300,true],"woocommerce_single":["https:\/\/suncasesupply.com\/wp-content\/uploads\/2023\/11\/9-2-600x600.jpg",600,600,true],"woocommerce_gallery_thumbnail":["https:\/\/suncasesupply.com\/wp-content\/uploads\/2023\/11\/9-2-100x100.jpg",100,100,true]},"post_excerpt_stackable":"<p>Model:BL-0089<\/p>\n<p>Size: 24x20x3 Inch<\/p>\n<p>Colors: Silver color, or Black color<\/p>\n<p>Materials: UV Acrylic Top Panel, ABS Bottom Panel, Aluminum frame, MDF Board, Hardware.<\/p>\n<p>Logo: Silk Printing Logo, Laser printing logo.<\/p>\n<p>MOQ: 100pcs<\/p>\n<p>Sample: Available, sample time about 7 days.<\/p>\n","category_list":"","author_info":{"name":"","url":""},"comments_num":"0 commenti","_links":{"self":[{"href":"https:\/\/suncasesupply.com\/it\/wp-json\/wp\/v2\/product\/22385"}],"collection":[{"href":"https:\/\/suncasesupply.com\/it\/wp-json\/wp\/v2\/product"}],"about":[{"href":"https:\/\/suncasesupply.com\/it\/wp-json\/wp\/v2\/types\/product"}],"wp:featuredmedia":[{"embeddable":true,"href":"https:\/\/suncasesupply.com\/it\/wp-json\/wp\/v2\/media\/22389"}],"wp:attachment":[{"href":"https:\/\/suncasesupply.com\/it\/wp-json\/wp\/v2\/media?parent=22385"}],"wp:term":[{"taxonomy":"product_cat","embeddable":true,"href":"https:\/\/suncasesupply.com\/it\/wp-json\/wp\/v2\/product_cat?post=22385"},{"taxonomy":"product_tag","embeddable":true,"href":"https:\/\/suncasesupply.com\/it\/wp-json\/wp\/v2\/product_tag?post=22385"}],"curies":[{"name":"wp","href":"https:\/\/api.w.org\/{rel}","templated":true}]}}