{"id":22264,"date":"2023-10-20T17:26:54","date_gmt":"2023-10-20T09:26:54","guid":{"rendered":"https:\/\/suncasesupply.com\/?post_type=product&#038;p=22264"},"modified":"2025-07-07T11:12:25","modified_gmt":"2025-07-07T03:12:25","slug":"large-aluminum-display-case-with-glass-cove","status":"publish","type":"product","link":"https:\/\/suncasesupply.com\/it\/product\/large-aluminum-display-case-with-glass-cove\/","title":{"rendered":"Grande vetrina in alluminio con copertura in vetro"},"content":{"rendered":"<p>&nbsp;<\/p>\n<table width=\"774\">\n<tbody>\n<tr>\n<td width=\"177\">Articolo<\/td>\n<td width=\"597\">Vetrina in alluminio<\/td>\n<\/tr>\n<tr>\n<td>Dimensione<\/td>\n<td>86,36 x 55,88 x 7,62 cm o Personalizza<\/td>\n<\/tr>\n<tr>\n<td>Colori<\/td>\n<td>Come mostrano le immagini o personalizza<\/td>\n<\/tr>\n<tr>\n<td>Materiali<\/td>\n<td>Alluminio, compensato, rivestimento in EVA\/schiuma\/tessuto\/PU, ferramenta<\/td>\n<\/tr>\n<tr>\n<td>Logo<\/td>\n<td>Logo in placca metallica, logo stampato, logo in rilievo, logo laser<\/td>\n<\/tr>\n<tr>\n<td>Tempo di campionamento<\/td>\n<td>7 giorni<\/td>\n<\/tr>\n<tr>\n<td>Porto d&#039;imbarco<\/td>\n<td>Guangzhou, Shenzen<\/td>\n<\/tr>\n<tr>\n<td>Condizioni commerciali<\/td>\n<td>EXW, FOB, CIF, DDU, DDP<\/td>\n<\/tr>\n<tr>\n<td>Modalit\u00e0 di pagamento<\/td>\n<td>T\/T, contanti, PayPal, carta di credito<\/td>\n<\/tr>\n<\/tbody>\n<\/table>\n<p><span style=\"color: #003366;\">Caratteristiche:<\/span><\/p>\n<p>La vetrina in alluminio di A&amp;B Store Fixtures con copertura in vetro \u00e8 dotata di una parte superiore incernierata in vetro temperato per una facile visualizzazione e sicurezza. La vetrina \u00e8 ideale per tutti i tipi di gioielli. La custodia pu\u00f2 essere utilizzata come espositore in negozio o per i campioni dei venditori. Include una comoda maniglia, una serratura di sicurezza con chiave e interni completamente foderati con motivo grigio. Ampio inventario in magazzino.<\/p>\n<ul>\n<li>Grande: 34 &quot;x 22&quot; x 3 &quot;H<\/li>\n<li>Include 2 protezioni laterali in plexiglass a forma di cuneo per mantenere la parte superiore parzialmente aperta<\/li>\n<li>Ordina dal nostro assortimento di vassoi per gioielli e inserti per vassoi per una variet\u00e0 di presentazioni<\/li>\n<\/ul>","protected":false},"excerpt":{"rendered":"<p>Modello: SC-AL001<\/p>\n<p>Dimensioni: 86,36 x 55,88 x 7,62 cm<\/p>\n<p>Quantit\u00e0 minima: 100 pezzi<\/p>\n<p>Tempi di consegna: 15-25 giorni<\/p>\n<p>Campione: disponibile<\/p>","protected":false},"featured_media":22265,"template":"","meta":{"_gspb_post_css":""},"product_cat":[42,119],"product_tag":[],"featured_image_urls":{"full":["https:\/\/suncasesupply.com\/wp-content\/uploads\/2023\/10\/GTC-AL813.jpg",1200,1200,false],"thumbnail":["https:\/\/suncasesupply.com\/wp-content\/uploads\/2023\/10\/GTC-AL813-150x150.jpg",150,150,true],"medium":["https:\/\/suncasesupply.com\/wp-content\/uploads\/2023\/10\/GTC-AL813-300x300.jpg",300,300,true],"medium_large":["https:\/\/suncasesupply.com\/wp-content\/uploads\/2023\/10\/GTC-AL813-768x768.jpg",768,768,true],"large":["https:\/\/suncasesupply.com\/wp-content\/uploads\/2023\/10\/GTC-AL813-1024x1024.jpg",1024,1024,true],"1536x1536":["https:\/\/suncasesupply.com\/wp-content\/uploads\/2023\/10\/GTC-AL813.jpg",1200,1200,false],"2048x2048":["https:\/\/suncasesupply.com\/wp-content\/uploads\/2023\/10\/GTC-AL813.jpg",1200,1200,false],"trp-custom-language-flag":["https:\/\/suncasesupply.com\/wp-content\/uploads\/2023\/10\/GTC-AL813.jpg",12,12,false],"woocommerce_thumbnail":["https:\/\/suncasesupply.com\/wp-content\/uploads\/2023\/10\/GTC-AL813-300x300.jpg",300,300,true],"woocommerce_single":["https:\/\/suncasesupply.com\/wp-content\/uploads\/2023\/10\/GTC-AL813-600x600.jpg",600,600,true],"woocommerce_gallery_thumbnail":["https:\/\/suncasesupply.com\/wp-content\/uploads\/2023\/10\/GTC-AL813-100x100.jpg",100,100,true]},"post_excerpt_stackable":"<p>Model : SC-AL001<\/p>\n<p>Size: 86.36 x 55.88 x 7.62 cm<\/p>\n<p>MOQ: 100pcs<\/p>\n<p>Delivery Time : 15-25 Days<\/p>\n<p>Sample : Available<\/p>\n","category_list":"","author_info":{"name":"","url":""},"comments_num":"0 commenti","_links":{"self":[{"href":"https:\/\/suncasesupply.com\/it\/wp-json\/wp\/v2\/product\/22264"}],"collection":[{"href":"https:\/\/suncasesupply.com\/it\/wp-json\/wp\/v2\/product"}],"about":[{"href":"https:\/\/suncasesupply.com\/it\/wp-json\/wp\/v2\/types\/product"}],"wp:featuredmedia":[{"embeddable":true,"href":"https:\/\/suncasesupply.com\/it\/wp-json\/wp\/v2\/media\/22265"}],"wp:attachment":[{"href":"https:\/\/suncasesupply.com\/it\/wp-json\/wp\/v2\/media?parent=22264"}],"wp:term":[{"taxonomy":"product_cat","embeddable":true,"href":"https:\/\/suncasesupply.com\/it\/wp-json\/wp\/v2\/product_cat?post=22264"},{"taxonomy":"product_tag","embeddable":true,"href":"https:\/\/suncasesupply.com\/it\/wp-json\/wp\/v2\/product_tag?post=22264"}],"curies":[{"name":"wp","href":"https:\/\/api.w.org\/{rel}","templated":true}]}}