{"id":22243,"date":"2023-10-06T11:44:41","date_gmt":"2023-10-06T03:44:41","guid":{"rendered":"https:\/\/suncasesupply.com\/?post_type=product&#038;p=22243"},"modified":"2025-07-14T15:57:16","modified_gmt":"2025-07-14T07:57:16","slug":"barber-stylist-suitcase-aluminum-carrying-case-for-clipper-trimmer-scissor","status":"publish","type":"product","link":"https:\/\/suncasesupply.com\/it\/product\/barber-stylist-suitcase-aluminum-carrying-case-for-clipper-trimmer-scissor\/","title":{"rendered":"Valigia da trasporto in alluminio per barbiere stilista per forbici tagliacapelli"},"content":{"rendered":"<h4><span style=\"color: #003366;\">Caratteristiche:<\/span><\/h4>\n<ul>\n<li><strong><b>Costruzione robusta: <\/b><\/strong>Finitura e costruzione in alluminio di alta qualit\u00e0, angoli in acciaio rinforzati per una maggiore durata, splendida finitura nera liscia.<\/li>\n<li><strong><b>Ampia applicazione: <\/b><\/strong>Pu\u00f2 contenere vari accessori e strumenti per parrucchieri: tagliacapelli, regolabarba, lame, forbici, pettini, spazzole per capelli, asciugacapelli e altri strumenti per lo styling.<\/li>\n<li><strong><b>Grande capacit\u00e0: <\/b><\/strong>La custodia da barbiere pu\u00f2 contenere 4 pezzi di tagliacapelli elettrici di diverse dimensioni, pu\u00f2 contenere 8 pezzi di forbici di diverse dimensioni. All&#039;interno pu\u00f2 contenere un ventilatore, un&#039;asta elettrica, un pettine, un panno e altri oggetti, pu\u00f2 contenere 5 pezzi di pettini di diverse dimensioni.<\/li>\n<li><strong><b>Trasporto portatile: <\/b><\/strong>Valigetta portaoggetti espositiva da viaggio per barbieri e stilisti.<\/li>\n<li><strong><b>Personalizzazione<\/b><\/strong>: Accetta di personalizzare il logo del tuo marchio sulle custodie.<\/li>\n<\/ul>\n<h4><span style=\"color: #003366;\">Dettagli del prodotto:<\/span><\/h4>\n<div style=\"display: flex; gap: 20px;\">\n<p><!-- \u7b2c\u4e00\u680f --><\/p>\n<div style=\"flex: 1; text-align: center;\">\n<p><img decoding=\"async\" style=\"max-width: 100%; height: auto; margin-bottom: 10px;\" src=\"https:\/\/suncasesupply.com\/wp-content\/uploads\/2025\/03\/1-Combination-Lock.jpg\" alt=\"Lucchetto a combinazione\" \/><\/p>\n<p><b><\/b><strong><b>Lucchetto a combinazione<\/b><\/strong><\/p>\n<p style=\"margin: 0;\">Le serrature a combinazione in alluminio sono realizzate con serrature a combinazione di sicurezza a 3 cifre per personalizzare la tua serratura di sicurezza e proteggere i tuoi beni. E la password iniziale \u00e8 000.<\/p>\n<p>&nbsp;<\/p>\n<\/div>\n<p><!-- \u7b2c\u4e8c\u680f --><\/p>\n<div style=\"flex: 1; text-align: center;\">\n<p><img decoding=\"async\" style=\"max-width: 100%; height: auto; margin-bottom: 10px;\" src=\"https:\/\/suncasesupply.com\/wp-content\/uploads\/2025\/03\/2-Storage-Slots.jpg\" alt=\"Slot di archiviazione\" \/><\/p>\n<p><b><\/b><strong><b>Slot di archiviazione<\/b><\/strong><\/p>\n<p style=\"margin: 0;\">Ai lati del coperchio inferiore interno della valigia da barbiere si trovano gli scomparti con divisori, per contenere gli articoli per lo styling del barbiere, mantenendoli riposti in modo ordinato.<\/p>\n<\/div>\n<p><!-- \u7b2c\u4e09\u680f --><\/p>\n<div style=\"flex: 1; text-align: center;\">\n<p><img decoding=\"async\" style=\"max-width: 100%; height: auto; margin-bottom: 10px;\" src=\"https:\/\/suncasesupply.com\/wp-content\/uploads\/2025\/03\/3-Scissors-Holder.jpg\" alt=\"Porta forbici\" \/><\/p>\n<p><b><\/b><strong><b>Porta forbici<\/b><\/strong><\/p>\n<p>Il coperchio superiore interno \u00e8 realizzato con 8 porta forbici, il suo materiale \u00e8 Elastic Band, che pu\u00f2 contenere 8 pezzi di forbici di diverse dimensioni. Naturalmente, queste posizioni possono essere utilizzate anche per posizionare altri prodotti come i pettini.<\/p>\n<\/div>\n<p><!-- \u7b2c\u56db\u680f --><\/p>\n<div style=\"flex: 1; text-align: center;\">\n<p><img decoding=\"async\" style=\"max-width: 100%; height: auto; margin-bottom: 10px;\" src=\"https:\/\/suncasesupply.com\/wp-content\/uploads\/2025\/03\/4-Electric-Clippers-velcro.jpg\" alt=\"Tosatrice elettrica velcro\" \/><\/p>\n<p><b><\/b><strong><b>Tosatrice elettrica velcro<\/b><\/strong><\/p>\n<p style=\"margin: 0;\">All&#039;interno del fondo del Barber Case, realizziamo molti velcro, quando inseriamo le tosatrici elettriche, il velcro potrebbe fissarle saldamente. Non preoccuparti pi\u00f9 di urtare e danneggiare gli strumenti per il taglio dei capelli o di farli rovinare all&#039;interno.<\/p>\n<\/div>\n<\/div>\n<h4><span style=\"color: #003366;\">Processo di produzione:<\/span><\/h4>\n<p><img decoding=\"async\" style=\"max-width: 100%; height: auto; margin-bottom: 10px;\" src=\"https:\/\/suncasesupply.com\/wp-content\/uploads\/2025\/07\/Manufacturing-Process.png\" alt=\"Processo di fabbricazione di Suncase\" \/><\/p>\n<div style=\"display: flex; gap: 20px;\">\n<p><!-- \u7b2c\u4e00\u680f \u6d41\u7a0b1--><\/p>\n<div style=\"flex: 1; text-align: center;\"><\/div>\n<\/div>\n<div style=\"display: flex; gap: 20px;\">\n<div style=\"flex: 1; text-align: center;\">\n<p style=\"font-weight: bold; margin: 5px 0;\">\n<\/div>\n<\/div>\n<h4><span style=\"color: #003366;\">Informazioni utili per gli acquirenti all&#039;ingrosso:<\/span><\/h4>\n<ul>\n<li class=\"page-title\" title=\"Cosa rende le carte sportive cos\u00ec preziose?\">\n<p class=\"page-title\" title=\"6 motivi per cui dovresti organizzare con una scatola di stoccaggio in alluminio\"><a href=\"https:\/\/suncasesupply.com\/it\/blog\/custom-aluminum-case\/6-reasons-to-use-aluminum-storage-box-today\/\">6 motivi per cui dovresti organizzare con una scatola di stoccaggio in alluminio &gt;&gt;<\/a><\/p>\n<\/li>\n<li title=\"Cosa rende le carte sportive cos\u00ec preziose?\">\n<p class=\"page-title\" title=\"Tutto quello che devi sapere sulle custodie in alluminio\"><a href=\"https:\/\/suncasesupply.com\/it\/blog\/all-you-need-to-know-about-aluminum-cases\/\">Tutto quello che devi sapere sulle custodie in alluminio &gt;&gt;<\/a><\/p>\n<\/li>\n<\/ul>","protected":false},"excerpt":{"rendered":"<p>Modello:BL-0079<\/p>\n<p>Dimensioni: 54x27x11cm<\/p>\n<p>Colori: nero, oro o colore personalizzato.<\/p>\n<p>Materiali: Telaio in alluminio, pannello in melamina, pannello in MDF, ferramenta.<\/p>\n<p>Logo: Logo in stampa serigrafica<\/p>\n<p>Quantit\u00e0 minima: 20 pezzi<\/p>\n<p>Campione: disponibile, tempo di consegna del campione circa 7 giorni.<\/p>","protected":false},"featured_media":24890,"template":"","meta":{"_gspb_post_css":""},"product_cat":[42,80],"product_tag":[],"featured_image_urls":{"full":["https:\/\/suncasesupply.com\/wp-content\/uploads\/2025\/03\/barber-case-4.jpg",800,800,false],"thumbnail":["https:\/\/suncasesupply.com\/wp-content\/uploads\/2025\/03\/barber-case-4-150x150.jpg",150,150,true],"medium":["https:\/\/suncasesupply.com\/wp-content\/uploads\/2025\/03\/barber-case-4-300x300.jpg",300,300,true],"medium_large":["https:\/\/suncasesupply.com\/wp-content\/uploads\/2025\/03\/barber-case-4-768x768.jpg",768,768,true],"large":["https:\/\/suncasesupply.com\/wp-content\/uploads\/2025\/03\/barber-case-4.jpg",800,800,false],"1536x1536":["https:\/\/suncasesupply.com\/wp-content\/uploads\/2025\/03\/barber-case-4.jpg",800,800,false],"2048x2048":["https:\/\/suncasesupply.com\/wp-content\/uploads\/2025\/03\/barber-case-4.jpg",800,800,false],"trp-custom-language-flag":["https:\/\/suncasesupply.com\/wp-content\/uploads\/2025\/03\/barber-case-4-12x12.jpg",12,12,true],"woocommerce_thumbnail":["https:\/\/suncasesupply.com\/wp-content\/uploads\/2025\/03\/barber-case-4-300x300.jpg",300,300,true],"woocommerce_single":["https:\/\/suncasesupply.com\/wp-content\/uploads\/2025\/03\/barber-case-4-600x600.jpg",600,600,true],"woocommerce_gallery_thumbnail":["https:\/\/suncasesupply.com\/wp-content\/uploads\/2025\/03\/barber-case-4-100x100.jpg",100,100,true]},"post_excerpt_stackable":"<p>Model:BL-0079<\/p>\n<p>Size: 54x27x11cm<\/p>\n<p>Colors: Black color, Gold color or customized color.<\/p>\n<p>Materials: Aluminum\u00a0frame,\u00a0Melamine Panel,\u00a0MDF Board, Hardware.<\/p>\n<p>Logo: Silk Printing Logo<\/p>\n<p>MOQ: 20pcs<\/p>\n<p>Sample: Available, sample time about 7 days.<\/p>\n","category_list":"","author_info":{"name":"","url":""},"comments_num":"0 commenti","_links":{"self":[{"href":"https:\/\/suncasesupply.com\/it\/wp-json\/wp\/v2\/product\/22243"}],"collection":[{"href":"https:\/\/suncasesupply.com\/it\/wp-json\/wp\/v2\/product"}],"about":[{"href":"https:\/\/suncasesupply.com\/it\/wp-json\/wp\/v2\/types\/product"}],"wp:featuredmedia":[{"embeddable":true,"href":"https:\/\/suncasesupply.com\/it\/wp-json\/wp\/v2\/media\/24890"}],"wp:attachment":[{"href":"https:\/\/suncasesupply.com\/it\/wp-json\/wp\/v2\/media?parent=22243"}],"wp:term":[{"taxonomy":"product_cat","embeddable":true,"href":"https:\/\/suncasesupply.com\/it\/wp-json\/wp\/v2\/product_cat?post=22243"},{"taxonomy":"product_tag","embeddable":true,"href":"https:\/\/suncasesupply.com\/it\/wp-json\/wp\/v2\/product_tag?post=22243"}],"curies":[{"name":"wp","href":"https:\/\/api.w.org\/{rel}","templated":true}]}}