{"id":22237,"date":"2023-10-06T11:40:01","date_gmt":"2023-10-06T03:40:01","guid":{"rendered":"https:\/\/suncasesupply.com\/?post_type=product&#038;p=22237"},"modified":"2026-03-17T01:13:17","modified_gmt":"2026-03-16T17:13:17","slug":"hairdressing-tool-storage-box-aluminum-barber-tool-case-organizer-for-clippers-trimmers-scissors","status":"publish","type":"product","link":"https:\/\/suncasesupply.com\/it\/product\/hairdressing-tool-storage-box-aluminum-barber-tool-case-organizer-for-clippers-trimmers-scissors\/","title":{"rendered":"Scatola portaoggetti per attrezzi da parrucchiere Custodia per attrezzi da barbiere in alluminio Organizer per tagliacapelli Trimmer Forbici"},"content":{"rendered":"<h4><span style=\"color: #003366;\">Caratteristiche:<\/span><\/h4>\n<ul>\n<li><strong><b>Angoli arrotondati: <\/b><\/strong>La valigetta portautensili da barbiere \u00e8 progettata con angoli arrotondati. Rispetto ai tradizionali angoli squadrati, offre maggiore sicurezza e previene i graffi durante l&#039;uso quotidiano, rendendo questa valigetta portautensili da parrucchiere pi\u00f9 sicura e comoda da maneggiare.<\/li>\n<li><b><\/b><strong><b>Varie applicazioni: <\/b><\/strong>Questa cassetta degli attrezzi per parrucchieri pu\u00f2 essere ampiamente utilizzata da parrucchieri, toelettatori per animali, truccatori e cos\u00ec via per riporre forbici, trucchi, gioielli, pettini e altri oggetti. Inoltre, \u00e8 anche molto adatta per riporre attrezzi o oggetti di uso quotidiano.<\/li>\n<li><strong><b>Bellissimo aspetto<\/b><\/strong>: Il design di questa valigetta portautensili da barbiere in alluminio \u00e8 il risultato di numerosi miglioramenti. Ha un aspetto molto gradevole e coniuga le caratteristiche di grande capienza, praticit\u00e0, durevolezza e multifunzionalit\u00e0.<\/li>\n<\/ul>\n<h4><span style=\"color: #003366;\">Dettagli del prodotto:<\/span><\/h4>\n<div style=\"display: flex; gap: 20px;\">\n<p><!-- \u7b2c\u4e00\u680f --><\/p>\n<div style=\"flex: 1; text-align: center;\">\n<p><img decoding=\"async\" style=\"max-width: 100%; height: auto; margin-bottom: 10px;\" src=\"https:\/\/suncasesupply.com\/wp-content\/uploads\/2025\/03\/1-Compartments-With-Dividers.jpg\" alt=\"Scomparti con divisori\" \/><\/p>\n<p><b><\/b><b><\/b><strong><b>Scomparti con divisori<\/b><\/strong><\/p>\n<p style=\"margin: 0;\">Gli scomparti con divisori all&#039;interno della valigetta portautensili in alluminio sono realizzati in materiale EVA, sono morbidi e permettono di organizzare e proteggere i vostri oggetti in modo ordinato. Inoltre, i divisori sono regolabili, in modo da poterli posizionare liberamente in base alle proprie esigenze.<\/p>\n<p>&nbsp;<\/p>\n<\/div>\n<p><!-- \u7b2c\u4e8c\u680f --><\/p>\n<div style=\"flex: 1; text-align: center;\">\n<p><img decoding=\"async\" style=\"max-width: 100%; height: auto; margin-bottom: 10px;\" src=\"https:\/\/suncasesupply.com\/wp-content\/uploads\/2025\/03\/2-Electric-Clippers-Holders.jpg\" alt=\"Porta tosatrici professionali\" \/><\/p>\n<p><b><\/b><b><\/b><strong><b>Porta tosatrici professionali<\/b><\/strong><\/p>\n<p>I vassoi scorrevoli sono dotati di 6 scomparti individuali per 6 tagliacapelli professionali, con coperchi trasparenti in acrilico per la protezione e un&#039;esposizione professionale. Questo design curato nei minimi dettagli dimostra la qualit\u00e0 che ci si aspetta da fornitori di fiducia di valigette per attrezzi da barbiere.<\/p>\n<\/div>\n<p><!-- \u7b2c\u4e09\u680f --><\/p>\n<div style=\"flex: 1; text-align: center;\">\n<p><img decoding=\"async\" style=\"max-width: 100%; height: auto; margin-bottom: 10px;\" src=\"https:\/\/suncasesupply.com\/wp-content\/uploads\/2025\/03\/3-Barber-Tools-Holders.jpg\" alt=\"Portautensili da barbiere\" \/><\/p>\n<p><b><\/b><b><\/b><strong><b>Portautensili da barbiere<\/b><\/strong><\/p>\n<p>Incluse tasche per forbici dal design studiato, consentono di riporre le forbici in modo sicuro e prevengono lesioni da contatto accidentale durante il lavoro. Incluse anche tasche a rete e fasce elastiche, per tenere in ordine gli strumenti da barbiere.<\/p>\n<\/div>\n<p><!-- \u7b2c\u56db\u680f --><\/p>\n<div style=\"flex: 1; text-align: center;\">\n<p><img decoding=\"async\" style=\"max-width: 100%; height: auto; margin-bottom: 10px;\" src=\"https:\/\/suncasesupply.com\/wp-content\/uploads\/2025\/03\/4-Acrylic-Cover.jpg\" alt=\"Deflettore acrilico\" \/><\/p>\n<p><b><\/b><b><\/b><strong><b>Deflettore acrilico<\/b><\/strong><\/p>\n<p style=\"margin: 0;\">All&#039;interno della valigetta sono presenti due deflettori trasparenti in acrilico, apribili da sinistra a destra tramite la serratura, che riducono l&#039;ingresso di polvere nei cassetti interni e laterali. Questo dettaglio esalta la funzionalit\u00e0 professionale della valigetta portautensili da parrucchiere.<\/p>\n<\/div>\n<\/div>\n<div style=\"background-color: #29599a; padding: 40px 20px; text-align: center; color: #ffffff; border-radius: 10px; margin: 40px auto; max-width: 960px;\">\n<h2 style=\"font-size: 22px; margin-bottom: 20px; font-weight: bold;\"><span style=\"color: #ffffff;\">Ordina subito la valigetta portautensili in alluminio Sun Case, ordine minimo di soli 20 pezzi!<\/span><\/h2>\n<p><a style=\"display: inline-block; padding: 12px 28px; background-color: #ffffff; color: #29599a; text-decoration: none; border-radius: 6px; font-weight: bold;\" href=\"https:\/\/suncasesupply.com\/it\/contact-us\/\" target=\"_blank\" rel=\"noopener\">Richiedi un preventivo<br \/>\n<\/a><\/p>\n<\/div>\n<h4><span style=\"color: #003366;\">Processo di produzione:<\/span><\/h4>\n<p><img decoding=\"async\" style=\"max-width: 100%; height: auto; margin-bottom: 10px;\" src=\"https:\/\/suncasesupply.com\/wp-content\/uploads\/2025\/07\/Manufacturing-Process.png\" alt=\"Processo di fabbricazione di Suncase\" \/><\/p>\n<div style=\"display: flex; gap: 20px;\">\n<p><!-- \u7b2c\u4e00\u680f \u6d41\u7a0b1--><\/p>\n<div style=\"flex: 1; text-align: center;\"><\/div>\n<\/div>\n<div style=\"display: flex; gap: 20px;\">\n<div style=\"flex: 1; text-align: center;\">\n<p style=\"font-weight: bold; margin: 5px 0;\">\n<\/div>\n<\/div>\n<h4><span style=\"color: #003366;\">Informazioni utili per gli acquirenti all&#039;ingrosso:<\/span><\/h4>\n<ul>\n<li class=\"page-title\" title=\"Cosa rende le carte sportive cos\u00ec preziose?\">\n<p class=\"page-title\" title=\"6 motivi per cui dovresti organizzare con una scatola di stoccaggio in alluminio\"><a href=\"https:\/\/suncasesupply.com\/it\/blog\/custom-aluminum-case\/6-reasons-to-use-aluminum-storage-box-today\/\">6 motivi per cui dovresti organizzare con una scatola di stoccaggio in alluminio &gt;&gt;<\/a><\/p>\n<\/li>\n<li title=\"Cosa rende le carte sportive cos\u00ec preziose?\">\n<p class=\"page-title\" title=\"Tutto quello che devi sapere sulle custodie in alluminio\"><a href=\"https:\/\/suncasesupply.com\/it\/blog\/all-you-need-to-know-about-aluminum-cases\/\">Tutto quello che devi sapere sulle custodie in alluminio &gt;&gt;<\/a><\/p>\n<\/li>\n<\/ul>","protected":false},"excerpt":{"rendered":"<p>Modello:BL-0078<\/p>\n<p>Dimensioni: 49,5x32x19,5cm<\/p>\n<p>Colori: Colore nero<\/p>\n<p>Materiali: Telaio in alluminio, pannello ABS, pannello MDF, ferramenta.<\/p>\n<p>Logo: il logo della piastra metallica \u00e8 disponibile<\/p>\n<p>Quantit\u00e0 minima: 20 pezzi<\/p>\n<p>Campione: disponibile, tempo di consegna del campione circa 7 giorni.<\/p>\n<p>Tempo di consegna: circa 15 giorni<\/p>","protected":false},"featured_media":25383,"template":"","meta":{"_gspb_post_css":""},"product_cat":[42,80,88],"product_tag":[],"featured_image_urls":{"full":["https:\/\/suncasesupply.com\/wp-content\/uploads\/2025\/05\/barber-case.jpg",800,800,false],"thumbnail":["https:\/\/suncasesupply.com\/wp-content\/uploads\/2025\/05\/barber-case-150x150.jpg",150,150,true],"medium":["https:\/\/suncasesupply.com\/wp-content\/uploads\/2025\/05\/barber-case-300x300.jpg",300,300,true],"medium_large":["https:\/\/suncasesupply.com\/wp-content\/uploads\/2025\/05\/barber-case-768x768.jpg",768,768,true],"large":["https:\/\/suncasesupply.com\/wp-content\/uploads\/2025\/05\/barber-case.jpg",800,800,false],"1536x1536":["https:\/\/suncasesupply.com\/wp-content\/uploads\/2025\/05\/barber-case.jpg",800,800,false],"2048x2048":["https:\/\/suncasesupply.com\/wp-content\/uploads\/2025\/05\/barber-case.jpg",800,800,false],"trp-custom-language-flag":["https:\/\/suncasesupply.com\/wp-content\/uploads\/2025\/05\/barber-case-12x12.jpg",12,12,true],"woocommerce_thumbnail":["https:\/\/suncasesupply.com\/wp-content\/uploads\/2025\/05\/barber-case-300x300.jpg",300,300,true],"woocommerce_single":["https:\/\/suncasesupply.com\/wp-content\/uploads\/2025\/05\/barber-case-600x600.jpg",600,600,true],"woocommerce_gallery_thumbnail":["https:\/\/suncasesupply.com\/wp-content\/uploads\/2025\/05\/barber-case-100x100.jpg",100,100,true]},"post_excerpt_stackable":"<p>Model:BL-0078<\/p>\n<p>Size: 49.5x32x19.5cm<\/p>\n<p>Colors: Black color<\/p>\n<p>Materials: Aluminum\u00a0frame,\u00a0ABS Panel,\u00a0MDF Board, Hardware.<\/p>\n<p>Logo: Metal Plate Logo is available<\/p>\n<p>MOQ: 20pcs<\/p>\n<p>Sample: Available, sample time about 7 days.<\/p>\n<p>Deliver Time: About 15 days<\/p>\n","category_list":"","author_info":{"name":"","url":""},"comments_num":"0 commenti","_links":{"self":[{"href":"https:\/\/suncasesupply.com\/it\/wp-json\/wp\/v2\/product\/22237"}],"collection":[{"href":"https:\/\/suncasesupply.com\/it\/wp-json\/wp\/v2\/product"}],"about":[{"href":"https:\/\/suncasesupply.com\/it\/wp-json\/wp\/v2\/types\/product"}],"wp:featuredmedia":[{"embeddable":true,"href":"https:\/\/suncasesupply.com\/it\/wp-json\/wp\/v2\/media\/25383"}],"wp:attachment":[{"href":"https:\/\/suncasesupply.com\/it\/wp-json\/wp\/v2\/media?parent=22237"}],"wp:term":[{"taxonomy":"product_cat","embeddable":true,"href":"https:\/\/suncasesupply.com\/it\/wp-json\/wp\/v2\/product_cat?post=22237"},{"taxonomy":"product_tag","embeddable":true,"href":"https:\/\/suncasesupply.com\/it\/wp-json\/wp\/v2\/product_tag?post=22237"}],"curies":[{"name":"wp","href":"https:\/\/api.w.org\/{rel}","templated":true}]}}