{"id":22163,"date":"2023-09-19T17:39:34","date_gmt":"2023-09-19T09:39:34","guid":{"rendered":"https:\/\/suncasesupply.com\/?post_type=product&#038;p=22163"},"modified":"2025-07-15T10:54:12","modified_gmt":"2025-07-15T02:54:12","slug":"pick-foam-flight-case-multi-format-turntable-storage-case","status":"publish","type":"product","link":"https:\/\/suncasesupply.com\/it\/product\/pick-foam-flight-case-multi-format-turntable-storage-case\/","title":{"rendered":"Custodia per giradischi Technics 1200 Custodia per giradischi in alluminio"},"content":{"rendered":"<h4><span style=\"color: #003366;\">Caratteristiche:<\/span><\/h4>\n<ul>\n<li><strong><b>Costruzione robusta<\/b><\/strong>: La custodia per giradischi Technics 1200, un tipo di custodia in alluminio per giradischi, \u00e8 realizzata con profili in alluminio resistenti alla corrosione con angoli arrotondati. Questa resistente custodia in alluminio per DJ offre una protezione duratura per la tua preziosa attrezzatura.<\/li>\n<li><strong><b>Schiume di protezione<\/b><\/strong>: Completamente rivestito con imbottitura protettiva in schiuma EVA ad alta densit\u00e0 e schiuma a nido d&#039;ape sul coperchio, che lo rendono ideale come contenitore per giradischi.<\/li>\n<li><strong><b>Materiali resistenti<\/b><\/strong>: Due robuste serrature a farfalla laterali e cerniere in metallo solido, proprio come quelle utilizzate nei modelli professionali di cassette portautensili in alluminio.<\/li>\n<li><strong><b>In piedi<\/b><\/strong>: Piedini in gomma nella parte inferiore per sostenere la posizione eretta.<\/li>\n<li><strong><b>Accatastamento<\/b><\/strong>:Il coperchio superiore e inferiore del giradischi con custodia sono completamente rimovibili e possono essere impilati durante l&#039;uso, migliorando la funzionalit\u00e0 per installazioni mobili o per esigenze di archiviazione di dischi per DJ.<\/li>\n<\/ul>\n<h4><span style=\"color: #003366;\">Dettagli del prodotto:<\/span><\/h4>\n<div style=\"display: flex; gap: 20px;\">\n<p><!-- \u7b2c\u4e00\u680f --><\/p>\n<div style=\"flex: 1; text-align: center;\">\n<p><img decoding=\"async\" style=\"max-width: 100%; height: auto; margin-bottom: 10px;\" src=\"https:\/\/suncasesupply.com\/wp-content\/uploads\/2025\/03\/1-Cable-Hole.jpg\" alt=\"Foro per cavi\" \/><\/p>\n<p><strong><b>Foro per cavi<\/b><\/strong><\/p>\n<p style=\"margin: 0;\">Il foro per i cavi \u00e8 ricavato al centro del coperchio posteriore della custodia del giradischi. Quando il Technics 1200 viene riposto all&#039;interno di questo giradischi, \u00e8 possibile far passare i cavi attraverso questo foro e collegarli ad altre fonti di alimentazione. Grazie a questa caratteristica, i cavi rimangono ordinati e senza grovigli, il che \u00e8 particolarmente importante per conservare in modo ordinato i dischi in vinile e il giradischi.<\/p>\n<p>&nbsp;<\/p>\n<\/div>\n<p><!-- \u7b2c\u4e8c\u680f --><\/p>\n<div style=\"flex: 1; text-align: center;\">\n<p><img decoding=\"async\" style=\"max-width: 100%; height: auto; margin-bottom: 10px;\" src=\"https:\/\/suncasesupply.com\/wp-content\/uploads\/2025\/03\/2-Butterfly-Locks.jpg\" alt=\"Serrature a farfalla\" \/><\/p>\n<p><strong><b>Serrature a farfalla<\/b><\/strong><\/p>\n<p style=\"margin: 0;\">La struttura del Butterfly Lock \u00e8 complessa e comprende un coperchio, un gancio, una base, rivetti meccanici, connettori per rivetti, piastre mobili rotanti, molle, teste dei pulsanti, maniglie dei pulsanti e piastre a molla. Si apre e si chiude fluidamente, \u00e8 solido e stabile. Presenta resistenza alla corrosione e buona tenacit\u00e0, e pu\u00f2 anche essere utilizzato come elemento decorativo, come spesso accade nelle custodie per dischi da DJ.<\/p>\n<\/div>\n<p><!-- \u7b2c\u4e09\u680f --><\/p>\n<div style=\"flex: 1; text-align: center;\">\n<p><img decoding=\"async\" style=\"max-width: 100%; height: auto; margin-bottom: 10px;\" src=\"https:\/\/suncasesupply.com\/wp-content\/uploads\/2025\/03\/3-Spring-Handle.jpg\" alt=\"Maniglia a molla\" \/><\/p>\n<p><b><\/b><strong><b>Maniglia a molla<\/b><\/strong><\/p>\n<p>La maniglia pieghevole a molla \u00e8 una maniglia con funzione pieghevole. \u00c8 incorporata all&#039;interno della maniglia e mantiene la maniglia piegata o aperta tramite elasticit\u00e0. Quando la maniglia deve essere utilizzata, pu\u00f2 essere facilmente ripiegata e la molla la ripiegher\u00e0 automaticamente nella sua posizione originale dopo il rilascio.<\/p>\n<\/div>\n<p><!-- \u7b2c\u56db\u680f --><\/p>\n<div style=\"flex: 1; text-align: center;\">\n<p><img decoding=\"async\" style=\"max-width: 100%; height: auto; margin-bottom: 10px;\" src=\"https:\/\/suncasesupply.com\/wp-content\/uploads\/2025\/03\/4.jpg\" alt=\"Imbottitura protettiva EVA\" \/><\/p>\n<p><strong><b>Imbottitura protettiva EVA<\/b><\/strong><\/p>\n<p style=\"margin: 0;\">All&#039;interno del coperchio superiore dell&#039;organizer per giradischi, \u00e8 presente un&#039;ampia imbottitura protettiva in schiuma EVA, mentre all&#039;interno dei 4 angoli inferiori sono presenti 4 pezzi. La loro funzione principale \u00e8 quella di fissare il dispositivo all&#039;interno. Quando il Technics 1200 \u00e8 riposto nella custodia, l&#039;imbottitura protettiva in schiuma EVA impedisce al dispositivo di muoversi in alto e in basso, a sinistra e a destra, garantendo cos\u00ec protezione e protezione contro le collisioni.<\/p>\n<\/div>\n<\/div>\n<div style=\"background-color: #29599a; padding: 40px 20px; text-align: center; color: #ffffff; border-radius: 10px; margin: 40px auto; max-width: 960px;\">\n<h2 style=\"font-size: 22px; margin-bottom: 20px; font-weight: bold;\"><span style=\"color: #ffffff;\">Inizia il tuo ordine all&#039;ingrosso per la custodia del giradischi Technics 1200: minimo 100, prezzo diretto dalla fabbrica!<\/span><\/h2>\n<p><a style=\"display: inline-block; padding: 12px 28px; background-color: #ffffff; color: #29599a; text-decoration: none; border-radius: 6px; font-weight: bold;\" href=\"https:\/\/suncasesupply.com\/it\/contact-us\/\" target=\"_blank\" rel=\"noopener\">Richiedi un preventivo adesso<br \/>\n<\/a><\/p>\n<\/div>\n<h4><span style=\"color: #003366;\">Processo di produzione:<\/span><\/h4>\n<p><img decoding=\"async\" style=\"max-width: 100%; height: auto; margin-bottom: 10px;\" src=\"https:\/\/suncasesupply.com\/wp-content\/uploads\/2025\/07\/Manufacturing-Process.png\" alt=\"Processo di fabbricazione di Suncase\" \/><\/p>\n<h4><span style=\"color: #003366;\">Informazioni utili per gli acquirenti all&#039;ingrosso:<\/span><\/h4>\n<ul>\n<li class=\"page-title\" title=\"Cosa rende le carte sportive cos\u00ec preziose?\">\n<p class=\"page-title\" title=\"6 motivi per cui dovresti organizzare con una scatola di stoccaggio in alluminio\"><a href=\"https:\/\/suncasesupply.com\/it\/blog\/custom-aluminum-case\/6-reasons-to-use-aluminum-storage-box-today\/\">6 motivi per cui dovresti organizzare con una scatola di stoccaggio in alluminio &gt;&gt;<\/a><\/p>\n<\/li>\n<li title=\"Cosa rende le carte sportive cos\u00ec preziose?\">\n<p class=\"page-title\" title=\"Tutto quello che devi sapere sulle custodie in alluminio\"><a href=\"https:\/\/suncasesupply.com\/it\/blog\/all-you-need-to-know-about-aluminum-cases\/\">Tutto quello che devi sapere sulle custodie in alluminio &gt;&gt;<\/a><\/p>\n<\/li>\n<li title=\"Cosa rende le carte sportive cos\u00ec preziose?\">\n<p class=\"page-title\" title=\"Due modi per proteggere la tua attrezzatura da DJ con una custodia per controller da DJ\"><a href=\"https:\/\/suncasesupply.com\/it\/blog\/custom-aluminum-case\/two-ways-to-protect-your-dj-gear-with-a-dj-controller-case\/\">Due modi per proteggere la tua attrezzatura da DJ con una custodia per controller da DJ &gt;&gt;<\/a><\/p>\n<\/li>\n<\/ul>","protected":false},"excerpt":{"rendered":"<p>Modello:BA-25001<\/p>\n<p>Dimensioni: 45 x 45 x 20 cm<\/p>\n<p>Macchina: Per contenere Technics 1200<\/p>\n<p>Colori: Colore nero<\/p>\n<p>Materiali: compensato, alluminio con angoli arrotondati, pannello MDF, ferramenta.<\/p>\n<p>Logo: Logo serigrafato \/ Logo su piastra metallica<\/p>\n<p>Quantit\u00e0 minima: 100 pezzi<\/p>\n<p>Campione: disponibile, tempo di consegna del campione circa 7 giorni.<\/p>\n<p>Termini di pagamento: T\/T, deposito + saldo<\/p>","protected":false},"featured_media":25385,"template":"","meta":{"_gspb_post_css":""},"product_cat":[42,80],"product_tag":[],"featured_image_urls":{"full":["https:\/\/suncasesupply.com\/wp-content\/uploads\/2025\/05\/turntable-flight-case.jpg",800,800,false],"thumbnail":["https:\/\/suncasesupply.com\/wp-content\/uploads\/2025\/05\/turntable-flight-case-150x150.jpg",150,150,true],"medium":["https:\/\/suncasesupply.com\/wp-content\/uploads\/2025\/05\/turntable-flight-case-300x300.jpg",300,300,true],"medium_large":["https:\/\/suncasesupply.com\/wp-content\/uploads\/2025\/05\/turntable-flight-case-768x768.jpg",768,768,true],"large":["https:\/\/suncasesupply.com\/wp-content\/uploads\/2025\/05\/turntable-flight-case.jpg",800,800,false],"1536x1536":["https:\/\/suncasesupply.com\/wp-content\/uploads\/2025\/05\/turntable-flight-case.jpg",800,800,false],"2048x2048":["https:\/\/suncasesupply.com\/wp-content\/uploads\/2025\/05\/turntable-flight-case.jpg",800,800,false],"trp-custom-language-flag":["https:\/\/suncasesupply.com\/wp-content\/uploads\/2025\/05\/turntable-flight-case-12x12.jpg",12,12,true],"woocommerce_thumbnail":["https:\/\/suncasesupply.com\/wp-content\/uploads\/2025\/05\/turntable-flight-case-300x300.jpg",300,300,true],"woocommerce_single":["https:\/\/suncasesupply.com\/wp-content\/uploads\/2025\/05\/turntable-flight-case-600x600.jpg",600,600,true],"woocommerce_gallery_thumbnail":["https:\/\/suncasesupply.com\/wp-content\/uploads\/2025\/05\/turntable-flight-case-100x100.jpg",100,100,true]},"post_excerpt_stackable":"<p>Model:BA-25001<\/p>\n<p>Size: 45 x 45 x 20 cm<\/p>\n<p>Machine: To hold Technics 1200<\/p>\n<p>Colors: Black color<\/p>\n<p>Materials: Plywood, Round Corner Aluminum, MDF Board, Hardware.<\/p>\n<p>Logo: Silk Printing Logo \/ Metal Plate Logo<\/p>\n<p>MOQ: 100pcs<\/p>\n<p>Sample: Available, sample time about 7 days.<\/p>\n<p>Payment Terms: T\/T, Deposit+Balance<\/p>\n","category_list":"","author_info":{"name":"","url":""},"comments_num":"0 commenti","_links":{"self":[{"href":"https:\/\/suncasesupply.com\/it\/wp-json\/wp\/v2\/product\/22163"}],"collection":[{"href":"https:\/\/suncasesupply.com\/it\/wp-json\/wp\/v2\/product"}],"about":[{"href":"https:\/\/suncasesupply.com\/it\/wp-json\/wp\/v2\/types\/product"}],"wp:featuredmedia":[{"embeddable":true,"href":"https:\/\/suncasesupply.com\/it\/wp-json\/wp\/v2\/media\/25385"}],"wp:attachment":[{"href":"https:\/\/suncasesupply.com\/it\/wp-json\/wp\/v2\/media?parent=22163"}],"wp:term":[{"taxonomy":"product_cat","embeddable":true,"href":"https:\/\/suncasesupply.com\/it\/wp-json\/wp\/v2\/product_cat?post=22163"},{"taxonomy":"product_tag","embeddable":true,"href":"https:\/\/suncasesupply.com\/it\/wp-json\/wp\/v2\/product_tag?post=22163"}],"curies":[{"name":"wp","href":"https:\/\/api.w.org\/{rel}","templated":true}]}}