{"id":21988,"date":"2023-08-30T10:14:15","date_gmt":"2023-08-30T02:14:15","guid":{"rendered":"https:\/\/suncasesupply.com\/?post_type=product&#038;p=21988"},"modified":"2025-02-26T11:08:19","modified_gmt":"2025-02-26T03:08:19","slug":"nail-polish-makeup-train-case-with-drawer-and-dividers-organizer-accessory-storage-box","status":"publish","type":"product","link":"https:\/\/suncasesupply.com\/it\/product\/nail-polish-makeup-train-case-with-drawer-and-dividers-organizer-accessory-storage-box\/","title":{"rendered":"Valigetta per trucco per smalti per unghie con cassetto e divisori Scatola portaoggetti per accessori"},"content":{"rendered":"<p>&nbsp;<\/p>\n<table width=\"774\">\n<tbody>\n<tr>\n<td width=\"177\">Articolo<\/td>\n<td width=\"597\">Custodia per il trucco in alluminio<\/td>\n<\/tr>\n<tr>\n<td>Dimensione<\/td>\n<td>26 x 26 x 19 cm\/Personalizzata<\/td>\n<\/tr>\n<tr>\n<td>Colori<\/td>\n<td>Come mostrano le immagini o personalizza<\/td>\n<\/tr>\n<tr>\n<td>Materiali<\/td>\n<td>Alluminio, pannello ABS, pannello MDF, rivestimento in EVA\/schiuma\/tessuto\/PU, hardware<\/td>\n<\/tr>\n<tr>\n<td>Logo<\/td>\n<td>Logo in placca metallica, logo stampato, logo in rilievo, logo laser<\/td>\n<\/tr>\n<tr>\n<td>Tempo di campionamento<\/td>\n<td>7 giorni<\/td>\n<\/tr>\n<tr>\n<td>Porto d&#039;imbarco<\/td>\n<td>Guangzhou, Shenzen<\/td>\n<\/tr>\n<tr>\n<td>Condizioni commerciali<\/td>\n<td>EXW, FOB, CIF, DDU, DDP<\/td>\n<\/tr>\n<tr>\n<td>Modalit\u00e0 di pagamento<\/td>\n<td>T\/T, contanti, PayPal, carta di credito<\/td>\n<\/tr>\n<\/tbody>\n<\/table>\n<p><span style=\"color: #003366;\">Caratteristiche:<\/span><\/p>\n<p>Questa custodia per il trucco \u00e8 realizzata in alluminio di alta qualit\u00e0 e pannello MDF, quindi la sua struttura \u00e8 molto comoda.<br \/>\nCapacit\u00e0 di stoccaggio sufficiente: questa custodia \u00e8 flessibile per adattarsi a prodotti di varie dimensioni come articoli da toeletta, cosmetici, smalti per unghie, oli essenziali, gioiellieri, pennelli per il trucco e strumenti per capelli. Ci sono divisori rimovibili sui vassoi superiori, puoi ordinare cose diverse in diversi scomparti.<br \/>\nPortatile e sicuro: la valigetta per il trucco ha una grande maniglia antiscivolo, ti sentirai pi\u00f9 a tuo agio a tenerla. Dispone inoltre di serratura con chiave per la privacy e la sicurezza in caso di viaggio.<br \/>\nL&#039;interno \u00e8 facile da pulire: l&#039;interno della custodia \u00e8 realizzato in plastica sia sul vassoio che sul fondo della custodia. Se macchie accidentalmente la custodia con il trucco, \u00e8 sufficiente utilizzare un panno umido per pulire la superficie. Torner\u00e0 come nuovo.<\/p>","protected":false},"excerpt":{"rendered":"<p>Modello: BL-0055<\/p>\n<p>Dimensioni: 26 x 26 x 19 cm o dimensioni personalizzate<\/p>\n<p>Quantit\u00e0 minima: 100 pezzi<\/p>\n<p>Tempi di consegna: 15-25 giorni<\/p>\n<p>Campione: disponibile<\/p>","protected":false},"featured_media":21994,"template":"","meta":{"_gspb_post_css":""},"product_cat":[96],"product_tag":[],"featured_image_urls":{"full":["https:\/\/suncasesupply.com\/wp-content\/uploads\/2023\/08\/6-21.jpg",800,800,false],"thumbnail":["https:\/\/suncasesupply.com\/wp-content\/uploads\/2023\/08\/6-21-150x150.jpg",150,150,true],"medium":["https:\/\/suncasesupply.com\/wp-content\/uploads\/2023\/08\/6-21-300x300.jpg",300,300,true],"medium_large":["https:\/\/suncasesupply.com\/wp-content\/uploads\/2023\/08\/6-21-768x768.jpg",768,768,true],"large":["https:\/\/suncasesupply.com\/wp-content\/uploads\/2023\/08\/6-21.jpg",800,800,false],"1536x1536":["https:\/\/suncasesupply.com\/wp-content\/uploads\/2023\/08\/6-21.jpg",800,800,false],"2048x2048":["https:\/\/suncasesupply.com\/wp-content\/uploads\/2023\/08\/6-21.jpg",800,800,false],"trp-custom-language-flag":["https:\/\/suncasesupply.com\/wp-content\/uploads\/2023\/08\/6-21.jpg",12,12,false],"woocommerce_thumbnail":["https:\/\/suncasesupply.com\/wp-content\/uploads\/2023\/08\/6-21-300x300.jpg",300,300,true],"woocommerce_single":["https:\/\/suncasesupply.com\/wp-content\/uploads\/2023\/08\/6-21-600x600.jpg",600,600,true],"woocommerce_gallery_thumbnail":["https:\/\/suncasesupply.com\/wp-content\/uploads\/2023\/08\/6-21-100x100.jpg",100,100,true]},"post_excerpt_stackable":"<p>Model : BL-0055<\/p>\n<p>Size: 26 x 26 x 19 cm or Customized Size<\/p>\n<p>MOQ: 100pcs<\/p>\n<p>Delivery Time : 15-25 Days<\/p>\n<p>Sample : Available<\/p>\n","category_list":"","author_info":{"name":"","url":""},"comments_num":"0 commenti","_links":{"self":[{"href":"https:\/\/suncasesupply.com\/it\/wp-json\/wp\/v2\/product\/21988"}],"collection":[{"href":"https:\/\/suncasesupply.com\/it\/wp-json\/wp\/v2\/product"}],"about":[{"href":"https:\/\/suncasesupply.com\/it\/wp-json\/wp\/v2\/types\/product"}],"wp:featuredmedia":[{"embeddable":true,"href":"https:\/\/suncasesupply.com\/it\/wp-json\/wp\/v2\/media\/21994"}],"wp:attachment":[{"href":"https:\/\/suncasesupply.com\/it\/wp-json\/wp\/v2\/media?parent=21988"}],"wp:term":[{"taxonomy":"product_cat","embeddable":true,"href":"https:\/\/suncasesupply.com\/it\/wp-json\/wp\/v2\/product_cat?post=21988"},{"taxonomy":"product_tag","embeddable":true,"href":"https:\/\/suncasesupply.com\/it\/wp-json\/wp\/v2\/product_tag?post=21988"}],"curies":[{"name":"wp","href":"https:\/\/api.w.org\/{rel}","templated":true}]}}