{"id":21862,"date":"2023-08-29T16:36:14","date_gmt":"2023-08-29T08:36:14","guid":{"rendered":"https:\/\/suncasesupply.com\/?post_type=product&#038;p=21862"},"modified":"2025-02-26T11:51:15","modified_gmt":"2025-02-26T03:51:15","slug":"55-60-65-inch-tv-flight-case-double-screens-monitor-road-case","status":"publish","type":"product","link":"https:\/\/suncasesupply.com\/it\/product\/55-60-65-inch-tv-flight-case-double-screens-monitor-road-case\/","title":{"rendered":"Custodia da viaggio per TV da 55 60 pollici da 65 pollici con monitor a doppio schermo"},"content":{"rendered":"<h4><span style=\"color: #003366;\">Caratteristiche:<\/span><\/h4>\n<ul>\n<li><strong><b>Sicurezza:<\/b><\/strong> Questa custodia da viaggio per TV adotta un design strutturale resistente, \u00e8 realizzata in compensato spesso 9 mm o 12 mm ed \u00e8 dotata di imbottitura in EVA all&#039;interno, che pu\u00f2 proteggere bene gli schermi della tua TV. \u00c8 inoltre dotata di robusti accessori resistenti come un telaio in alluminio, angoli, serrature a farfalla, ecc., che hanno un certo grado di anticollisione e possono garantire che la tua TV non venga danneggiata durante l&#039;uso quotidiano e il trasporto. Pertanto, questa custodia \u00e8 un deposito sicuro per lo schermo della tua TV.<\/li>\n<li><strong><b>Convenienza:<\/b><\/strong> Le serrature a farfalla rendono le coperture rimovibili, davanti e dietro, cos\u00ec puoi accedere facilmente alle tue TV. \u00c8 dotato di quattro ruote girevoli per impieghi gravosi, due delle quali sono bloccabili, rendendo questa custodia sia mobile che stabile. Pertanto, pu\u00f2 soddisfare le esigenze di scene di performance di diverse distanze e ambienti, il che \u00e8 molto comodo.<\/li>\n<li><strong><b>Conservazione perfetta della TV<\/b><\/strong><strong><b>: <\/b><\/strong>Il nostro flight case offre un&#039;ottima soluzione di archiviazione per i tuoi televisori, adatto a schermi TV di varie marche e dimensioni. Un case pu\u00f2 contenere due TV, ovviamente, se vuoi contenere pi\u00f9 TV, possiamo anche personalizzare la capacit\u00e0 appositamente per te. Materiali resistenti di buona qualit\u00e0 gli conferiscono una buona capacit\u00e0 di carico, che pu\u00f2 garantire la sicurezza del televisore. \u00c8 una scelta affidabile per i professionisti.<\/li>\n<\/ul>\n<h4><span style=\"color: #003366;\">Dettagli del prodotto:<\/span><\/h4>\n<div style=\"display: flex; gap: 20px;\">\n<p><!-- \u7b2c\u4e00\u680f --><\/p>\n<div style=\"flex: 1; text-align: center;\">\n<p><img decoding=\"async\" style=\"max-width: 100%; height: auto; margin-bottom: 10px;\" src=\"https:\/\/suncasesupply.com\/wp-content\/uploads\/2024\/12\/1-Customized-and-Protective-foam.webp\" alt=\"Schiuma protettiva e personalizzata\" \/><\/p>\n<p style=\"font-weight: bold; margin: 5px 0;\">Schiuma protettiva e personalizzata<\/p>\n<p style=\"margin: 0;\">Questo flight case \u00e8 rivestito con imbottitura in schiuma rigida ad alta densit\u00e0 e protettiva all&#039;interno, che pu\u00f2 proteggere gli schermi TV da eventuali danni. Lo spazio interno \u00e8 completamente personalizzato in base alle tue TV, il che impedisce alla tua TV di tremare durante il trasloco ed \u00e8 il contenitore perfetto per il trasporto a lunga distanza.<\/p>\n<\/div>\n<p><!-- \u7b2c\u4e8c\u680f --><\/p>\n<div style=\"flex: 1; text-align: center;\">\n<p><img decoding=\"async\" style=\"max-width: 100%; height: auto; margin-bottom: 10px;\" src=\"https:\/\/suncasesupply.com\/wp-content\/uploads\/2024\/12\/2-Casters.webp\" alt=\"Ruote\" \/><\/p>\n<p style=\"font-weight: bold; margin: 5px 0;\">Ruote<\/p>\n<p style=\"margin: 0;\">\u00c8 dotato di quattro ruote girevoli ad alta resistenza, due delle quali sono bloccabili, rendendo questa custodia sia mobile che stabile. E le ruote sono realizzate in ferro e gomma di buona qualit\u00e0, sia portanti che durevoli.<\/p>\n<\/div>\n<p><!-- \u7b2c\u4e09\u680f --><\/p>\n<div style=\"flex: 1; text-align: center;\">\n<p><img decoding=\"async\" style=\"max-width: 100%; height: auto; margin-bottom: 10px;\" src=\"https:\/\/suncasesupply.com\/wp-content\/uploads\/2024\/12\/3-Secure-Locking-System.webp\" alt=\"Sistema di bloccaggio sicuro\" \/><\/p>\n<p style=\"font-weight: bold; margin: 5px 0;\">Sistema di bloccaggio sicuro<\/p>\n<p style=\"margin: 0;\">Presenta un meccanismo di bloccaggio a farfalla con fori per i lucchetti per mantenere al sicuro i tuoi schermi. E i suoi lucchetti a farfalla rendono la sua copertura rimovibile davanti e dietro, cos\u00ec puoi accedere facilmente alle tue TV.<\/p>\n<\/div>\n<p><!-- \u7b2c\u56db\u680f --><\/p>\n<div style=\"flex: 1; text-align: center;\">\n<p><img decoding=\"async\" style=\"max-width: 100%; height: auto; margin-bottom: 10px;\" src=\"https:\/\/suncasesupply.com\/wp-content\/uploads\/2024\/12\/4-Anti-collision-corners.webp\" alt=\"Angoli anti-collisione\" \/><\/p>\n<p style=\"font-weight: bold; margin: 5px 0;\">Angoli anti-collisione<\/p>\n<p style=\"margin: 0;\">Dotato di angoli in metallo robusto e resistente, migliora notevolmente la resistenza allo schiacciamento e la durevolezza della custodia, prolungandone la durata e garantendo che lo schermo TV all&#039;interno sia ben protetto durante il trasporto.<\/p>\n<\/div>\n<\/div>\n<h4><span style=\"color: #003366;\">Processo di fabbricazione del flight case per TV:<\/span><\/h4>\n<div style=\"display: flex; gap: 20px;\">\n<p><!-- \u7b2c\u4e00\u680f \u6d41\u7a0b1--><\/p>\n<div style=\"flex: 1; text-align: center;\">\n<p><img decoding=\"async\" style=\"max-width: 100%; height: auto; margin-bottom: 10px;\" src=\"https:\/\/suncasesupply.com\/wp-content\/uploads\/2024\/12\/1-Prepare-materials.webp\" alt=\"1-Preparare i materiali\" \/><\/p>\n<p style=\"font-weight: bold; margin: 5px 0;\">1. Preparare i materiali<\/p>\n<\/div>\n<p><!-- \u7b2c\u4e8c\u680f \u6d41\u7a0b2--><\/p>\n<div style=\"flex: 1; text-align: center;\">\n<p><img decoding=\"async\" style=\"max-width: 100%; height: auto; margin-bottom: 10px;\" src=\"https:\/\/suncasesupply.com\/wp-content\/uploads\/2024\/12\/2-Drill-Hole.webp\" alt=\"2-Foro di perforazione\" \/><\/p>\n<p style=\"font-weight: bold; margin: 5px 0;\">2. Forare il foro<\/p>\n<\/div>\n<p><!-- \u7b2c\u4e09\u680f \u6d41\u7a0b3--><\/p>\n<div style=\"flex: 1; text-align: center;\">\n<p><img decoding=\"async\" style=\"max-width: 100%; height: auto; margin-bottom: 10px;\" src=\"https:\/\/suncasesupply.com\/wp-content\/uploads\/2024\/12\/3-Rivet.webp\" alt=\"3-Rivetto\" \/><\/p>\n<p style=\"font-weight: bold; margin: 5px 0;\">3. Rivetto<\/p>\n<\/div>\n<p><!-- \u7b2c\u56db\u680f \u6d41\u7a0b4--><\/p>\n<div style=\"flex: 1; text-align: center;\">\n<p><img decoding=\"async\" style=\"max-width: 100%; height: auto; margin-bottom: 10px;\" src=\"https:\/\/suncasesupply.com\/wp-content\/uploads\/2024\/12\/4-Assemble.webp\" alt=\"4-Assemblaggio\" \/><\/p>\n<p style=\"font-weight: bold; margin: 5px 0;\">4. Assemblare<\/p>\n<\/div>\n<\/div>\n<p>&nbsp;<\/p>\n<div style=\"display: flex; gap: 20px;\">\n<p><!-- \u7b2c\u4e00\u680f \u6d41\u7a0b5--><\/p>\n<div style=\"flex: 1; text-align: center;\">\n<p><img decoding=\"async\" style=\"max-width: 100%; height: auto; margin-bottom: 10px;\" src=\"https:\/\/suncasesupply.com\/wp-content\/uploads\/2024\/12\/5-glue-lining.webp\" alt=\"5-rivestimento adesivo\" \/><\/p>\n<p style=\"font-weight: bold; margin: 5px 0;\">5. Rivestimento adesivo<\/p>\n<\/div>\n<p><!-- \u7b2c\u4e8c\u680f \u6d41\u7a0b6--><\/p>\n<div style=\"flex: 1; text-align: center;\">\n<p><img decoding=\"async\" style=\"max-width: 100%; height: auto; margin-bottom: 10px;\" src=\"https:\/\/suncasesupply.com\/wp-content\/uploads\/2024\/12\/6-Cleaning.webp\" alt=\"6-Pulizia\" \/><\/p>\n<p style=\"font-weight: bold; margin: 5px 0;\">6. Pulizia<\/p>\n<\/div>\n<p><!-- \u7b2c\u4e09\u680f \u6d41\u7a0b7--><\/p>\n<div style=\"flex: 1; text-align: center;\">\n<p><img decoding=\"async\" style=\"max-width: 100%; height: auto; margin-bottom: 10px;\" src=\"https:\/\/suncasesupply.com\/wp-content\/uploads\/2024\/12\/7-Package.webp\" alt=\"7-Pacchetto\" \/><\/p>\n<p style=\"font-weight: bold; margin: 5px 0;\">7. Pacchetto<\/p>\n<\/div>\n<p><!-- \u7b2c\u56db\u680f \u6d41\u7a0b8--><\/p>\n<div style=\"flex: 1; text-align: center;\">\n<p><img decoding=\"async\" style=\"max-width: 100%; height: auto; margin-bottom: 10px;\" src=\"https:\/\/suncasesupply.com\/wp-content\/uploads\/2024\/12\/8-Loading.webp\" alt=\"8-Caricamento\" \/><\/p>\n<p style=\"font-weight: bold; margin: 5px 0;\">8. Caricamento<\/p>\n<\/div>\n<\/div>\n<h4><span style=\"color: #003366;\">Informazioni utili per gli acquirenti all&#039;ingrosso:<\/span><\/h4>\n<ol>\n<li>\n<p class=\"page-title\" title=\"Qual \u00e8 il miglior materiale per il flight case?\"><a href=\"https:\/\/suncasesupply.com\/it\/blog\/flight-case\/best-material\/\">Qual \u00e8 il miglior materiale per il flight case?<\/a><\/p>\n<\/li>\n<li>\n<p class=\"page-title\" title=\"Cosa rende le carte sportive cos\u00ec preziose?\"><a href=\"https:\/\/suncasesupply.com\/it\/blog\/flight-case\/how-to-clean\/\">Come si pulisce un flight case?<\/a><\/p>\n<\/li>\n<li>\n<p class=\"page-title\" title=\"Come scegliere i migliori flight case\"><a href=\"https:\/\/suncasesupply.com\/it\/blog\/flight-case\/how-to-choose\/\">Come scegliere i migliori flight case<\/a><\/p>\n<\/li>\n<li>\n<p class=\"page-title\" title=\"I Flight Case sono sicuri?\"><a href=\"https:\/\/suncasesupply.com\/it\/blog\/flight-case\/safety\/\">I Flight Case sono sicuri?<\/a><\/p>\n<\/li>\n<li>\n<p class=\"page-title\" title=\"Qual \u00e8 lo scopo di un flight case?\"><a href=\"https:\/\/suncasesupply.com\/it\/blog\/flight-case\/what-is-the-purpose\/\">Qual \u00e8 lo scopo di un flight case?<\/a><\/p>\n<\/li>\n<li>\n<p class=\"page-title\" title=\"Le differenze tra i casi EVA e ATA\"><a href=\"https:\/\/suncasesupply.com\/it\/blog\/the-differences-between-eva-and-ata-cases\/\">Le differenze tra i casi EVA e ATA<\/a><\/p>\n<\/li>\n<\/ol>","protected":false},"excerpt":{"rendered":"<p>Modello: Z61<\/p>\n<p>Dimensioni: per TV da 55&quot; a 85&quot; o personalizzate<\/p>\n<p>Colori: Nero o personalizzabile<\/p>\n<p>Materiali: Alluminio, compensato, EVA<\/p>\n<p>Logo: Logo su piastra metallica, logo serigrafato<\/p>\n<p>Quantit\u00e0 minima: 5 pezzi<\/p>","protected":false},"featured_media":21863,"template":"","meta":{"_gspb_post_css":""},"product_cat":[94],"product_tag":[],"featured_image_urls":{"full":["https:\/\/suncasesupply.com\/wp-content\/uploads\/2023\/08\/1-72.jpg",800,800,false],"thumbnail":["https:\/\/suncasesupply.com\/wp-content\/uploads\/2023\/08\/1-72-150x150.jpg",150,150,true],"medium":["https:\/\/suncasesupply.com\/wp-content\/uploads\/2023\/08\/1-72-300x300.jpg",300,300,true],"medium_large":["https:\/\/suncasesupply.com\/wp-content\/uploads\/2023\/08\/1-72-768x768.jpg",768,768,true],"large":["https:\/\/suncasesupply.com\/wp-content\/uploads\/2023\/08\/1-72.jpg",800,800,false],"1536x1536":["https:\/\/suncasesupply.com\/wp-content\/uploads\/2023\/08\/1-72.jpg",800,800,false],"2048x2048":["https:\/\/suncasesupply.com\/wp-content\/uploads\/2023\/08\/1-72.jpg",800,800,false],"trp-custom-language-flag":["https:\/\/suncasesupply.com\/wp-content\/uploads\/2023\/08\/1-72.jpg",12,12,false],"woocommerce_thumbnail":["https:\/\/suncasesupply.com\/wp-content\/uploads\/2023\/08\/1-72-300x300.jpg",300,300,true],"woocommerce_single":["https:\/\/suncasesupply.com\/wp-content\/uploads\/2023\/08\/1-72-600x600.jpg",600,600,true],"woocommerce_gallery_thumbnail":["https:\/\/suncasesupply.com\/wp-content\/uploads\/2023\/08\/1-72-100x100.jpg",100,100,true]},"post_excerpt_stackable":"<p>Model : Z61<\/p>\n<p>Size: For 55\u201d to 85\u201d TVs or Customized<\/p>\n<p>Colors: Black or customize<\/p>\n<p>Materials: Aluminum, plywood, EVA<\/p>\n<p>Logo: Metal plate logo, silk screen logo<\/p>\n<p>MOQ: 5pcs<\/p>\n","category_list":"","author_info":{"name":"","url":""},"comments_num":"0 commenti","_links":{"self":[{"href":"https:\/\/suncasesupply.com\/it\/wp-json\/wp\/v2\/product\/21862"}],"collection":[{"href":"https:\/\/suncasesupply.com\/it\/wp-json\/wp\/v2\/product"}],"about":[{"href":"https:\/\/suncasesupply.com\/it\/wp-json\/wp\/v2\/types\/product"}],"wp:featuredmedia":[{"embeddable":true,"href":"https:\/\/suncasesupply.com\/it\/wp-json\/wp\/v2\/media\/21863"}],"wp:attachment":[{"href":"https:\/\/suncasesupply.com\/it\/wp-json\/wp\/v2\/media?parent=21862"}],"wp:term":[{"taxonomy":"product_cat","embeddable":true,"href":"https:\/\/suncasesupply.com\/it\/wp-json\/wp\/v2\/product_cat?post=21862"},{"taxonomy":"product_tag","embeddable":true,"href":"https:\/\/suncasesupply.com\/it\/wp-json\/wp\/v2\/product_tag?post=21862"}],"curies":[{"name":"wp","href":"https:\/\/api.w.org\/{rel}","templated":true}]}}