{"id":21735,"date":"2023-08-29T13:49:36","date_gmt":"2023-08-29T05:49:36","guid":{"rendered":"https:\/\/suncasesupply.com\/?post_type=product&#038;p=21735"},"modified":"2025-02-26T11:46:49","modified_gmt":"2025-02-26T03:46:49","slug":"presonus-studiolive-cs18-ai-mixing-console-flight-case","status":"publish","type":"product","link":"https:\/\/suncasesupply.com\/it\/product\/presonus-studiolive-cs18-ai-mixing-console-flight-case\/","title":{"rendered":"Flight case per console di missaggio PreSonus StudioLive CS18\/AI"},"content":{"rendered":"<p>&nbsp;<\/p>\n<table width=\"774\">\n<tbody>\n<tr>\n<td width=\"177\">Articolo<\/td>\n<td width=\"597\">Baule da viaggio<\/td>\n<\/tr>\n<tr>\n<td>Dimensione<\/td>\n<td>654*603*260mm o Personalizza<\/td>\n<\/tr>\n<tr>\n<td>Colori<\/td>\n<td>Come mostrano le immagini o personalizza<\/td>\n<\/tr>\n<tr>\n<td>Materiali<\/td>\n<td>Alluminio, compensato, rivestimento in EVA\/schiuma\/tessuto\/PU, ferramenta<\/td>\n<\/tr>\n<tr>\n<td>Logo<\/td>\n<td>Logo in placca metallica, logo stampato, logo in rilievo, logo laser<\/td>\n<\/tr>\n<tr>\n<td>Tempo di campionamento<\/td>\n<td>7 giorni<\/td>\n<\/tr>\n<tr>\n<td>Porto d&#039;imbarco<\/td>\n<td>Guangzhou, Shenzen<\/td>\n<\/tr>\n<tr>\n<td>Condizioni commerciali<\/td>\n<td>EXW, FOB, CIF, DDU, DDP<\/td>\n<\/tr>\n<tr>\n<td>Modalit\u00e0 di pagamento<\/td>\n<td>T\/T, contanti, PayPal, carta di credito<\/td>\n<\/tr>\n<\/tbody>\n<\/table>\n<p><span style=\"color: #003366;\">Caratteristiche:<\/span><\/p>\n<p>Le robuste custodie per console di missaggio audio dal vivo ATA sono realizzate per gestire le dure realt\u00e0 della vita in tourn\u00e9e e il costante trasporto a corto raggio. Questo \u00e8 realizzato appositamente per la console di missaggio PreSonus StudioLive CS18\/AI e dispone di robuste maniglie a molla per un sollevamento e un caricamento sicuri. Altre caratteristiche includono un interno completamente rivestito in schiuma, chiusure a farfalla incassate e piedini in gomma.<\/p>\n<p>\u2022 Angoli sferici in acciaio per impieghi gravosi e maniglie incassate a molla<br \/>\n\u2022 Costruzione in legno spesso 3\/8\u2033<br \/>\n\u2022 Interno completamente rivestito in schiuma<br \/>\n\u2022 Piedini in gomma<br \/>\n\u2022 Garanzia a vita limitata<\/p>\n<p>.<\/p>","protected":false},"excerpt":{"rendered":"<p>Modello: SC-FL0013<\/p>\n<p>Dimensioni: 654*603*260 mm<\/p>\n<p>Quantit\u00e0 minima: 100 pezzi<\/p>\n<p>Tempi di consegna: 15-25 giorni<\/p>\n<p>Campione: disponibile<\/p>","protected":false},"featured_media":21741,"template":"","meta":{"_gspb_post_css":""},"product_cat":[93],"product_tag":[],"featured_image_urls":{"full":["https:\/\/suncasesupply.com\/wp-content\/uploads\/2023\/08\/3-5.png",1500,1500,false],"thumbnail":["https:\/\/suncasesupply.com\/wp-content\/uploads\/2023\/08\/3-5-150x150.png",150,150,true],"medium":["https:\/\/suncasesupply.com\/wp-content\/uploads\/2023\/08\/3-5-300x300.png",300,300,true],"medium_large":["https:\/\/suncasesupply.com\/wp-content\/uploads\/2023\/08\/3-5-768x768.png",768,768,true],"large":["https:\/\/suncasesupply.com\/wp-content\/uploads\/2023\/08\/3-5-1024x1024.png",1024,1024,true],"1536x1536":["https:\/\/suncasesupply.com\/wp-content\/uploads\/2023\/08\/3-5.png",1500,1500,false],"2048x2048":["https:\/\/suncasesupply.com\/wp-content\/uploads\/2023\/08\/3-5.png",1500,1500,false],"trp-custom-language-flag":["https:\/\/suncasesupply.com\/wp-content\/uploads\/2023\/08\/3-5.png",12,12,false],"woocommerce_thumbnail":["https:\/\/suncasesupply.com\/wp-content\/uploads\/2023\/08\/3-5-300x300.png",300,300,true],"woocommerce_single":["https:\/\/suncasesupply.com\/wp-content\/uploads\/2023\/08\/3-5-600x600.png",600,600,true],"woocommerce_gallery_thumbnail":["https:\/\/suncasesupply.com\/wp-content\/uploads\/2023\/08\/3-5-100x100.png",100,100,true]},"post_excerpt_stackable":"<p>Model : SC-FL0013<\/p>\n<p>Size: \u00a0654*603*260mm<\/p>\n<p>MOQ: 100pcs<\/p>\n<p>Delivery Time : 15-25 Days<\/p>\n<p>Sample : Available<\/p>\n","category_list":"","author_info":{"name":"","url":""},"comments_num":"0 commenti","_links":{"self":[{"href":"https:\/\/suncasesupply.com\/it\/wp-json\/wp\/v2\/product\/21735"}],"collection":[{"href":"https:\/\/suncasesupply.com\/it\/wp-json\/wp\/v2\/product"}],"about":[{"href":"https:\/\/suncasesupply.com\/it\/wp-json\/wp\/v2\/types\/product"}],"wp:featuredmedia":[{"embeddable":true,"href":"https:\/\/suncasesupply.com\/it\/wp-json\/wp\/v2\/media\/21741"}],"wp:attachment":[{"href":"https:\/\/suncasesupply.com\/it\/wp-json\/wp\/v2\/media?parent=21735"}],"wp:term":[{"taxonomy":"product_cat","embeddable":true,"href":"https:\/\/suncasesupply.com\/it\/wp-json\/wp\/v2\/product_cat?post=21735"},{"taxonomy":"product_tag","embeddable":true,"href":"https:\/\/suncasesupply.com\/it\/wp-json\/wp\/v2\/product_tag?post=21735"}],"curies":[{"name":"wp","href":"https:\/\/api.w.org\/{rel}","templated":true}]}}