{"id":21727,"date":"2023-08-29T13:36:44","date_gmt":"2023-08-29T05:36:44","guid":{"rendered":"https:\/\/suncasesupply.com\/?post_type=product&#038;p=21727"},"modified":"2025-10-28T18:00:39","modified_gmt":"2025-10-28T10:00:39","slug":"aluminum-turntable-case-custom-carrying-case-with-with-side-compartment","status":"publish","type":"product","link":"https:\/\/suncasesupply.com\/it\/product\/aluminum-turntable-case-custom-carrying-case-with-with-side-compartment\/","title":{"rendered":"Custodia DJ in alluminio per Numark PT01 con scomparto laterale Custodia per giradischi personalizzata"},"content":{"rendered":"<h4><span style=\"color: #003366;\">Caratteristiche:<\/span><\/h4>\n<ul>\n<li><strong><b>Magazzinaggio<\/b><\/strong>: Il fondo di questa custodia Turatable \u00e8 rivestito in schiuma EVA stampata ad alta densit\u00e0, il lato sinistro \u00e8 adatto per contenere la macchina Numark PT01 Turatable, mentre lo scomparto destro \u00e8 adatto per riporre mixer compatti da 10 pollici, cuffie, altoparlanti Bluetooth, puntine di ricambio e altri oggetti essenziali portatili.<\/li>\n<li><strong><b>Materiali<\/b><\/strong>: Finitura esterna nera e interno completamente rivestito in schiuma.<\/li>\n<li><strong><b>Personalizzazione<\/b><\/strong>: Il colore, i materiali, il logo del marchio ecc. sono tutti personalizzabili in base alle richieste dei clienti.<\/li>\n<\/ul>\n<h4><span style=\"color: #003366;\">Dettagli del prodotto:<\/span><\/h4>\n<div style=\"display: flex; gap: 20px;\">\n<p><!-- \u7b2c\u4e00\u680f --><\/p>\n<div style=\"flex: 1; text-align: center;\">\n<p><img decoding=\"async\" style=\"max-width: 100%; height: auto; margin-bottom: 10px;\" src=\"https:\/\/suncasesupply.com\/wp-content\/uploads\/2025\/03\/1-Moulded-EVA.jpg\" alt=\"EVA modellata\" \/><\/p>\n<p><b><\/b><strong><b>EVA modellata<\/b><\/strong><\/p>\n<p style=\"margin: 0;\">Nella parte inferiore della custodia regolabile Numark PT01 \u00e8 presente la schiuma EVA personalizzata per adattarsi e fissare il Numark PT01.<\/p>\n<p>&nbsp;<\/p>\n<\/div>\n<p><!-- \u7b2c\u4e8c\u680f --><\/p>\n<div style=\"flex: 1; text-align: center;\">\n<p><img decoding=\"async\" style=\"max-width: 100%; height: auto; margin-bottom: 10px;\" src=\"https:\/\/suncasesupply.com\/wp-content\/uploads\/2025\/03\/2-Protective-Foam.jpg\" alt=\"Schiuma protettiva\" \/><\/p>\n<p><b><\/b><strong><b>Schiuma protettiva<\/b><\/strong><\/p>\n<p style=\"margin: 0;\">L&#039;interno del coperchio superiore \u00e8 realizzato in schiuma d&#039;uovo, in grado di proteggere i prodotti all&#039;interno durante il trasporto e, allo stesso tempo, di tenere ferma la macchina al suo interno.<\/p>\n<\/div>\n<p><!-- \u7b2c\u4e09\u680f --><\/p>\n<div style=\"flex: 1; text-align: center;\">\n<p><img decoding=\"async\" style=\"max-width: 100%; height: auto; margin-bottom: 10px;\" src=\"https:\/\/suncasesupply.com\/wp-content\/uploads\/2025\/03\/3-Locks-with-Key.jpg\" alt=\"Serrature con chiave\" \/><\/p>\n<p><b><\/b><b><\/b><strong><b>Serrature con chiave<\/b><\/strong><\/p>\n<p>Questa custodia per giradischi \u00e8 realizzata con 2 serrature di sicurezza e abbinata a 2 chiavi. Svolge principalmente il ruolo di protezione di sicurezza.<\/p>\n<\/div>\n<p><!-- \u7b2c\u56db\u680f --><\/p>\n<div style=\"flex: 1; text-align: center;\">\n<p><img decoding=\"async\" style=\"max-width: 100%; height: auto; margin-bottom: 10px;\" src=\"https:\/\/suncasesupply.com\/wp-content\/uploads\/2025\/03\/4-Stacking.jpg\" alt=\"Accatastamento\" \/><\/p>\n<p><strong><b>Accatastamento<\/b><\/strong><\/p>\n<p style=\"margin: 0;\">Capovolgere il coperchio della custodia staccabile a faccia in gi\u00f9: la parte inferiore si impila perfettamente e resta fissa sulla parte superiore.<\/p>\n<\/div>\n<\/div>\n<h4><span style=\"color: #003366;\">Processo di produzione:<\/span><\/h4>\n<p><img decoding=\"async\" style=\"max-width: 100%; height: auto; margin-bottom: 10px;\" src=\"https:\/\/suncasesupply.com\/wp-content\/uploads\/2025\/07\/Manufacturing-Process.png\" alt=\"Processo di fabbricazione di Suncase\" \/><\/p>\n<div style=\"display: flex; gap: 20px;\"><\/div>\n<div style=\"display: flex; gap: 20px;\">\n<div style=\"flex: 1; text-align: center;\">\n<p style=\"font-weight: bold; margin: 5px 0;\">\n<\/div>\n<\/div>\n<h4><span style=\"color: #003366;\">Informazioni utili per gli acquirenti all&#039;ingrosso:<\/span><\/h4>\n<ul>\n<li class=\"page-title\" title=\"Cosa rende le carte sportive cos\u00ec preziose?\">\n<p class=\"page-title\" title=\"6 motivi per cui dovresti organizzare con una scatola di stoccaggio in alluminio\"><a href=\"https:\/\/suncasesupply.com\/it\/blog\/custom-aluminum-case\/6-reasons-to-use-aluminum-storage-box-today\/\">6 motivi per cui dovresti organizzare con una scatola di stoccaggio in alluminio &gt;&gt;<\/a><\/p>\n<\/li>\n<li title=\"Cosa rende le carte sportive cos\u00ec preziose?\">\n<p class=\"page-title\" title=\"Tutto quello che devi sapere sulle custodie in alluminio\"><a href=\"https:\/\/suncasesupply.com\/it\/blog\/all-you-need-to-know-about-aluminum-cases\/\">Tutto quello che devi sapere sulle custodie in alluminio &gt;&gt;<\/a><\/p>\n<\/li>\n<li title=\"Cosa rende le carte sportive cos\u00ec preziose?\">\n<p class=\"page-title\" title=\"Due modi per proteggere la tua attrezzatura da DJ con una custodia per controller da DJ\"><a href=\"https:\/\/suncasesupply.com\/it\/blog\/custom-aluminum-case\/two-ways-to-protect-your-dj-gear-with-a-dj-controller-case\/\">Due modi per proteggere la tua attrezzatura da DJ con una custodia per controller da DJ &gt;&gt;<\/a><\/p>\n<\/li>\n<\/ul>","protected":false},"excerpt":{"rendered":"<p>Modello:BA-25002<\/p>\n<p>Dimensioni: 24,75\u2033 L x 16,50\u2033 P x 5,75\u2033 A<\/p>\n<p>Macchina: Per contenere Numark PT01<\/p>\n<p>Colori: Colore argento<\/p>\n<p>Materiali: compensato, alluminio K-Corner, pannello MDF, ferramenta.<\/p>\n<p>Logo: Logo serigrafato \/ Logo su piastra metallica<\/p>\n<p>Quantit\u00e0 minima: 100 pezzi<\/p>\n<p>Termini di pagamento: T\/T, deposito + saldo<\/p>","protected":false},"featured_media":21728,"template":"","meta":{"_gspb_post_css":""},"product_cat":[42,80],"product_tag":[],"featured_image_urls":{"full":["https:\/\/suncasesupply.com\/wp-content\/uploads\/2023\/08\/2-8.png",1500,1500,false],"thumbnail":["https:\/\/suncasesupply.com\/wp-content\/uploads\/2023\/08\/2-8-150x150.png",150,150,true],"medium":["https:\/\/suncasesupply.com\/wp-content\/uploads\/2023\/08\/2-8-300x300.png",300,300,true],"medium_large":["https:\/\/suncasesupply.com\/wp-content\/uploads\/2023\/08\/2-8-768x768.png",768,768,true],"large":["https:\/\/suncasesupply.com\/wp-content\/uploads\/2023\/08\/2-8-1024x1024.png",1024,1024,true],"1536x1536":["https:\/\/suncasesupply.com\/wp-content\/uploads\/2023\/08\/2-8.png",1500,1500,false],"2048x2048":["https:\/\/suncasesupply.com\/wp-content\/uploads\/2023\/08\/2-8.png",1500,1500,false],"trp-custom-language-flag":["https:\/\/suncasesupply.com\/wp-content\/uploads\/2023\/08\/2-8.png",12,12,false],"woocommerce_thumbnail":["https:\/\/suncasesupply.com\/wp-content\/uploads\/2023\/08\/2-8-300x300.png",300,300,true],"woocommerce_single":["https:\/\/suncasesupply.com\/wp-content\/uploads\/2023\/08\/2-8-600x600.png",600,600,true],"woocommerce_gallery_thumbnail":["https:\/\/suncasesupply.com\/wp-content\/uploads\/2023\/08\/2-8-100x100.png",100,100,true]},"post_excerpt_stackable":"<p>Model:BA-25002<\/p>\n<p>Size: 24.75&#8243; W x 16.50&#8243; D x 5.75&#8243; H<\/p>\n<p>Machine: To hold Numark PT01<\/p>\n<p>Colors: Silver color<\/p>\n<p>Materials: Plywood,\u00a0K-Corner Aluminum, MDF Board,Hardware.<\/p>\n<p>Logo: Silk Printing Logo \/ Metal Plate Logo<\/p>\n<p>MOQ: 100pcs<\/p>\n<p>Payment Terms: T\/T, Deposit+Balance<\/p>\n","category_list":"","author_info":{"name":"","url":""},"comments_num":"0 commenti","_links":{"self":[{"href":"https:\/\/suncasesupply.com\/it\/wp-json\/wp\/v2\/product\/21727"}],"collection":[{"href":"https:\/\/suncasesupply.com\/it\/wp-json\/wp\/v2\/product"}],"about":[{"href":"https:\/\/suncasesupply.com\/it\/wp-json\/wp\/v2\/types\/product"}],"wp:featuredmedia":[{"embeddable":true,"href":"https:\/\/suncasesupply.com\/it\/wp-json\/wp\/v2\/media\/21728"}],"wp:attachment":[{"href":"https:\/\/suncasesupply.com\/it\/wp-json\/wp\/v2\/media?parent=21727"}],"wp:term":[{"taxonomy":"product_cat","embeddable":true,"href":"https:\/\/suncasesupply.com\/it\/wp-json\/wp\/v2\/product_cat?post=21727"},{"taxonomy":"product_tag","embeddable":true,"href":"https:\/\/suncasesupply.com\/it\/wp-json\/wp\/v2\/product_tag?post=21727"}],"curies":[{"name":"wp","href":"https:\/\/api.w.org\/{rel}","templated":true}]}}