{"id":21718,"date":"2023-08-29T11:52:55","date_gmt":"2023-08-29T03:52:55","guid":{"rendered":"https:\/\/suncasesupply.com\/?post_type=product&#038;p=21718"},"modified":"2025-07-15T11:09:51","modified_gmt":"2025-07-15T03:09:51","slug":"wine-portable-aluminum-framed-wine-glass-carrying-case-with-custom-wine-glass-fit-foam-inserts","status":"publish","type":"product","link":"https:\/\/suncasesupply.com\/it\/product\/wine-portable-aluminum-framed-wine-glass-carrying-case-with-custom-wine-glass-fit-foam-inserts\/","title":{"rendered":"Custodia portatile per bicchiere di vino con cornice in alluminio e inserti in schiuma personalizzati per bicchiere di vino"},"content":{"rendered":"<h4><span style=\"color: #003366;\">Caratteristiche:<\/span><\/h4>\n<ul>\n<li><strong><b>Durevole:<\/b><\/strong>Questa custodia per vino in alluminio \u00e8 dotata di una struttura in alluminio con angoli in alluminio e pannelli in melamina ad alta resistenza per mantenerla resistente agli urti.<\/li>\n<li><strong><b>Personalizzazione<\/b><\/strong>: Gli inserti in schiuma personalizzati e rimovibili consentono di riporre comodamente due calici da vino, racchiusi in schiuma sul fondo e sulla parte superiore della custodia, impedendone il movimento durante il trasporto. Gli inserti in schiuma includono una cavit\u00e0 per l&#039;apribottiglie. Viene fornito con serratura e chiave per fissare la custodia durante lo stoccaggio o il trasporto. Ideale anche come scatola o portabottiglie per due bottiglie di vino, per uso personale o commerciale.<\/li>\n<li><strong><b>Facile da trasportare<\/b><\/strong>Questa custodia da viaggio per il vino \u00e8 facile da trasportare, con un peso inferiore a 2 kg. \u00c8 la custodia perfetta da portare con s\u00e9 al ristorante, alle degustazioni o alle riunioni di famiglia in cui si degusta del buon vino. Che si tratti di bottiglie di vino in una custodia o semplicemente di bicchieri, garantisce protezione e portabilit\u00e0.<\/li>\n<\/ul>\n<h4><span style=\"color: #003366;\">Dettagli del prodotto:<\/span><\/h4>\n<p><!-- \u7b2c\u4e00\u680f --><\/p>\n<div style=\"display: flex; gap: 20px;\">\n<div style=\"flex: 1; text-align: center;\">\n<p><img decoding=\"async\" style=\"max-width: 100%; height: auto; margin-bottom: 10px;\" src=\"https:\/\/suncasesupply.com\/wp-content\/uploads\/2025\/05\/1-Egg-Foam.jpg\" alt=\"Schiuma d&#039;uovo\" \/><\/p>\n<p style=\"font-weight: bold; margin: 5px 0;\"><strong><b>Schiuma d&#039;uovo<\/b><\/strong><\/p>\n<p style=\"margin: 0;\">L&#039;interno del coperchio superiore della scatola porta-calici \u00e8 realizzato in Egg Foam, che si adatta perfettamente ai bicchieri e li protegge quando la scatola \u00e8 chiusa. L&#039;altezza e la densit\u00e0 dell&#039;Egg Foam possono essere personalizzate, rendendolo adatto a diverse tipologie di contenitori per bottiglie.<\/p>\n<\/div>\n<p><!-- \u7b2c\u4e8c\u680f --><\/p>\n<div style=\"flex: 1; text-align: center;\">\n<p><img decoding=\"async\" style=\"max-width: 100%; height: auto; margin-bottom: 10px;\" src=\"https:\/\/suncasesupply.com\/wp-content\/uploads\/2025\/05\/2-Custom-Mould-Foam.jpg\" alt=\"Schiuma per stampi personalizzata\" \/><\/p>\n<p style=\"font-weight: bold; margin: 5px 0;\"><strong><b>Schiuma per stampi personalizzata<\/b><\/strong><\/p>\n<p data-start=\"1318\" data-end=\"1662\">I clienti possono scegliere il materiale e il design pi\u00f9 adatti in base alle dimensioni, al peso, alla forma e all&#039;ambiente di utilizzo del prodotto per realizzare la schiuma per stampi personalizzata. L&#039;interno di questa custodia \u00e8 realizzato con schiuma per stampi personalizzata, sagomata appositamente per i bicchieri da vino, ma pu\u00f2 anche essere adattata per contenere una custodia da viaggio per champagne o una custodia per bottiglie di whisky.<\/p>\n<\/div>\n<p><!-- \u7b2c\u4e09\u680f --><\/p>\n<div style=\"flex: 1; text-align: center;\">\n<p><img decoding=\"async\" style=\"max-width: 100%; height: auto; margin-bottom: 10px;\" src=\"https:\/\/suncasesupply.com\/wp-content\/uploads\/2025\/05\/3-Strong-Panel.jpg\" alt=\"Pannello forte\" \/><\/p>\n<p style=\"font-weight: bold; margin: 5px 0;\"><strong><b>Pannello forte<\/b><\/strong><\/p>\n<p data-start=\"1689\" data-end=\"2022\">Le opzioni per il pannello esterno delle scatole in alluminio includono generalmente: pannello in ABS, pannello in melamina, pannello in alluminio, pannello in similpelle, ecc. Questa custodia per calici da vino \u00e8 realizzata in pannello in melamina, liscio al tatto, robusto e resistente alle cadute. \u00c8 ideale anche come custodia per champagne, soprattutto per eventi di lusso o celebrativi.<\/p>\n<p style=\"margin: 0;\">.<\/p>\n<\/div>\n<p><!-- \u7b2c\u56db\u680f --><\/p>\n<div style=\"flex: 1; text-align: center;\">\n<p><img decoding=\"async\" style=\"max-width: 100%; height: auto; margin-bottom: 10px;\" src=\"https:\/\/suncasesupply.com\/wp-content\/uploads\/2025\/05\/4-Tool-Lock-with-key.jpg\" alt=\"Blocco portautensili con chiave\" \/><\/p>\n<p style=\"font-weight: bold; margin: 5px 0;\"><strong><b>Blocco portautensili con chiave<\/b><\/strong><\/p>\n<p style=\"margin: 0;\">Per proteggere i prodotti all&#039;interno della scatola, abbineremo la chiave alla serratura di ogni scatola. La serratura di questa scatola, realizzata con lucchetti per utensili, offre un&#039;ottima protezione e capacit\u00e0 di carico, garantendo la sicurezza della tua custodia per liquori.<\/p>\n<\/div>\n<\/div>\n<div style=\"background-color: #29599a; padding: 40px 20px; text-align: center; color: #ffffff; border-radius: 10px; margin: 40px auto; max-width: 960px;\">\n<h2 style=\"font-size: 22px; margin-bottom: 20px; font-weight: bold;\"><span style=\"color: #ffffff;\">Inizia oggi il tuo ordine personalizzato: quantit\u00e0 minima da 200, prezzo diretto dalla fabbrica garantito!<\/span><\/h2>\n<p><a style=\"display: inline-block; padding: 12px 28px; background-color: #ffffff; color: #29599a; text-decoration: none; border-radius: 6px; font-weight: bold;\" href=\"https:\/\/suncasesupply.com\/it\/contact-us\/\" target=\"_blank\" rel=\"noopener\">Richiedi un preventivo<br \/>\n<\/a><\/p>\n<\/div>\n<h4><span style=\"color: #003366;\">Processo di produzione:<\/span><\/h4>\n<p><img decoding=\"async\" style=\"max-width: 100%; height: auto; margin-bottom: 10px;\" src=\"https:\/\/suncasesupply.com\/wp-content\/uploads\/2025\/07\/Manufacturing-Process.png\" alt=\"Processo di fabbricazione di Suncase\" \/><\/p>\n<h4><span style=\"color: #003366;\">Informazioni utili per gli acquirenti all&#039;ingrosso:<\/span><\/h4>\n<ul>\n<li class=\"page-title\" title=\"Cosa rende le carte sportive cos\u00ec preziose?\">\n<p class=\"page-title\" title=\"Qual \u00e8 la dimensione della custodia del disco in vinile?\"><a href=\"https:\/\/suncasesupply.com\/it\/blog\/custom-aluminum-case\/types-of-materials-used-in-tool-cases\/\">Esplorazione di valigette portautensili in alluminio e altri tipi di materiali &gt;&gt;<\/a><\/p>\n<\/li>\n<li title=\"Cosa rende le carte sportive cos\u00ec preziose?\"><a href=\"https:\/\/suncasesupply.com\/it\/blog\/reason-to-have-aluminum-tool-case\/\">Perch\u00e9 hai bisogno di una cassetta degli attrezzi in alluminio?&gt;&gt;<\/a><\/li>\n<\/ul>\n<p>Se hai bisogno di un <strong data-start=\"2725\" data-end=\"2752\">portabottiglie per vino a due bottiglie<\/strong>, UN <strong data-start=\"2756\" data-end=\"2788\">custodia per il trasporto di bottiglie di whisky<\/strong>, o un <strong data-start=\"2795\" data-end=\"2818\">scatola di vino da due bottiglie<\/strong>Sun Case ti offre soluzioni personalizzabili e di alta qualit\u00e0.<\/p>\n<p><a href=\"https:\/\/suncasesupply.com\/it\/contact-us\/\">Richiedi subito un preventivo!! &gt;&gt;<\/a><\/p>","protected":false},"excerpt":{"rendered":"<p>Modello: Z47<\/p>\n<p>Dimensioni: 25,4 x 28 x 14 cm<\/p>\n<p>Colori: colore argento<\/p>\n<p>Materiali: Telaio in alluminio, pannello in melamina, pannello in MDF, ferramenta.<\/p>\n<p>Logo: Logo su piastra metallica\/stampa serigrafica<\/p>\n<p>Quantit\u00e0 minima: 200 pezzi<\/p>\n<p>Campione: disponibile, tempo di consegna del campione circa 7 giorni.<\/p>\n<p>Tempo di consegna: circa 15 giorni<\/p>","protected":false},"featured_media":21720,"template":"","meta":{"_gspb_post_css":""},"product_cat":[80],"product_tag":[],"featured_image_urls":{"full":["https:\/\/suncasesupply.com\/wp-content\/uploads\/2023\/08\/1-64.jpg",1548,1549,false],"thumbnail":["https:\/\/suncasesupply.com\/wp-content\/uploads\/2023\/08\/1-64-150x150.jpg",150,150,true],"medium":["https:\/\/suncasesupply.com\/wp-content\/uploads\/2023\/08\/1-64-300x300.jpg",300,300,true],"medium_large":["https:\/\/suncasesupply.com\/wp-content\/uploads\/2023\/08\/1-64-768x768.jpg",768,768,true],"large":["https:\/\/suncasesupply.com\/wp-content\/uploads\/2023\/08\/1-64-1024x1024.jpg",1024,1024,true],"1536x1536":["https:\/\/suncasesupply.com\/wp-content\/uploads\/2023\/08\/1-64-1536x1536.jpg",1536,1536,true],"2048x2048":["https:\/\/suncasesupply.com\/wp-content\/uploads\/2023\/08\/1-64.jpg",1548,1549,false],"trp-custom-language-flag":["https:\/\/suncasesupply.com\/wp-content\/uploads\/2023\/08\/1-64.jpg",12,12,false],"woocommerce_thumbnail":["https:\/\/suncasesupply.com\/wp-content\/uploads\/2023\/08\/1-64-300x300.jpg",300,300,true],"woocommerce_single":["https:\/\/suncasesupply.com\/wp-content\/uploads\/2023\/08\/1-64-600x600.jpg",600,600,true],"woocommerce_gallery_thumbnail":["https:\/\/suncasesupply.com\/wp-content\/uploads\/2023\/08\/1-64-100x100.jpg",100,100,true]},"post_excerpt_stackable":"<p>Model:Z47<\/p>\n<p>Size: 25.4 x 28 x 14 cm<\/p>\n<p>Colors:\u00a0Silver color<\/p>\n<p>Materials: Aluminum\u00a0frame,\u00a0Melamine Panel,\u00a0MDF Board, Hardware.<\/p>\n<p>Logo: Metal Plate\/Silk Printing logo<\/p>\n<p>MOQ: 200pcs<\/p>\n<p>Sample: Available, sample time about 7 days.<\/p>\n<p>Deliver Time: About 15 days<\/p>\n","category_list":"","author_info":{"name":"","url":""},"comments_num":"0 commenti","_links":{"self":[{"href":"https:\/\/suncasesupply.com\/it\/wp-json\/wp\/v2\/product\/21718"}],"collection":[{"href":"https:\/\/suncasesupply.com\/it\/wp-json\/wp\/v2\/product"}],"about":[{"href":"https:\/\/suncasesupply.com\/it\/wp-json\/wp\/v2\/types\/product"}],"wp:featuredmedia":[{"embeddable":true,"href":"https:\/\/suncasesupply.com\/it\/wp-json\/wp\/v2\/media\/21720"}],"wp:attachment":[{"href":"https:\/\/suncasesupply.com\/it\/wp-json\/wp\/v2\/media?parent=21718"}],"wp:term":[{"taxonomy":"product_cat","embeddable":true,"href":"https:\/\/suncasesupply.com\/it\/wp-json\/wp\/v2\/product_cat?post=21718"},{"taxonomy":"product_tag","embeddable":true,"href":"https:\/\/suncasesupply.com\/it\/wp-json\/wp\/v2\/product_tag?post=21718"}],"curies":[{"name":"wp","href":"https:\/\/api.w.org\/{rel}","templated":true}]}}