{"id":21630,"date":"2023-08-29T10:04:09","date_gmt":"2023-08-29T02:04:09","guid":{"rendered":"https:\/\/suncasesupply.com\/?post_type=product&#038;p=21630"},"modified":"2025-02-26T11:47:02","modified_gmt":"2025-02-26T03:47:02","slug":"aluminum-turntable-case-universal-1200-style-dj-turntable-ata-case-fitting-pioneer-technics-or-similar-size-turntables","status":"publish","type":"product","link":"https:\/\/suncasesupply.com\/it\/product\/aluminum-turntable-case-universal-1200-style-dj-turntable-ata-case-fitting-pioneer-technics-or-similar-size-turntables\/","title":{"rendered":"Custodia per giradischi in alluminio Universale stile 1200 per giradischi DJ Custodia ATA adatta per giradischi Pioneer, Technics o dimensioni simili"},"content":{"rendered":"<p>&nbsp;<\/p>\n<table width=\"774\">\n<tbody>\n<tr>\n<td width=\"177\">Articolo<\/td>\n<td width=\"597\">Custodia per giradischi<\/td>\n<\/tr>\n<tr>\n<td>Dimensione<\/td>\n<td>personalizzare<\/td>\n<\/tr>\n<tr>\n<td>Colori<\/td>\n<td>Come mostrano le immagini o personalizza<\/td>\n<\/tr>\n<tr>\n<td>Materiali<\/td>\n<td>Alluminio, pannello ABS, pannello MDF, rivestimento in EVA\/schiuma\/tessuto\/PU, hardware<\/td>\n<\/tr>\n<tr>\n<td>Logo<\/td>\n<td>Logo in placca metallica, logo stampato, logo in rilievo, logo laser<\/td>\n<\/tr>\n<tr>\n<td>Tempo di campionamento<\/td>\n<td>7 giorni<\/td>\n<\/tr>\n<tr>\n<td>Porto d&#039;imbarco<\/td>\n<td>Guangzhou, Shenzen<\/td>\n<\/tr>\n<tr>\n<td>Condizioni commerciali<\/td>\n<td>EXW, FOB, CIF, DDU, DDP<\/td>\n<\/tr>\n<tr>\n<td>Modalit\u00e0 di pagamento<\/td>\n<td>T\/T, contanti, PayPal, carta di credito<\/td>\n<\/tr>\n<\/tbody>\n<\/table>\n<p><span style=\"color: #003366;\">Caratteristiche:<\/span><\/p>\n<p>Krom e design esterno nero<br \/>\nCoperchio rimovibile<br \/>\nHardware cromato<br \/>\nInterno foderato in schiuma<br \/>\nPiedini in gomma<\/p>\n<p>Proteggi i tuoi giradischi da qualsiasi incidente ed \u00e8 ideale per riporre e trasportare. La struttura solida difender\u00e0 il tuo giradischi preferito da qualsiasi colpo, mentre il loro interno imbottito eviter\u00e0 graffi durante il trasporto ovunque.<\/p>\n<p>Modelli compatibili:<br \/>\n-Tecnica 1200<br \/>\n-Audio Technica LP 120<br \/>\n-Pioneer PXL1000<\/p>\n<p>Dimensioni:<br \/>\n*Lunghezza 45 cm<br \/>\n*Larghezza 45 cm<br \/>\n*Altezza 20 cm<\/p>","protected":false},"excerpt":{"rendered":"<p>Modello: Z45<\/p>\n<p>Dimensioni: 45 x 45 x 20 cm<\/p>\n<p>Quantit\u00e0 minima: 100 pezzi<\/p>\n<p>Tempi di consegna: 15-25 giorni<\/p>\n<p>Campione: disponibile<\/p>","protected":false},"featured_media":21658,"template":"","meta":{"_gspb_post_css":""},"product_cat":[93],"product_tag":[],"featured_image_urls":{"full":["https:\/\/suncasesupply.com\/wp-content\/uploads\/2023\/08\/D_NQ_NP_2X_634090-MLM69946781293_062023-F.jpg",1198,1198,false],"thumbnail":["https:\/\/suncasesupply.com\/wp-content\/uploads\/2023\/08\/D_NQ_NP_2X_634090-MLM69946781293_062023-F-150x150.jpg",150,150,true],"medium":["https:\/\/suncasesupply.com\/wp-content\/uploads\/2023\/08\/D_NQ_NP_2X_634090-MLM69946781293_062023-F-300x300.jpg",300,300,true],"medium_large":["https:\/\/suncasesupply.com\/wp-content\/uploads\/2023\/08\/D_NQ_NP_2X_634090-MLM69946781293_062023-F-768x768.jpg",768,768,true],"large":["https:\/\/suncasesupply.com\/wp-content\/uploads\/2023\/08\/D_NQ_NP_2X_634090-MLM69946781293_062023-F-1024x1024.jpg",1024,1024,true],"1536x1536":["https:\/\/suncasesupply.com\/wp-content\/uploads\/2023\/08\/D_NQ_NP_2X_634090-MLM69946781293_062023-F.jpg",1198,1198,false],"2048x2048":["https:\/\/suncasesupply.com\/wp-content\/uploads\/2023\/08\/D_NQ_NP_2X_634090-MLM69946781293_062023-F.jpg",1198,1198,false],"trp-custom-language-flag":["https:\/\/suncasesupply.com\/wp-content\/uploads\/2023\/08\/D_NQ_NP_2X_634090-MLM69946781293_062023-F.jpg",12,12,false],"woocommerce_thumbnail":["https:\/\/suncasesupply.com\/wp-content\/uploads\/2023\/08\/D_NQ_NP_2X_634090-MLM69946781293_062023-F-300x300.jpg",300,300,true],"woocommerce_single":["https:\/\/suncasesupply.com\/wp-content\/uploads\/2023\/08\/D_NQ_NP_2X_634090-MLM69946781293_062023-F-600x600.jpg",600,600,true],"woocommerce_gallery_thumbnail":["https:\/\/suncasesupply.com\/wp-content\/uploads\/2023\/08\/D_NQ_NP_2X_634090-MLM69946781293_062023-F-100x100.jpg",100,100,true]},"post_excerpt_stackable":"<p>Model : Z45<\/p>\n<p>Size:\u00a0 45 x 45 x 20 cm<\/p>\n<p>MOQ: 100pcs<\/p>\n<p>Delivery Time : 15-25 Days<\/p>\n<p>Sample : Available<\/p>\n","category_list":"","author_info":{"name":"","url":""},"comments_num":"0 commenti","_links":{"self":[{"href":"https:\/\/suncasesupply.com\/it\/wp-json\/wp\/v2\/product\/21630"}],"collection":[{"href":"https:\/\/suncasesupply.com\/it\/wp-json\/wp\/v2\/product"}],"about":[{"href":"https:\/\/suncasesupply.com\/it\/wp-json\/wp\/v2\/types\/product"}],"wp:featuredmedia":[{"embeddable":true,"href":"https:\/\/suncasesupply.com\/it\/wp-json\/wp\/v2\/media\/21658"}],"wp:attachment":[{"href":"https:\/\/suncasesupply.com\/it\/wp-json\/wp\/v2\/media?parent=21630"}],"wp:term":[{"taxonomy":"product_cat","embeddable":true,"href":"https:\/\/suncasesupply.com\/it\/wp-json\/wp\/v2\/product_cat?post=21630"},{"taxonomy":"product_tag","embeddable":true,"href":"https:\/\/suncasesupply.com\/it\/wp-json\/wp\/v2\/product_tag?post=21630"}],"curies":[{"name":"wp","href":"https:\/\/api.w.org\/{rel}","templated":true}]}}