{"id":21520,"date":"2023-08-29T09:28:06","date_gmt":"2023-08-29T01:28:06","guid":{"rendered":"https:\/\/suncasesupply.com\/?post_type=product&#038;p=21520"},"modified":"2026-03-17T00:36:10","modified_gmt":"2026-03-16T16:36:10","slug":"aluminum-case-with-custom-size-color-locking-aluminum-box-for-storing-item","status":"publish","type":"product","link":"https:\/\/suncasesupply.com\/it\/product\/aluminum-case-with-custom-size-color-locking-aluminum-box-for-storing-item\/","title":{"rendered":"Scatola in alluminio per riporre gli oggetti Custodia in alluminio con dimensioni personalizzate"},"content":{"rendered":"<h4><span style=\"color: #003366;\">Caratteristiche:<\/span><\/h4>\n<ul>\n<li><strong><b>Stile<\/b><\/strong>: Questa custodia in alluminio personalizzata ha uno stile semplice ed elegante. L&#039;aspetto grigio ferro \u00e8 abbinato ad accessori neri, che conferiscono all&#039;intera scatola un aspetto raffinato e strutturato.<\/li>\n<li><strong><b>Durabilit\u00e0<\/b><\/strong>: L&#039;intera struttura di queste scatole portaoggetti in alluminio \u00e8 costituita da un telaio robusto, con tre strati di materiale (materiale di superficie\/pannello MDF e schiuma di rivestimento) e ferramenta di alta qualit\u00e0, quindi l&#039;intera scatola \u00e8 molto robusta e ha una capacit\u00e0 di carico di oltre 15 kg.<\/li>\n<li><strong><b>Funzionalit\u00e0: <\/b><\/strong>L&#039;interno della custodia personalizzata in alluminio \u00e8 realizzato con Egg Foam sulla parte superiore e con inserti in schiuma Pick &amp; Pluck sulla parte inferiore, che ammortizzano e proteggono la tua attrezzatura durante i viaggi o l&#039;uso all&#039;aperto.<\/li>\n<\/ul>\n<div style=\"display: flex; gap: 20px;\">\n<p><!-- \u7b2c\u4e00\u680f --><\/p>\n<div style=\"flex: 1; text-align: center;\">\n<p><img decoding=\"async\" style=\"max-width: 100%; height: auto; margin-bottom: 10px;\" src=\"https:\/\/suncasesupply.com\/wp-content\/uploads\/2025\/03\/1-Combination-Locks.jpg\" alt=\"Serrature a combinazione\" \/><\/p>\n<p><b><\/b><b><\/b><strong><b>Serrature a combinazione<\/b><\/strong><\/p>\n<p style=\"margin: 0;\">Il sistema di chiusura a combinazione offre un metodo di chiusura pi\u00f9 comodo e sicuro rispetto alle tradizionali serrature a chiave, in modo che solo tu possa aprire la tua valigetta portautensili in alluminio personalizzata, migliorando notevolmente la privacy e le capacit\u00e0 antifurto.<\/p>\n<p>&nbsp;<\/p>\n<\/div>\n<p><!-- \u7b2c\u4e8c\u680f --><\/p>\n<div style=\"flex: 1; text-align: center;\">\n<p><img decoding=\"async\" style=\"max-width: 100%; height: auto; margin-bottom: 10px;\" src=\"https:\/\/suncasesupply.com\/wp-content\/uploads\/2025\/03\/2-DIY-Foam.jpg\" alt=\"Schiuma fai da te\" \/><\/p>\n<p><b><\/b><b><\/b><strong><b>Schiuma fai da te<\/b><\/strong><\/p>\n<p style=\"margin: 0;\">Il coperchio inferiore interno \u00e8 realizzato in schiuma fai da te, ovvero schiuma pick &amp; pluck, e pu\u00f2 essere personalizzato in dimensioni e forma per adattarsi agli oggetti che intendi inserire nella custodia. La schiuma fai da te \u00e8 disponibile in diverse densit\u00e0, adatte alle tue esigenze e perfetta per una custodia in alluminio personalizzata.<\/p>\n<\/div>\n<p><!-- \u7b2c\u4e09\u680f --><\/p>\n<div style=\"flex: 1; text-align: center;\">\n<p><img decoding=\"async\" style=\"max-width: 100%; height: auto; margin-bottom: 10px;\" src=\"https:\/\/suncasesupply.com\/wp-content\/uploads\/2025\/03\/3-Back-Support-Hinge.jpg\" alt=\"Cerniera di supporto posteriore\" \/><\/p>\n<p><b><\/b><b><\/b><strong><b>Cerniera di supporto posteriore<\/b><\/strong><\/p>\n<p>Si tratta di un accessorio utilizzato per collegare il coperchio superiore e quello inferiore della scatola in alluminio e consentire la rotazione relativa tra i due, rendendolo adatto alle custodie da viaggio in alluminio personalizzate.<\/p>\n<\/div>\n<p><!-- \u7b2c\u56db\u680f --><\/p>\n<div style=\"flex: 1; text-align: center;\">\n<p><img decoding=\"async\" style=\"max-width: 100%; height: auto; margin-bottom: 10px;\" src=\"https:\/\/suncasesupply.com\/wp-content\/uploads\/2025\/03\/4-Handle-3.jpg\" alt=\"Maniglia\" \/><\/p>\n<p><strong><b>Maniglia<\/b><\/strong><\/p>\n<p style=\"margin: 0;\">La funzione principale dell&#039;impugnatura \u00e8 quella di fornire un senso di presa e controllo, in modo che gli utenti possano facilmente azionare gli oggetti. Le funzioni dell&#039;impugnatura sono pi\u00f9 diversificate. Oltre a fornire funzioni di presa e controllo, pu\u00f2 anche fornire supporto, stabilit\u00e0 o equilibrio, ideale per qualsiasi design personalizzato di case in alluminio.<\/p>\n<\/div>\n<\/div>\n<div style=\"background-color: #29599a; padding: 40px 20px; text-align: center; color: #ffffff; border-radius: 10px; margin: 40px auto; max-width: 960px;\">\n<h2 style=\"font-size: 22px; margin-bottom: 20px; font-weight: bold;\"><span style=\"color: #ffffff;\">Acquista scatole portaoggetti in alluminio di alta qualit\u00e0 da Sun Case, a partire da 100 pezzi!<\/span><\/h2>\n<p><a style=\"display: inline-block; padding: 12px 28px; background-color: #ffffff; color: #29599a; text-decoration: none; border-radius: 6px; font-weight: bold;\" href=\"https:\/\/suncasesupply.com\/it\/contact-us\/\" target=\"_blank\" rel=\"noopener\">Richiedi un preventivo<br \/>\n<\/a><\/p>\n<\/div>\n<h4><span style=\"color: #003366;\">Processo di produzione:<\/span><\/h4>\n<p><img decoding=\"async\" style=\"max-width: 100%; height: auto; margin-bottom: 10px;\" src=\"https:\/\/suncasesupply.com\/wp-content\/uploads\/2025\/07\/Manufacturing-Process.png\" alt=\"Processo di fabbricazione di Suncase\" \/><\/p>\n<div style=\"display: flex; gap: 20px;\">\n<p><!-- \u7b2c\u4e00\u680f \u6d41\u7a0b1--><\/p>\n<div style=\"flex: 1; text-align: center;\"><\/div>\n<\/div>\n<div style=\"display: flex; gap: 20px;\">\n<div style=\"flex: 1; text-align: center;\">\n<p style=\"font-weight: bold; margin: 5px 0;\">\n<\/div>\n<\/div>\n<h4><span style=\"color: #003366;\">Informazioni utili per gli acquirenti all&#039;ingrosso:<\/span><\/h4>\n<ul>\n<li class=\"page-title\" title=\"Cosa rende le carte sportive cos\u00ec preziose?\">\n<p class=\"page-title\" title=\"Diversi tipi di custodie in alluminio\"><a href=\"https:\/\/suncasesupply.com\/it\/blog\/custom-aluminum-case\/different-types-of-aluminum-carrying-cases\/\">Diversi tipi di custodie in alluminio &gt;&gt;<\/a><\/p>\n<\/li>\n<li title=\"Cosa rende le carte sportive cos\u00ec preziose?\">\n<p class=\"page-title\" title=\"Tutto quello che devi sapere sulle custodie in alluminio\"><a href=\"https:\/\/suncasesupply.com\/it\/blog\/all-you-need-to-know-about-aluminum-cases\/\">Tutto quello che devi sapere sulle custodie in alluminio &gt;&gt;<\/a><\/p>\n<\/li>\n<li title=\"Cosa rende le carte sportive cos\u00ec preziose?\">\n<p class=\"page-title\" title=\"Come scegliere la giusta custodia in alluminio?\"><a href=\"https:\/\/suncasesupply.com\/it\/blog\/selection-of-aluminum-case\/\">Come scegliere la giusta custodia in alluminio? &gt;&gt;<\/a><\/p>\n<\/li>\n<\/ul>","protected":false},"excerpt":{"rendered":"<p>Modello:BA-25003<\/p>\n<p>Dimensioni: 450x330x120mm<\/p>\n<p>Colori: Colore grigio<\/p>\n<p>Materiali: telaio in alluminio, pannello MDF, pannello in melamina, ferramenta.<\/p>\n<p>Logo: Logo serigrafato \/ Logo su piastra metallica<\/p>\n<p>Quantit\u00e0 minima: 100 pezzi<\/p>\n<p>Termini di pagamento: T\/T, deposito + saldo<\/p>","protected":false},"featured_media":25288,"template":"","meta":{"_gspb_post_css":""},"product_cat":[80],"product_tag":[],"featured_image_urls":{"full":["https:\/\/suncasesupply.com\/wp-content\/uploads\/2023\/08\/aa-6.jpg",800,800,false],"thumbnail":["https:\/\/suncasesupply.com\/wp-content\/uploads\/2023\/08\/aa-6-150x150.jpg",150,150,true],"medium":["https:\/\/suncasesupply.com\/wp-content\/uploads\/2023\/08\/aa-6-300x300.jpg",300,300,true],"medium_large":["https:\/\/suncasesupply.com\/wp-content\/uploads\/2023\/08\/aa-6-768x768.jpg",768,768,true],"large":["https:\/\/suncasesupply.com\/wp-content\/uploads\/2023\/08\/aa-6.jpg",800,800,false],"1536x1536":["https:\/\/suncasesupply.com\/wp-content\/uploads\/2023\/08\/aa-6.jpg",800,800,false],"2048x2048":["https:\/\/suncasesupply.com\/wp-content\/uploads\/2023\/08\/aa-6.jpg",800,800,false],"trp-custom-language-flag":["https:\/\/suncasesupply.com\/wp-content\/uploads\/2023\/08\/aa-6-12x12.jpg",12,12,true],"woocommerce_thumbnail":["https:\/\/suncasesupply.com\/wp-content\/uploads\/2023\/08\/aa-6-300x300.jpg",300,300,true],"woocommerce_single":["https:\/\/suncasesupply.com\/wp-content\/uploads\/2023\/08\/aa-6-600x600.jpg",600,600,true],"woocommerce_gallery_thumbnail":["https:\/\/suncasesupply.com\/wp-content\/uploads\/2023\/08\/aa-6-100x100.jpg",100,100,true]},"post_excerpt_stackable":"<p>Model:BA-25003<\/p>\n<p>Size: 450x330x120mm<\/p>\n<p>Colors: Grey color<\/p>\n<p>Materials: Aluminum Frame, MDF Board, Melamine Panel, Hardware.<\/p>\n<p>Logo: Silk Printing Logo \/ Metal Plate Logo<\/p>\n<p>MOQ: 100pcs<\/p>\n<p>Payment Terms: T\/T, Deposit+Balance<\/p>\n","category_list":"","author_info":{"name":"","url":""},"comments_num":"0 commenti","_links":{"self":[{"href":"https:\/\/suncasesupply.com\/it\/wp-json\/wp\/v2\/product\/21520"}],"collection":[{"href":"https:\/\/suncasesupply.com\/it\/wp-json\/wp\/v2\/product"}],"about":[{"href":"https:\/\/suncasesupply.com\/it\/wp-json\/wp\/v2\/types\/product"}],"wp:featuredmedia":[{"embeddable":true,"href":"https:\/\/suncasesupply.com\/it\/wp-json\/wp\/v2\/media\/25288"}],"wp:attachment":[{"href":"https:\/\/suncasesupply.com\/it\/wp-json\/wp\/v2\/media?parent=21520"}],"wp:term":[{"taxonomy":"product_cat","embeddable":true,"href":"https:\/\/suncasesupply.com\/it\/wp-json\/wp\/v2\/product_cat?post=21520"},{"taxonomy":"product_tag","embeddable":true,"href":"https:\/\/suncasesupply.com\/it\/wp-json\/wp\/v2\/product_tag?post=21520"}],"curies":[{"name":"wp","href":"https:\/\/api.w.org\/{rel}","templated":true}]}}