{"id":21440,"date":"2023-08-28T16:22:50","date_gmt":"2023-08-28T08:22:50","guid":{"rendered":"https:\/\/suncasesupply.com\/?post_type=product&#038;p=21440"},"modified":"2025-07-15T10:56:58","modified_gmt":"2025-07-15T02:56:58","slug":"acrylic-clear-display-vinyl-lp-record-case-aluminum-album-storage-box-for-12-record","status":"publish","type":"product","link":"https:\/\/suncasesupply.com\/it\/product\/acrylic-clear-display-vinyl-lp-record-case-aluminum-album-storage-box-for-12-record\/","title":{"rendered":"Custodia per dischi in vinile con display in acrilico trasparente, scatola per album in alluminio per dischi da 12 pollici"},"content":{"rendered":"<h4><span style=\"color: #003366;\">Caratteristiche:<\/span><\/h4>\n<ul>\n<li><strong><b>Durata e resistenza<\/b><\/strong>Uno dei principali vantaggi delle scatole per dischi in acrilico rispetto al vetro \u00e8 la loro superiore durata e resistenza. L&#039;acrilico \u00e8 un materiale termoplastico noto per la sua resistenza agli urti, che lo rende altamente resistente a rotture e crepe. Questo lo rende ideale per proteggere la tua collezione in una scatola trasparente per dischi in vinile.<\/li>\n<li><strong><b>Chiarezza ottica e trasparenza<\/b><\/strong>: L&#039;acrilico offre un&#039;eccellente trasparenza ottica, paragonabile a quella del vetro. La sua trasparenza lo rende perfetto per l&#039;esposizione. Utilizzato in contenitori per dischi in vinile in acrilico, permette di vedere chiaramente la vostra collezione pur rimanendo completamente protetta: ideale sia per collezionisti che per rivenditori.<\/li>\n<li><strong><b>Grande capacit\u00e0<\/b><\/strong>: La capacit\u00e0 e le dimensioni della scatola possono essere personalizzate in base alle vostre esigenze. Queste custodie per dischi in vinile sono comunemente utilizzate per conservare e organizzare i formati di album in vinile da 7&quot; e 12&quot;, combinando protezione e presentazione.<\/li>\n<li><strong><b>Leggero<\/b><\/strong>:La struttura in acrilico \u00e8 notevolmente pi\u00f9 leggera del vetro, rendendo la custodia per dischi in vinile facile da trasportare ed esporre in mostre, negozi o allestimenti domestici.<\/li>\n<\/ul>\n<h4><span style=\"color: #003366;\">Dettagli del prodotto:<\/span><\/h4>\n<div style=\"display: flex; gap: 20px;\">\n<p><!-- \u7b2c\u4e00\u680f --><\/p>\n<div style=\"flex: 1; text-align: center;\">\n<p><img decoding=\"async\" style=\"max-width: 100%; height: auto; margin-bottom: 10px;\" src=\"https:\/\/suncasesupply.com\/wp-content\/uploads\/2024\/12\/1-Strong-Corner.webp\" alt=\"Angolo forte\" \/><\/p>\n<p style=\"font-weight: bold; margin: 5px 0;\"><strong><b>Angolo forte<\/b><\/strong><\/p>\n<p style=\"margin: 0;\">La funzione principale degli angoli \u00e8 la protezione, mantengono una giunzione protettiva nei punti di impatto pi\u00f9 comuni di una custodia. Il materiale metallico e la forma semicircolare lo rendono pi\u00f9 resistente agli urti. Il suo colore pu\u00f2 essere personalizzato per abbinarsi al colore della custodia\/pannello.<\/p>\n<\/div>\n<p><!-- \u7b2c\u4e8c\u680f --><\/p>\n<div style=\"flex: 1; text-align: center;\">\n<p><img decoding=\"async\" style=\"max-width: 100%; height: auto; margin-bottom: 10px;\" src=\"https:\/\/suncasesupply.com\/wp-content\/uploads\/2024\/12\/2-Butterfly-Latches.webp\" alt=\"2-Chiusure a farfalla\" \/><\/p>\n<p style=\"font-weight: bold; margin: 5px 0;\"><strong><b>Chiusure a farfalla<\/b><\/strong><\/p>\n<p style=\"margin: 0;\">I nomi sono identificati dalla loro forma che ricorda quella di una farfalla. \u00c8 fatto di acciaio inossidabile di alta qualit\u00e0 e acciaio. \u00c8 molto potente perch\u00e9 il serraggio avviene ruotando la manopola. Di solito, il lucchetto pu\u00f2 essere aggiunto se necessario per una maggiore sicurezza. Il colore normale \u00e8 argento, ma pu\u00f2 essere realizzato in qualsiasi colore desiderato.<\/p>\n<\/div>\n<p><!-- \u7b2c\u4e09\u680f --><\/p>\n<div style=\"flex: 1; text-align: center;\">\n<p><img decoding=\"async\" style=\"max-width: 100%; height: auto; margin-bottom: 10px;\" src=\"https:\/\/suncasesupply.com\/wp-content\/uploads\/2024\/12\/3-Aluminum-Frame.webp\" alt=\"Inserto in schiuma personalizzato (EVA)\" \/><\/p>\n<p style=\"font-weight: bold; margin: 5px 0;\">Telaio in alluminio<\/p>\n<p style=\"margin: 0;\">Il telaio in alluminio costituisce la struttura portante del contenitore, garantendone la resistenza. Spessore e larghezza sono personalizzabili in base alle esigenze di archiviazione dei dischi in acrilico, in base alle dimensioni della scatola e alla portata richiesta. I colori pi\u00f9 comuni includono argento e nero.<\/p>\n<\/div>\n<p><!-- \u7b2c\u56db\u680f --><\/p>\n<div style=\"flex: 1; text-align: center;\">\n<p><img decoding=\"async\" style=\"max-width: 100%; height: auto; margin-bottom: 10px;\" src=\"https:\/\/suncasesupply.com\/wp-content\/uploads\/2024\/12\/4-Acrylic-Panel.webp\" alt=\"4-Pannello acrilico\" \/><\/p>\n<p style=\"font-weight: bold; margin: 5px 0;\"><strong><b>4-Pannello acrilico<\/b><\/strong><\/p>\n<p data-start=\"2082\" data-end=\"2362\">Tutti e sei i pannelli sono realizzati in acrilico trasparente da 4 mm, con una moderata resistenza ai graffi. Il contenuto all&#039;interno dell&#039;organizer per LP pu\u00f2 essere visto e apprezzato senza aprire la custodia: una soluzione elegante per chi cerca una funzionale scatola espositiva in acrilico.<\/p>\n<\/div>\n<\/div>\n<div style=\"background-color: #29599a; padding: 40px 20px; text-align: center; color: #ffffff; border-radius: 10px; margin: 40px auto; max-width: 960px;\">\n<h2 style=\"font-size: 22px; margin-bottom: 20px; font-weight: bold;\"><span style=\"color: #ffffff;\">Proteggi e metti in mostra la tua collezione di vinili: minimo 100, design resistente in acrilico e alluminio!<\/span><\/h2>\n<p><a style=\"display: inline-block; padding: 12px 28px; background-color: #ffffff; color: #29599a; text-decoration: none; border-radius: 6px; font-weight: bold;\" href=\"https:\/\/suncasesupply.com\/it\/contact-us\/\" target=\"_blank\" rel=\"noopener\">Richiedi il tuo preventivo oggi<br \/>\n<\/a><\/p>\n<\/div>\n<h4><span style=\"color: #003366;\">Processo di fabbricazione della scatola porta-album in alluminio:<\/span><\/h4>\n<p><img decoding=\"async\" style=\"max-width: 100%; height: auto; margin-bottom: 10px;\" src=\"https:\/\/suncasesupply.com\/wp-content\/uploads\/2025\/07\/Manufacturing-Process.png\" alt=\"Processo di fabbricazione di Suncase\" \/><\/p>\n<h4><span style=\"color: #003366;\">Informazioni utili per gli acquirenti all&#039;ingrosso:<\/span><\/h4>\n<ul>\n<li class=\"page-title\" title=\"Cosa rende le carte sportive cos\u00ec preziose?\">\n<p class=\"page-title\" title=\"Qual \u00e8 la dimensione della custodia del disco in vinile?\"><a href=\"https:\/\/suncasesupply.com\/it\/blog\/size-of-the-vinyl-record-case\/\">Qual \u00e8 la dimensione della custodia per dischi in vinile &gt;&gt;<\/a><\/p>\n<\/li>\n<li class=\"page-title\" title=\"Cosa rende le carte sportive cos\u00ec preziose?\">\n<p class=\"page-title\" title=\"Qual \u00e8 la dimensione della custodia del disco in vinile?\"><a href=\"https:\/\/suncasesupply.com\/it\/blog\/what-vinyl-record-case-made-of\/\">Di cosa sono fatte le custodie per dischi in vinile?<\/a><\/p>\n<\/li>\n<li title=\"Cosa rende le carte sportive cos\u00ec preziose?\"><a href=\"https:\/\/suncasesupply.com\/it\/blog\/custom-aluminum-case\/aluminum-storage-box-for-organization\/\">Come conservare i dischi in vinile in una custodia in alluminio?<\/a><\/li>\n<\/ul>","protected":false},"excerpt":{"rendered":"<p>Modello: SC-BA001<\/p>\n<p>Dimensioni: 360*190*360mm o Personalizza<\/p>\n<p>Capacit\u00e0: 50 pezzi x 12 pollici LP\/vinile\/dischi<\/p>\n<p>Colori: Trasparente<\/p>\n<p>Materiali: alluminio, pannello acrilico, pannello ABS, accessori.<\/p>\n<p>Logo: Logo su piastra metallica, logo serigrafato<\/p>\n<p>Quantit\u00e0 minima: 100 pezzi<\/p>","protected":false},"featured_media":21443,"template":"","meta":{"_gspb_post_css":""},"product_cat":[83],"product_tag":[],"featured_image_urls":{"full":["https:\/\/suncasesupply.com\/wp-content\/uploads\/2023\/08\/230.jpg",800,800,false],"thumbnail":["https:\/\/suncasesupply.com\/wp-content\/uploads\/2023\/08\/230-150x150.jpg",150,150,true],"medium":["https:\/\/suncasesupply.com\/wp-content\/uploads\/2023\/08\/230-300x300.jpg",300,300,true],"medium_large":["https:\/\/suncasesupply.com\/wp-content\/uploads\/2023\/08\/230-768x768.jpg",768,768,true],"large":["https:\/\/suncasesupply.com\/wp-content\/uploads\/2023\/08\/230.jpg",800,800,false],"1536x1536":["https:\/\/suncasesupply.com\/wp-content\/uploads\/2023\/08\/230.jpg",800,800,false],"2048x2048":["https:\/\/suncasesupply.com\/wp-content\/uploads\/2023\/08\/230.jpg",800,800,false],"trp-custom-language-flag":["https:\/\/suncasesupply.com\/wp-content\/uploads\/2023\/08\/230.jpg",12,12,false],"woocommerce_thumbnail":["https:\/\/suncasesupply.com\/wp-content\/uploads\/2023\/08\/230-300x300.jpg",300,300,true],"woocommerce_single":["https:\/\/suncasesupply.com\/wp-content\/uploads\/2023\/08\/230-600x600.jpg",600,600,true],"woocommerce_gallery_thumbnail":["https:\/\/suncasesupply.com\/wp-content\/uploads\/2023\/08\/230-100x100.jpg",100,100,true]},"post_excerpt_stackable":"<p>Model: SC-BA001<\/p>\n<p>Size: 360*190*360mm or Customize<\/p>\n<p>Capacity: 50pcs x\u00a012inch LPs\/Vinyl\/Records<\/p>\n<p>Colors: Transparent<\/p>\n<p>Materials: Aluminum, Acrylic\u00a0panel, ABS\u00a0Panel, Accessories.<\/p>\n<p>Logo: Metal plate logo, silk screen logo<\/p>\n<p>MOQ: 100pcs<\/p>\n","category_list":"","author_info":{"name":"","url":""},"comments_num":"0 commenti","_links":{"self":[{"href":"https:\/\/suncasesupply.com\/it\/wp-json\/wp\/v2\/product\/21440"}],"collection":[{"href":"https:\/\/suncasesupply.com\/it\/wp-json\/wp\/v2\/product"}],"about":[{"href":"https:\/\/suncasesupply.com\/it\/wp-json\/wp\/v2\/types\/product"}],"wp:featuredmedia":[{"embeddable":true,"href":"https:\/\/suncasesupply.com\/it\/wp-json\/wp\/v2\/media\/21443"}],"wp:attachment":[{"href":"https:\/\/suncasesupply.com\/it\/wp-json\/wp\/v2\/media?parent=21440"}],"wp:term":[{"taxonomy":"product_cat","embeddable":true,"href":"https:\/\/suncasesupply.com\/it\/wp-json\/wp\/v2\/product_cat?post=21440"},{"taxonomy":"product_tag","embeddable":true,"href":"https:\/\/suncasesupply.com\/it\/wp-json\/wp\/v2\/product_tag?post=21440"}],"curies":[{"name":"wp","href":"https:\/\/api.w.org\/{rel}","templated":true}]}}