{"id":21375,"date":"2023-08-28T16:01:30","date_gmt":"2023-08-28T08:01:30","guid":{"rendered":"https:\/\/suncasesupply.com\/?post_type=product&#038;p=21375"},"modified":"2025-02-20T14:36:07","modified_gmt":"2025-02-20T06:36:07","slug":"carbon-aluminum-storage-case-holds-100-12-lp-display-vinyl-record-case-for-collection","status":"publish","type":"product","link":"https:\/\/suncasesupply.com\/it\/product\/carbon-aluminum-storage-case-holds-100-12-lp-display-vinyl-record-case-for-collection\/","title":{"rendered":"La custodia in alluminio al carbonio contiene 100 custodie per dischi in vinile con display LP da 12 pollici per la raccolta"},"content":{"rendered":"<p>&nbsp;<\/p>\n<table width=\"774\">\n<tbody>\n<tr>\n<td width=\"177\">Articolo<\/td>\n<td width=\"597\">Custodia per dischi in alluminio<\/td>\n<\/tr>\n<tr>\n<td>Dimensione<\/td>\n<td>36 x 36 x 36 cm o personalizzare<\/td>\n<\/tr>\n<tr>\n<td>Colori<\/td>\n<td>Come mostrano le immagini o personalizza<\/td>\n<\/tr>\n<tr>\n<td>Materiali<\/td>\n<td>Alluminio, pannello ABS, pannello MDF, rivestimento in EVA\/schiuma\/tessuto\/PU, hardware<\/td>\n<\/tr>\n<tr>\n<td>Logo<\/td>\n<td>Logo in placca metallica, logo stampato, logo in rilievo, logo laser<\/td>\n<\/tr>\n<tr>\n<td>Tempo di campionamento<\/td>\n<td>7 giorni<\/td>\n<\/tr>\n<tr>\n<td>Porto d&#039;imbarco<\/td>\n<td>Guangzhou, Shenzen<\/td>\n<\/tr>\n<tr>\n<td>Condizioni commerciali<\/td>\n<td>EXW, FOB, CIF, DDU, DDP<\/td>\n<\/tr>\n<tr>\n<td>Modalit\u00e0 di pagamento<\/td>\n<td>T\/T, contanti, PayPal, carta di credito<\/td>\n<\/tr>\n<\/tbody>\n<\/table>\n<p><span style=\"color: #003366;\">Caratteristiche:<\/span><\/p>\n<p>La custodia per dischi da 12 pollici \u00e8 progettata per archiviare e trasportare fino a 50 dischi da 12 pollici. Con la sua struttura stabile con profili in alluminio, pannelli MDF rivestiti in plastica, rivetti e un rivestimento in morbida schiuma, la custodia del disco offre una protezione ottimale contro urti, luce e calore.<\/p>\n<p>Il coperchio della custodia per dischi LP \u00e8 saldamente installato su 2 robuste cerniere in metallo. Una chiusura a scatto offre una protezione antifurto affidabile. Grazie al suo peso proprio ridotto e alla struttura stabile, la custodia per dischi in alluminio \u00e8 una custodia per dischi per DJ ideale che pu\u00f2 essere trasportata senza problemi anche regolarmente. La box \u00e8 disponibile in tre varianti colore: argento\/argento, argento\/nero e nero\/nero.<\/p>\n<p>Dettagli tecnici:<br \/>\n\u2022 Capacit\u00e0: max. 100 pezzi. Dischi da 12\u2033<br \/>\n\u2022 Materiale: alluminio, pannelli MDF plastificati<br \/>\n\u2022 Gli angoli di protezione in metallo proteggono dagli urti e dall&#039;usura<br \/>\n\u2022 Disponibile in tre colori: Argento\/Argento, Argento\/Nero; Nero\/Nero.<br \/>\n\u2022 Piedini in gomma antiscivolo<br \/>\n\u2022 Dimensioni (LxPxA): 36 x 36 x 36 cm<br \/>\n\u2022 Peso 2,5 kg<\/p>","protected":false},"excerpt":{"rendered":"<p>Modello: Z34<\/p>\n<p>Dimensioni: 36 x 36 x 36 cm<\/p>\n<p>Capacit\u00e0: 100 LP da 12\u2033<\/p>\n<p>Quantit\u00e0 minima: 100 pezzi<\/p>\n<p>Tempi di consegna: 15-25 giorni<\/p>\n<p>Campione: disponibile<\/p>","protected":false},"featured_media":21377,"template":"","meta":{"_gspb_post_css":""},"product_cat":[83],"product_tag":[],"featured_image_urls":{"full":["https:\/\/suncasesupply.com\/wp-content\/uploads\/2023\/08\/20-2.jpg",800,800,false],"thumbnail":["https:\/\/suncasesupply.com\/wp-content\/uploads\/2023\/08\/20-2-150x150.jpg",150,150,true],"medium":["https:\/\/suncasesupply.com\/wp-content\/uploads\/2023\/08\/20-2-300x300.jpg",300,300,true],"medium_large":["https:\/\/suncasesupply.com\/wp-content\/uploads\/2023\/08\/20-2-768x768.jpg",768,768,true],"large":["https:\/\/suncasesupply.com\/wp-content\/uploads\/2023\/08\/20-2.jpg",800,800,false],"1536x1536":["https:\/\/suncasesupply.com\/wp-content\/uploads\/2023\/08\/20-2.jpg",800,800,false],"2048x2048":["https:\/\/suncasesupply.com\/wp-content\/uploads\/2023\/08\/20-2.jpg",800,800,false],"trp-custom-language-flag":["https:\/\/suncasesupply.com\/wp-content\/uploads\/2023\/08\/20-2.jpg",12,12,false],"woocommerce_thumbnail":["https:\/\/suncasesupply.com\/wp-content\/uploads\/2023\/08\/20-2-300x300.jpg",300,300,true],"woocommerce_single":["https:\/\/suncasesupply.com\/wp-content\/uploads\/2023\/08\/20-2-600x600.jpg",600,600,true],"woocommerce_gallery_thumbnail":["https:\/\/suncasesupply.com\/wp-content\/uploads\/2023\/08\/20-2-100x100.jpg",100,100,true]},"post_excerpt_stackable":"<p>Model : Z34<\/p>\n<p>Size: 36 x 36 x 36 cm<\/p>\n<p>Capacity: 100 x 12&#8243; LPs<\/p>\n<p>MOQ: 100pcs<\/p>\n<p>Delivery Time : 15-25 Days<\/p>\n<p>Sample : Available<\/p>\n","category_list":"","author_info":{"name":"","url":""},"comments_num":"0 commenti","_links":{"self":[{"href":"https:\/\/suncasesupply.com\/it\/wp-json\/wp\/v2\/product\/21375"}],"collection":[{"href":"https:\/\/suncasesupply.com\/it\/wp-json\/wp\/v2\/product"}],"about":[{"href":"https:\/\/suncasesupply.com\/it\/wp-json\/wp\/v2\/types\/product"}],"wp:featuredmedia":[{"embeddable":true,"href":"https:\/\/suncasesupply.com\/it\/wp-json\/wp\/v2\/media\/21377"}],"wp:attachment":[{"href":"https:\/\/suncasesupply.com\/it\/wp-json\/wp\/v2\/media?parent=21375"}],"wp:term":[{"taxonomy":"product_cat","embeddable":true,"href":"https:\/\/suncasesupply.com\/it\/wp-json\/wp\/v2\/product_cat?post=21375"},{"taxonomy":"product_tag","embeddable":true,"href":"https:\/\/suncasesupply.com\/it\/wp-json\/wp\/v2\/product_tag?post=21375"}],"curies":[{"name":"wp","href":"https:\/\/api.w.org\/{rel}","templated":true}]}}