{"id":21265,"date":"2023-08-28T14:56:18","date_gmt":"2023-08-28T06:56:18","guid":{"rendered":"https:\/\/suncasesupply.com\/?post_type=product&#038;p=21265"},"modified":"2026-03-17T01:30:02","modified_gmt":"2026-03-16T17:30:02","slug":"aluminum-tool-case-18-x-14-x-6-tools-storage-carrying-case-hot-selling","status":"publish","type":"product","link":"https:\/\/suncasesupply.com\/it\/product\/aluminum-tool-case-18-x-14-x-6-tools-storage-carrying-case-hot-selling\/","title":{"rendered":"Valigetta portautensili in alluminio 18\u2033 x 14\u2033 x 6\u2033 Valigetta portaoggetti per utensili Vendita calda"},"content":{"rendered":"<h4><span style=\"color: #003366;\">Caratteristiche:<\/span><\/h4>\n<ul>\n<li><strong>Grande capacit\u00e0<\/strong>Questa cassetta portautensili in alluminio \u00e8 dotata di un pannello portautensili, divisori in schiuma e EVA, con una capacit\u00e0 sufficiente per riporre i tuoi diversi utensili. Il suo design la rende una soluzione versatile per la custodia degli attrezzi in alluminio.<\/li>\n<li><strong>Facile da trasportare<\/strong>: realizzata con una maniglia leggera e robusta, questa custodia portautensili \u00e8 un&#039;ottima scelta quando si esce, ed \u00e8 dotata di una tracolla che ti consente di avere le mani libere.<\/li>\n<li><strong>Funzione di archiviazione universale<\/strong>: La valigetta in alluminio non \u00e8 solo un contenitore per i tuoi attrezzi, ma anche per molti altri prodotti. Pu\u00f2 anche contenere e trasportare la tua macchina fotografica, dispositivi elettronici e altre attrezzature. L&#039;inserto in schiuma pu\u00f2 prevenire danni ai tuoi prodotti, rendendola una pratica valigetta in alluminio con schiuma.<\/li>\n<\/ul>\n<h4><span style=\"color: #003366;\">Dettagli del prodotto:<\/span><\/h4>\n<div style=\"display: flex; gap: 20px;\">\n<p><!-- \u7b2c\u4e00\u680f --><\/p>\n<div style=\"flex: 1; text-align: center;\">\n<p><img decoding=\"async\" style=\"max-width: 100%; height: auto; margin-bottom: 10px;\" src=\"https:\/\/suncasesupply.com\/wp-content\/uploads\/2025\/03\/DIY-Foam.png\" alt=\"Schiuma fai da te\" \/><\/p>\n<p style=\"font-weight: bold; margin: 5px 0;\">Schiuma fai da te<\/p>\n<p style=\"margin: 0;\">Dotato di un inserto in schiuma pick&amp;pluck, puoi creare lo spazio necessario per i tuoi diversi utensili. La schiuma \u00e8 molto morbida e protegge bene i prodotti all&#039;interno. A proposito, se la schiuma non \u00e8 necessaria, pu\u00f2 essere rimossa per creare pi\u00f9 spazio in questa valigetta portautensili in alluminio.<\/p>\n<\/div>\n<p><!-- \u7b2c\u4e8c\u680f --><\/p>\n<div style=\"flex: 1; text-align: center;\">\n<p><img decoding=\"async\" style=\"max-width: 100%; height: auto; margin-bottom: 10px;\" src=\"https:\/\/suncasesupply.com\/wp-content\/uploads\/2025\/03\/EVA-dividers-1.png\" alt=\"Divisori EVA\" \/><\/p>\n<p style=\"font-weight: bold; margin: 5px 0;\">Divisori EVA<\/p>\n<p style=\"margin: 0;\">Dotato di divisori in EVA di diverse lunghezze, rimovibili, in modo da poter organizzare lo spazio interno in base ai diversi prodotti e mantenere gli oggetti al loro interno ordinati e non disordinati.<\/p>\n<\/div>\n<p><!-- \u7b2c\u4e09\u680f --><\/p>\n<div style=\"flex: 1; text-align: center;\">\n<p><img decoding=\"async\" style=\"max-width: 100%; height: auto; margin-bottom: 10px;\" src=\"https:\/\/suncasesupply.com\/wp-content\/uploads\/2025\/03\/Shoulder-Strap.png\" alt=\"Tracolla\" \/><\/p>\n<p style=\"font-weight: bold; margin: 5px 0;\">Tracolla<\/p>\n<p style=\"margin: 0;\">\u00c8 dotata di una tracolla, che ti permette di avere le mani libere quando la porti in viaggio. La tracolla pu\u00f2 essere regolata in base alla tua altezza, rendendola molto comoda e portatile. Questa custodia \u00e8 anche un&#039;affidabile scatola portautensili in metallo, perfetta per riporre gli attrezzi non solo a casa ma anche all&#039;aperto.<\/p>\n<\/div>\n<p><!-- \u7b2c\u56db\u680f --><\/p>\n<div style=\"flex: 1; text-align: center;\">\n<p><img decoding=\"async\" style=\"max-width: 100%; height: auto; margin-bottom: 10px;\" src=\"https:\/\/suncasesupply.com\/wp-content\/uploads\/2025\/03\/Tool-panel.png\" alt=\"Pannello degli strumenti\" \/><\/p>\n<p style=\"font-weight: bold; margin: 5px 0;\">Pannello degli strumenti<\/p>\n<p style=\"margin: 0;\">Il pannello portautensili sul coperchio superiore pu\u00f2 contenere forbici, pinzette, chiavi inglesi, cacciaviti e altro ancora. Realizzato in PU e facile da pulire, \u00e8 rimovibile quando non serve, completando questa versatile soluzione per riporre gli attrezzi.<\/p>\n<\/div>\n<\/div>\n<div style=\"background-color: #29599a; padding: 40px 20px; text-align: center; color: #ffffff; border-radius: 10px; margin: 40px auto; max-width: 960px;\">\n<h2 style=\"font-size: 22px; margin-bottom: 20px; font-weight: bold;\"><span style=\"color: #ffffff;\">Acquista subito la tua valigetta portautensili in alluminio Sun Case, minimo 100 pezzi, perfetta per organizzare al meglio gli attrezzi.<\/span><\/h2>\n<p><a style=\"display: inline-block; padding: 12px 28px; background-color: #ffffff; color: #29599a; text-decoration: none; border-radius: 6px; font-weight: bold;\" href=\"https:\/\/suncasesupply.com\/it\/contact-us\/\" target=\"_blank\" rel=\"noopener\">Richiedi un preventivo<br \/>\n<\/a><\/p>\n<\/div>\n<h4><span style=\"color: #003366;\">Processo di fabbricazione della valigetta portautensili in alluminio:<\/span><\/h4>\n<p><img decoding=\"async\" style=\"max-width: 100%; height: auto; margin-bottom: 10px;\" src=\"https:\/\/suncasesupply.com\/wp-content\/uploads\/2025\/07\/Manufacturing-Process.png\" alt=\"Processo di fabbricazione di Suncase\" \/><\/p>\n<div style=\"display: flex; gap: 20px;\">\n<p><!-- \u7b2c\u4e00\u680f \u6d41\u7a0b1--><\/p>\n<div style=\"flex: 1; text-align: center;\"><\/div>\n<\/div>\n<div style=\"display: flex; gap: 20px;\">\n<div style=\"flex: 1; text-align: center;\">\n<p style=\"font-weight: bold; margin: 5px 0;\">\n<\/div>\n<\/div>\n<h4><span style=\"color: #003366;\">Informazioni utili per gli acquirenti all&#039;ingrosso:<\/span><\/h4>\n<ul>\n<li><a href=\"https:\/\/suncasesupply.com\/it\/blog\/custom-aluminum-case\/types-of-materials-used-in-tool-cases\/\">Esplorazione di valigette portautensili in alluminio e altri tipi di materiali<\/a><\/li>\n<li><a href=\"https:\/\/suncasesupply.com\/it\/blog\/reason-to-have-aluminum-tool-case\/\">Perch\u00e9 hai bisogno di una valigetta portautensili in alluminio?<\/a><\/li>\n<\/ul>","protected":false},"excerpt":{"rendered":"<p>Modello: BL-0022<\/p>\n<p>Dimensioni: 45x33x15 cm<\/p>\n<p>Colori: Argento o personalizzabile<\/p>\n<p>Materiali: alluminio, pannello ABS, divisori EVA, schiuma Pluck, pelle PU<\/p>\n<p>Logo: Logo su piastra metallica, logo serigrafato<\/p>\n<p>Quantit\u00e0 minima: 100 pezzi<\/p>","protected":false},"featured_media":21267,"template":"","meta":{"_gspb_post_css":""},"product_cat":[81],"product_tag":[],"featured_image_urls":{"full":["https:\/\/suncasesupply.com\/wp-content\/uploads\/2023\/08\/18-2.jpg",500,500,false],"thumbnail":["https:\/\/suncasesupply.com\/wp-content\/uploads\/2023\/08\/18-2-150x150.jpg",150,150,true],"medium":["https:\/\/suncasesupply.com\/wp-content\/uploads\/2023\/08\/18-2-300x300.jpg",300,300,true],"medium_large":["https:\/\/suncasesupply.com\/wp-content\/uploads\/2023\/08\/18-2.jpg",500,500,false],"large":["https:\/\/suncasesupply.com\/wp-content\/uploads\/2023\/08\/18-2.jpg",500,500,false],"1536x1536":["https:\/\/suncasesupply.com\/wp-content\/uploads\/2023\/08\/18-2.jpg",500,500,false],"2048x2048":["https:\/\/suncasesupply.com\/wp-content\/uploads\/2023\/08\/18-2.jpg",500,500,false],"trp-custom-language-flag":["https:\/\/suncasesupply.com\/wp-content\/uploads\/2023\/08\/18-2.jpg",12,12,false],"woocommerce_thumbnail":["https:\/\/suncasesupply.com\/wp-content\/uploads\/2023\/08\/18-2-300x300.jpg",300,300,true],"woocommerce_single":["https:\/\/suncasesupply.com\/wp-content\/uploads\/2023\/08\/18-2.jpg",500,500,false],"woocommerce_gallery_thumbnail":["https:\/\/suncasesupply.com\/wp-content\/uploads\/2023\/08\/18-2-100x100.jpg",100,100,true]},"post_excerpt_stackable":"<p>Model : BL-0022<\/p>\n<p>Size:\u00a0 45 x 33 x 15cm<\/p>\n<p>Colors: Silver or customize<\/p>\n<p>Materials: Aluminum, ABS panel, EVA dividers, Pluck foam, PU leather<\/p>\n<p>Logo: Metal plate logo, silk screen logo<\/p>\n<p>MOQ: 100pcs<\/p>\n","category_list":"","author_info":{"name":"","url":""},"comments_num":"0 commenti","_links":{"self":[{"href":"https:\/\/suncasesupply.com\/it\/wp-json\/wp\/v2\/product\/21265"}],"collection":[{"href":"https:\/\/suncasesupply.com\/it\/wp-json\/wp\/v2\/product"}],"about":[{"href":"https:\/\/suncasesupply.com\/it\/wp-json\/wp\/v2\/types\/product"}],"wp:featuredmedia":[{"embeddable":true,"href":"https:\/\/suncasesupply.com\/it\/wp-json\/wp\/v2\/media\/21267"}],"wp:attachment":[{"href":"https:\/\/suncasesupply.com\/it\/wp-json\/wp\/v2\/media?parent=21265"}],"wp:term":[{"taxonomy":"product_cat","embeddable":true,"href":"https:\/\/suncasesupply.com\/it\/wp-json\/wp\/v2\/product_cat?post=21265"},{"taxonomy":"product_tag","embeddable":true,"href":"https:\/\/suncasesupply.com\/it\/wp-json\/wp\/v2\/product_tag?post=21265"}],"curies":[{"name":"wp","href":"https:\/\/api.w.org\/{rel}","templated":true}]}}