{"id":21174,"date":"2023-08-28T14:12:38","date_gmt":"2023-08-28T06:12:38","guid":{"rendered":"https:\/\/suncasesupply.com\/?post_type=product&#038;p=21174"},"modified":"2025-07-15T10:55:30","modified_gmt":"2025-07-15T02:55:30","slug":"53-rifle-gun-case-aluminum-long-gun-hard-case-portable-locking-shotgun-storage-box","status":"publish","type":"product","link":"https:\/\/suncasesupply.com\/it\/product\/53-rifle-gun-case-aluminum-long-gun-hard-case-portable-locking-shotgun-storage-box\/","title":{"rendered":"Custodia per pistola da 53\u2033 Custodia rigida in alluminio per pistola lunga Scatola portaoggetti per fucile con chiusura portatile"},"content":{"rendered":"<h4><span style=\"color: #003366;\">Caratteristiche:<\/span><\/h4>\n<p><strong>1. Elevata resistenza e durata<\/strong><br \/>\nSolitamente realizzata in alluminio leggero ma ad alta resistenza, questa custodia in alluminio per fucili \u00e8 resistente agli urti e alla pressione, e pu\u00f2 sopportare ambienti difficili o cadute accidentali. La struttura della scatola \u00e8 robusta e i bordi sono spesso dotati di nervature di rinforzo per resistere ai danni esterni. \u00c8 ideale per chi necessita di custodie rigide per fucili per uso professionale o all&#039;aperto.<\/p>\n<p><strong>2. Sicurezza<\/strong><br \/>\nSerrature certificate: le serrature a combinazione standard ad alta sicurezza garantiscono la sicurezza dell&#039;arma al suo interno. Il design impermeabile e antipolvere garantisce l&#039;asciutto all&#039;interno, rendendo questa custodia in alluminio con serratura e chiavi adatta per ambienti esterni o tattici dove l&#039;affidabilit\u00e0 \u00e8 fondamentale.<\/p>\n<p><strong>3. Leggero e portatile<\/strong><br \/>\nSolitamente pesa 5-10 kg (a seconda delle dimensioni) e alcuni modelli sono dotati di carrucole o cinghie per un facile trasporto. Pur essendo una custodia rigida per fucili lunghi, rimane maneggevole per il trasporto in solitaria, offrendo il massimo in termini di protezione e portabilit\u00e0.<\/p>\n<h4><span style=\"color: #003366;\">Dettagli del prodotto:<\/span><\/h4>\n<div style=\"display: flex; gap: 20px;\">\n<p><!-- \u7b2c\u4e00\u680f --><\/p>\n<div style=\"flex: 1; text-align: center;\">\n<p><img decoding=\"async\" style=\"max-width: 100%; height: auto; margin-bottom: 10px;\" src=\"https:\/\/suncasesupply.com\/wp-content\/uploads\/2025\/05\/strong-handle.jpg\" alt=\"Manico resistente e confortevole\" \/><\/p>\n<p style=\"font-weight: bold; margin: 5px 0;\">Manico durevole<\/p>\n<p style=\"margin: 0;\">L&#039;impugnatura \u00e8 realizzata in gomma antiscivolo e ammortizzante per ridurre l&#039;affaticamento della mano durante il sollevamento prolungato, adattandosi all&#039;arco dell&#039;impugnatura per migliorare il comfort. \u00c8 saldamente collegata al corpo della scatola tramite staffe o rivetti metallici, che non solo garantiscono una forte capacit\u00e0 di carico, ma rafforzano anche la struttura complessiva della scatola per prevenirne la deformazione. Questo design studiato nei minimi dettagli \u00e8 comune nelle custodie rigide di fascia alta per fucili.<\/p>\n<\/div>\n<p><!-- \u7b2c\u4e8c\u680f --><\/p>\n<div style=\"flex: 1; text-align: center;\">\n<p><img decoding=\"async\" style=\"max-width: 100%; height: auto; margin-bottom: 10px;\" src=\"https:\/\/suncasesupply.com\/wp-content\/uploads\/2025\/05\/Protective-foam.jpg\" alt=\"schiuma protettiva\" \/><\/p>\n<p style=\"font-weight: bold; margin: 5px 0;\">Schiuma protettiva<\/p>\n<p style=\"margin: 0;\">Il cotone ondulato pu\u00f2 assorbire efficacemente urti e vibrazioni, riducendo l&#039;impatto diretto delle forze esterne sull&#039;arma durante il trasporto o la collisione e prevenendo il danneggiamento di componenti di precisione (come ottiche, canne, ecc.) a causa delle vibrazioni. Il design scanalato che si adatta alla forma dell&#039;arma da fuoco pu\u00f2 bloccarla saldamente in posizione, rendendola un&#039;eccellente opzione per custodie per fucili lunghi. Alcuni modelli fungono anche da custodia per fucili da caccia, offrendo una compatibilit\u00e0 flessibile con le armi da fuoco.<\/p>\n<\/div>\n<p><!-- \u7b2c\u4e09\u680f --><\/p>\n<div style=\"flex: 1; text-align: center;\">\n<p><img decoding=\"async\" style=\"max-width: 100%; height: auto; margin-bottom: 10px;\" src=\"https:\/\/suncasesupply.com\/wp-content\/uploads\/2025\/05\/Diamond-surface.jpg\" alt=\"Superficie diamantata\" \/><\/p>\n<p style=\"font-weight: bold; margin: 5px 0;\">Superficie diamantata<\/p>\n<p style=\"margin: 0;\">Il pannello in ABS con motivo a rombi pu\u00f2 efficacemente prevenire i graffi della custodia durante il trasporto e l&#039;uso, prolungandone cos\u00ec la durata. Questa superficie esalta l&#039;aspetto e la resistenza di qualsiasi modello di custodia rigida per fucile utilizzato in condizioni difficili.<\/p>\n<\/div>\n<p><!-- \u7b2c\u56db\u680f --><\/p>\n<div style=\"flex: 1; text-align: center;\">\n<p><img decoding=\"async\" style=\"max-width: 100%; height: auto; margin-bottom: 10px;\" src=\"https:\/\/suncasesupply.com\/wp-content\/uploads\/2025\/05\/Commbination-lock.jpg\" alt=\"Lucchetto a combinazione\" \/><\/p>\n<p style=\"font-weight: bold; margin: 5px 0;\">Lucchetto a combinazione<\/p>\n<p style=\"margin: 0;\">I lucchetti a combinazione possono garantire la sicurezza delle armi e impedirne l&#039;accesso da parte di terzi (come bambini, ladri o utenti non autorizzati). Rispetto ai lucchetti a chiave, i lucchetti a combinazione non richiedono di portare con s\u00e9 le chiavi e basta digitare la combinazione per aprire rapidamente la custodia dell&#039;arma (particolarmente comodo in situazioni di emergenza).<\/p>\n<\/div>\n<\/div>\n<div style=\"background-color: #29599a; padding: 40px 20px; text-align: center; color: #ffffff; border-radius: 10px; margin: 40px auto; max-width: 960px;\">\n<h2 style=\"font-size: 22px; margin-bottom: 20px; font-weight: bold;\"><span style=\"color: #ffffff;\">MOQ 100 per custodie per armi in alluminio resistenti: contatta Sun Case per la migliore offerta!<\/span><\/h2>\n<p><a style=\"display: inline-block; padding: 12px 28px; background-color: #ffffff; color: #29599a; text-decoration: none; border-radius: 6px; font-weight: bold;\" href=\"https:\/\/suncasesupply.com\/it\/contact-us\/\" target=\"_blank\" rel=\"noopener\">Richiedi un preventivo<br \/>\n<\/a><\/p>\n<\/div>\n<h4><span style=\"color: #003366;\">Processo di fabbricazione della custodia per armi:<\/span><\/h4>\n<p><img decoding=\"async\" style=\"max-width: 100%; height: auto; margin-bottom: 10px;\" src=\"https:\/\/suncasesupply.com\/wp-content\/uploads\/2025\/07\/Manufacturing-Process.png\" alt=\"Processo di fabbricazione di Suncase\" \/><\/p>\n<h4><span style=\"color: #003366;\">Informazioni utili per gli acquirenti all&#039;ingrosso:<\/span><\/h4>\n<p><a href=\"https:\/\/suncasesupply.com\/it\/blog\/aluminum-gun-case\/gun-case-durability-test-aluminum-vs-plastic\/\">1. Test di resistenza della custodia per armi: alluminio contro plastica<\/a><\/p>\n<p><a href=\"https:\/\/suncasesupply.com\/it\/blog\/aluminum-gun-case\/consider-gun-case-factors\/\">2. Cosa bisogna cercare quando si prendono in considerazione diverse custodie per armi?<\/a><\/p>\n<p><a href=\"https:\/\/suncasesupply.com\/it\/blog\/aluminum-gun-case\/best-aluminum-gun-cases\/\">Le 3 migliori custodie in alluminio per armi Suncase del 2024<\/a><\/p>\n<p><a href=\"https:\/\/suncasesupply.com\/it\/blog\/aluminum-gun-case\/top-3-aluminum-gun-cases-manufacturers-of-china\/\">4. I 3 migliori produttori di custodie per armi in alluminio in Cina<\/a><\/p>\n<p><a href=\"https:\/\/suncasesupply.com\/it\/blog\/aluminum-gun-case\/hard-vs-soft-rifle-case\/\">5. Custodia rigida o morbida per fucile: quale custodia in alluminio \u00e8 migliore?<\/a><\/p>\n<p><a href=\"https:\/\/suncasesupply.com\/it\/blog\/aluminum-gun-case\/best-foam-for-aluminum-gun-cases\/\">6. La migliore schiuma per una custodia in alluminio per armi<\/a><\/p>","protected":false},"excerpt":{"rendered":"<p>Modello: Z22<\/p>\n<p>Dimensioni: 150 x 35 x 12 cm<\/p>\n<p>Colori: Nero o personalizzabile<\/p>\n<p>Materiali: alluminio, pannello ABS, pannello acrilico<\/p>\n<p>Logo: Logo su piastra metallica, logo serigrafato<\/p>\n<p>Quantit\u00e0 minima: 100 pezzi<\/p>","protected":false},"featured_media":21175,"template":"","meta":{"_gspb_post_css":""},"product_cat":[85],"product_tag":[],"featured_image_urls":{"full":["https:\/\/suncasesupply.com\/wp-content\/uploads\/2023\/08\/12-7.jpg",947,947,false],"thumbnail":["https:\/\/suncasesupply.com\/wp-content\/uploads\/2023\/08\/12-7-150x150.jpg",150,150,true],"medium":["https:\/\/suncasesupply.com\/wp-content\/uploads\/2023\/08\/12-7-300x300.jpg",300,300,true],"medium_large":["https:\/\/suncasesupply.com\/wp-content\/uploads\/2023\/08\/12-7-768x768.jpg",768,768,true],"large":["https:\/\/suncasesupply.com\/wp-content\/uploads\/2023\/08\/12-7.jpg",947,947,false],"1536x1536":["https:\/\/suncasesupply.com\/wp-content\/uploads\/2023\/08\/12-7.jpg",947,947,false],"2048x2048":["https:\/\/suncasesupply.com\/wp-content\/uploads\/2023\/08\/12-7.jpg",947,947,false],"trp-custom-language-flag":["https:\/\/suncasesupply.com\/wp-content\/uploads\/2023\/08\/12-7.jpg",12,12,false],"woocommerce_thumbnail":["https:\/\/suncasesupply.com\/wp-content\/uploads\/2023\/08\/12-7-300x300.jpg",300,300,true],"woocommerce_single":["https:\/\/suncasesupply.com\/wp-content\/uploads\/2023\/08\/12-7-600x600.jpg",600,600,true],"woocommerce_gallery_thumbnail":["https:\/\/suncasesupply.com\/wp-content\/uploads\/2023\/08\/12-7-100x100.jpg",100,100,true]},"post_excerpt_stackable":"<p>Model : Z22<\/p>\n<p>Size: 150 x 35 x 12 cm<\/p>\n<p>Colors: Black or customize<\/p>\n<p>Materials: Aluminum, ABS panel, Acrylic Panel<\/p>\n<p>Logo: Metal plate logo, silk screen logo<\/p>\n<p>MOQ: 100pcs<\/p>\n","category_list":"","author_info":{"name":"","url":""},"comments_num":"0 commenti","_links":{"self":[{"href":"https:\/\/suncasesupply.com\/it\/wp-json\/wp\/v2\/product\/21174"}],"collection":[{"href":"https:\/\/suncasesupply.com\/it\/wp-json\/wp\/v2\/product"}],"about":[{"href":"https:\/\/suncasesupply.com\/it\/wp-json\/wp\/v2\/types\/product"}],"wp:featuredmedia":[{"embeddable":true,"href":"https:\/\/suncasesupply.com\/it\/wp-json\/wp\/v2\/media\/21175"}],"wp:attachment":[{"href":"https:\/\/suncasesupply.com\/it\/wp-json\/wp\/v2\/media?parent=21174"}],"wp:term":[{"taxonomy":"product_cat","embeddable":true,"href":"https:\/\/suncasesupply.com\/it\/wp-json\/wp\/v2\/product_cat?post=21174"},{"taxonomy":"product_tag","embeddable":true,"href":"https:\/\/suncasesupply.com\/it\/wp-json\/wp\/v2\/product_tag?post=21174"}],"curies":[{"name":"wp","href":"https:\/\/api.w.org\/{rel}","templated":true}]}}